{"id":15438,"date":"2023-04-10T13:19:52","date_gmt":"2023-04-10T11:19:52","guid":{"rendered":"https:\/\/firagran.com\/llistat-dexpositors-a-firagran\/"},"modified":"2026-03-02T17:50:15","modified_gmt":"2026-03-02T16:50:15","slug":"listado-de-expositores-en-firagran","status":"publish","type":"page","link":"https:\/\/firagran.com\/es\/listado-de-expositores-en-firagran\/","title":{"rendered":"Listado de expositores en FiraGran 2026"},"content":{"rendered":"<div class=\"fusion-fullwidth fullwidth-box fusion-builder-row-1 nonhundred-percent-fullwidth non-hundred-percent-height-scrolling\" style=\"--awb-border-radius-top-left:0px;--awb-border-radius-top-right:0px;--awb-border-radius-bottom-right:0px;--awb-border-radius-bottom-left:0px;--awb-flex-wrap:wrap;\" ><div class=\"fusion-builder-row fusion-row\"><div class=\"fusion-layout-column fusion_builder_column fusion-builder-column-0 fusion_builder_column_1_1 1_1 fusion-one-full fusion-column-first fusion-column-last\" style=\"--awb-bg-blend:overlay;--awb-bg-size:cover;\"><div class=\"fusion-column-wrapper fusion-flex-column-wrapper-legacy\"><div class=\"fusion-text fusion-text-1\"><h1>Expositores en FiraGran 2026<\/h1>\n<\/div><div class=\"fusion-sep-clear\"><\/div><div class=\"fusion-separator fusion-full-width-sep fusion-clearfix\" style=\"float:left;margin-top:15px;margin-bottom:15px;width:100%;\"><div class=\"fusion-separator-border sep-single sep-solid\" style=\"--awb-height:20px;--awb-amount:20px;--awb-sep-color:#6bc0b4;border-color:#6bc0b4;border-top-width:2px;\"><\/div><\/div><div class=\"fusion-sep-clear\"><\/div><div class=\"fusion-alert alert custom alert-custom fusion-alert-center fusion-alert-capitalize awb-alert-native-link-color alert-shadow\" style=\"--awb-background-color:#bbd6fa;--awb-accent-color:#0d0059;--awb-border-top-left-radius:10px;--awb-border-top-right-radius:10px;--awb-border-bottom-left-radius:10px;--awb-border-bottom-right-radius:10px;\" role=\"alert\"><div class=\"fusion-alert-content-wrapper\"><span class=\"alert-icon\"><i class=\"fa-info-circle fas\" aria-hidden=\"true\"><\/i><\/span><span class=\"fusion-alert-content\"><p><strong>Estamos preparando la programaci\u00f3n para la pr\u00f3xima edici\u00f3n 2026.<\/strong><br \/>\nEn breve os compartiremos toda la informaci\u00f3n sobre fechas y horarios. \u00a1Estad atentos para no perderse ning\u00fan detalle de la 27\u00aa edici\u00f3n del Sal\u00f3n de las Personas Mayores de Catalu\u00f1a!<\/p><\/span><\/div><\/div><div class=\"fusion-clearfix\"><\/div><\/div><\/div><\/div><\/div>\n","protected":false},"excerpt":{"rendered":"","protected":false},"author":1,"featured_media":0,"parent":0,"menu_order":0,"comment_status":"closed","ping_status":"closed","template":"","meta":{"footnotes":""},"class_list":["post-15438","page","type-page","status-publish","hentry"],"_links":{"self":[{"href":"https:\/\/firagran.com\/es\/wp-json\/wp\/v2\/pages\/15438","targetHints":{"allow":["GET"]}}],"collection":[{"href":"https:\/\/firagran.com\/es\/wp-json\/wp\/v2\/pages"}],"about":[{"href":"https:\/\/firagran.com\/es\/wp-json\/wp\/v2\/types\/page"}],"author":[{"embeddable":true,"href":"https:\/\/firagran.com\/es\/wp-json\/wp\/v2\/users\/1"}],"replies":[{"embeddable":true,"href":"https:\/\/firagran.com\/es\/wp-json\/wp\/v2\/comments?post=15438"}],"version-history":[{"count":5,"href":"https:\/\/firagran.com\/es\/wp-json\/wp\/v2\/pages\/15438\/revisions"}],"predecessor-version":[{"id":17723,"href":"https:\/\/firagran.com\/es\/wp-json\/wp\/v2\/pages\/15438\/revisions\/17723"}],"wp:attachment":[{"href":"https:\/\/firagran.com\/es\/wp-json\/wp\/v2\/media?parent=15438"}],"curies":[{"name":"wp","href":"https:\/\/api.w.org\/{rel}","templated":true}]}}