{"id":15976,"date":"2024-03-07T15:25:05","date_gmt":"2024-03-07T14:25:05","guid":{"rendered":"https:\/\/firagran.com\/salon-de-las-personas-mayores-de-cataluna\/concurs-de-ball-en-linia-per-a-gent-gran\/"},"modified":"2026-03-20T12:00:59","modified_gmt":"2026-03-20T11:00:59","slug":"concurso-de-baile-en-linea-para-personas-mayores","status":"publish","type":"page","link":"https:\/\/firagran.com\/es\/salon-de-las-personas-mayores-de-cataluna\/concurso-de-baile-en-linea-para-personas-mayores\/","title":{"rendered":"Concurso de Baile en L\u00ednea para Personas Mayores"},"content":{"rendered":"<p><div class=\"fusion-fullwidth fullwidth-box fusion-builder-row-1 nonhundred-percent-fullwidth non-hundred-percent-height-scrolling\" style=\"--awb-border-radius-top-left:0px;--awb-border-radius-top-right:0px;--awb-border-radius-bottom-right:0px;--awb-border-radius-bottom-left:0px;--awb-flex-wrap:wrap;\" ><div class=\"fusion-builder-row fusion-row\"><div class=\"fusion-layout-column fusion_builder_column fusion-builder-column-0 fusion_builder_column_1_1 1_1 fusion-one-full fusion-column-first fusion-column-last\" style=\"--awb-bg-size:cover;\"><div class=\"fusion-column-wrapper fusion-flex-column-wrapper-legacy\"><div class=\"fusion-text fusion-text-1\"><h1>III Concurso de Baile en L\u00ednea para Personas Mayores<\/h1>\n<h4 class=\"fechas\">Mi\u00e9rcoles 27 y jueves 28 de mayo de 2026 en FiraGran<\/h4>\n<\/div><div class=\"fusion-sep-clear\"><\/div><div class=\"fusion-separator fusion-full-width-sep fusion-clearfix\" style=\"float:left;margin-top:15px;margin-bottom:15px;width:100%;\"><div class=\"fusion-separator-border sep-single sep-solid\" style=\"--awb-height:20px;--awb-amount:20px;--awb-sep-color:#6bc0b4;border-color:#6bc0b4;border-top-width:2px;\"><\/div><\/div><div class=\"fusion-sep-clear\"><\/div><div class=\"fusion-clearfix\"><\/div><\/div><\/div><\/div><\/div><div class=\"fusion-fullwidth fullwidth-box fusion-builder-row-2 has-pattern-background has-mask-background nonhundred-percent-fullwidth non-hundred-percent-height-scrolling\" style=\"--awb-border-radius-top-left:0px;--awb-border-radius-top-right:0px;--awb-border-radius-bottom-right:0px;--awb-border-radius-bottom-left:0px;--awb-margin-bottom:40px;--awb-flex-wrap:wrap;\" ><div class=\"fusion-builder-row fusion-row\"><div class=\"fusion-layout-column fusion_builder_column fusion-builder-column-1 fusion_builder_column_1_1 1_1 fusion-one-full fusion-column-first fusion-column-last\" style=\"--awb-bg-size:cover;--awb-margin-bottom:0px;\"><div class=\"fusion-column-wrapper fusion-column-has-shadow fusion-flex-column-wrapper-legacy\"><div class=\"fusion-text fusion-text-2\"><h5><strong>Fecha y Ubicaci\u00f3n:<\/strong><\/h5>\n<p>Mi\u00e9rcoles 27 y jueves 28 de mayo de 2026 en FiraGran<\/p>\n<\/div><div class=\"fusion-sep-clear\"><\/div><div class=\"fusion-separator fusion-full-width-sep\" style=\"margin-left: auto;margin-right: auto;margin-top:15px;margin-bottom:15px;width:100%;\"><div class=\"fusion-separator-border sep-single sep-solid\" style=\"--awb-height:20px;--awb-amount:20px;--awb-sep-color:#a6a6a6;border-color:#a6a6a6;border-top-width:1px;\"><\/div><\/div><div class=\"fusion-sep-clear\"><\/div><div class=\"fusion-text fusion-text-3\"><h5><strong>Objetivo:<\/strong><\/h5>\n<p>El concurso de Baile en L\u00ednea para personas mayores tiene como principal objetivo promover la actividad f\u00edsica, la socializaci\u00f3n y el entretenimiento a trav\u00e9s de la danza en la comunidad de gente mayor. En lugar de un enfoque competitivo, se busca celebrar la diversi\u00f3n, la entrega y la coordinaci\u00f3n de los participantes, as\u00ed como un ambiente de apoyo y respeto entre todos los participantes.<\/p>\n<\/div><div class=\"fusion-sep-clear\"><\/div><div class=\"fusion-separator fusion-full-width-sep\" style=\"margin-left: auto;margin-right: auto;margin-top:15px;margin-bottom:15px;width:100%;\"><div class=\"fusion-separator-border sep-single sep-solid\" style=\"--awb-height:20px;--awb-amount:20px;--awb-sep-color:#a6a6a6;border-color:#a6a6a6;border-top-width:1px;\"><\/div><\/div><div class=\"fusion-sep-clear\"><\/div><div class=\"fusion-text fusion-text-4\"><h5><strong>Formato del Concurso:<\/strong><\/h5>\n<p>Cada grupo participante deber\u00e1 estar compuesto por un <strong>m\u00ednimo de 10 personas y un m\u00e1ximo de 25<\/strong> y tendr\u00e1 la oportunidad de realizar una actuaci\u00f3n de <strong>2 o 3 coreograf\u00edas<\/strong> de Baile en L\u00ednea.<\/p>\n<p>Todos los grupos dispondr\u00e1n de un <strong>m\u00e1ximo de 15 minutos<\/strong> para preparar su actuaci\u00f3n y bailar las coreograf\u00edas.<\/p>\n<p>No habr\u00e1 rondas eliminatorias ni clasificaci\u00f3n global. Al finalizar todas las actuaciones, se entregar\u00e1n diversos premios a los grupos destacados en diferentes categor\u00edas.<\/p>\n<\/div><div class=\"fusion-sep-clear\"><\/div><div class=\"fusion-separator fusion-full-width-sep\" style=\"margin-left: auto;margin-right: auto;margin-top:15px;margin-bottom:15px;width:100%;\"><div class=\"fusion-separator-border sep-single sep-solid\" style=\"--awb-height:20px;--awb-amount:20px;--awb-sep-color:#a6a6a6;border-color:#a6a6a6;border-top-width:1px;\"><\/div><\/div><div class=\"fusion-sep-clear\"><\/div><div class=\"fusion-text fusion-text-5\"><h5><strong>Entrega de Premios:<\/strong><\/h5>\n<ol>\n<li><strong>Premio a la Coordinaci\u00f3n Perfecta:<\/strong> Otorgado al grupo que demuestre una mejor sincronizaci\u00f3n en sus movimientos.<\/li>\n<li><strong>Premio a la Energ\u00eda Contagiosa:<\/strong> Para el grupo que transmita la mayor energ\u00eda y entusiasmo durante su actuaci\u00f3n.<\/li>\n<li><strong>Premio a la Creatividad:<\/strong> Reconocimiento al grupo que presente coreograf\u00edas originales y creativas.<\/li>\n<li><strong>Premio a la Actuaci\u00f3n M\u00e1s Divertida:<\/strong> Otorgado al grupo que logre contagiar la alegr\u00eda y el buen humor al p\u00fablico.<\/li>\n<li><strong>Premio a la Mejor Vestimenta:<\/strong> Para el grupo con los vestidos m\u00e1s llamativos, originales o tem\u00e1ticos.<\/li>\n<li><strong>Premio a la Mejor Ejecuci\u00f3n de Pasos:<\/strong> Para el grupo que presente una mejor ejecuci\u00f3n t\u00e9cnica en sus movimientos de Baile en L\u00ednea.<\/li>\n<li><strong>Premio a la Mejor Interacci\u00f3n con el P\u00fablico:<\/strong> Reconocimiento al grupo que logre involucrar activamente al p\u00fablico durante su actuaci\u00f3n.<\/li>\n<li><strong>Premio a la Mejor Selecci\u00f3n Musical:<\/strong> Otorgado al grupo que presente una selecci\u00f3n de m\u00fasica m\u00e1s adecuada, en sinton\u00eda con su actuaci\u00f3n.<\/li>\n<li><strong>Premio a la Mejor Direcci\u00f3n:<\/strong> Reconocimiento al grupo que muestre la mejor direcci\u00f3n, destacando la gesti\u00f3n de los movimientos.<\/li>\n<\/ol>\n<\/div><div class=\"fusion-sep-clear\"><\/div><div class=\"fusion-separator fusion-full-width-sep\" style=\"margin-left: auto;margin-right: auto;margin-top:15px;margin-bottom:15px;width:100%;\"><div class=\"fusion-separator-border sep-single sep-solid\" style=\"--awb-height:20px;--awb-amount:20px;--awb-sep-color:#a6a6a6;border-color:#a6a6a6;border-top-width:1px;\"><\/div><\/div><div class=\"fusion-sep-clear\"><\/div><div class=\"fusion-text fusion-text-6\"><h5><strong>Jurado:<\/strong><\/h5>\n<ul>\n<li>El Jurado estar\u00e1 compuesto por un m\u00ednimo de 3 personas especialistas en Baile en L\u00ednea.<\/li>\n<li>Los premios ser\u00e1n entregados al final del concurso, despu\u00e9s de una deliberaci\u00f3n por parte del jurado, que no superar\u00e1 1 hora.<\/li>\n<li>Adem\u00e1s de los premios mencionados, se podr\u00e1n otorgar menciones honor\u00edficas u otros reconocimientos especiales seg\u00fan la decisi\u00f3n del jurado.<\/li>\n<\/ul>\n<\/div><div class=\"fusion-sep-clear\"><\/div><div class=\"fusion-separator fusion-full-width-sep\" style=\"margin-left: auto;margin-right: auto;margin-top:15px;margin-bottom:15px;width:100%;\"><div class=\"fusion-separator-border sep-single sep-solid\" style=\"--awb-height:20px;--awb-amount:20px;--awb-sep-color:#a6a6a6;border-color:#a6a6a6;border-top-width:1px;\"><\/div><\/div><div class=\"fusion-sep-clear\"><\/div><div class=\"fusion-text fusion-text-7\"><h5>Con estas bases, el concurso de Baile en L\u00ednea para la tercera edad busca celebrar la diversi\u00f3n, la amistad y el talento de la comunidad de las personas mayores, sin centrarse en la competici\u00f3n sino en el disfrute compartido de la danza. <strong>Adem\u00e1s, todos los participantes recibir\u00e1n un obsequio de agradecimiento.<\/strong><\/h5>\n<\/div><div class=\"fusion-sep-clear\"><\/div><div class=\"fusion-separator fusion-full-width-sep\" style=\"margin-left: auto;margin-right: auto;margin-top:15px;margin-bottom:15px;width:100%;\"><div class=\"fusion-separator-border sep-single sep-solid\" style=\"--awb-height:20px;--awb-amount:20px;--awb-sep-color:#a6a6a6;border-color:#a6a6a6;border-top-width:1px;\"><\/div><\/div><div class=\"fusion-sep-clear\"><\/div><div class=\"fusion-clearfix\"><\/div><\/div><\/div><\/div><\/div><div class=\"fusion-fullwidth fullwidth-box fusion-builder-row-3 has-pattern-background has-mask-background nonhundred-percent-fullwidth non-hundred-percent-height-scrolling\" style=\"--awb-border-radius-top-left:0px;--awb-border-radius-top-right:0px;--awb-border-radius-bottom-right:0px;--awb-border-radius-bottom-left:0px;--awb-flex-wrap:wrap;\" ><div class=\"fusion-builder-row fusion-row\"><div class=\"fusion-layout-column fusion_builder_column fusion-builder-column-2 fusion_builder_column_1_1 1_1 fusion-one-full fusion-column-first fusion-column-last\" style=\"--awb-bg-size:cover;--awb-margin-bottom:0px;\"><div class=\"fusion-column-wrapper fusion-column-has-shadow fusion-flex-column-wrapper-legacy\"><div class=\"fusion-text fusion-text-8\"><h5><strong>FORMULARIO DE INSCRIPCI\u00d3N<\/strong><\/h5>\n<\/div><div class=\"fusion-sep-clear\"><\/div><div class=\"fusion-separator fusion-full-width-sep\" style=\"margin-left: auto;margin-right: auto;margin-top:15px;width:100%;\"><\/div><div class=\"fusion-sep-clear\"><\/div><iframe src=\"https:\/\/docs.google.com\/forms\/d\/e\/1FAIpQLSdvu1o2xw8W3_d1jYIOTEVu-STafg48mUuEpMXaYpdKoIfWbQ\/viewform?embedded=true\" width=\"100%\" height=\"1723\" frameborder=\"0\" marginheight=\"0\" marginwidth=\"0\">S'est\u00e0 carregant\u2026<\/iframe><div class=\"fusion-clearfix\"><\/div><\/div><\/div><\/div><\/div><\/p>\n","protected":false},"excerpt":{"rendered":"","protected":false},"author":1,"featured_media":0,"parent":2586,"menu_order":0,"comment_status":"closed","ping_status":"closed","template":"","meta":{"footnotes":""},"class_list":["post-15976","page","type-page","status-publish","hentry"],"_links":{"self":[{"href":"https:\/\/firagran.com\/es\/wp-json\/wp\/v2\/pages\/15976","targetHints":{"allow":["GET"]}}],"collection":[{"href":"https:\/\/firagran.com\/es\/wp-json\/wp\/v2\/pages"}],"about":[{"href":"https:\/\/firagran.com\/es\/wp-json\/wp\/v2\/types\/page"}],"author":[{"embeddable":true,"href":"https:\/\/firagran.com\/es\/wp-json\/wp\/v2\/users\/1"}],"replies":[{"embeddable":true,"href":"https:\/\/firagran.com\/es\/wp-json\/wp\/v2\/comments?post=15976"}],"version-history":[{"count":5,"href":"https:\/\/firagran.com\/es\/wp-json\/wp\/v2\/pages\/15976\/revisions"}],"predecessor-version":[{"id":17797,"href":"https:\/\/firagran.com\/es\/wp-json\/wp\/v2\/pages\/15976\/revisions\/17797"}],"up":[{"embeddable":true,"href":"https:\/\/firagran.com\/es\/wp-json\/wp\/v2\/pages\/2586"}],"wp:attachment":[{"href":"https:\/\/firagran.com\/es\/wp-json\/wp\/v2\/media?parent=15976"}],"curies":[{"name":"wp","href":"https:\/\/api.w.org\/{rel}","templated":true}]}}