{"id":2594,"date":"2017-03-28T17:23:50","date_gmt":"2017-03-28T16:23:50","guid":{"rendered":"https:\/\/firagran.com\/salon-de-las-personas-mayores-de-cataluna\/ballada-de-sardanes\/"},"modified":"2026-03-02T18:01:36","modified_gmt":"2026-03-02T17:01:36","slug":"encuentro-sardanista","status":"publish","type":"page","link":"https:\/\/firagran.com\/es\/salon-de-las-personas-mayores-de-cataluna\/encuentro-sardanista\/","title":{"rendered":"Encuentro Sardanista"},"content":{"rendered":"<p><div class=\"fusion-fullwidth fullwidth-box fusion-builder-row-1 nonhundred-percent-fullwidth non-hundred-percent-height-scrolling\" style=\"--awb-border-radius-top-left:0px;--awb-border-radius-top-right:0px;--awb-border-radius-bottom-right:0px;--awb-border-radius-bottom-left:0px;--awb-flex-wrap:wrap;\" ><div class=\"fusion-builder-row fusion-row\"><div class=\"fusion-layout-column fusion_builder_column fusion-builder-column-0 fusion_builder_column_1_1 1_1 fusion-one-full fusion-column-first fusion-column-last\" style=\"--awb-bg-size:cover;\"><div class=\"fusion-column-wrapper fusion-flex-column-wrapper-legacy\"><div class=\"fusion-text fusion-text-1\"><h1>Encuentro Sardanista en FiraGran<\/h1>\n<h4 class=\"fechas\">Jueves 28 de mayo de 2026 a las 16:00h en la Pla\u00e7a de l&#8217;Ajuntament de L&#8217;Hospitalet de Llobregat<\/h4>\n<\/div><div class=\"fusion-sep-clear\"><\/div><div class=\"fusion-separator fusion-full-width-sep fusion-clearfix\" style=\"float:left;margin-top:15px;margin-bottom:15px;width:100%;\"><div class=\"fusion-separator-border sep-single sep-solid\" style=\"--awb-height:20px;--awb-amount:20px;--awb-sep-color:#6bc0b4;border-color:#6bc0b4;border-top-width:2px;\"><\/div><\/div><div class=\"fusion-sep-clear\"><\/div><div class=\"fusion-clearfix\"><\/div><\/div><\/div><\/div><\/div><div class=\"fusion-fullwidth fullwidth-box fusion-builder-row-2 nonhundred-percent-fullwidth non-hundred-percent-height-scrolling\" style=\"--awb-border-radius-top-left:0px;--awb-border-radius-top-right:0px;--awb-border-radius-bottom-right:0px;--awb-border-radius-bottom-left:0px;--awb-flex-wrap:wrap;\" ><div class=\"fusion-builder-row fusion-row\"><div class=\"fusion-layout-column fusion_builder_column fusion-builder-column-1 fusion_builder_column_1_1 1_1 fusion-one-full fusion-column-first fusion-column-last\" style=\"--awb-bg-size:cover;--awb-margin-bottom:0px;\"><div class=\"fusion-column-wrapper fusion-column-has-shadow fusion-flex-column-wrapper-legacy\"><div class=\"fusion-text fusion-text-2\"><h5><strong>ENCUENTRO<\/strong><\/h5>\n<p><strong>Jueves 28 de mayo de 2026, a las 16.00 h. en la Pla\u00e7a de l&#8217;Ajuntament de L&#8217;Hospitalet de Llobregat.<\/strong><\/p>\n<h6>Al acabar el encuentro,\u00a0<strong>habr\u00e1 merienda y obsequios<\/strong>\u00a0para todo el mundo en las instalaciones de FiraGran.<br \/>\nTodos los grupos veteranos recibir\u00e1n un\u00a0<strong>recordatorio del encuentro de FiraGran 2025.<\/strong><\/h6>\n<\/div><div class=\"fusion-sep-clear\"><\/div><div class=\"fusion-separator fusion-full-width-sep\" style=\"margin-left: auto;margin-right: auto;margin-top:15px;width:100%;\"><\/div><div class=\"fusion-sep-clear\"><\/div><div class=\"fusion-clearfix\"><\/div><\/div><\/div><\/div><\/div><div class=\"fusion-fullwidth fullwidth-box fusion-builder-row-3 nonhundred-percent-fullwidth non-hundred-percent-height-scrolling\" style=\"--awb-border-radius-top-left:0px;--awb-border-radius-top-right:0px;--awb-border-radius-bottom-right:0px;--awb-border-radius-bottom-left:0px;--awb-flex-wrap:wrap;\" ><div class=\"fusion-builder-row fusion-row\"><div class=\"fusion-layout-column fusion_builder_column fusion-builder-column-2 fusion_builder_column_1_1 1_1 fusion-one-full fusion-column-first fusion-column-last\" style=\"--awb-bg-size:cover;--awb-margin-bottom:0px;\"><div class=\"fusion-column-wrapper fusion-column-has-shadow fusion-flex-column-wrapper-legacy\"><div class=\"fusion-text fusion-text-3\"><h5><strong>PROGRAMA DEL ENCUENTRO<\/strong><\/h5>\n<\/div><div class=\"fusion-sep-clear\"><\/div><div class=\"fusion-separator fusion-full-width-sep\" style=\"margin-left: auto;margin-right: auto;margin-top:15px;width:100%;\"><\/div><div class=\"fusion-sep-clear\"><\/div><div class=\"fusion-text fusion-text-4\"><p>Muy pronto les compartiremos toda la informaci\u00f3n sobre fechas y horarios. Est\u00e9n atentos para no perderse ning\u00fan detalle de la 27\u00aa edici\u00f3n del Sal\u00f3n de las Personas Mayores de Catalu\u00f1a!<\/p>\n<\/div><div class=\"fusion-clearfix\"><\/div><\/div><\/div><\/div><\/div><div class=\"fusion-fullwidth fullwidth-box fusion-builder-row-4 has-pattern-background has-mask-background nonhundred-percent-fullwidth non-hundred-percent-height-scrolling\" style=\"--awb-border-radius-top-left:0px;--awb-border-radius-top-right:0px;--awb-border-radius-bottom-right:0px;--awb-border-radius-bottom-left:0px;--awb-flex-wrap:wrap;\" ><div class=\"fusion-builder-row fusion-row\"><div class=\"fusion-layout-column fusion_builder_column fusion-builder-column-3 fusion_builder_column_1_1 1_1 fusion-one-full fusion-column-first fusion-column-last\" style=\"--awb-bg-size:cover;--awb-margin-bottom:0px;\"><div class=\"fusion-column-wrapper fusion-column-has-shadow fusion-flex-column-wrapper-legacy\"><div class=\"fusion-text fusion-text-5\"><h5><strong>FORMULARIO DE INSCRIPCI\u00d3N<\/strong><\/h5>\n<\/div><div class=\"fusion-sep-clear\"><\/div><div class=\"fusion-separator fusion-full-width-sep\" style=\"margin-left: auto;margin-right: auto;margin-top:15px;width:100%;\"><\/div><div class=\"fusion-sep-clear\"><\/div><iframe src=\"https:\/\/docs.google.com\/forms\/d\/e\/1FAIpQLSf6Zvq6OiYIlVTK9_Vly-cXfLPa28MViU1SysI-JMLD-rQeNQ\/viewform?embedded=true\" width=\"100%\" height=\"1557\" frameborder=\"0\" marginheight=\"0\" marginwidth=\"0\">S'est\u00e0 carregant\u2026<\/iframe><div class=\"fusion-clearfix\"><\/div><\/div><\/div><\/div><\/div><div class=\"fusion-fullwidth fullwidth-box fusion-builder-row-5 nonhundred-percent-fullwidth non-hundred-percent-height-scrolling fusion-equal-height-columns\" style=\"--awb-border-radius-top-left:0px;--awb-border-radius-top-right:0px;--awb-border-radius-bottom-right:0px;--awb-border-radius-bottom-left:0px;--awb-margin-top:35px;--awb-flex-wrap:wrap;\" ><div class=\"fusion-builder-row fusion-row\"><div class=\"fusion-layout-column fusion_builder_column fusion-builder-column-4 fusion_builder_column_1_1 1_1 fusion-one-full fusion-column-first fusion-column-last\" style=\"--awb-bg-size:cover;\"><div class=\"fusion-column-wrapper fusion-flex-column-wrapper-legacy\"><div class=\"fusion-text fusion-text-6\"><h5 class=\"fusion-responsive-typography-calculated\" data-fontsize=\"20\" data-lineheight=\"30px\"><strong>M\u00c1S INFORMACI\u00d3N:<\/strong><\/h5>\n<p>Tel\u00e9fono:\u00a0<strong>93 319 76 37<\/strong><br \/>\nMail:\u00a0<a href=\"mailto:casals@firagran.com\">casals@firagran.com<\/a><\/p>\n<\/div><div class=\"fusion-sep-clear\"><\/div><div class=\"fusion-separator fusion-full-width-sep\" style=\"margin-left: auto;margin-right: auto;margin-top:12px;margin-bottom:12px;width:100%;\"><\/div><div class=\"fusion-sep-clear\"><\/div><div class=\"fusion-text fusion-text-7\">\n\t\t<style type=\"text\/css\">\n\t\t\t#gallery-1 {\n\t\t\t\tmargin: auto;\n\t\t\t}\n\t\t\t#gallery-1 .gallery-item {\n\t\t\t\tfloat: left;\n\t\t\t\tmargin-top: 10px;\n\t\t\t\ttext-align: center;\n\t\t\t\twidth: 33%;\n\t\t\t}\n\t\t\t#gallery-1 img {\n\t\t\t\tborder: 2px solid #cfcfcf;\n\t\t\t}\n\t\t\t#gallery-1 .gallery-caption {\n\t\t\t\tmargin-left: 0;\n\t\t\t}\n\t\t\t\/* see gallery_shortcode() in wp-includes\/media.php *\/\n\t\t<\/style>\n\t\t<div id='gallery-1' class='gallery galleryid-2594 gallery-columns-3 gallery-size-medium'><dl class='gallery-item'>\n\t\t\t<dt class='gallery-icon landscape'>\n\t\t\t\t<a data-rel=\"iLightbox[postimages]\" data-title=\"sardanes_2019_01\" data-caption=\"\" href='https:\/\/firagran.com\/wp-content\/uploads\/sardanes_2019_01.jpg'><img decoding=\"async\" width=\"300\" height=\"193\" src=\"https:\/\/firagran.com\/wp-content\/uploads\/sardanes_2019_01-300x193.jpg\" class=\"attachment-medium size-medium\" alt=\"\" srcset=\"https:\/\/firagran.com\/wp-content\/uploads\/sardanes_2019_01-200x129.jpg 200w, https:\/\/firagran.com\/wp-content\/uploads\/sardanes_2019_01-300x193.jpg 300w, https:\/\/firagran.com\/wp-content\/uploads\/sardanes_2019_01-400x257.jpg 400w, https:\/\/firagran.com\/wp-content\/uploads\/sardanes_2019_01-460x295.jpg 460w, https:\/\/firagran.com\/wp-content\/uploads\/sardanes_2019_01-600x386.jpg 600w, https:\/\/firagran.com\/wp-content\/uploads\/sardanes_2019_01-768x494.jpg 768w, https:\/\/firagran.com\/wp-content\/uploads\/sardanes_2019_01-800x515.jpg 800w, https:\/\/firagran.com\/wp-content\/uploads\/sardanes_2019_01.jpg 850w\" sizes=\"(max-width: 300px) 100vw, 300px\" \/><\/a>\n\t\t\t<\/dt><\/dl><dl class='gallery-item'>\n\t\t\t<dt class='gallery-icon landscape'>\n\t\t\t\t<a data-rel=\"iLightbox[postimages]\" data-title=\"sardanes_2019_02\" data-caption=\"\" href='https:\/\/firagran.com\/wp-content\/uploads\/sardanes_2019_02.jpg'><img decoding=\"async\" width=\"300\" height=\"193\" src=\"https:\/\/firagran.com\/wp-content\/uploads\/sardanes_2019_02-300x193.jpg\" class=\"attachment-medium size-medium\" alt=\"\" srcset=\"https:\/\/firagran.com\/wp-content\/uploads\/sardanes_2019_02-200x129.jpg 200w, https:\/\/firagran.com\/wp-content\/uploads\/sardanes_2019_02-300x193.jpg 300w, https:\/\/firagran.com\/wp-content\/uploads\/sardanes_2019_02-400x257.jpg 400w, https:\/\/firagran.com\/wp-content\/uploads\/sardanes_2019_02-460x295.jpg 460w, https:\/\/firagran.com\/wp-content\/uploads\/sardanes_2019_02-600x386.jpg 600w, https:\/\/firagran.com\/wp-content\/uploads\/sardanes_2019_02-768x494.jpg 768w, https:\/\/firagran.com\/wp-content\/uploads\/sardanes_2019_02-800x515.jpg 800w, https:\/\/firagran.com\/wp-content\/uploads\/sardanes_2019_02.jpg 850w\" sizes=\"(max-width: 300px) 100vw, 300px\" \/><\/a>\n\t\t\t<\/dt><\/dl><dl class='gallery-item'>\n\t\t\t<dt class='gallery-icon landscape'>\n\t\t\t\t<a data-rel=\"iLightbox[postimages]\" data-title=\"sardanes_2019_03\" data-caption=\"\" href='https:\/\/firagran.com\/wp-content\/uploads\/sardanes_2019_03.jpg'><img decoding=\"async\" width=\"300\" height=\"193\" src=\"https:\/\/firagran.com\/wp-content\/uploads\/sardanes_2019_03-300x193.jpg\" class=\"attachment-medium size-medium\" alt=\"\" srcset=\"https:\/\/firagran.com\/wp-content\/uploads\/sardanes_2019_03-200x129.jpg 200w, https:\/\/firagran.com\/wp-content\/uploads\/sardanes_2019_03-300x193.jpg 300w, https:\/\/firagran.com\/wp-content\/uploads\/sardanes_2019_03-400x257.jpg 400w, https:\/\/firagran.com\/wp-content\/uploads\/sardanes_2019_03-460x295.jpg 460w, https:\/\/firagran.com\/wp-content\/uploads\/sardanes_2019_03-600x386.jpg 600w, https:\/\/firagran.com\/wp-content\/uploads\/sardanes_2019_03-768x494.jpg 768w, https:\/\/firagran.com\/wp-content\/uploads\/sardanes_2019_03-800x515.jpg 800w, https:\/\/firagran.com\/wp-content\/uploads\/sardanes_2019_03.jpg 850w\" sizes=\"(max-width: 300px) 100vw, 300px\" \/><\/a>\n\t\t\t<\/dt><\/dl><br style=\"clear: both\" \/><dl class='gallery-item'>\n\t\t\t<dt class='gallery-icon landscape'>\n\t\t\t\t<a data-rel=\"iLightbox[postimages]\" data-title=\"sardanes_2019_04\" data-caption=\"\" href='https:\/\/firagran.com\/wp-content\/uploads\/sardanes_2019_04.jpg'><img decoding=\"async\" width=\"300\" height=\"193\" src=\"https:\/\/firagran.com\/wp-content\/uploads\/sardanes_2019_04-300x193.jpg\" class=\"attachment-medium size-medium\" alt=\"\" srcset=\"https:\/\/firagran.com\/wp-content\/uploads\/sardanes_2019_04-200x129.jpg 200w, https:\/\/firagran.com\/wp-content\/uploads\/sardanes_2019_04-300x193.jpg 300w, https:\/\/firagran.com\/wp-content\/uploads\/sardanes_2019_04-400x257.jpg 400w, https:\/\/firagran.com\/wp-content\/uploads\/sardanes_2019_04-460x295.jpg 460w, https:\/\/firagran.com\/wp-content\/uploads\/sardanes_2019_04-600x386.jpg 600w, https:\/\/firagran.com\/wp-content\/uploads\/sardanes_2019_04-768x494.jpg 768w, https:\/\/firagran.com\/wp-content\/uploads\/sardanes_2019_04-800x515.jpg 800w, https:\/\/firagran.com\/wp-content\/uploads\/sardanes_2019_04.jpg 850w\" sizes=\"(max-width: 300px) 100vw, 300px\" \/><\/a>\n\t\t\t<\/dt><\/dl><dl class='gallery-item'>\n\t\t\t<dt class='gallery-icon landscape'>\n\t\t\t\t<a data-rel=\"iLightbox[postimages]\" data-title=\"sardanes_2019_05\" data-caption=\"\" href='https:\/\/firagran.com\/wp-content\/uploads\/sardanes_2019_05.jpg'><img decoding=\"async\" width=\"300\" height=\"193\" src=\"https:\/\/firagran.com\/wp-content\/uploads\/sardanes_2019_05-300x193.jpg\" class=\"attachment-medium size-medium\" alt=\"\" srcset=\"https:\/\/firagran.com\/wp-content\/uploads\/sardanes_2019_05-200x129.jpg 200w, https:\/\/firagran.com\/wp-content\/uploads\/sardanes_2019_05-300x193.jpg 300w, https:\/\/firagran.com\/wp-content\/uploads\/sardanes_2019_05-400x257.jpg 400w, https:\/\/firagran.com\/wp-content\/uploads\/sardanes_2019_05-460x295.jpg 460w, https:\/\/firagran.com\/wp-content\/uploads\/sardanes_2019_05-600x386.jpg 600w, https:\/\/firagran.com\/wp-content\/uploads\/sardanes_2019_05-768x494.jpg 768w, https:\/\/firagran.com\/wp-content\/uploads\/sardanes_2019_05-800x515.jpg 800w, https:\/\/firagran.com\/wp-content\/uploads\/sardanes_2019_05.jpg 850w\" sizes=\"(max-width: 300px) 100vw, 300px\" \/><\/a>\n\t\t\t<\/dt><\/dl>\n\t\t\t<br style='clear: both' \/>\n\t\t<\/div>\n\n<\/div><div class=\"fusion-sep-clear\"><\/div><div class=\"fusion-separator fusion-full-width-sep\" style=\"margin-left: auto;margin-right: auto;margin-top:12px;margin-bottom:12px;width:100%;\"><\/div><div class=\"fusion-sep-clear\"><\/div><div class=\"fusion-clearfix\"><\/div><\/div><\/div><\/div><\/div><div class=\"fusion-fullwidth fullwidth-box fusion-builder-row-6 nonhundred-percent-fullwidth non-hundred-percent-height-scrolling\" style=\"--awb-border-radius-top-left:0px;--awb-border-radius-top-right:0px;--awb-border-radius-bottom-right:0px;--awb-border-radius-bottom-left:0px;--awb-flex-wrap:wrap;\" ><div class=\"fusion-builder-row fusion-row\"><div class=\"fusion-layout-column fusion_builder_column fusion-builder-column-5 fusion_builder_column_1_1 1_1 fusion-one-full fusion-column-first fusion-column-last\" style=\"--awb-bg-size:cover;\"><div class=\"fusion-column-wrapper fusion-flex-column-wrapper-legacy\"><div class=\"fusion-text fusion-text-8\"><h6>Organizado por:<strong><br \/>\n<img decoding=\"async\" class=\"alignnone wp-image-15958 \" src=\"https:\/\/firagran.com\/wp-content\/uploads\/organitzadors_sardanes_2024.jpg\" alt=\"\" width=\"499\" height=\"113\" srcset=\"https:\/\/firagran.com\/wp-content\/uploads\/organitzadors_sardanes_2024-200x45.jpg 200w, https:\/\/firagran.com\/wp-content\/uploads\/organitzadors_sardanes_2024-300x67.jpg 300w, https:\/\/firagran.com\/wp-content\/uploads\/organitzadors_sardanes_2024.jpg 557w\" sizes=\"(max-width: 499px) 100vw, 499px\" \/><\/strong><\/h6>\n<\/div><div class=\"fusion-clearfix\"><\/div><\/div><\/div><\/div><\/div><\/p>\n","protected":false},"excerpt":{"rendered":"","protected":false},"author":1,"featured_media":0,"parent":2586,"menu_order":0,"comment_status":"closed","ping_status":"closed","template":"","meta":{"footnotes":""},"class_list":["post-2594","page","type-page","status-publish","hentry"],"_links":{"self":[{"href":"https:\/\/firagran.com\/es\/wp-json\/wp\/v2\/pages\/2594","targetHints":{"allow":["GET"]}}],"collection":[{"href":"https:\/\/firagran.com\/es\/wp-json\/wp\/v2\/pages"}],"about":[{"href":"https:\/\/firagran.com\/es\/wp-json\/wp\/v2\/types\/page"}],"author":[{"embeddable":true,"href":"https:\/\/firagran.com\/es\/wp-json\/wp\/v2\/users\/1"}],"replies":[{"embeddable":true,"href":"https:\/\/firagran.com\/es\/wp-json\/wp\/v2\/comments?post=2594"}],"version-history":[{"count":5,"href":"https:\/\/firagran.com\/es\/wp-json\/wp\/v2\/pages\/2594\/revisions"}],"predecessor-version":[{"id":17727,"href":"https:\/\/firagran.com\/es\/wp-json\/wp\/v2\/pages\/2594\/revisions\/17727"}],"up":[{"embeddable":true,"href":"https:\/\/firagran.com\/es\/wp-json\/wp\/v2\/pages\/2586"}],"wp:attachment":[{"href":"https:\/\/firagran.com\/es\/wp-json\/wp\/v2\/media?parent=2594"}],"curies":[{"name":"wp","href":"https:\/\/api.w.org\/{rel}","templated":true}]}}