{"id":2621,"date":"2017-03-28T18:49:29","date_gmt":"2017-03-28T17:49:29","guid":{"rendered":"https:\/\/firagran.com\/salon-de-las-personas-mayores-de-cataluna\/master-classe-de-musica-i-moviment\/"},"modified":"2026-03-03T15:57:37","modified_gmt":"2026-03-03T14:57:37","slug":"master-clasee-de-musica-y-movimiento","status":"publish","type":"page","link":"https:\/\/firagran.com\/es\/salon-de-las-personas-mayores-de-cataluna\/master-clasee-de-musica-y-movimiento\/","title":{"rendered":"Baile de M\u00fasica y Movimiento"},"content":{"rendered":"<p><div class=\"fusion-fullwidth fullwidth-box fusion-builder-row-1 nonhundred-percent-fullwidth non-hundred-percent-height-scrolling\" style=\"--awb-border-radius-top-left:0px;--awb-border-radius-top-right:0px;--awb-border-radius-bottom-right:0px;--awb-border-radius-bottom-left:0px;--awb-flex-wrap:wrap;\" ><div class=\"fusion-builder-row fusion-row\"><div class=\"fusion-layout-column fusion_builder_column fusion-builder-column-0 fusion_builder_column_1_1 1_1 fusion-one-full fusion-column-first fusion-column-last\" style=\"--awb-bg-size:cover;\"><div class=\"fusion-column-wrapper fusion-flex-column-wrapper-legacy\"><div class=\"fusion-text fusion-text-1\"><h1>Baile de M\u00fasica y Movimiento<\/h1>\n<h4 class=\"fechas\">Mi\u00e9rcoles 27 de mayo de 2026 de 10:15h a 11h<\/h4>\n<\/div><div class=\"fusion-sep-clear\"><\/div><div class=\"fusion-separator fusion-full-width-sep fusion-clearfix\" style=\"float:left;margin-top:15px;margin-bottom:15px;width:100%;\"><div class=\"fusion-separator-border sep-single sep-solid\" style=\"--awb-height:20px;--awb-amount:20px;--awb-sep-color:#6bc0b4;border-color:#6bc0b4;border-top-width:2px;\"><\/div><\/div><div class=\"fusion-sep-clear\"><\/div><div class=\"fusion-clearfix\"><\/div><\/div><\/div><\/div><\/div><div class=\"fusion-fullwidth fullwidth-box fusion-builder-row-2 nonhundred-percent-fullwidth non-hundred-percent-height-scrolling\" style=\"--awb-border-radius-top-left:0px;--awb-border-radius-top-right:0px;--awb-border-radius-bottom-right:0px;--awb-border-radius-bottom-left:0px;--awb-flex-wrap:wrap;\" ><div class=\"fusion-builder-row fusion-row\"><div class=\"fusion-layout-column fusion_builder_column fusion-builder-column-1 fusion_builder_column_1_1 1_1 fusion-one-full fusion-column-first fusion-column-last\" style=\"--awb-bg-size:cover;\"><div class=\"fusion-column-wrapper fusion-flex-column-wrapper-legacy\"><div class=\"fusion-text fusion-text-2\"><h6>FECHA Y HORA<\/h6>\n<p>Mi\u00e9rcoles 27 de mayo de 2026 de 10:15h a 11h<\/p>\n<h6>PUNTO Y HORA DE ENCUENTRO<\/h6>\n<p>La Farga de l\u2019Hospitalet a las <strong>10:00h<\/strong><\/p>\n<h6>OBJETIVO<\/h6>\n<p>El objetivo de esta actividad es generar a trav\u00e9s de la m\u00fasica propuestas de movimiento relacionadas con el baile y la danza.<\/p>\n<p>En esta clase se crear\u00e1n varias coreograf\u00edas a partir de apoyos musicales diferentes, las cuales se tendr\u00e1n que aprender y posteriormente realizar. Las danzas ser\u00e1n tanto de car\u00e1cter activante c\u00f3mo relajante y los movimientos estar\u00e1n extra\u00eddos de diferentes repertorios (bailes de sal\u00f3n, danza moderna, chi-kung\u2026).<\/p>\n<h6>Beneficios<\/h6>\n<p>Los beneficios que comporta esta M\u00e1ster Clase son muy variados y positivos:<\/p>\n<ul>\n<li>Mejora de las calidades f\u00edsicas b\u00e1sicas a trav\u00e9s de la m\u00fasica y el movimiento<\/li>\n<li>Reducci\u00f3n del estr\u00e9s<\/li>\n<li>Tonificaci\u00f3n corporal<\/li>\n<li>Liberaci\u00f3n de tensiones<\/li>\n<li>Socializaci\u00f3n<\/li>\n<li>Diversi\u00f3n<\/li>\n<\/ul>\n<h6>Caracter\u00edsticas<\/h6>\n<p>Las caracter\u00edsticas de las coreograf\u00edas ser\u00e1n diversas:<\/p>\n<ul>\n<li>de aprendizaje r\u00e1pido.<\/li>\n<li>de ejecuci\u00f3n a partir de estructuras que no supongan una complejidad organizativa. Se trabajar\u00e1 el movimiento tanto de forma individual, como con parejas y tambi\u00e9n con l\u00edneas.<\/li>\n<li>de car\u00e1cter festivo.<\/li>\n<li>de car\u00e1cter cohesionador, con objeto de poder vivenciar y disfrutar una pr\u00e1ctica en un grupo multitudinario.<\/li>\n<\/ul>\n<p><strong>Inscripciones gratuitas: casals@firagran.com o al 932386868<\/strong><\/p>\n<\/div><div class=\"fusion-clearfix\"><\/div><\/div><\/div><\/div><\/div><div class=\"fusion-fullwidth fullwidth-box fusion-builder-row-3 nonhundred-percent-fullwidth non-hundred-percent-height-scrolling\" style=\"--awb-border-radius-top-left:0px;--awb-border-radius-top-right:0px;--awb-border-radius-bottom-right:0px;--awb-border-radius-bottom-left:0px;--awb-flex-wrap:wrap;\" ><div class=\"fusion-builder-row fusion-row\"><div class=\"fusion-layout-column fusion_builder_column fusion-builder-column-2 fusion_builder_column_1_1 1_1 fusion-one-full fusion-column-first fusion-column-last\" style=\"--awb-bg-size:cover;\"><div class=\"fusion-column-wrapper fusion-flex-column-wrapper-legacy\"><div class=\"fusion-text fusion-text-3\">\n\t\t<style type=\"text\/css\">\n\t\t\t#gallery-1 {\n\t\t\t\tmargin: auto;\n\t\t\t}\n\t\t\t#gallery-1 .gallery-item {\n\t\t\t\tfloat: left;\n\t\t\t\tmargin-top: 10px;\n\t\t\t\ttext-align: center;\n\t\t\t\twidth: 33%;\n\t\t\t}\n\t\t\t#gallery-1 img {\n\t\t\t\tborder: 2px solid #cfcfcf;\n\t\t\t}\n\t\t\t#gallery-1 .gallery-caption {\n\t\t\t\tmargin-left: 0;\n\t\t\t}\n\t\t\t\/* see gallery_shortcode() in wp-includes\/media.php *\/\n\t\t<\/style>\n\t\t<div id='gallery-1' class='gallery galleryid-2621 gallery-columns-3 gallery-size-400'><dl class='gallery-item'>\n\t\t\t<dt class='gallery-icon landscape'>\n\t\t\t\t<a data-rel=\"iLightbox[postimages]\" data-title=\"master_classe2018_01\" data-caption=\"\" href='https:\/\/firagran.com\/wp-content\/uploads\/master_classe2018_01.jpg'><img decoding=\"async\" width=\"850\" height=\"547\" src=\"https:\/\/firagran.com\/wp-content\/uploads\/master_classe2018_01.jpg\" class=\"attachment-400 size-400\" alt=\"\" srcset=\"https:\/\/firagran.com\/wp-content\/uploads\/master_classe2018_01-200x129.jpg 200w, https:\/\/firagran.com\/wp-content\/uploads\/master_classe2018_01-300x193.jpg 300w, https:\/\/firagran.com\/wp-content\/uploads\/master_classe2018_01-400x257.jpg 400w, https:\/\/firagran.com\/wp-content\/uploads\/master_classe2018_01-460x295.jpg 460w, https:\/\/firagran.com\/wp-content\/uploads\/master_classe2018_01-600x386.jpg 600w, https:\/\/firagran.com\/wp-content\/uploads\/master_classe2018_01-768x494.jpg 768w, https:\/\/firagran.com\/wp-content\/uploads\/master_classe2018_01-800x515.jpg 800w, https:\/\/firagran.com\/wp-content\/uploads\/master_classe2018_01.jpg 850w\" sizes=\"(max-width: 850px) 100vw, 850px\" \/><\/a>\n\t\t\t<\/dt><\/dl><dl class='gallery-item'>\n\t\t\t<dt class='gallery-icon landscape'>\n\t\t\t\t<a data-rel=\"iLightbox[postimages]\" data-title=\"master_classe2018_02\" data-caption=\"\" href='https:\/\/firagran.com\/wp-content\/uploads\/master_classe2018_02.jpg'><img decoding=\"async\" width=\"850\" height=\"547\" src=\"https:\/\/firagran.com\/wp-content\/uploads\/master_classe2018_02.jpg\" class=\"attachment-400 size-400\" alt=\"\" srcset=\"https:\/\/firagran.com\/wp-content\/uploads\/master_classe2018_02-200x129.jpg 200w, https:\/\/firagran.com\/wp-content\/uploads\/master_classe2018_02-300x193.jpg 300w, https:\/\/firagran.com\/wp-content\/uploads\/master_classe2018_02-400x257.jpg 400w, https:\/\/firagran.com\/wp-content\/uploads\/master_classe2018_02-460x295.jpg 460w, https:\/\/firagran.com\/wp-content\/uploads\/master_classe2018_02-600x386.jpg 600w, https:\/\/firagran.com\/wp-content\/uploads\/master_classe2018_02-768x494.jpg 768w, https:\/\/firagran.com\/wp-content\/uploads\/master_classe2018_02-800x515.jpg 800w, https:\/\/firagran.com\/wp-content\/uploads\/master_classe2018_02.jpg 850w\" sizes=\"(max-width: 850px) 100vw, 850px\" \/><\/a>\n\t\t\t<\/dt><\/dl><dl class='gallery-item'>\n\t\t\t<dt class='gallery-icon landscape'>\n\t\t\t\t<a data-rel=\"iLightbox[postimages]\" data-title=\"master_classe2018_03\" data-caption=\"\" href='https:\/\/firagran.com\/wp-content\/uploads\/master_classe2018_03.jpg'><img decoding=\"async\" width=\"850\" height=\"547\" src=\"https:\/\/firagran.com\/wp-content\/uploads\/master_classe2018_03.jpg\" class=\"attachment-400 size-400\" alt=\"\" srcset=\"https:\/\/firagran.com\/wp-content\/uploads\/master_classe2018_03-200x129.jpg 200w, https:\/\/firagran.com\/wp-content\/uploads\/master_classe2018_03-300x193.jpg 300w, https:\/\/firagran.com\/wp-content\/uploads\/master_classe2018_03-400x257.jpg 400w, https:\/\/firagran.com\/wp-content\/uploads\/master_classe2018_03-460x295.jpg 460w, https:\/\/firagran.com\/wp-content\/uploads\/master_classe2018_03-600x386.jpg 600w, https:\/\/firagran.com\/wp-content\/uploads\/master_classe2018_03-768x494.jpg 768w, https:\/\/firagran.com\/wp-content\/uploads\/master_classe2018_03-800x515.jpg 800w, https:\/\/firagran.com\/wp-content\/uploads\/master_classe2018_03.jpg 850w\" sizes=\"(max-width: 850px) 100vw, 850px\" \/><\/a>\n\t\t\t<\/dt><\/dl><br style=\"clear: both\" \/><dl class='gallery-item'>\n\t\t\t<dt class='gallery-icon landscape'>\n\t\t\t\t<a data-rel=\"iLightbox[postimages]\" data-title=\"master_classe2018_04\" data-caption=\"\" href='https:\/\/firagran.com\/wp-content\/uploads\/master_classe2018_04.jpg'><img decoding=\"async\" width=\"850\" height=\"547\" src=\"https:\/\/firagran.com\/wp-content\/uploads\/master_classe2018_04.jpg\" class=\"attachment-400 size-400\" alt=\"\" srcset=\"https:\/\/firagran.com\/wp-content\/uploads\/master_classe2018_04-200x129.jpg 200w, https:\/\/firagran.com\/wp-content\/uploads\/master_classe2018_04-300x193.jpg 300w, https:\/\/firagran.com\/wp-content\/uploads\/master_classe2018_04-400x257.jpg 400w, https:\/\/firagran.com\/wp-content\/uploads\/master_classe2018_04-460x295.jpg 460w, https:\/\/firagran.com\/wp-content\/uploads\/master_classe2018_04-600x386.jpg 600w, https:\/\/firagran.com\/wp-content\/uploads\/master_classe2018_04-768x494.jpg 768w, https:\/\/firagran.com\/wp-content\/uploads\/master_classe2018_04-800x515.jpg 800w, https:\/\/firagran.com\/wp-content\/uploads\/master_classe2018_04.jpg 850w\" sizes=\"(max-width: 850px) 100vw, 850px\" \/><\/a>\n\t\t\t<\/dt><\/dl><dl class='gallery-item'>\n\t\t\t<dt class='gallery-icon landscape'>\n\t\t\t\t<a data-rel=\"iLightbox[postimages]\" data-title=\"master_classe2018_05\" data-caption=\"\" href='https:\/\/firagran.com\/wp-content\/uploads\/master_classe2018_05.jpg'><img decoding=\"async\" width=\"850\" height=\"547\" src=\"https:\/\/firagran.com\/wp-content\/uploads\/master_classe2018_05.jpg\" class=\"attachment-400 size-400\" alt=\"\" srcset=\"https:\/\/firagran.com\/wp-content\/uploads\/master_classe2018_05-200x129.jpg 200w, https:\/\/firagran.com\/wp-content\/uploads\/master_classe2018_05-300x193.jpg 300w, https:\/\/firagran.com\/wp-content\/uploads\/master_classe2018_05-400x257.jpg 400w, https:\/\/firagran.com\/wp-content\/uploads\/master_classe2018_05-460x295.jpg 460w, https:\/\/firagran.com\/wp-content\/uploads\/master_classe2018_05-600x386.jpg 600w, https:\/\/firagran.com\/wp-content\/uploads\/master_classe2018_05-768x494.jpg 768w, https:\/\/firagran.com\/wp-content\/uploads\/master_classe2018_05-800x515.jpg 800w, https:\/\/firagran.com\/wp-content\/uploads\/master_classe2018_05.jpg 850w\" sizes=\"(max-width: 850px) 100vw, 850px\" \/><\/a>\n\t\t\t<\/dt><\/dl>\n\t\t\t<br style='clear: both' \/>\n\t\t<\/div>\n\n<\/div><div class=\"fusion-clearfix\"><\/div><\/div><\/div><\/div><\/div><\/p>\n","protected":false},"excerpt":{"rendered":"","protected":false},"author":1,"featured_media":0,"parent":2586,"menu_order":0,"comment_status":"closed","ping_status":"closed","template":"","meta":{"footnotes":""},"class_list":["post-2621","page","type-page","status-publish","hentry"],"_links":{"self":[{"href":"https:\/\/firagran.com\/es\/wp-json\/wp\/v2\/pages\/2621","targetHints":{"allow":["GET"]}}],"collection":[{"href":"https:\/\/firagran.com\/es\/wp-json\/wp\/v2\/pages"}],"about":[{"href":"https:\/\/firagran.com\/es\/wp-json\/wp\/v2\/types\/page"}],"author":[{"embeddable":true,"href":"https:\/\/firagran.com\/es\/wp-json\/wp\/v2\/users\/1"}],"replies":[{"embeddable":true,"href":"https:\/\/firagran.com\/es\/wp-json\/wp\/v2\/comments?post=2621"}],"version-history":[{"count":5,"href":"https:\/\/firagran.com\/es\/wp-json\/wp\/v2\/pages\/2621\/revisions"}],"predecessor-version":[{"id":17736,"href":"https:\/\/firagran.com\/es\/wp-json\/wp\/v2\/pages\/2621\/revisions\/17736"}],"up":[{"embeddable":true,"href":"https:\/\/firagran.com\/es\/wp-json\/wp\/v2\/pages\/2586"}],"wp:attachment":[{"href":"https:\/\/firagran.com\/es\/wp-json\/wp\/v2\/media?parent=2621"}],"curies":[{"name":"wp","href":"https:\/\/api.w.org\/{rel}","templated":true}]}}