{"id":2653,"date":"2017-03-27T18:48:37","date_gmt":"2017-03-27T17:48:37","guid":{"rendered":"https:\/\/firagran.com\/consum-i-seguretat\/"},"modified":"2022-01-14T13:09:43","modified_gmt":"2022-01-14T12:09:43","slug":"consumo-y-seguridad","status":"publish","type":"page","link":"https:\/\/firagran.com\/es\/consumo-y-seguridad\/","title":{"rendered":"Consumo y Seguridad"},"content":{"rendered":"<div class=\"fusion-fullwidth fullwidth-box fusion-builder-row-1 nonhundred-percent-fullwidth non-hundred-percent-height-scrolling fusion-equal-height-columns\" style=\"--awb-border-radius-top-left:0px;--awb-border-radius-top-right:0px;--awb-border-radius-bottom-right:0px;--awb-border-radius-bottom-left:0px;--awb-flex-wrap:wrap;\" ><div class=\"fusion-builder-row fusion-row\"><div class=\"fusion-layout-column fusion_builder_column fusion-builder-column-0 fusion_builder_column_1_2 1_2 fusion-one-half fusion-column-first fusion-column-inner-bg-wrapper fusion-column-liftup-border caja_secciones\" style=\"--awb-inner-bg-size:cover;width:50%;width:calc(50% - ( ( 4% ) * 0.5 ) );margin-right: 4%;\"><span class=\"fusion-column-inner-bg hover-type-liftup\"><a class=\"fusion-column-anchor\" href=\"http:\/\/consumo-y-personas-mayores\/\"><span class=\"fusion-column-inner-bg-image\"><\/span><\/a><\/span><div class=\"fusion-column-wrapper fusion-flex-column-wrapper-legacy\"><div class=\"fusion-image-element in-legacy-container\" style=\"--awb-caption-title-font-family:var(--h2_typography-font-family);--awb-caption-title-font-weight:var(--h2_typography-font-weight);--awb-caption-title-font-style:var(--h2_typography-font-style);--awb-caption-title-size:var(--h2_typography-font-size);--awb-caption-title-transform:var(--h2_typography-text-transform);--awb-caption-title-line-height:var(--h2_typography-line-height);--awb-caption-title-letter-spacing:var(--h2_typography-letter-spacing);\"><span class=\" fusion-imageframe imageframe-none imageframe-1 hover-type-zoomin\"><a class=\"fusion-no-lightbox\" href=\"https:\/\/firagran.com\/consum-i-seguretat\/consum-i-gent-gran\/\" target=\"_self\" aria-label=\"consum_i_gent_gran\"><img decoding=\"async\" width=\"696\" height=\"464\" alt=\"Consum i Gent Gran\" src=\"https:\/\/firagran.com\/wp-content\/uploads\/consum_i_gent_gran.jpg\" class=\"img-responsive wp-image-2752\" srcset=\"https:\/\/firagran.com\/wp-content\/uploads\/consum_i_gent_gran-200x133.jpg 200w, https:\/\/firagran.com\/wp-content\/uploads\/consum_i_gent_gran-400x267.jpg 400w, https:\/\/firagran.com\/wp-content\/uploads\/consum_i_gent_gran-600x400.jpg 600w, https:\/\/firagran.com\/wp-content\/uploads\/consum_i_gent_gran.jpg 696w\" sizes=\"(max-width: 1080px) 100vw, 600px\" \/><\/a><\/span><\/div><div class=\"fusion-text fusion-text-1\"><h3>Consumo y personas mayores<\/h3>\n<p>Consejos y recomendaciones del C\u00f3digo de Consumo de Catalu\u00f1a.<\/p>\n<\/div><div class=\"fusion-clearfix\"><\/div><\/div><\/div><div class=\"fusion-layout-column fusion_builder_column fusion-builder-column-1 fusion_builder_column_1_2 1_2 fusion-one-half fusion-column-last fusion-column-inner-bg-wrapper fusion-column-liftup-border caja_secciones\" style=\"--awb-inner-bg-size:cover;width:50%;width:calc(50% - ( ( 4% ) * 0.5 ) );\"><span class=\"fusion-column-inner-bg hover-type-liftup\"><a class=\"fusion-column-anchor\" href=\"http:\/\/consejos-de-ahorro\/\"><span class=\"fusion-column-inner-bg-image\"><\/span><\/a><\/span><div class=\"fusion-column-wrapper fusion-flex-column-wrapper-legacy\"><div class=\"fusion-image-element in-legacy-container\" style=\"--awb-caption-title-font-family:var(--h2_typography-font-family);--awb-caption-title-font-weight:var(--h2_typography-font-weight);--awb-caption-title-font-style:var(--h2_typography-font-style);--awb-caption-title-size:var(--h2_typography-font-size);--awb-caption-title-transform:var(--h2_typography-text-transform);--awb-caption-title-line-height:var(--h2_typography-line-height);--awb-caption-title-letter-spacing:var(--h2_typography-letter-spacing);\"><span class=\" fusion-imageframe imageframe-none imageframe-2 hover-type-zoomin\"><a class=\"fusion-no-lightbox\" href=\"firagran.com\/consum-i-seguretat\/consells-destalvi\/\" target=\"_self\" aria-label=\"Consells d&#8217;Estalvi\"><img decoding=\"async\" width=\"696\" height=\"464\" alt=\"Consells d&#039;Estalvi\" src=\"https:\/\/firagran.com\/wp-content\/uploads\/consells_estalvi.jpg\" class=\"img-responsive wp-image-2753\" srcset=\"https:\/\/firagran.com\/wp-content\/uploads\/consells_estalvi-200x133.jpg 200w, https:\/\/firagran.com\/wp-content\/uploads\/consells_estalvi-400x267.jpg 400w, https:\/\/firagran.com\/wp-content\/uploads\/consells_estalvi-600x400.jpg 600w, https:\/\/firagran.com\/wp-content\/uploads\/consells_estalvi.jpg 696w\" sizes=\"(max-width: 1080px) 100vw, 600px\" \/><\/a><\/span><\/div><div class=\"fusion-text fusion-text-2\"><h3>Consejos de Ahorro<\/h3>\n<p>\u00a1Modificando peque\u00f1as actividades diarias, ahorrar\u00e1s en agua y energ\u00eda!<\/p>\n<\/div><div class=\"fusion-clearfix\"><\/div><\/div><\/div><div class=\"fusion-layout-column fusion_builder_column fusion-builder-column-2 fusion_builder_column_1_2 1_2 fusion-one-half fusion-column-first fusion-column-inner-bg-wrapper fusion-column-liftup-border caja_secciones\" style=\"--awb-inner-bg-size:cover;width:50%;width:calc(50% - ( ( 4% ) * 0.5 ) );margin-right: 4%;\"><span class=\"fusion-column-inner-bg hover-type-liftup\"><a class=\"fusion-column-anchor\" href=\"http:\/\/consejos-de-seguridad\/\"><span class=\"fusion-column-inner-bg-image\"><\/span><\/a><\/span><div class=\"fusion-column-wrapper fusion-flex-column-wrapper-legacy\"><div class=\"fusion-image-element in-legacy-container\" style=\"--awb-caption-title-font-family:var(--h2_typography-font-family);--awb-caption-title-font-weight:var(--h2_typography-font-weight);--awb-caption-title-font-style:var(--h2_typography-font-style);--awb-caption-title-size:var(--h2_typography-font-size);--awb-caption-title-transform:var(--h2_typography-text-transform);--awb-caption-title-line-height:var(--h2_typography-line-height);--awb-caption-title-letter-spacing:var(--h2_typography-letter-spacing);\"><span class=\" fusion-imageframe imageframe-none imageframe-3 hover-type-zoomin\"><a class=\"fusion-no-lightbox\" href=\"#\" target=\"_self\" aria-label=\"evitar_incendi\"><img decoding=\"async\" width=\"696\" height=\"464\" alt=\"Consells de Seguretat\" src=\"https:\/\/firagran.com\/wp-content\/uploads\/evitar_incendi.jpg\" class=\"img-responsive wp-image-1657\" srcset=\"https:\/\/firagran.com\/wp-content\/uploads\/evitar_incendi-200x133.jpg 200w, https:\/\/firagran.com\/wp-content\/uploads\/evitar_incendi-400x267.jpg 400w, https:\/\/firagran.com\/wp-content\/uploads\/evitar_incendi-600x400.jpg 600w, https:\/\/firagran.com\/wp-content\/uploads\/evitar_incendi.jpg 696w\" sizes=\"(max-width: 1080px) 100vw, 600px\" \/><\/a><\/span><\/div><div class=\"fusion-text fusion-text-3\"><h3>Consejos de Seguridad<\/h3>\n<p>Algunos consejos para poner en pr\u00e1ctica en nuestra vida diaria que nos ayudar\u00e1n a prevenir accidentes en el hogar y a tener un entorno m\u00e1s seguro.<\/p>\n<\/div><div class=\"fusion-clearfix\"><\/div><\/div><\/div><div class=\"fusion-layout-column fusion_builder_column fusion-builder-column-3 fusion_builder_column_1_2 1_2 fusion-one-half fusion-column-last fusion-column-inner-bg-wrapper fusion-column-liftup-border caja_secciones\" style=\"--awb-inner-bg-size:cover;width:50%;width:calc(50% - ( ( 4% ) * 0.5 ) );\"><span class=\"fusion-column-inner-bg hover-type-liftup\"><a class=\"fusion-column-anchor\" href=\"http:\/\/accesibilidad\/\"><span class=\"fusion-column-inner-bg-image\"><\/span><\/a><\/span><div class=\"fusion-column-wrapper fusion-flex-column-wrapper-legacy\"><div class=\"fusion-image-element in-legacy-container\" style=\"--awb-caption-title-font-family:var(--h2_typography-font-family);--awb-caption-title-font-weight:var(--h2_typography-font-weight);--awb-caption-title-font-style:var(--h2_typography-font-style);--awb-caption-title-size:var(--h2_typography-font-size);--awb-caption-title-transform:var(--h2_typography-text-transform);--awb-caption-title-line-height:var(--h2_typography-line-height);--awb-caption-title-letter-spacing:var(--h2_typography-letter-spacing);\"><span class=\" fusion-imageframe imageframe-none imageframe-4 hover-type-zoomin\"><a class=\"fusion-no-lightbox\" href=\"#\" target=\"_self\" aria-label=\"llar_accesible\"><img decoding=\"async\" width=\"696\" height=\"464\" alt=\"Accesibilitat\" src=\"https:\/\/firagran.com\/wp-content\/uploads\/llar_accesible.jpg\" class=\"img-responsive wp-image-1658\" srcset=\"https:\/\/firagran.com\/wp-content\/uploads\/llar_accesible-200x133.jpg 200w, https:\/\/firagran.com\/wp-content\/uploads\/llar_accesible-400x267.jpg 400w, https:\/\/firagran.com\/wp-content\/uploads\/llar_accesible-600x400.jpg 600w, https:\/\/firagran.com\/wp-content\/uploads\/llar_accesible.jpg 696w\" sizes=\"(max-width: 1080px) 100vw, 600px\" \/><\/a><\/span><\/div><div class=\"fusion-text fusion-text-4\"><h3>Accesibilidad<\/h3>\n<p>Las adaptaciones en el hogar mejoran significativamente la calidad de vida de las personas con movilidad reducida.<\/p>\n<\/div><div class=\"fusion-clearfix\"><\/div><\/div><\/div><\/div><\/div>\n","protected":false},"excerpt":{"rendered":"","protected":false},"author":1,"featured_media":0,"parent":0,"menu_order":0,"comment_status":"closed","ping_status":"closed","template":"","meta":{"footnotes":""},"class_list":["post-2653","page","type-page","status-publish","hentry"],"_links":{"self":[{"href":"https:\/\/firagran.com\/es\/wp-json\/wp\/v2\/pages\/2653","targetHints":{"allow":["GET"]}}],"collection":[{"href":"https:\/\/firagran.com\/es\/wp-json\/wp\/v2\/pages"}],"about":[{"href":"https:\/\/firagran.com\/es\/wp-json\/wp\/v2\/types\/page"}],"author":[{"embeddable":true,"href":"https:\/\/firagran.com\/es\/wp-json\/wp\/v2\/users\/1"}],"replies":[{"embeddable":true,"href":"https:\/\/firagran.com\/es\/wp-json\/wp\/v2\/comments?post=2653"}],"version-history":[{"count":5,"href":"https:\/\/firagran.com\/es\/wp-json\/wp\/v2\/pages\/2653\/revisions"}],"predecessor-version":[{"id":13856,"href":"https:\/\/firagran.com\/es\/wp-json\/wp\/v2\/pages\/2653\/revisions\/13856"}],"wp:attachment":[{"href":"https:\/\/firagran.com\/es\/wp-json\/wp\/v2\/media?parent=2653"}],"curies":[{"name":"wp","href":"https:\/\/api.w.org\/{rel}","templated":true}]}}