{"id":2658,"date":"2017-03-27T19:36:53","date_gmt":"2017-03-27T18:36:53","guid":{"rendered":"https:\/\/firagran.com\/consumo-y-seguridad\/consum-i-gent-gran\/"},"modified":"2024-05-08T19:32:22","modified_gmt":"2024-05-08T17:32:22","slug":"consumo-y-personas-mayores","status":"publish","type":"page","link":"https:\/\/firagran.com\/es\/consumo-y-seguridad\/consumo-y-personas-mayores\/","title":{"rendered":"Consumo y personas mayores"},"content":{"rendered":"<p><div class=\"fusion-fullwidth fullwidth-box fusion-builder-row-1 nonhundred-percent-fullwidth non-hundred-percent-height-scrolling\" style=\"--awb-border-radius-top-left:0px;--awb-border-radius-top-right:0px;--awb-border-radius-bottom-right:0px;--awb-border-radius-bottom-left:0px;--awb-flex-wrap:wrap;\" ><div class=\"fusion-builder-row fusion-row\"><div class=\"fusion-layout-column fusion_builder_column fusion-builder-column-0 fusion_builder_column_1_1 1_1 fusion-one-full fusion-column-first fusion-column-last\" style=\"--awb-bg-size:cover;\"><div class=\"fusion-column-wrapper fusion-flex-column-wrapper-legacy\"><div class=\"fusion-text fusion-text-1\"><p>En todas las compras y las contrataciones a distancia (telef\u00f3nica, por correspondencia, por internet, etc.) o fuera de un establecimiento comercial (al domicilio o durante una excursi\u00f3n organizada, por ejemplo), pod\u00e9is ejercer el derecho de dejaci\u00f3n que os permite devolver el producto o cancelar el servicio contratado, notific\u00e1ndolo dentro de un plazo establecido, sin necesidad de justificar la decisi\u00f3n y sin ninguna penalizaci\u00f3n.<\/p>\n<p>La persona consumidora tiene que comunicar al empresario la voluntad de desistir en el plazo de <strong>14 d\u00edas naturales.<\/strong><\/p>\n<p>En el caso de los contratos firmados al domicilio del consumidor como consecuencia de visitas no solicitadas efectuadas por el empresario o durante excursiones organizadas, el plazo de dejaci\u00f3n se ampl\u00eda a <strong>30 d\u00edas naturales.<\/strong><\/p>\n<p>En t\u00e9rminos generales, este plazo se cuenta en los contratos de servicios, a partir del d\u00eda en que se subscribe el mencionado contrato y en los contratos de venta, a partir de la entrega del bien.<\/p>\n<p>El C\u00f3digo de Consumo de Catalu\u00f1a ampl\u00eda, actualiza y mejora los derechos de las persones consumidoras en nuestro pa\u00eds dentro de un marco jur\u00eddico (Ley 22\/2010 del 20 de julio del C\u00f3digo de Consumo de Catalu\u00f1a).<\/p>\n<h4><strong>Las recomendaciones del C\u00f3digo de Consumo de Catalu\u00f1a:<\/strong><\/h4>\n<\/div><div class=\"fusion-text fusion-text-2\"><ol type=\"A\">\n<li>Las empresas vendedoras de <strong>productos nuevos<\/strong> responden de los posibles <strong>defectos de origen o de fabricaci\u00f3n<\/strong> \u2013falta de conformidad\u2013, durante los <strong>3 a\u00f1os posteriores a la fecha de entrega.<\/strong>En los <strong>productos de segunda mano<\/strong>, la empresa y el consumidor pueden pactar el plazo de garant\u00eda, pero en ning\u00fan caso <strong>no puede ser inferior a 1 a\u00f1o.<\/strong><br \/>\n<hr \/>\n<\/li>\n<li>Los <strong>defectos que aparezcan durante los 2 primeros a\u00f1os en productos nuevos<\/strong> \u2013o 1 a\u00f1o en el caso de productos de segunda mano\u2013,<strong> se entiende que son de origen, es decir, que ya exist\u00edan en el momento de la entrega<\/strong>, excepto que la empresa pueda demostrar que el defecto no es de fabricaci\u00f3n. Pasado este plazo, tienes que demostrar que el defecto es de fabricaci\u00f3n.<br \/>\n<hr \/>\n<\/li>\n<li>Pregunta si la empresa vendedora del producto <strong>acepta cambios de productos en perfectas condiciones:<\/strong> no hay ninguna obligaci\u00f3n de cambiar un producto en perfecto estado, salvo que as\u00ed lo anuncie.<br \/>\n<hr \/>\n<\/li>\n<li>El plazo de dejaci\u00f3n es de 30 d\u00ed<strong>as en el caso de contratos firmados en visitas no solicitadas a vuestro domicilio o en excursiones organizadas<\/strong> para promocionar o vender productos o servicios. Quedan excluidos de la dejaci\u00f3n los productos personalizados o hechos a medida, aquellos que no se puedan reutilizar por razones de higiene, los alimentos, las entradas para espect\u00e1culos o las reservas de alojamientos tur\u00edsticos, entre otros.<br \/>\n<hr \/>\n<\/li>\n<li><strong>Desconf\u00eda de las visitas imprevistas<\/strong> que vienen a tu casa para hacer revisiones del gas natural o del butano.\n<ul type=\"square\">\n<li>Recuerda que<strong> la revisi\u00f3n de las instalaciones fijas del gas butano se tiene que hacer cada 5 a\u00f1os<\/strong> y lo tienes que solicitar a una empresa instaladora. Guarda el certificado de revisi\u00f3n que te tienen que entregar obligatoriamente.<\/li>\n<li>Recuerda que la compa\u00f1\u00eda de gas natural est\u00e1 <strong>obligada a hacer una inspecci\u00f3n peri\u00f3dica cada 5 a\u00f1os<\/strong> y tiene un coste econ\u00f3mico. Comunicar\u00e1 a los vecinos de la finca, unos d\u00edas antes y mediante un aviso, qu\u00e9 d\u00eda pasar\u00e1 a hacerla.<br \/>\n<hr \/>\n<\/li>\n<\/ul>\n<\/li>\n<li>Si recibes en casa la visita no solicitada de personas comerciales para qye cambies de compa\u00f1\u00eda de la luz, del gas o del tel\u00e9fono, ve con cuidado con la documentaci\u00f3n que entregues <strong>(no facilites datos bancarios si no est\u00e1s muy seguro\/a) y vigila con lo que firmas.<\/strong>\n<ul type=\"square\">\n<li>En los dos casos <strong>dispones de 30 d\u00edas naturales desde la celebraci\u00f3n del contrato<\/strong> para anularlo, sin la necesidad de dar ninguna justificaci\u00f3n.<br \/>\n<hr \/>\n<\/li>\n<\/ul>\n<\/li>\n<li>En las ventas a domicilio no solicitadas,<strong> no compres de manera impulsiva y piensa que dispones de 30 d\u00edas naturales desde la recepci\u00f3n del producto<\/strong> para desistir de la compra sin explicaci\u00f3n ni ser penalizado econ\u00f3micamente.<br \/>\n<hr \/>\n<\/li>\n<li>En las reparaciones de electrodom\u00e9sticos y las reformas en casa es obligatorio<strong>que te hagan un presupuesto previo<\/strong> salvo que renuncies.<br \/>\n<hr \/>\n<\/li>\n<li>Estos servicios tienen una <strong>garant\u00eda de 6 meses.<\/strong><br \/>\n<hr \/>\n<\/li>\n<li><strong>No te precipites en firmar<\/strong> ning\u00fan documento, antes hace falta que lo leas bien.<br \/>\n<hr \/>\n<\/li>\n<li><strong>Revisa las fechas de caducidad<\/strong> o de consumo preferente de los alimentos en la etiqueta o el envase.<br \/>\n<hr \/>\n<\/li>\n<li><strong>Pide y conserva todas las facturas<\/strong> y los tickets de compra, puesto que son tu garant\u00eda.<br \/>\n<hr \/>\n<\/li>\n<li><strong>La publicidad es vinculante<\/strong> y puedes exigir el cumplimiento; guarda los documentos de oferta de servicios, las instrucciones y\/o los cat\u00e1logos.<br \/>\n<hr \/>\n<\/li>\n<li><strong>Repasa todas las facturas<\/strong>, los conceptos detallados, los impuestos y reclama si hay un error.<br \/>\n<hr \/>\n<\/li>\n<li>Recuerda que: los establecimientos comerciales disponen de hojas <strong>oficiales de queja\/reclamaci\u00f3n\/denuncia.<\/strong><br \/>\n<hr \/>\n<\/li>\n<li>Es una garant\u00eda escoger una <strong>empresa adherida al sistema arbitral de consumo.<\/strong><\/li>\n<\/ol>\n<\/div><div class=\"fusion-text fusion-text-3\"><h4><strong>Pasos y consejos a seguir a la hora de reclamar la devoluci\u00f3n de una compra, rescindir un contrato o la anulaci\u00f3n de una deuda:<\/strong><\/h4>\n<\/div><div class=\"fusion-sep-clear\"><\/div><div class=\"fusion-separator fusion-full-width-sep\" style=\"margin-left: auto;margin-right: auto;margin-top:15px;margin-bottom:15px;width:100%;\"><\/div><div class=\"fusion-sep-clear\"><\/div><div class=\"fusion-video fusion-youtube\" style=\"--awb-max-width:600px;--awb-max-height:360px;\"><div class=\"video-shortcode\"><div class=\"fluid-width-video-wrapper\" style=\"padding-top:60%;\" ><iframe title=\"YouTube video player 1\" src=\"https:\/\/www.youtube.com\/embed\/ZgFtP5R2UKo?wmode=transparent&autoplay=0\" width=\"600\" height=\"360\" allowfullscreen allow=\"autoplay; clipboard-write; encrypted-media; gyroscope; picture-in-picture;\"><\/iframe><\/div><\/div><\/div><div class=\"fusion-clearfix\"><\/div><\/div><\/div><\/div><\/div><div class=\"fusion-fullwidth fullwidth-box fusion-builder-row-2 nonhundred-percent-fullwidth non-hundred-percent-height-scrolling mas_info\" style=\"--awb-border-radius-top-left:0px;--awb-border-radius-top-right:0px;--awb-border-radius-bottom-right:0px;--awb-border-radius-bottom-left:0px;--awb-flex-wrap:wrap;\" ><div class=\"fusion-builder-row fusion-row\"><div class=\"fusion-layout-column fusion_builder_column fusion-builder-column-1 fusion_builder_column_1_1 1_1 fusion-one-full fusion-column-first fusion-column-last\" style=\"--awb-bg-size:cover;\"><div class=\"fusion-column-wrapper fusion-flex-column-wrapper-legacy\"><div class=\"fusion-text fusion-text-4\"><h5>M\u00e1s informaci\u00f3n:<\/h5>\n<\/div><div class=\"fusion-sep-clear\"><\/div><div class=\"fusion-separator fusion-clearfix\" style=\"float:left;width:100%;max-width:20px;\"><\/div><div class=\"fusion-sep-clear\"><\/div><div class=\"fusion-clearfix\"><\/div><\/div><\/div><div class=\"fusion-layout-column fusion_builder_column fusion-builder-column-2 fusion_builder_column_1_4 1_4 fusion-one-fourth fusion-column-first\" style=\"--awb-bg-size:cover;width:25%;width:calc(25% - ( ( 4% ) * 0.25 ) );margin-right: 4%;\"><div class=\"fusion-column-wrapper fusion-flex-column-wrapper-legacy\"><div class=\"fusion-image-element in-legacy-container\" style=\"--awb-caption-title-font-family:var(--h2_typography-font-family);--awb-caption-title-font-weight:var(--h2_typography-font-weight);--awb-caption-title-font-style:var(--h2_typography-font-style);--awb-caption-title-size:var(--h2_typography-font-size);--awb-caption-title-transform:var(--h2_typography-text-transform);--awb-caption-title-line-height:var(--h2_typography-line-height);--awb-caption-title-letter-spacing:var(--h2_typography-letter-spacing);\"><span class=\" fusion-imageframe imageframe-none imageframe-1 hover-type-none\"><img decoding=\"async\" width=\"150\" height=\"150\" title=\"012\" src=\"https:\/\/firagran.com\/wp-content\/uploads\/150x150_012.jpg\" alt class=\"img-responsive wp-image-16122\" srcset=\"https:\/\/firagran.com\/wp-content\/uploads\/150x150_012-66x66.jpg 66w, https:\/\/firagran.com\/wp-content\/uploads\/150x150_012.jpg 150w\" sizes=\"(max-width: 150px) 100vw, 150px\" \/><\/span><\/div><div class=\"fusion-clearfix\"><\/div><\/div><\/div><div class=\"fusion-layout-column fusion_builder_column fusion-builder-column-3 fusion_builder_column_3_4 3_4 fusion-three-fourth fusion-column-last\" style=\"--awb-bg-size:cover;width:75%;width:calc(75% - ( ( 4% ) * 0.75 ) );\"><div class=\"fusion-column-wrapper fusion-flex-column-wrapper-legacy\"><div class=\"fusion-text fusion-text-5\"><p><strong>Tel\u00e9fono de Atenci\u00f3n Ciudadana de la Generalitat de Catalu\u00f1a: 012<\/strong><\/p>\n<ul class=\"td-arrow-list\">\n<li><strong>Desde fuera de Catalu\u00f1a:<\/strong> 932 142 124<\/li>\n<li><strong>Desde el extranjero:<\/strong> 00 34 932 142 124<\/li>\n<li><strong>Coste de la llamada:<\/strong> Tarifa plana. Coste aproximado entre 0,43\u20ac y 0,83\u20ac, seg\u00fan la operadora de telefon\u00eda que tenga (IVA incluido).<\/li>\n<\/ul>\n<\/div><div class=\"fusion-clearfix\"><\/div><\/div><\/div><\/div><\/div><div class=\"fusion-fullwidth fullwidth-box fusion-builder-row-3 nonhundred-percent-fullwidth non-hundred-percent-height-scrolling caja_enlaces\" style=\"--awb-border-radius-top-left:0px;--awb-border-radius-top-right:0px;--awb-border-radius-bottom-right:0px;--awb-border-radius-bottom-left:0px;--awb-flex-wrap:wrap;\" ><div class=\"fusion-builder-row fusion-row\"><div class=\"fusion-layout-column fusion_builder_column fusion-builder-column-4 fusion_builder_column_1_1 1_1 fusion-one-full fusion-column-first fusion-column-last\" style=\"--awb-bg-size:cover;\"><div class=\"fusion-column-wrapper fusion-flex-column-wrapper-legacy\"><div class=\"fusion-text fusion-text-6\"><h5>Enlaces de inter\u00e9s:<\/h5>\n<\/div><div class=\"fusion-sep-clear\"><\/div><div class=\"fusion-separator fusion-clearfix\" style=\"float:left;width:100%;max-width:20px;\"><\/div><div class=\"fusion-sep-clear\"><\/div><div class=\"fusion-clearfix\"><\/div><\/div><\/div><div class=\"fusion-layout-column fusion_builder_column fusion-builder-column-5 fusion_builder_column_1_1 1_1 fusion-one-full fusion-column-first fusion-column-last\" style=\"--awb-bg-size:cover;\"><div class=\"fusion-column-wrapper fusion-flex-column-wrapper-legacy\"><div class=\"fusion-text fusion-text-7\"><ul>\n<li><a href=\"http:\/\/consum.gencat.cat\/\" target=\"_blank\" rel=\"noopener noreferrer\"><strong>GENERALITAT DE CATALUNYA<\/strong> &#8211; Agencia Catalana de Consumo<\/a><\/li>\n<li><a href=\"https:\/\/www.diba.cat\/es\/web\/consum\" target=\"_blank\" rel=\"noopener noreferrer\"><strong>DIPUTACI\u00d3 DE BARCELONA<\/strong> &#8211; Servei de Suport a les Pol\u00edtiques de Consum<\/a><\/li>\n<li><a href=\"http:\/\/ajuntament.barcelona.cat\/omic\/es\/\" target=\"_blank\" rel=\"noopener noreferrer\"><strong>AJUNTAMENT DE BARCELONA<\/strong> &#8211; Oficina Municipal de Informaci\u00f3n al Consumidor<\/a><\/li>\n<\/ul>\n<\/div><div class=\"fusion-clearfix\"><\/div><\/div><\/div><\/div><\/div><\/p>\n","protected":false},"excerpt":{"rendered":"","protected":false},"author":1,"featured_media":2752,"parent":2653,"menu_order":0,"comment_status":"closed","ping_status":"closed","template":"","meta":{"footnotes":""},"class_list":["post-2658","page","type-page","status-publish","has-post-thumbnail","hentry"],"_links":{"self":[{"href":"https:\/\/firagran.com\/es\/wp-json\/wp\/v2\/pages\/2658","targetHints":{"allow":["GET"]}}],"collection":[{"href":"https:\/\/firagran.com\/es\/wp-json\/wp\/v2\/pages"}],"about":[{"href":"https:\/\/firagran.com\/es\/wp-json\/wp\/v2\/types\/page"}],"author":[{"embeddable":true,"href":"https:\/\/firagran.com\/es\/wp-json\/wp\/v2\/users\/1"}],"replies":[{"embeddable":true,"href":"https:\/\/firagran.com\/es\/wp-json\/wp\/v2\/comments?post=2658"}],"version-history":[{"count":5,"href":"https:\/\/firagran.com\/es\/wp-json\/wp\/v2\/pages\/2658\/revisions"}],"predecessor-version":[{"id":16123,"href":"https:\/\/firagran.com\/es\/wp-json\/wp\/v2\/pages\/2658\/revisions\/16123"}],"up":[{"embeddable":true,"href":"https:\/\/firagran.com\/es\/wp-json\/wp\/v2\/pages\/2653"}],"wp:featuredmedia":[{"embeddable":true,"href":"https:\/\/firagran.com\/es\/wp-json\/wp\/v2\/media\/2752"}],"wp:attachment":[{"href":"https:\/\/firagran.com\/es\/wp-json\/wp\/v2\/media?parent=2658"}],"curies":[{"name":"wp","href":"https:\/\/api.w.org\/{rel}","templated":true}]}}