{"id":2661,"date":"2017-03-27T21:20:47","date_gmt":"2017-03-27T20:20:47","guid":{"rendered":"https:\/\/firagran.com\/consumo-y-seguridad\/consells-destalvi\/"},"modified":"2017-04-24T19:41:37","modified_gmt":"2017-04-24T18:41:37","slug":"consejos-de-ahorro","status":"publish","type":"page","link":"https:\/\/firagran.com\/es\/consumo-y-seguridad\/consejos-de-ahorro\/","title":{"rendered":"Consejos de ahorro"},"content":{"rendered":"<p><div class=\"fusion-fullwidth fullwidth-box fusion-builder-row-1 nonhundred-percent-fullwidth non-hundred-percent-height-scrolling\" style=\"--awb-border-radius-top-left:0px;--awb-border-radius-top-right:0px;--awb-border-radius-bottom-right:0px;--awb-border-radius-bottom-left:0px;--awb-flex-wrap:wrap;\" ><div class=\"fusion-builder-row fusion-row\"><div class=\"fusion-layout-column fusion_builder_column fusion-builder-column-0 fusion_builder_column_1_1 1_1 fusion-one-full fusion-column-first fusion-column-last\" style=\"--awb-bg-size:cover;\"><div class=\"fusion-column-wrapper fusion-flex-column-wrapper-legacy\"><div class=\"fusion-text fusion-text-1\"><p>Durante nuestro d\u00eda a d\u00eda, llevamos a cabo muchas actividades relacionadas con el consumo de agua y de energ\u00eda. La energ\u00eda en forma de electricidad, de gas\u00f3leo o de gas natural es necesaria para la climatizaci\u00f3n del hogar; como la iluminaci\u00f3n, el agua caliente. El agua es imprescindible para la higiene personal, para cocinar y otras actividades relacionadas.<\/p>\n<p>El objetivo principal es reducir el consumo de energ\u00eda y de agua para conseguir un ahorro econ\u00f3mico. Siguiendo una serie de consejos pr\u00e1cticos y cambiando peque\u00f1os h\u00e1bitos de la vida diaria.<\/p>\n<\/div><div class=\"fusion-clearfix\"><\/div><\/div><\/div><\/div><\/div><div class=\"fusion-fullwidth fullwidth-box fusion-builder-row-2 nonhundred-percent-fullwidth non-hundred-percent-height-scrolling fusion-equal-height-columns\" style=\"--awb-border-radius-top-left:0px;--awb-border-radius-top-right:0px;--awb-border-radius-bottom-right:0px;--awb-border-radius-bottom-left:0px;--awb-flex-wrap:wrap;\" ><div class=\"fusion-builder-row fusion-row\"><div class=\"fusion-layout-column fusion_builder_column fusion-builder-column-1 fusion_builder_column_1_2 1_2 fusion-one-half fusion-column-first fusion-column-inner-bg-wrapper fusion-column-liftup-border caja_secciones\" style=\"--awb-inner-bg-size:cover;width:50%;width:calc(50% - ( ( 4% ) * 0.5 ) );margin-right: 4%;\"><span class=\"fusion-column-inner-bg hover-type-liftup\"><a class=\"fusion-column-anchor\" href=\"https:\/\/firagran.com\/es\/consumo-y-seguridad\/consejos-de-ahorro\/consejos-para-ahorrar-agua\/\"><span class=\"fusion-column-inner-bg-image\"><\/span><\/a><\/span><div class=\"fusion-column-wrapper fusion-flex-column-wrapper-legacy\"><div class=\"fusion-image-element in-legacy-container\" style=\"--awb-caption-title-font-family:var(--h2_typography-font-family);--awb-caption-title-font-weight:var(--h2_typography-font-weight);--awb-caption-title-font-style:var(--h2_typography-font-style);--awb-caption-title-size:var(--h2_typography-font-size);--awb-caption-title-transform:var(--h2_typography-text-transform);--awb-caption-title-line-height:var(--h2_typography-line-height);--awb-caption-title-letter-spacing:var(--h2_typography-letter-spacing);\"><span class=\" fusion-imageframe imageframe-none imageframe-1 hover-type-zoomin\"><a class=\"fusion-no-lightbox\" href=\"#\" target=\"_self\" aria-label=\"Consells pr\u00e0ctics per estalviar aigua\"><img decoding=\"async\" width=\"696\" height=\"464\" alt=\"Consells pr\u00e0ctics per estalviar aigua\" src=\"https:\/\/firagran.com\/wp-content\/uploads\/estalvi_aigua.jpg\" class=\"img-responsive wp-image-2756\" srcset=\"https:\/\/firagran.com\/wp-content\/uploads\/estalvi_aigua-200x133.jpg 200w, https:\/\/firagran.com\/wp-content\/uploads\/estalvi_aigua-400x267.jpg 400w, https:\/\/firagran.com\/wp-content\/uploads\/estalvi_aigua-600x400.jpg 600w, https:\/\/firagran.com\/wp-content\/uploads\/estalvi_aigua.jpg 696w\" sizes=\"(max-width: 1080px) 100vw, 600px\" \/><\/a><\/span><\/div><div class=\"fusion-text fusion-text-2\"><h3>Consejos para ahorrar agua<\/h3>\n<p>Te proponemos algunas medidas sencillas para reducir r\u00e1pidamente tu consumo de agua.<\/p>\n<\/div><div class=\"fusion-clearfix\"><\/div><\/div><\/div><div class=\"fusion-layout-column fusion_builder_column fusion-builder-column-2 fusion_builder_column_1_2 1_2 fusion-one-half fusion-column-last fusion-column-inner-bg-wrapper fusion-column-liftup-border caja_secciones\" style=\"--awb-inner-bg-size:cover;width:50%;width:calc(50% - ( ( 4% ) * 0.5 ) );\"><span class=\"fusion-column-inner-bg hover-type-liftup\"><a class=\"fusion-column-anchor\" href=\"https:\/\/firagran.com\/es\/consumo-y-seguridad\/consejos-de-ahorro\/como-podemos-ahorrar-en-la-calefaccion-de-gas\/\"><span class=\"fusion-column-inner-bg-image\"><\/span><\/a><\/span><div class=\"fusion-column-wrapper fusion-flex-column-wrapper-legacy\"><div class=\"fusion-image-element in-legacy-container\" style=\"--awb-caption-title-font-family:var(--h2_typography-font-family);--awb-caption-title-font-weight:var(--h2_typography-font-weight);--awb-caption-title-font-style:var(--h2_typography-font-style);--awb-caption-title-size:var(--h2_typography-font-size);--awb-caption-title-transform:var(--h2_typography-text-transform);--awb-caption-title-line-height:var(--h2_typography-line-height);--awb-caption-title-letter-spacing:var(--h2_typography-letter-spacing);\"><span class=\" fusion-imageframe imageframe-none imageframe-2 hover-type-zoomin\"><a class=\"fusion-no-lightbox\" href=\"#\" target=\"_self\" aria-label=\"Com podem estalviar en calefacci\u00f3 de gas?\"><img decoding=\"async\" width=\"696\" height=\"464\" alt=\"Consells pr\u00e0ctics per estalviar aigua\" src=\"https:\/\/firagran.com\/wp-content\/uploads\/estavi_calefaccio.jpg\" class=\"img-responsive wp-image-2755\" srcset=\"https:\/\/firagran.com\/wp-content\/uploads\/estavi_calefaccio-200x133.jpg 200w, https:\/\/firagran.com\/wp-content\/uploads\/estavi_calefaccio-400x267.jpg 400w, https:\/\/firagran.com\/wp-content\/uploads\/estavi_calefaccio-600x400.jpg 600w, https:\/\/firagran.com\/wp-content\/uploads\/estavi_calefaccio.jpg 696w\" sizes=\"(max-width: 1080px) 100vw, 600px\" \/><\/a><\/span><\/div><div class=\"fusion-text fusion-text-3\"><h3>Consejos para ahorrar en calefacci\u00f3n de gas<\/h3>\n<p>Te damos unos peque\u00f1os consejos porque ahorres en calefacci\u00f3n durante los meses de invierno.<\/p>\n<\/div><div class=\"fusion-clearfix\"><\/div><\/div><\/div><div class=\"fusion-layout-column fusion_builder_column fusion-builder-column-3 fusion_builder_column_1_2 1_2 fusion-one-half fusion-column-first fusion-column-inner-bg-wrapper fusion-column-liftup-border caja_secciones\" style=\"--awb-inner-bg-size:cover;width:50%;width:calc(50% - ( ( 4% ) * 0.5 ) );margin-right: 4%;\"><span class=\"fusion-column-inner-bg hover-type-liftup\"><a class=\"fusion-column-anchor\" href=\"https:\/\/firagran.com\/es\/consumo-y-seguridad\/consejos-de-ahorro\/consejos-de-ahorro-energetico\/\"><span class=\"fusion-column-inner-bg-image\"><\/span><\/a><\/span><div class=\"fusion-column-wrapper fusion-flex-column-wrapper-legacy\"><div class=\"fusion-image-element in-legacy-container\" style=\"--awb-caption-title-font-family:var(--h2_typography-font-family);--awb-caption-title-font-weight:var(--h2_typography-font-weight);--awb-caption-title-font-style:var(--h2_typography-font-style);--awb-caption-title-size:var(--h2_typography-font-size);--awb-caption-title-transform:var(--h2_typography-text-transform);--awb-caption-title-line-height:var(--h2_typography-line-height);--awb-caption-title-letter-spacing:var(--h2_typography-letter-spacing);\"><span class=\" fusion-imageframe imageframe-none imageframe-3 hover-type-zoomin\"><a class=\"fusion-no-lightbox\" href=\"#\" target=\"_self\" aria-label=\"Consells d\u2019estalvi energ\u00e8tic a casa\"><img decoding=\"async\" width=\"696\" height=\"464\" alt=\"Consells d\u2019estalvi energ\u00e8tic a casa\" src=\"https:\/\/firagran.com\/wp-content\/uploads\/estalvi_energetic.jpg\" class=\"img-responsive wp-image-2754\" srcset=\"https:\/\/firagran.com\/wp-content\/uploads\/estalvi_energetic-200x133.jpg 200w, https:\/\/firagran.com\/wp-content\/uploads\/estalvi_energetic-400x267.jpg 400w, https:\/\/firagran.com\/wp-content\/uploads\/estalvi_energetic-600x400.jpg 600w, https:\/\/firagran.com\/wp-content\/uploads\/estalvi_energetic.jpg 696w\" sizes=\"(max-width: 1080px) 100vw, 600px\" \/><\/a><\/span><\/div><div class=\"fusion-text fusion-text-4\"><h3>Consejos de ahorro energ\u00e9tico<\/h3>\n<p>Un aparato electr\u00f3nico en espera, contin\u00faa consumiendo energ\u00eda.<\/p>\n<\/div><div class=\"fusion-clearfix\"><\/div><\/div><\/div><\/div><\/div><\/p>\n","protected":false},"excerpt":{"rendered":"","protected":false},"author":1,"featured_media":2753,"parent":2653,"menu_order":0,"comment_status":"closed","ping_status":"closed","template":"","meta":{"footnotes":""},"class_list":["post-2661","page","type-page","status-publish","has-post-thumbnail","hentry"],"_links":{"self":[{"href":"https:\/\/firagran.com\/es\/wp-json\/wp\/v2\/pages\/2661","targetHints":{"allow":["GET"]}}],"collection":[{"href":"https:\/\/firagran.com\/es\/wp-json\/wp\/v2\/pages"}],"about":[{"href":"https:\/\/firagran.com\/es\/wp-json\/wp\/v2\/types\/page"}],"author":[{"embeddable":true,"href":"https:\/\/firagran.com\/es\/wp-json\/wp\/v2\/users\/1"}],"replies":[{"embeddable":true,"href":"https:\/\/firagran.com\/es\/wp-json\/wp\/v2\/comments?post=2661"}],"version-history":[{"count":4,"href":"https:\/\/firagran.com\/es\/wp-json\/wp\/v2\/pages\/2661\/revisions"}],"predecessor-version":[{"id":2677,"href":"https:\/\/firagran.com\/es\/wp-json\/wp\/v2\/pages\/2661\/revisions\/2677"}],"up":[{"embeddable":true,"href":"https:\/\/firagran.com\/es\/wp-json\/wp\/v2\/pages\/2653"}],"wp:featuredmedia":[{"embeddable":true,"href":"https:\/\/firagran.com\/es\/wp-json\/wp\/v2\/media\/2753"}],"wp:attachment":[{"href":"https:\/\/firagran.com\/es\/wp-json\/wp\/v2\/media?parent=2661"}],"curies":[{"name":"wp","href":"https:\/\/api.w.org\/{rel}","templated":true}]}}