{"id":2667,"date":"2017-03-29T12:47:07","date_gmt":"2017-03-29T11:47:07","guid":{"rendered":"https:\/\/firagran.com\/consumo-y-seguridad\/consejos-de-ahorro\/com-podem-estalviar-en-calefaccio-de-gas\/"},"modified":"2019-05-27T10:19:28","modified_gmt":"2019-05-27T08:19:28","slug":"como-podemos-ahorrar-en-la-calefaccion-de-gas","status":"publish","type":"page","link":"https:\/\/firagran.com\/es\/consumo-y-seguridad\/consejos-de-ahorro\/como-podemos-ahorrar-en-la-calefaccion-de-gas\/","title":{"rendered":"Consejos para ahorrar en calefacci\u00f3n de gas"},"content":{"rendered":"<p><div class=\"fusion-fullwidth fullwidth-box fusion-builder-row-1 nonhundred-percent-fullwidth non-hundred-percent-height-scrolling\" style=\"--awb-border-radius-top-left:0px;--awb-border-radius-top-right:0px;--awb-border-radius-bottom-right:0px;--awb-border-radius-bottom-left:0px;--awb-flex-wrap:wrap;\" ><div class=\"fusion-builder-row fusion-row\"><div class=\"fusion-layout-column fusion_builder_column fusion-builder-column-0 fusion_builder_column_1_1 1_1 fusion-one-full fusion-column-first fusion-column-last\" style=\"--awb-bg-size:cover;\"><div class=\"fusion-column-wrapper fusion-flex-column-wrapper-legacy\"><div class=\"fusion-text fusion-text-1\"><p><strong>Te damos unos peque\u00f1os consejos para que ahorres en calefacci\u00f3n durante los meses de invierno:<\/strong><\/p>\n<ul>\n<li><strong>Revisa las juntas de las puertas y ventanas<\/strong>, de este modo tu casa quedar\u00e1 mejor aislada y podr\u00e1s <strong>ahorrar hasta un 30%<\/strong> en calefacci\u00f3n.<\/li>\n<li><strong>Ajusta la temperatura<\/strong> para cada estancia de la vivienda.<\/li>\n<li>Recuerda <strong>purgar todos los radiadores<\/strong> antes de poner por primera vez la calefacci\u00f3n.<\/li>\n<li>Un <strong>buen mantenimiento de la caldera<\/strong> ahorra en calefacci\u00f3n.<\/li>\n<li>Cuando est\u00e9s fuera de casa durante horas o durante la noche recuerda <strong>ajustar el termostato<\/strong>.<\/li>\n<li>Es recomendable <strong>mantener la temperatura entre 20\u00b0 y 22\u00b0<\/strong>.<\/li>\n<li>Las <strong>calderas de condensaci\u00f3n ahorran m\u00e1s energ\u00eda<\/strong> que las convencionales.<\/li>\n<li>Es aconsejable <strong>no tapar los radiadores<\/strong> para que el calor se disperse adecuadamente.<\/li>\n<li>Cuando necesites <strong>ventilar<\/strong> tu vivienda, recuerda que <strong>con 10 minutos es suficiente<\/strong>.<\/li>\n<\/ul>\n<\/div><div class=\"fusion-clearfix\"><\/div><\/div><\/div><\/div><\/div><div class=\"fusion-fullwidth fullwidth-box fusion-builder-row-2 nonhundred-percent-fullwidth non-hundred-percent-height-scrolling caja_enlaces\" style=\"--awb-border-radius-top-left:0px;--awb-border-radius-top-right:0px;--awb-border-radius-bottom-right:0px;--awb-border-radius-bottom-left:0px;--awb-flex-wrap:wrap;\" ><div class=\"fusion-builder-row fusion-row\"><div class=\"fusion-layout-column fusion_builder_column fusion-builder-column-1 fusion_builder_column_1_1 1_1 fusion-one-full fusion-column-first fusion-column-last\" style=\"--awb-bg-size:cover;\"><div class=\"fusion-column-wrapper fusion-flex-column-wrapper-legacy\"><div class=\"fusion-text fusion-text-2\"><h5>Enlaces de inter\u00e9s:<\/h5>\n<\/div><div class=\"fusion-sep-clear\"><\/div><div class=\"fusion-separator fusion-clearfix\" style=\"float:left;width:100%;max-width:20px;\"><\/div><div class=\"fusion-sep-clear\"><\/div><div class=\"fusion-clearfix\"><\/div><\/div><\/div><div class=\"fusion-layout-column fusion_builder_column fusion-builder-column-2 fusion_builder_column_1_1 1_1 fusion-one-full fusion-column-first fusion-column-last\" style=\"--awb-bg-size:cover;\"><div class=\"fusion-column-wrapper fusion-flex-column-wrapper-legacy\"><div class=\"fusion-text fusion-text-3\"><ul>\n<li><a href=\"https:\/\/www.gasnaturalfenosa.es\/Hogar\/FNT_Hogar\/Quiero_reducir_mis_gastos\" target=\"_blank\" rel=\"noopener noreferrer\"><strong>GAS NATURAL FENOSA<\/strong> \u2013 Quiero reducir mis gastos<\/a><\/li>\n<li><a href=\"https:\/\/www.diba.cat\/documents\/167269\/64266052\/2677-20695-2016+C%C3%B3mo+ahorrar+gas+desplegable+obert+ALTA.pdf\/f11cacd0-94e7-475e-99ff-7875e9a84613\" target=\"_blank\" rel=\"noopener noreferrer\"><strong>DIPUTACI\u00d3 DE BARCELONA<\/strong> \u2013 C\u00f3mo puedes ahorrar gas en el hogar<\/a><\/li>\n<li><a href=\"https:\/\/fcenergia.com\" target=\"_blank\" rel=\"noopener noreferrer\"><strong>FC ENERGIA<\/strong><\/a><\/li>\n<\/ul>\n<\/div><div class=\"fusion-clearfix\"><\/div><\/div><\/div><\/div><\/div><div class=\"fusion-fullwidth fullwidth-box fusion-builder-row-3 nonhundred-percent-fullwidth non-hundred-percent-height-scrolling\" style=\"--awb-border-radius-top-left:0px;--awb-border-radius-top-right:0px;--awb-border-radius-bottom-right:0px;--awb-border-radius-bottom-left:0px;--awb-flex-wrap:wrap;\" ><div class=\"fusion-builder-row fusion-row\"><div class=\"fusion-layout-column fusion_builder_column fusion-builder-column-3 fusion_builder_column_1_2 1_2 fusion-one-half fusion-column-first\" style=\"--awb-bg-size:cover;width:50%;width:calc(50% - ( ( 4% ) * 0.5 ) );margin-right: 4%;\"><div class=\"fusion-column-wrapper fusion-flex-column-wrapper-legacy\"><div class=\"fusion-button-wrapper fusion-alignright\"><a class=\"fusion-button button-flat fusion-button-default-size button-default fusion-button-default button-1 fusion-button-default-span fusion-button-default-type\" target=\"_self\" href=\"https:\/\/firagran.com\/es\/consumo-y-seguridad\/consejos-de-ahorro\/consejos-para-ahorrar-agua\/\"><span class=\"fusion-button-icon-divider button-icon-divider-left\"><i class=\" fa fa-chevron-left awb-button__icon awb-button__icon--default\" aria-hidden=\"true\"><\/i><\/span><span class=\"fusion-button-text awb-button__text awb-button__text--default fusion-button-text-left\">Consejos para ahorrar agua<\/span><\/a><\/div><div class=\"fusion-clearfix\"><\/div><\/div><\/div><div class=\"fusion-layout-column fusion_builder_column fusion-builder-column-4 fusion_builder_column_1_2 1_2 fusion-one-half fusion-column-last\" style=\"--awb-bg-size:cover;width:50%;width:calc(50% - ( ( 4% ) * 0.5 ) );\"><div class=\"fusion-column-wrapper fusion-flex-column-wrapper-legacy\"><div class=\"fusion-button-wrapper fusion-alignleft\"><a class=\"fusion-button button-flat fusion-button-default-size button-default fusion-button-default button-2 fusion-button-default-span fusion-button-default-type\" target=\"_self\" href=\"https:\/\/firagran.com\/es\/consumo-y-seguridad\/consejos-de-ahorro\/consejos-de-ahorro-energetico\/\"><span class=\"fusion-button-text awb-button__text awb-button__text--default fusion-button-text-right\">Consejos de ahorro energ\u00e9tico<\/span><span class=\"fusion-button-icon-divider button-icon-divider-right\"><i class=\" fa fa-chevron-right awb-button__icon awb-button__icon--default\" aria-hidden=\"true\"><\/i><\/span><\/a><\/div><div class=\"fusion-clearfix\"><\/div><\/div><\/div><\/div><\/div><\/p>\n","protected":false},"excerpt":{"rendered":"","protected":false},"author":1,"featured_media":2755,"parent":2661,"menu_order":0,"comment_status":"closed","ping_status":"closed","template":"","meta":{"footnotes":""},"class_list":["post-2667","page","type-page","status-publish","has-post-thumbnail","hentry"],"_links":{"self":[{"href":"https:\/\/firagran.com\/es\/wp-json\/wp\/v2\/pages\/2667","targetHints":{"allow":["GET"]}}],"collection":[{"href":"https:\/\/firagran.com\/es\/wp-json\/wp\/v2\/pages"}],"about":[{"href":"https:\/\/firagran.com\/es\/wp-json\/wp\/v2\/types\/page"}],"author":[{"embeddable":true,"href":"https:\/\/firagran.com\/es\/wp-json\/wp\/v2\/users\/1"}],"replies":[{"embeddable":true,"href":"https:\/\/firagran.com\/es\/wp-json\/wp\/v2\/comments?post=2667"}],"version-history":[{"count":5,"href":"https:\/\/firagran.com\/es\/wp-json\/wp\/v2\/pages\/2667\/revisions"}],"predecessor-version":[{"id":8183,"href":"https:\/\/firagran.com\/es\/wp-json\/wp\/v2\/pages\/2667\/revisions\/8183"}],"up":[{"embeddable":true,"href":"https:\/\/firagran.com\/es\/wp-json\/wp\/v2\/pages\/2661"}],"wp:featuredmedia":[{"embeddable":true,"href":"https:\/\/firagran.com\/es\/wp-json\/wp\/v2\/media\/2755"}],"wp:attachment":[{"href":"https:\/\/firagran.com\/es\/wp-json\/wp\/v2\/media?parent=2667"}],"curies":[{"name":"wp","href":"https:\/\/api.w.org\/{rel}","templated":true}]}}