{"id":2672,"date":"2017-03-29T12:10:50","date_gmt":"2017-03-29T11:10:50","guid":{"rendered":"https:\/\/firagran.com\/consumo-y-seguridad\/consejos-de-ahorro\/consells-destalvi-energetic-a-casa\/"},"modified":"2019-05-27T10:20:34","modified_gmt":"2019-05-27T08:20:34","slug":"consejos-de-ahorro-energetico","status":"publish","type":"page","link":"https:\/\/firagran.com\/es\/consumo-y-seguridad\/consejos-de-ahorro\/consejos-de-ahorro-energetico\/","title":{"rendered":"Consejos de ahorro energ\u00e9tico"},"content":{"rendered":"<p><div class=\"fusion-fullwidth fullwidth-box fusion-builder-row-1 nonhundred-percent-fullwidth non-hundred-percent-height-scrolling\" style=\"--awb-border-radius-top-left:0px;--awb-border-radius-top-right:0px;--awb-border-radius-bottom-right:0px;--awb-border-radius-bottom-left:0px;--awb-flex-wrap:wrap;\" ><div class=\"fusion-builder-row fusion-row\"><div class=\"fusion-layout-column fusion_builder_column fusion-builder-column-0 fusion_builder_column_1_1 1_1 fusion-one-full fusion-column-first fusion-column-last\" style=\"--awb-bg-size:cover;\"><div class=\"fusion-column-wrapper fusion-flex-column-wrapper-legacy\"><div class=\"fusion-text fusion-text-1\"><p><strong>Tambi\u00e9n se tienen que tener presentes algunas otras medidas de prevenci\u00f3n:<\/strong><\/p>\n<\/div><div class=\"fusion-clearfix\"><\/div><\/div><\/div><\/div><\/div><div class=\"fusion-fullwidth fullwidth-box fusion-builder-row-2 nonhundred-percent-fullwidth non-hundred-percent-height-scrolling titulos_interiores\" style=\"--awb-border-radius-top-left:0px;--awb-border-radius-top-right:0px;--awb-border-radius-bottom-right:0px;--awb-border-radius-bottom-left:0px;--awb-flex-wrap:wrap;\" ><div class=\"fusion-builder-row fusion-row\"><div class=\"fusion-layout-column fusion_builder_column fusion-builder-column-1 fusion_builder_column_1_1 1_1 fusion-one-full fusion-column-first fusion-column-last\" style=\"--awb-bg-size:cover;\"><div class=\"fusion-column-wrapper fusion-flex-column-wrapper-legacy\"><div class=\"fusion-text fusion-text-2\"><h4><strong>En la cocina<\/strong><\/h4>\n<\/div><div class=\"fusion-clearfix\"><\/div><\/div><\/div><div class=\"fusion-layout-column fusion_builder_column fusion-builder-column-2 fusion_builder_column_1_3 1_3 fusion-one-third fusion-column-first\" style=\"--awb-bg-size:cover;width:33.333333333333%;width:calc(33.333333333333% - ( ( 4% ) * 0.33333333333333 ) );margin-right: 4%;\"><div class=\"fusion-column-wrapper fusion-flex-column-wrapper-legacy\"><div class=\"fusion-image-element in-legacy-container\" style=\"--awb-caption-title-font-family:var(--h2_typography-font-family);--awb-caption-title-font-weight:var(--h2_typography-font-weight);--awb-caption-title-font-style:var(--h2_typography-font-style);--awb-caption-title-size:var(--h2_typography-font-size);--awb-caption-title-transform:var(--h2_typography-text-transform);--awb-caption-title-line-height:var(--h2_typography-line-height);--awb-caption-title-letter-spacing:var(--h2_typography-letter-spacing);\"><span class=\" fusion-imageframe imageframe-none imageframe-1 hover-type-none\"><img decoding=\"async\" width=\"696\" height=\"464\" alt=\"Consells d\u2019estalvi energ\u00e8tic a casa\" title=\"Consells d\u2019estalvi energ\u00e8tic a casa\" src=\"https:\/\/firagran.com\/wp-content\/uploads\/estalvi_microones.jpg\" class=\"img-responsive wp-image-1880\" srcset=\"https:\/\/firagran.com\/wp-content\/uploads\/estalvi_microones-200x133.jpg 200w, https:\/\/firagran.com\/wp-content\/uploads\/estalvi_microones-400x267.jpg 400w, https:\/\/firagran.com\/wp-content\/uploads\/estalvi_microones-600x400.jpg 600w, https:\/\/firagran.com\/wp-content\/uploads\/estalvi_microones.jpg 696w\" sizes=\"(max-width: 1080px) 100vw, 400px\" \/><\/span><\/div><div class=\"fusion-clearfix\"><\/div><\/div><\/div><div class=\"fusion-layout-column fusion_builder_column fusion-builder-column-3 fusion_builder_column_2_3 2_3 fusion-two-third fusion-column-last\" style=\"--awb-bg-size:cover;width:66.666666666667%;width:calc(66.666666666667% - ( ( 4% ) * 0.66666666666667 ) );\"><div class=\"fusion-column-wrapper fusion-flex-column-wrapper-legacy\"><div class=\"fusion-text fusion-text-3\"><ul>\n<li>Recuerda que <strong>el microondas usa mucha menos energ\u00eda que el horno <\/strong>convencional (siempre que sea un modelo con el etiquetado energ\u00e9tico A).<\/li>\n<li><strong>Evita abrir el horno mientras est\u00e9 encendido,<\/strong> dado que la temperatura baja entre 25 y 30 grados y se fuerza al horno a utilizar m\u00e1s energ\u00eda.<\/li>\n<li>Programa <strong>ciclos cortos en la lavadora<\/strong> y utiliza agua fr\u00eda o templada<\/li>\n<li><strong>Utiliza el lavaplatos<\/strong> en lugar parte de fregar los platos a mano con agua caliente.<\/li>\n<li><strong>Sit\u00faa el frigor\u00edfico evitando los lugares donde toque mucho el sol;<\/strong> descong\u00e9lalo peri\u00f3dicamente para evitar que se formen capas de hielo que dificulten su funcionamiento.<\/li>\n<\/ul>\n<\/div><div class=\"fusion-clearfix\"><\/div><\/div><\/div><\/div><\/div><div class=\"fusion-fullwidth fullwidth-box fusion-builder-row-3 nonhundred-percent-fullwidth non-hundred-percent-height-scrolling titulos_interiores\" style=\"--awb-border-radius-top-left:0px;--awb-border-radius-top-right:0px;--awb-border-radius-bottom-right:0px;--awb-border-radius-bottom-left:0px;--awb-flex-wrap:wrap;\" ><div class=\"fusion-builder-row fusion-row\"><div class=\"fusion-layout-column fusion_builder_column fusion-builder-column-4 fusion_builder_column_1_1 1_1 fusion-one-full fusion-column-first fusion-column-last\" style=\"--awb-bg-size:cover;\"><div class=\"fusion-column-wrapper fusion-flex-column-wrapper-legacy\"><div class=\"fusion-text fusion-text-4\"><h4><strong>Iluminaci\u00f3n<\/strong><\/h4>\n<\/div><div class=\"fusion-clearfix\"><\/div><\/div><\/div><div class=\"fusion-layout-column fusion_builder_column fusion-builder-column-5 fusion_builder_column_2_3 2_3 fusion-two-third fusion-column-first\" style=\"--awb-bg-size:cover;width:66.666666666667%;width:calc(66.666666666667% - ( ( 4% ) * 0.66666666666667 ) );margin-right: 4%;\"><div class=\"fusion-column-wrapper fusion-flex-column-wrapper-legacy\"><div class=\"fusion-text fusion-text-5\"><ul>\n<li>Aprovecha siempre que puedas la <strong>luz natural<\/strong>.<\/li>\n<li>Sustituye las bombillas incandescentes por <strong>luces de bajo consumo<\/strong>.<\/li>\n<li>Coloca tubos fluorescentes en las habitaciones donde haga falta m\u00e1s iluminaci\u00f3n: <strong>la cocina<\/strong>, por ejemplo.<\/li>\n<\/ul>\n<\/div><div class=\"fusion-clearfix\"><\/div><\/div><\/div><div class=\"fusion-layout-column fusion_builder_column fusion-builder-column-6 fusion_builder_column_1_3 1_3 fusion-one-third fusion-column-last\" style=\"--awb-bg-size:cover;width:33.333333333333%;width:calc(33.333333333333% - ( ( 4% ) * 0.33333333333333 ) );\"><div class=\"fusion-column-wrapper fusion-flex-column-wrapper-legacy\"><div class=\"fusion-image-element in-legacy-container\" style=\"--awb-caption-title-font-family:var(--h2_typography-font-family);--awb-caption-title-font-weight:var(--h2_typography-font-weight);--awb-caption-title-font-style:var(--h2_typography-font-style);--awb-caption-title-size:var(--h2_typography-font-size);--awb-caption-title-transform:var(--h2_typography-text-transform);--awb-caption-title-line-height:var(--h2_typography-line-height);--awb-caption-title-letter-spacing:var(--h2_typography-letter-spacing);\"><span class=\" fusion-imageframe imageframe-none imageframe-2 hover-type-none\"><img decoding=\"async\" width=\"696\" height=\"464\" alt=\"Consells d\u2019estalvi energ\u00e8tic a casa\" title=\"Consells d\u2019estalvi energ\u00e8tic a casa\" src=\"https:\/\/firagran.com\/wp-content\/uploads\/estalvi_fluorescents.jpg\" class=\"img-responsive wp-image-1879\" srcset=\"https:\/\/firagran.com\/wp-content\/uploads\/estalvi_fluorescents-200x133.jpg 200w, https:\/\/firagran.com\/wp-content\/uploads\/estalvi_fluorescents-400x267.jpg 400w, https:\/\/firagran.com\/wp-content\/uploads\/estalvi_fluorescents-600x400.jpg 600w, https:\/\/firagran.com\/wp-content\/uploads\/estalvi_fluorescents.jpg 696w\" sizes=\"(max-width: 1080px) 100vw, 400px\" \/><\/span><\/div><div class=\"fusion-clearfix\"><\/div><\/div><\/div><\/div><\/div><div class=\"fusion-fullwidth fullwidth-box fusion-builder-row-4 nonhundred-percent-fullwidth non-hundred-percent-height-scrolling titulos_interiores\" style=\"--awb-border-radius-top-left:0px;--awb-border-radius-top-right:0px;--awb-border-radius-bottom-right:0px;--awb-border-radius-bottom-left:0px;--awb-flex-wrap:wrap;\" ><div class=\"fusion-builder-row fusion-row\"><div class=\"fusion-layout-column fusion_builder_column fusion-builder-column-7 fusion_builder_column_1_1 1_1 fusion-one-full fusion-column-first fusion-column-last\" style=\"--awb-bg-size:cover;\"><div class=\"fusion-column-wrapper fusion-flex-column-wrapper-legacy\"><div class=\"fusion-text fusion-text-6\"><h4><strong>Aparatos electr\u00f3nicos<\/strong><\/h4>\n<\/div><div class=\"fusion-clearfix\"><\/div><\/div><\/div><div class=\"fusion-layout-column fusion_builder_column fusion-builder-column-8 fusion_builder_column_1_3 1_3 fusion-one-third fusion-column-first\" style=\"--awb-bg-size:cover;width:33.333333333333%;width:calc(33.333333333333% - ( ( 4% ) * 0.33333333333333 ) );margin-right: 4%;\"><div class=\"fusion-column-wrapper fusion-flex-column-wrapper-legacy\"><div class=\"fusion-image-element in-legacy-container\" style=\"--awb-caption-title-font-family:var(--h2_typography-font-family);--awb-caption-title-font-weight:var(--h2_typography-font-weight);--awb-caption-title-font-style:var(--h2_typography-font-style);--awb-caption-title-size:var(--h2_typography-font-size);--awb-caption-title-transform:var(--h2_typography-text-transform);--awb-caption-title-line-height:var(--h2_typography-line-height);--awb-caption-title-letter-spacing:var(--h2_typography-letter-spacing);\"><span class=\" fusion-imageframe imageframe-none imageframe-3 hover-type-none\"><img decoding=\"async\" width=\"300\" height=\"200\" alt=\"Consells d\u2019estalvi energ\u00e8tic a casa\" title=\"Consells d\u2019estalvi energ\u00e8tic a casa\" src=\"https:\/\/firagran.com\/wp-content\/uploads\/estalvi_televisor-300x200.jpg\" class=\"img-responsive wp-image-1881\" srcset=\"https:\/\/firagran.com\/wp-content\/uploads\/estalvi_televisor-200x133.jpg 200w, https:\/\/firagran.com\/wp-content\/uploads\/estalvi_televisor-400x267.jpg 400w, https:\/\/firagran.com\/wp-content\/uploads\/estalvi_televisor-600x400.jpg 600w, https:\/\/firagran.com\/wp-content\/uploads\/estalvi_televisor.jpg 696w\" sizes=\"(max-width: 1080px) 100vw, 400px\" \/><\/span><\/div><div class=\"fusion-clearfix\"><\/div><\/div><\/div><div class=\"fusion-layout-column fusion_builder_column fusion-builder-column-9 fusion_builder_column_2_3 2_3 fusion-two-third fusion-column-last\" style=\"--awb-bg-size:cover;width:66.666666666667%;width:calc(66.666666666667% - ( ( 4% ) * 0.66666666666667 ) );\"><div class=\"fusion-column-wrapper fusion-flex-column-wrapper-legacy\"><div class=\"fusion-text fusion-text-7\"><ul>\n<li>Cuando acabes de usar <strong>aparatos electr\u00f3nicos<\/strong>, como por ejemplo tabletas, ordenadores o televisores, ap\u00e1galos del todo. Un aparato electr\u00f3nico en espera, contin\u00faa consumiendo energ\u00eda.<\/li>\n<li><strong>La pantalla del ordenador es el elemento que m\u00e1s energ\u00eda consume<\/strong>, las planas consumen menos que las convencionales.<\/li>\n<\/ul>\n<\/div><div class=\"fusion-clearfix\"><\/div><\/div><\/div><\/div><\/div><div class=\"fusion-fullwidth fullwidth-box fusion-builder-row-5 nonhundred-percent-fullwidth non-hundred-percent-height-scrolling titulos_interiores\" style=\"--awb-border-radius-top-left:0px;--awb-border-radius-top-right:0px;--awb-border-radius-bottom-right:0px;--awb-border-radius-bottom-left:0px;--awb-flex-wrap:wrap;\" ><div class=\"fusion-builder-row fusion-row\"><div class=\"fusion-layout-column fusion_builder_column fusion-builder-column-10 fusion_builder_column_1_1 1_1 fusion-one-full fusion-column-first fusion-column-last\" style=\"--awb-bg-size:cover;\"><div class=\"fusion-column-wrapper fusion-flex-column-wrapper-legacy\"><div class=\"fusion-text fusion-text-8\"><h4><strong>Y recuerda las siguientes medidas de seguridad:<\/strong><\/h4>\n<\/div><div class=\"fusion-clearfix\"><\/div><\/div><\/div><div class=\"fusion-layout-column fusion_builder_column fusion-builder-column-11 fusion_builder_column_1_1 1_1 fusion-one-full fusion-column-first fusion-column-last\" style=\"--awb-bg-size:cover;\"><div class=\"fusion-column-wrapper fusion-flex-column-wrapper-legacy\"><div class=\"fusion-text fusion-text-9\"><ul>\n<li><strong>No utilices<\/strong> la electricidad ni <strong>aparatos electr\u00f3nicos si est\u00e1n mojados o si vas descalzo\/a ..<\/strong><\/li>\n<li>Si tienes que reparar o manipular la instalaci\u00f3n el\u00e9ctrica, <strong>desconecta el interruptor general y aseg\u00farate de que no hay corriente el\u00e9ctrico<\/strong>.<\/li>\n<li>Para evitar electrocuciones, la mejor medida es <strong>disponer de instalaci\u00f3n de presa de tierra y de interruptor diferencial<\/strong>, y que todos los aparatos tengan conexi\u00f3n a tierra.<\/li>\n<li>Si una persona se electrocuta, <strong>corta la corriente desde el dispositivo central o desenchufa la fuente de electricidad<\/strong>.<\/li>\n<\/ul>\n<\/div><div class=\"fusion-clearfix\"><\/div><\/div><\/div><\/div><\/div><div class=\"fusion-fullwidth fullwidth-box fusion-builder-row-6 nonhundred-percent-fullwidth non-hundred-percent-height-scrolling caja_enlaces\" style=\"--awb-border-radius-top-left:0px;--awb-border-radius-top-right:0px;--awb-border-radius-bottom-right:0px;--awb-border-radius-bottom-left:0px;--awb-flex-wrap:wrap;\" ><div class=\"fusion-builder-row fusion-row\"><div class=\"fusion-layout-column fusion_builder_column fusion-builder-column-12 fusion_builder_column_1_1 1_1 fusion-one-full fusion-column-first fusion-column-last\" style=\"--awb-bg-size:cover;\"><div class=\"fusion-column-wrapper fusion-flex-column-wrapper-legacy\"><div class=\"fusion-text fusion-text-10\"><h5>Enlaces de inter\u00e9s:<\/h5>\n<\/div><div class=\"fusion-sep-clear\"><\/div><div class=\"fusion-separator fusion-clearfix\" style=\"float:left;width:100%;max-width:20px;\"><\/div><div class=\"fusion-sep-clear\"><\/div><div class=\"fusion-clearfix\"><\/div><\/div><\/div><div class=\"fusion-layout-column fusion_builder_column fusion-builder-column-13 fusion_builder_column_1_1 1_1 fusion-one-full fusion-column-first fusion-column-last\" style=\"--awb-bg-size:cover;\"><div class=\"fusion-column-wrapper fusion-flex-column-wrapper-legacy\"><div class=\"fusion-text fusion-text-11\"><ul>\n<li><a href=\"https:\/\/www.endesaclientes.com\/sabiasque\/consejos-ahorro-energia-hogar.html\" target=\"_blank\" rel=\"noopener noreferrer\"><strong>ENDESA<\/strong>\u00a0\u2013\u00a0Consejos de ahorro de energ\u00eda en el hogar<\/a><\/li>\n<li><a href=\"http:\/\/d3mrnpbbo94dn5.cloudfront.net\/uploads\/ckeditor\/attachments\/1340\/original_pdftwenergy_ahorro_hogar.pdf\" target=\"_blank\" rel=\"noopener noreferrer\">Desc\u00e1rgate la gu\u00eda completa para ahorrar energ\u00eda en PDF<\/a><\/li>\n<li><a href=\"http:\/\/www.diba.cat\/documents\/14465\/33311957\/QUADR%C3%8DPTIC_COM+PODEM+REDUIR+LA+DESPESA+ENERGETICA.pdf\/d451673f-0432-41bb-8ac2-91ca2b4fe1d6\" target=\"_blank\" rel=\"noopener noreferrer\"><strong>DIPUTACI\u00d3 DE BARCELONA<\/strong>\u00a0\u2013\u00a0C\u00f3mo reducir el gasto energ\u00e9tico<\/a><\/li>\n<li><a href=\"https:\/\/www.diba.cat\/documents\/167269\/64266052\/2677-20693-2016+C%C3%B3mo+ahorrar+electricidad+Castell%C3%A0%20obert+ALTA.pdf\/41ef07bc-8712-40c1-b878-d009fbf31147\" target=\"_blank\" rel=\"noopener noreferrer\"><strong>DIPUTACI\u00d3 DE BARCELONA<\/strong>\u00a0\u2013\u00a0C\u00f3mo ahorrar electricidad<\/a><\/li>\n<li><a href=\"https:\/\/fcenergia.com\" target=\"_blank\" rel=\"noopener noreferrer\"><strong>FC ENERGIA<\/strong><\/a><\/li>\n<\/ul>\n<\/div><div class=\"fusion-clearfix\"><\/div><\/div><\/div><\/div><\/div><div class=\"fusion-fullwidth fullwidth-box fusion-builder-row-7 nonhundred-percent-fullwidth non-hundred-percent-height-scrolling\" style=\"--awb-border-radius-top-left:0px;--awb-border-radius-top-right:0px;--awb-border-radius-bottom-right:0px;--awb-border-radius-bottom-left:0px;--awb-flex-wrap:wrap;\" ><div class=\"fusion-builder-row fusion-row\"><div class=\"fusion-layout-column fusion_builder_column fusion-builder-column-14 fusion_builder_column_1_2 1_2 fusion-one-half fusion-column-first\" style=\"--awb-bg-size:cover;width:50%;width:calc(50% - ( ( 4% ) * 0.5 ) );margin-right: 4%;\"><div class=\"fusion-column-wrapper fusion-flex-column-wrapper-legacy\"><div class=\"fusion-button-wrapper fusion-alignright\"><a class=\"fusion-button button-flat fusion-button-default-size button-default fusion-button-default button-1 fusion-button-default-span fusion-button-default-type\" target=\"_self\" href=\"https:\/\/firagran.com\/es\/consumo-y-seguridad\/consejos-de-ahorro\/como-podemos-ahorrar-en-la-calefaccion-de-gas\/\"><span class=\"fusion-button-icon-divider button-icon-divider-left\"><i class=\" fa fa-chevron-left awb-button__icon awb-button__icon--default\" aria-hidden=\"true\"><\/i><\/span><span class=\"fusion-button-text awb-button__text awb-button__text--default fusion-button-text-left\">Consejos para ahorra en la calefacci\u00f3n de gas<\/span><\/a><\/div><div class=\"fusion-clearfix\"><\/div><\/div><\/div><div class=\"fusion-layout-column fusion_builder_column fusion-builder-column-15 fusion_builder_column_1_2 1_2 fusion-one-half fusion-column-last\" style=\"--awb-bg-size:cover;width:50%;width:calc(50% - ( ( 4% ) * 0.5 ) );\"><div class=\"fusion-column-wrapper fusion-flex-column-wrapper-legacy\"><div class=\"fusion-clearfix\"><\/div><\/div><\/div><\/div><\/div><\/p>\n","protected":false},"excerpt":{"rendered":"","protected":false},"author":1,"featured_media":2754,"parent":2661,"menu_order":0,"comment_status":"closed","ping_status":"closed","template":"","meta":{"footnotes":""},"class_list":["post-2672","page","type-page","status-publish","has-post-thumbnail","hentry"],"_links":{"self":[{"href":"https:\/\/firagran.com\/es\/wp-json\/wp\/v2\/pages\/2672","targetHints":{"allow":["GET"]}}],"collection":[{"href":"https:\/\/firagran.com\/es\/wp-json\/wp\/v2\/pages"}],"about":[{"href":"https:\/\/firagran.com\/es\/wp-json\/wp\/v2\/types\/page"}],"author":[{"embeddable":true,"href":"https:\/\/firagran.com\/es\/wp-json\/wp\/v2\/users\/1"}],"replies":[{"embeddable":true,"href":"https:\/\/firagran.com\/es\/wp-json\/wp\/v2\/comments?post=2672"}],"version-history":[{"count":5,"href":"https:\/\/firagran.com\/es\/wp-json\/wp\/v2\/pages\/2672\/revisions"}],"predecessor-version":[{"id":8186,"href":"https:\/\/firagran.com\/es\/wp-json\/wp\/v2\/pages\/2672\/revisions\/8186"}],"up":[{"embeddable":true,"href":"https:\/\/firagran.com\/es\/wp-json\/wp\/v2\/pages\/2661"}],"wp:featuredmedia":[{"embeddable":true,"href":"https:\/\/firagran.com\/es\/wp-json\/wp\/v2\/media\/2754"}],"wp:attachment":[{"href":"https:\/\/firagran.com\/es\/wp-json\/wp\/v2\/media?parent=2672"}],"curies":[{"name":"wp","href":"https:\/\/api.w.org\/{rel}","templated":true}]}}