{"id":2697,"date":"2017-03-29T16:37:10","date_gmt":"2017-03-29T15:37:10","guid":{"rendered":"https:\/\/firagran.com\/consumo-y-seguridad\/consejos-de-seguridad\/seguretat-al-carrer\/"},"modified":"2017-04-26T16:28:49","modified_gmt":"2017-04-26T15:28:49","slug":"seguridad-en-la-calle","status":"publish","type":"page","link":"https:\/\/firagran.com\/es\/consumo-y-seguridad\/consejos-de-seguridad\/seguridad-en-la-calle\/","title":{"rendered":"Seguridad en la calle"},"content":{"rendered":"<p><div class=\"fusion-fullwidth fullwidth-box fusion-builder-row-1 nonhundred-percent-fullwidth non-hundred-percent-height-scrolling titulos_interiores\" style=\"--awb-border-radius-top-left:0px;--awb-border-radius-top-right:0px;--awb-border-radius-bottom-right:0px;--awb-border-radius-bottom-left:0px;--awb-flex-wrap:wrap;\" ><div class=\"fusion-builder-row fusion-row\"><div class=\"fusion-layout-column fusion_builder_column fusion-builder-column-0 fusion_builder_column_1_1 1_1 fusion-one-full fusion-column-first fusion-column-last\" style=\"--awb-bg-size:cover;\"><div class=\"fusion-column-wrapper fusion-flex-column-wrapper-legacy\"><div class=\"fusion-text fusion-text-1\"><h4><strong>Conductores<\/strong><\/h4>\n<\/div><div class=\"fusion-image-element in-legacy-container\" style=\"--awb-caption-title-font-family:var(--h2_typography-font-family);--awb-caption-title-font-weight:var(--h2_typography-font-weight);--awb-caption-title-font-style:var(--h2_typography-font-style);--awb-caption-title-size:var(--h2_typography-font-size);--awb-caption-title-transform:var(--h2_typography-text-transform);--awb-caption-title-line-height:var(--h2_typography-line-height);--awb-caption-title-letter-spacing:var(--h2_typography-letter-spacing);\"><span class=\" fusion-imageframe imageframe-none imageframe-1 hover-type-none\"><img decoding=\"async\" width=\"696\" height=\"464\" alt=\"Seguretat al carrer\" title=\"Seguretat al carrer\" src=\"https:\/\/firagran.com\/wp-content\/uploads\/segur_carrer_conductor.jpg\" class=\"img-responsive wp-image-1932\" srcset=\"https:\/\/firagran.com\/wp-content\/uploads\/segur_carrer_conductor-200x133.jpg 200w, https:\/\/firagran.com\/wp-content\/uploads\/segur_carrer_conductor-400x267.jpg 400w, https:\/\/firagran.com\/wp-content\/uploads\/segur_carrer_conductor-600x400.jpg 600w, https:\/\/firagran.com\/wp-content\/uploads\/segur_carrer_conductor.jpg 696w\" sizes=\"(max-width: 1080px) 100vw, 696px\" \/><\/span><\/div><div class=\"fusion-text fusion-text-2\"><ul>\n<li><strong>No cojas el coche<\/strong> si est\u00e1s <strong>cansado<\/strong> o no te encuentras bien.<\/li>\n<li>Los <strong>medicamentos<\/strong> que tomas <strong>pueden provocar somnolencia<\/strong> u otros efectos. Coge el coche en buenas condiciones y habla con tu m\u00e9dico o farmac\u00e9utico sobre los efectos que pueden tener en la conducci\u00f3n tus medicamentos.<\/li>\n<li><strong>Cambia la manera de conducir.<\/strong> Piensa que tienes menos reflejos y que te cansas antes. <strong>Descansa cada 90 minutos un m\u00ednimo de 10 minutos<\/strong>.<\/li>\n<li><strong>Circula con seguridad<\/strong> y en estado de alerta para anticiparte al peligro.<\/li>\n<li>Ad\u00e1ptate a tus limitaciones f\u00edsicas o ps\u00edquicas <strong>utilizando tambi\u00e9n otras medios de transporte<\/strong>.<\/li>\n<\/ul>\n<\/div><div class=\"fusion-clearfix\"><\/div><\/div><\/div><\/div><\/div><div class=\"fusion-fullwidth fullwidth-box fusion-builder-row-2 nonhundred-percent-fullwidth non-hundred-percent-height-scrolling titulos_interiores\" style=\"--awb-border-radius-top-left:0px;--awb-border-radius-top-right:0px;--awb-border-radius-bottom-right:0px;--awb-border-radius-bottom-left:0px;--awb-flex-wrap:wrap;\" ><div class=\"fusion-builder-row fusion-row\"><div class=\"fusion-layout-column fusion_builder_column fusion-builder-column-1 fusion_builder_column_1_1 1_1 fusion-one-full fusion-column-first fusion-column-last\" style=\"--awb-bg-size:cover;\"><div class=\"fusion-column-wrapper fusion-flex-column-wrapper-legacy\"><div class=\"fusion-text fusion-text-3\"><h4><strong>Peatones<\/strong><\/h4>\n<\/div><div class=\"fusion-image-element in-legacy-container\" style=\"--awb-caption-title-font-family:var(--h2_typography-font-family);--awb-caption-title-font-weight:var(--h2_typography-font-weight);--awb-caption-title-font-style:var(--h2_typography-font-style);--awb-caption-title-size:var(--h2_typography-font-size);--awb-caption-title-transform:var(--h2_typography-text-transform);--awb-caption-title-line-height:var(--h2_typography-line-height);--awb-caption-title-letter-spacing:var(--h2_typography-letter-spacing);\"><span class=\" fusion-imageframe imageframe-none imageframe-2 hover-type-none\"><img decoding=\"async\" width=\"696\" height=\"464\" alt=\"Seguretat al carrer\" title=\"Seguretat al carrer\" src=\"https:\/\/firagran.com\/wp-content\/uploads\/segur_carrer_vianant.jpg\" class=\"img-responsive wp-image-1934\" srcset=\"https:\/\/firagran.com\/wp-content\/uploads\/segur_carrer_vianant-200x133.jpg 200w, https:\/\/firagran.com\/wp-content\/uploads\/segur_carrer_vianant-400x267.jpg 400w, https:\/\/firagran.com\/wp-content\/uploads\/segur_carrer_vianant-600x400.jpg 600w, https:\/\/firagran.com\/wp-content\/uploads\/segur_carrer_vianant.jpg 696w\" sizes=\"(max-width: 1080px) 100vw, 696px\" \/><\/span><\/div><div class=\"fusion-text fusion-text-4\"><ul>\n<li><strong>Cruza la calle por el paso de peatones<\/strong>, con el sem\u00e1foro en verde, mirando siempre a los dos lados.<\/li>\n<li><strong>Anda por la acera<\/strong> sin acercarte demasiado a la calzada.<\/li>\n<li><strong>Evita<\/strong> salir a la calle <strong>bajo los efectos de los medicamentos<\/strong>.<\/li>\n<li>Toma conciencia que <strong>envejecer puede llevar a situaciones y momentos de desorientaci\u00f3n o confusi\u00f3n<\/strong>. Cambia los h\u00e1bitos que te puedan poner en peligro.<\/li>\n<li><strong>Si andas por la noche, viste ropa clara y pasa por zonas muy iluminadas.<\/strong> Los reflectors son una buena ayuda: cuando un veh\u00edculo nos enfoca con los faros, reflejan la luz. <strong>\u201cHazte ver; no hay nada peor que pasar desapercibido\u201d.<\/strong><\/li>\n<\/ul>\n<\/div><div class=\"fusion-clearfix\"><\/div><\/div><\/div><\/div><\/div><div class=\"fusion-fullwidth fullwidth-box fusion-builder-row-3 nonhundred-percent-fullwidth non-hundred-percent-height-scrolling titulos_interiores\" style=\"--awb-border-radius-top-left:0px;--awb-border-radius-top-right:0px;--awb-border-radius-bottom-right:0px;--awb-border-radius-bottom-left:0px;--awb-flex-wrap:wrap;\" ><div class=\"fusion-builder-row fusion-row\"><div class=\"fusion-layout-column fusion_builder_column fusion-builder-column-2 fusion_builder_column_1_1 1_1 fusion-one-full fusion-column-first fusion-column-last\" style=\"--awb-bg-size:cover;\"><div class=\"fusion-column-wrapper fusion-flex-column-wrapper-legacy\"><div class=\"fusion-text fusion-text-5\"><h4><strong>Si vas a la playa<\/strong><\/h4>\n<\/div><div class=\"fusion-image-element in-legacy-container\" style=\"--awb-caption-title-font-family:var(--h2_typography-font-family);--awb-caption-title-font-weight:var(--h2_typography-font-weight);--awb-caption-title-font-style:var(--h2_typography-font-style);--awb-caption-title-size:var(--h2_typography-font-size);--awb-caption-title-transform:var(--h2_typography-text-transform);--awb-caption-title-line-height:var(--h2_typography-line-height);--awb-caption-title-letter-spacing:var(--h2_typography-letter-spacing);\"><span class=\" fusion-imageframe imageframe-none imageframe-3 hover-type-none\"><img decoding=\"async\" width=\"696\" height=\"464\" alt=\"Seguretat al carrer\" title=\"Seguretat al carrer\" src=\"https:\/\/firagran.com\/wp-content\/uploads\/segur_carrer_platja.jpg\" class=\"img-responsive wp-image-1933\" srcset=\"https:\/\/firagran.com\/wp-content\/uploads\/segur_carrer_platja-200x133.jpg 200w, https:\/\/firagran.com\/wp-content\/uploads\/segur_carrer_platja-400x267.jpg 400w, https:\/\/firagran.com\/wp-content\/uploads\/segur_carrer_platja-600x400.jpg 600w, https:\/\/firagran.com\/wp-content\/uploads\/segur_carrer_platja.jpg 696w\" sizes=\"(max-width: 1080px) 100vw, 696px\" \/><\/span><\/div><div class=\"fusion-text fusion-text-6\"><ul>\n<li><strong>No entres al agua bruscamente<\/strong>. Espera dos horas despu\u00e9s de comer. No consumas bebidas alcoh\u00f3licas antes de entrar al agua o mientras est\u00e9s adentro.<\/li>\n<li><strong>Evita estar demasiado rato al sol<\/strong>. Extrema la precauci\u00f3n entre las 11h y las 16h.<\/li>\n<li><strong>No te tires de cabeza al agua si no sabes<\/strong>\u00a0la profundidad o si hay rocas.<\/li>\n<li><strong>Respeta las zonas acotadas<\/strong>\u00a0para deportes n\u00e1uticos.<\/li>\n<li><strong>Si divisas a alguien con problemas<\/strong>\u00a0en el agua avisa al socorrista o\u00a0<strong>llama al 112<\/strong>. No te lances a rescatarlo si no eres experto\/a en rescate acu\u00e1tico.<\/li>\n<li><strong>Respeta las se\u00f1ales <\/strong>que tienen todas las playas (banderas).<\/li>\n<\/ul>\n<\/div><div class=\"fusion-clearfix\"><\/div><\/div><\/div><\/div><\/div><div class=\"fusion-fullwidth fullwidth-box fusion-builder-row-4 nonhundred-percent-fullwidth non-hundred-percent-height-scrolling mas_info\" style=\"--awb-border-radius-top-left:0px;--awb-border-radius-top-right:0px;--awb-border-radius-bottom-right:0px;--awb-border-radius-bottom-left:0px;--awb-flex-wrap:wrap;\" ><div class=\"fusion-builder-row fusion-row\"><div class=\"fusion-layout-column fusion_builder_column fusion-builder-column-3 fusion_builder_column_1_1 1_1 fusion-one-full fusion-column-first fusion-column-last\" style=\"--awb-bg-size:cover;\"><div class=\"fusion-column-wrapper fusion-flex-column-wrapper-legacy\"><div class=\"fusion-text fusion-text-7\"><h5>M\u00e1s informaci\u00f3n:<\/h5>\n<\/div><div class=\"fusion-sep-clear\"><\/div><div class=\"fusion-separator fusion-clearfix\" style=\"float:left;width:100%;max-width:20px;\"><\/div><div class=\"fusion-sep-clear\"><\/div><div class=\"fusion-clearfix\"><\/div><\/div><\/div><div class=\"fusion-layout-column fusion_builder_column fusion-builder-column-4 fusion_builder_column_1_4 1_4 fusion-one-fourth fusion-column-first\" style=\"--awb-bg-size:cover;width:25%;width:calc(25% - ( ( 4% ) * 0.25 ) );margin-right: 4%;\"><div class=\"fusion-column-wrapper fusion-flex-column-wrapper-legacy\"><div class=\"fusion-image-element in-legacy-container\" style=\"--awb-caption-title-font-family:var(--h2_typography-font-family);--awb-caption-title-font-weight:var(--h2_typography-font-weight);--awb-caption-title-font-style:var(--h2_typography-font-style);--awb-caption-title-size:var(--h2_typography-font-size);--awb-caption-title-transform:var(--h2_typography-text-transform);--awb-caption-title-line-height:var(--h2_typography-line-height);--awb-caption-title-letter-spacing:var(--h2_typography-letter-spacing);\"><span class=\" fusion-imageframe imageframe-none imageframe-4 hover-type-none\"><img decoding=\"async\" width=\"150\" height=\"150\" title=\"112 Emerg\u00e8ncies\" src=\"https:\/\/firagran.com\/wp-content\/uploads\/150x150_112.png\" alt class=\"img-responsive wp-image-1926\" srcset=\"https:\/\/firagran.com\/wp-content\/uploads\/150x150_112-66x66.png 66w, https:\/\/firagran.com\/wp-content\/uploads\/150x150_112.png 150w\" sizes=\"(max-width: 150px) 100vw, 150px\" \/><\/span><\/div><div class=\"fusion-clearfix\"><\/div><\/div><\/div><div class=\"fusion-layout-column fusion_builder_column fusion-builder-column-5 fusion_builder_column_3_4 3_4 fusion-three-fourth fusion-column-last\" style=\"--awb-bg-size:cover;width:75%;width:calc(75% - ( ( 4% ) * 0.75 ) );\"><div class=\"fusion-column-wrapper fusion-flex-column-wrapper-legacy\"><div class=\"fusion-text fusion-text-8\"><p><strong>El \u00fanico tel\u00e9fono de emergencias es el 112<\/strong><\/p>\n<p>Si tienes m\u00f3vil, identifica\u00a0una persona a qui\u00e9n llamar en caso de emergencia,\u00a0con el nombre \u201cSOS\u201d o \u201cEmergencia\u201d. De este modo, en caso de accidente, los servicios de emergencia que te atiendan sabr\u00e1n a qu\u00e9 n\u00famero de los contactos del m\u00f3vil hay que llamar.<\/p>\n<\/div><div class=\"fusion-clearfix\"><\/div><\/div><\/div><\/div><\/div><div class=\"fusion-fullwidth fullwidth-box fusion-builder-row-5 nonhundred-percent-fullwidth non-hundred-percent-height-scrolling caja_enlaces\" style=\"--awb-border-radius-top-left:0px;--awb-border-radius-top-right:0px;--awb-border-radius-bottom-right:0px;--awb-border-radius-bottom-left:0px;--awb-flex-wrap:wrap;\" ><div class=\"fusion-builder-row fusion-row\"><div class=\"fusion-layout-column fusion_builder_column fusion-builder-column-6 fusion_builder_column_1_1 1_1 fusion-one-full fusion-column-first fusion-column-last\" style=\"--awb-bg-size:cover;\"><div class=\"fusion-column-wrapper fusion-flex-column-wrapper-legacy\"><div class=\"fusion-text fusion-text-9\"><h5>Enlaces de inter\u00e9s:<\/h5>\n<\/div><div class=\"fusion-sep-clear\"><\/div><div class=\"fusion-separator fusion-clearfix\" style=\"float:left;width:100%;max-width:20px;\"><\/div><div class=\"fusion-sep-clear\"><\/div><div class=\"fusion-text fusion-text-10\"><ul>\n<li><a href=\"http:\/\/interior.gencat.cat\/ca\/arees_dactuacio\/seguretat\/seguretat_per_a_la_gent_gran\/\" target=\"_blank\" rel=\"noopener noreferrer\">Seguridad para las personas mayores<\/a><\/li>\n<li><a href=\"http:\/\/interior.gencat.cat\/ca\/arees_dactuacio\/seguretat\/seguretat_per_a_la_gent_gran\/mobilitat_segura\/\" target=\"_blank\" rel=\"noopener noreferrer\">Consejos de mobilidad segura<\/a><\/li>\n<li><a href=\"http:\/\/ajuntament.barcelona.cat\/guardiaurbana\/es\/campanyes_gent.html\" target=\"_blank\" rel=\"noopener noreferrer\">Prevenci\u00f3n de accidentes de tr\u00e1fico<\/a><\/li>\n<\/ul>\n<\/div><div class=\"fusion-clearfix\"><\/div><\/div><\/div><\/div><\/div><div class=\"fusion-fullwidth fullwidth-box fusion-builder-row-6 nonhundred-percent-fullwidth non-hundred-percent-height-scrolling\" style=\"--awb-border-radius-top-left:0px;--awb-border-radius-top-right:0px;--awb-border-radius-bottom-right:0px;--awb-border-radius-bottom-left:0px;--awb-flex-wrap:wrap;\" ><div class=\"fusion-builder-row fusion-row\"><div class=\"fusion-layout-column fusion_builder_column fusion-builder-column-7 fusion_builder_column_1_2 1_2 fusion-one-half fusion-column-first\" style=\"--awb-bg-size:cover;width:50%;width:calc(50% - ( ( 4% ) * 0.5 ) );margin-right: 4%;\"><div class=\"fusion-column-wrapper fusion-flex-column-wrapper-legacy\"><div class=\"fusion-button-wrapper fusion-alignleft\"><a class=\"fusion-button button-flat fusion-button-default-size button-default fusion-button-default button-1 fusion-button-default-span fusion-button-default-type\" target=\"_self\" href=\"https:\/\/firagran.com\/es\/consumo-y-seguridad\/consejos-de-seguridad\/seguridad-en-el-hogar\/\"><span class=\"fusion-button-icon-divider button-icon-divider-left\"><i class=\" fa fa-chevron-left awb-button__icon awb-button__icon--default\" aria-hidden=\"true\"><\/i><\/span><span class=\"fusion-button-text awb-button__text awb-button__text--default fusion-button-text-left\">Seguridad en el hogar<\/span><\/a><\/div><div class=\"fusion-clearfix\"><\/div><\/div><\/div><div class=\"fusion-layout-column fusion_builder_column fusion-builder-column-8 fusion_builder_column_1_2 1_2 fusion-one-half fusion-column-last\" style=\"--awb-bg-size:cover;width:50%;width:calc(50% - ( ( 4% ) * 0.5 ) );\"><div class=\"fusion-column-wrapper fusion-flex-column-wrapper-legacy\"><div class=\"fusion-button-wrapper fusion-alignright\"><a class=\"fusion-button button-flat fusion-button-default-size button-default fusion-button-default button-2 fusion-button-default-span fusion-button-default-type\" target=\"_self\" href=\"https:\/\/firagran.com\/es\/consumo-y-seguridad\/consejos-de-seguridad\/consejos-de-seguridad-con-el-gas\/\"><span class=\"fusion-button-text awb-button__text awb-button__text--default fusion-button-text-right\">Consejos de seguridad con el gas<\/span><span class=\"fusion-button-icon-divider button-icon-divider-right\"><i class=\" fa fa-chevron-right awb-button__icon awb-button__icon--default\" aria-hidden=\"true\"><\/i><\/span><\/a><\/div><div class=\"fusion-clearfix\"><\/div><\/div><\/div><\/div><\/div><\/p>\n","protected":false},"excerpt":{"rendered":"","protected":false},"author":1,"featured_media":0,"parent":2688,"menu_order":0,"comment_status":"closed","ping_status":"closed","template":"","meta":{"footnotes":""},"class_list":["post-2697","page","type-page","status-publish","hentry"],"_links":{"self":[{"href":"https:\/\/firagran.com\/es\/wp-json\/wp\/v2\/pages\/2697","targetHints":{"allow":["GET"]}}],"collection":[{"href":"https:\/\/firagran.com\/es\/wp-json\/wp\/v2\/pages"}],"about":[{"href":"https:\/\/firagran.com\/es\/wp-json\/wp\/v2\/types\/page"}],"author":[{"embeddable":true,"href":"https:\/\/firagran.com\/es\/wp-json\/wp\/v2\/users\/1"}],"replies":[{"embeddable":true,"href":"https:\/\/firagran.com\/es\/wp-json\/wp\/v2\/comments?post=2697"}],"version-history":[{"count":3,"href":"https:\/\/firagran.com\/es\/wp-json\/wp\/v2\/pages\/2697\/revisions"}],"predecessor-version":[{"id":2716,"href":"https:\/\/firagran.com\/es\/wp-json\/wp\/v2\/pages\/2697\/revisions\/2716"}],"up":[{"embeddable":true,"href":"https:\/\/firagran.com\/es\/wp-json\/wp\/v2\/pages\/2688"}],"wp:attachment":[{"href":"https:\/\/firagran.com\/es\/wp-json\/wp\/v2\/media?parent=2697"}],"curies":[{"name":"wp","href":"https:\/\/api.w.org\/{rel}","templated":true}]}}