{"id":2719,"date":"2017-03-27T18:51:13","date_gmt":"2017-03-27T17:51:13","guid":{"rendered":"https:\/\/firagran.com\/dependencia\/"},"modified":"2024-02-27T18:24:34","modified_gmt":"2024-02-27T17:24:34","slug":"dependencia","status":"publish","type":"page","link":"https:\/\/firagran.com\/es\/dependencia\/","title":{"rendered":"Dependencia"},"content":{"rendered":"<div class=\"fusion-fullwidth fullwidth-box fusion-builder-row-1 nonhundred-percent-fullwidth non-hundred-percent-height-scrolling fusion-equal-height-columns\" style=\"--awb-border-radius-top-left:0px;--awb-border-radius-top-right:0px;--awb-border-radius-bottom-right:0px;--awb-border-radius-bottom-left:0px;--awb-flex-wrap:wrap;\" ><div class=\"fusion-builder-row fusion-row\"><div class=\"fusion-layout-column fusion_builder_column fusion-builder-column-0 fusion_builder_column_1_2 1_2 fusion-one-half fusion-column-first fusion-column-inner-bg-wrapper fusion-column-liftup-border caja_secciones\" style=\"--awb-inner-bg-size:cover;width:50%;width:calc(50% - ( ( 4% ) * 0.5 ) );margin-right: 4%;\"><span class=\"fusion-column-inner-bg hover-type-liftup\"><a class=\"fusion-column-anchor\" href=\"https:\/\/firagran.com\/es\/dependencia\/residencias-centros-de-dia-y-viviendas-tuteladas\/\"><span class=\"fusion-column-inner-bg-image\"><\/span><\/a><\/span><div class=\"fusion-column-wrapper fusion-flex-column-wrapper-legacy\"><div class=\"fusion-image-element in-legacy-container\" style=\"--awb-caption-title-font-family:var(--h2_typography-font-family);--awb-caption-title-font-weight:var(--h2_typography-font-weight);--awb-caption-title-font-style:var(--h2_typography-font-style);--awb-caption-title-size:var(--h2_typography-font-size);--awb-caption-title-transform:var(--h2_typography-text-transform);--awb-caption-title-line-height:var(--h2_typography-line-height);--awb-caption-title-letter-spacing:var(--h2_typography-letter-spacing);\"><span class=\" fusion-imageframe imageframe-none imageframe-1 hover-type-zoomin\"><img decoding=\"async\" width=\"696\" height=\"464\" alt=\"Resid\u00e8ncies, centres de dia i habitatges tutelats\" title=\"Resid\u00e8ncies, centres de dia i habitatges tutelats\" src=\"https:\/\/firagran.com\/wp-content\/uploads\/residencies.jpg\" class=\"img-responsive wp-image-1987\" srcset=\"https:\/\/firagran.com\/wp-content\/uploads\/residencies-200x133.jpg 200w, https:\/\/firagran.com\/wp-content\/uploads\/residencies-400x267.jpg 400w, https:\/\/firagran.com\/wp-content\/uploads\/residencies-600x400.jpg 600w, https:\/\/firagran.com\/wp-content\/uploads\/residencies.jpg 696w\" sizes=\"(max-width: 1080px) 100vw, 600px\" \/><\/span><\/div><div class=\"fusion-text fusion-text-1\"><h3>Resid\u00e8ncies, centres de dia i habitatges tutelats<\/h3>\n<p>Actualment hi ha moltes opcions i centres especialitzats dedicats a aquelles persones grans que veuen limitada la seva autonomia per dur a terme les activitats b\u00e0siques de la vida di\u00e0ria.<\/p>\n<\/div><div class=\"fusion-clearfix\"><\/div><\/div><\/div><div class=\"fusion-layout-column fusion_builder_column fusion-builder-column-1 fusion_builder_column_1_2 1_2 fusion-one-half fusion-column-last fusion-column-inner-bg-wrapper fusion-column-liftup-border caja_secciones\" style=\"--awb-inner-bg-size:cover;width:50%;width:calc(50% - ( ( 4% ) * 0.5 ) );\"><span class=\"fusion-column-inner-bg hover-type-liftup\"><a class=\"fusion-column-anchor\" href=\"https:\/\/firagran.com\/es\/dependencia\/servicios-de-atencion-domiciliaria\/\"><span class=\"fusion-column-inner-bg-image\"><\/span><\/a><\/span><div class=\"fusion-column-wrapper fusion-flex-column-wrapper-legacy\"><div class=\"fusion-image-element in-legacy-container\" style=\"--awb-caption-title-font-family:var(--h2_typography-font-family);--awb-caption-title-font-weight:var(--h2_typography-font-weight);--awb-caption-title-font-style:var(--h2_typography-font-style);--awb-caption-title-size:var(--h2_typography-font-size);--awb-caption-title-transform:var(--h2_typography-text-transform);--awb-caption-title-line-height:var(--h2_typography-line-height);--awb-caption-title-letter-spacing:var(--h2_typography-letter-spacing);\"><span class=\" fusion-imageframe imageframe-none imageframe-2 hover-type-zoomin\"><img decoding=\"async\" width=\"696\" height=\"464\" alt=\"Serveis d\u2019Atenci\u00f3 Domicili\u00e0ria\" title=\"Serveis d\u2019Atenci\u00f3 Domicili\u00e0ria\" src=\"https:\/\/firagran.com\/wp-content\/uploads\/servei_atencio_domiciliairia.jpg\" class=\"img-responsive wp-image-1988\" srcset=\"https:\/\/firagran.com\/wp-content\/uploads\/servei_atencio_domiciliairia-200x133.jpg 200w, https:\/\/firagran.com\/wp-content\/uploads\/servei_atencio_domiciliairia-400x267.jpg 400w, https:\/\/firagran.com\/wp-content\/uploads\/servei_atencio_domiciliairia-600x400.jpg 600w, https:\/\/firagran.com\/wp-content\/uploads\/servei_atencio_domiciliairia.jpg 696w\" sizes=\"(max-width: 1080px) 100vw, 600px\" \/><\/span><\/div><div class=\"fusion-text fusion-text-2\"><h3>Serveis d\u2019atenci\u00f3 domicili\u00e0ria<\/h3>\n<p>L\u2019objectiu principal dels serveis a domicili \u00e9s la realitzaci\u00f3 de les activitats quotidianes per persones dependents: higiene personal, anar a comprar o l\u2019organitzaci\u00f3 dels \u00e0pats.<\/p>\n<\/div><div class=\"fusion-clearfix\"><\/div><\/div><\/div><div class=\"fusion-layout-column fusion_builder_column fusion-builder-column-2 fusion_builder_column_1_2 1_2 fusion-one-half fusion-column-first fusion-column-inner-bg-wrapper fusion-column-liftup-border caja_secciones\" style=\"--awb-inner-bg-size:cover;width:50%;width:calc(50% - ( ( 4% ) * 0.5 ) );margin-right: 4%;\"><span class=\"fusion-column-inner-bg hover-type-liftup\"><a class=\"fusion-column-anchor\" href=\"https:\/\/firagran.com\/es\/dependencia\/servicio-de-teleasistencia-domiciliaria\/\"><span class=\"fusion-column-inner-bg-image\"><\/span><\/a><\/span><div class=\"fusion-column-wrapper fusion-flex-column-wrapper-legacy\"><div class=\"fusion-image-element in-legacy-container\" style=\"--awb-caption-title-font-family:var(--h2_typography-font-family);--awb-caption-title-font-weight:var(--h2_typography-font-weight);--awb-caption-title-font-style:var(--h2_typography-font-style);--awb-caption-title-size:var(--h2_typography-font-size);--awb-caption-title-transform:var(--h2_typography-text-transform);--awb-caption-title-line-height:var(--h2_typography-line-height);--awb-caption-title-letter-spacing:var(--h2_typography-letter-spacing);\"><span class=\" fusion-imageframe imageframe-none imageframe-3 hover-type-zoomin\"><img decoding=\"async\" width=\"696\" height=\"464\" alt=\"Servei de Teleassist\u00e8ncia Domicili\u00e0ria\" title=\"teleasistencia\" src=\"https:\/\/firagran.com\/wp-content\/uploads\/teleasistencia.jpg\" class=\"img-responsive wp-image-1989\" srcset=\"https:\/\/firagran.com\/wp-content\/uploads\/teleasistencia-200x133.jpg 200w, https:\/\/firagran.com\/wp-content\/uploads\/teleasistencia-400x267.jpg 400w, https:\/\/firagran.com\/wp-content\/uploads\/teleasistencia-600x400.jpg 600w, https:\/\/firagran.com\/wp-content\/uploads\/teleasistencia.jpg 696w\" sizes=\"(max-width: 1080px) 100vw, 600px\" \/><\/span><\/div><div class=\"fusion-text fusion-text-3\"><h3>Servei de teleassist\u00e8ncia domicili\u00e0ria<\/h3>\n<p>El sistema permet comunicar-se amb el Centre d&#8217;Atenci\u00f3 de Teleassist\u00e8ncia sense necessitat de despenjar cap tel\u00e8fon ni marcar cap n\u00famero. Nom\u00e9s s\u2019ha de pr\u00e9mer un bot\u00f3!<\/p>\n<\/div><div class=\"fusion-clearfix\"><\/div><\/div><\/div><div class=\"fusion-layout-column fusion_builder_column fusion-builder-column-3 fusion_builder_column_1_2 1_2 fusion-one-half fusion-column-last fusion-column-inner-bg-wrapper fusion-column-liftup-border caja_secciones\" style=\"--awb-inner-bg-size:cover;width:50%;width:calc(50% - ( ( 4% ) * 0.5 ) );\"><span class=\"fusion-column-inner-bg hover-type-liftup\"><a class=\"fusion-column-anchor\" href=\"https:\/\/firagran.com\/es\/dependencia\/ayudas-tecnicas\/\"><span class=\"fusion-column-inner-bg-image\"><\/span><\/a><\/span><div class=\"fusion-column-wrapper fusion-flex-column-wrapper-legacy\"><div class=\"fusion-image-element in-legacy-container\" style=\"--awb-caption-title-font-family:var(--h2_typography-font-family);--awb-caption-title-font-weight:var(--h2_typography-font-weight);--awb-caption-title-font-style:var(--h2_typography-font-style);--awb-caption-title-size:var(--h2_typography-font-size);--awb-caption-title-transform:var(--h2_typography-text-transform);--awb-caption-title-line-height:var(--h2_typography-line-height);--awb-caption-title-letter-spacing:var(--h2_typography-letter-spacing);\"><span class=\" fusion-imageframe imageframe-none imageframe-4 hover-type-zoomin\"><img decoding=\"async\" width=\"696\" height=\"464\" alt=\"Ajudes t\u00e8cniques\" title=\"Ajudes t\u00e8cniques\" src=\"https:\/\/firagran.com\/wp-content\/uploads\/caminador.jpg\" class=\"img-responsive wp-image-1986\" srcset=\"https:\/\/firagran.com\/wp-content\/uploads\/caminador-200x133.jpg 200w, https:\/\/firagran.com\/wp-content\/uploads\/caminador-400x267.jpg 400w, https:\/\/firagran.com\/wp-content\/uploads\/caminador-600x400.jpg 600w, https:\/\/firagran.com\/wp-content\/uploads\/caminador.jpg 696w\" sizes=\"(max-width: 1080px) 100vw, 600px\" \/><\/span><\/div><div class=\"fusion-text fusion-text-4\"><h3>Ajudes t\u00e8cniques<\/h3>\n<p>Les ajudes t\u00e8cniques inclouen aquells productes i tecnologies que representen una ajuda a les persones grans amb alguna limitaci\u00f3 f\u00edsica.<\/p>\n<\/div><div class=\"fusion-clearfix\"><\/div><\/div><\/div><div class=\"fusion-layout-column fusion_builder_column fusion-builder-column-4 fusion_builder_column_1_2 1_2 fusion-one-half fusion-column-first fusion-column-inner-bg-wrapper fusion-column-liftup-border caja_secciones\" style=\"--awb-inner-bg-size:cover;width:50%;width:calc(50% - ( ( 4% ) * 0.5 ) );margin-right: 4%;\"><span class=\"fusion-column-inner-bg hover-type-liftup\"><a class=\"fusion-column-anchor\" href=\"https:\/\/firagran.com\/es\/dependencia\/servicios-y-ayudas-publicas\/\"><span class=\"fusion-column-inner-bg-image\"><\/span><\/a><\/span><div class=\"fusion-column-wrapper fusion-flex-column-wrapper-legacy\"><div class=\"fusion-image-element in-legacy-container\" style=\"--awb-caption-title-font-family:var(--h2_typography-font-family);--awb-caption-title-font-weight:var(--h2_typography-font-weight);--awb-caption-title-font-style:var(--h2_typography-font-style);--awb-caption-title-size:var(--h2_typography-font-size);--awb-caption-title-transform:var(--h2_typography-text-transform);--awb-caption-title-line-height:var(--h2_typography-line-height);--awb-caption-title-letter-spacing:var(--h2_typography-letter-spacing);\"><span class=\" fusion-imageframe imageframe-none imageframe-5 hover-type-zoomin\"><img decoding=\"async\" width=\"696\" height=\"464\" alt=\"Serveis i ajudes p\u00fabliques\" title=\"Serveis i ajudes p\u00fabliques\" src=\"https:\/\/firagran.com\/wp-content\/uploads\/ajuts_publics.jpg\" class=\"img-responsive wp-image-1981\" srcset=\"https:\/\/firagran.com\/wp-content\/uploads\/ajuts_publics-200x133.jpg 200w, https:\/\/firagran.com\/wp-content\/uploads\/ajuts_publics-400x267.jpg 400w, https:\/\/firagran.com\/wp-content\/uploads\/ajuts_publics-600x400.jpg 600w, https:\/\/firagran.com\/wp-content\/uploads\/ajuts_publics.jpg 696w\" sizes=\"(max-width: 1080px) 100vw, 600px\" \/><\/span><\/div><div class=\"fusion-text fusion-text-5\"><h3>Serveis i ajudes p\u00fabliques<\/h3>\n<p>Diverses administracions p\u00fabliques ofereixen un ampli ventall de serveis i ajudes per cobrir, garantir i satisfer les noves necessitats d\u2019aquest col\u00b7lectiu.<\/p>\n<\/div><div class=\"fusion-clearfix\"><\/div><\/div><\/div><div class=\"fusion-layout-column fusion_builder_column fusion-builder-column-5 fusion_builder_column_1_2 1_2 fusion-one-half fusion-column-last fusion-column-inner-bg-wrapper fusion-column-liftup-border caja_secciones\" style=\"--awb-inner-bg-size:cover;width:50%;width:calc(50% - ( ( 4% ) * 0.5 ) );\"><span class=\"fusion-column-inner-bg hover-type-liftup\"><a class=\"fusion-column-anchor\" href=\"https:\/\/firagran.com\/es\/dependencia\/centres-de-respir-residencial\/\"><span class=\"fusion-column-inner-bg-image\"><\/span><\/a><\/span><div class=\"fusion-column-wrapper fusion-flex-column-wrapper-legacy\"><div class=\"fusion-image-element in-legacy-container\" style=\"--awb-caption-title-font-family:var(--h2_typography-font-family);--awb-caption-title-font-weight:var(--h2_typography-font-weight);--awb-caption-title-font-style:var(--h2_typography-font-style);--awb-caption-title-size:var(--h2_typography-font-size);--awb-caption-title-transform:var(--h2_typography-text-transform);--awb-caption-title-line-height:var(--h2_typography-line-height);--awb-caption-title-letter-spacing:var(--h2_typography-letter-spacing);\"><span class=\" fusion-imageframe imageframe-none imageframe-6 hover-type-zoomin\"><img decoding=\"async\" width=\"696\" height=\"464\" title=\"programa_respir\" src=\"https:\/\/firagran.com\/wp-content\/uploads\/programa_respir.jpg\" alt class=\"img-responsive wp-image-3390\" srcset=\"https:\/\/firagran.com\/wp-content\/uploads\/programa_respir-200x133.jpg 200w, https:\/\/firagran.com\/wp-content\/uploads\/programa_respir-400x267.jpg 400w, https:\/\/firagran.com\/wp-content\/uploads\/programa_respir-600x400.jpg 600w, https:\/\/firagran.com\/wp-content\/uploads\/programa_respir.jpg 696w\" sizes=\"(max-width: 1080px) 100vw, 600px\" \/><\/span><\/div><div class=\"fusion-text fusion-text-6\"><h3>Serveis residencials d\u2019estades temporals i Respir.<\/h3>\n<p>Programa d&#8217;atenci\u00f3 residencial temporal per a persones amb un determinat grau de depend\u00e8ncia per raons d&#8217;edat i\/o discapacitat.<\/p>\n<\/div><div class=\"fusion-clearfix\"><\/div><\/div><\/div><\/div><\/div>\n","protected":false},"excerpt":{"rendered":"","protected":false},"author":1,"featured_media":0,"parent":0,"menu_order":0,"comment_status":"closed","ping_status":"closed","template":"","meta":{"footnotes":""},"class_list":["post-2719","page","type-page","status-publish","hentry"],"_links":{"self":[{"href":"https:\/\/firagran.com\/es\/wp-json\/wp\/v2\/pages\/2719","targetHints":{"allow":["GET"]}}],"collection":[{"href":"https:\/\/firagran.com\/es\/wp-json\/wp\/v2\/pages"}],"about":[{"href":"https:\/\/firagran.com\/es\/wp-json\/wp\/v2\/types\/page"}],"author":[{"embeddable":true,"href":"https:\/\/firagran.com\/es\/wp-json\/wp\/v2\/users\/1"}],"replies":[{"embeddable":true,"href":"https:\/\/firagran.com\/es\/wp-json\/wp\/v2\/comments?post=2719"}],"version-history":[{"count":5,"href":"https:\/\/firagran.com\/es\/wp-json\/wp\/v2\/pages\/2719\/revisions"}],"predecessor-version":[{"id":15944,"href":"https:\/\/firagran.com\/es\/wp-json\/wp\/v2\/pages\/2719\/revisions\/15944"}],"wp:attachment":[{"href":"https:\/\/firagran.com\/es\/wp-json\/wp\/v2\/media?parent=2719"}],"curies":[{"name":"wp","href":"https:\/\/api.w.org\/{rel}","templated":true}]}}