{"id":2729,"date":"2017-03-29T18:56:14","date_gmt":"2017-03-29T17:56:14","guid":{"rendered":"https:\/\/firagran.com\/dependencia\/servei-de-teleassistencia-domiciliaria\/"},"modified":"2017-04-26T17:10:39","modified_gmt":"2017-04-26T16:10:39","slug":"servicio-de-teleasistencia-domiciliaria","status":"publish","type":"page","link":"https:\/\/firagran.com\/es\/dependencia\/servicio-de-teleasistencia-domiciliaria\/","title":{"rendered":"Servicio de Teleasistencia Domiciliaria"},"content":{"rendered":"<p><div class=\"fusion-fullwidth fullwidth-box fusion-builder-row-1 nonhundred-percent-fullwidth non-hundred-percent-height-scrolling\" style=\"--awb-border-radius-top-left:0px;--awb-border-radius-top-right:0px;--awb-border-radius-bottom-right:0px;--awb-border-radius-bottom-left:0px;--awb-flex-wrap:wrap;\" ><div class=\"fusion-builder-row fusion-row\"><div class=\"fusion-layout-column fusion_builder_column fusion-builder-column-0 fusion_builder_column_1_1 1_1 fusion-one-full fusion-column-first fusion-column-last\" style=\"--awb-bg-size:cover;\"><div class=\"fusion-column-wrapper fusion-flex-column-wrapper-legacy\"><div class=\"accordian fusion-accordian\" style=\"--awb-border-size:2px;--awb-icon-size:13px;--awb-content-font-size:15px;--awb-icon-alignment:left;--awb-hover-color:#ffffff;--awb-border-color:#cccccc;--awb-background-color:#ffffff;--awb-divider-color:#e0dede;--awb-divider-hover-color:#e0dede;--awb-icon-color:#ffffff;--awb-title-color:#088a78;--awb-content-color:#333333;--awb-icon-box-color:#333333;--awb-toggle-hover-accent-color:#088a78;--awb-title-font-family:&quot;Roboto&quot;;--awb-title-font-weight:400;--awb-title-font-style:normal;--awb-title-font-size:22px;--awb-content-font-family:Arial, Helvetica, sans-serif;--awb-content-font-style:normal;--awb-content-font-weight:400;\"><div class=\"panel-group fusion-toggle-icon-boxed\" id=\"accordion-2729-1\"><div class=\"fusion-panel panel-default panel-e7d1803671f6c8430 fusion-toggle-no-divider fusion-toggle-boxed-mode\"><div class=\"panel-heading\"><h4 class=\"panel-title toggle\" id=\"toggle_e7d1803671f6c8430\"><a aria-expanded=\"false\" aria-controls=\"e7d1803671f6c8430\" role=\"button\" data-toggle=\"collapse\" data-parent=\"#accordion-2729-1\" data-target=\"#e7d1803671f6c8430\" href=\"#e7d1803671f6c8430\"><span class=\"fusion-toggle-icon-wrapper\" aria-hidden=\"true\"><i class=\"fa-fusion-box active-icon awb-icon-minus\" aria-hidden=\"true\"><\/i><i class=\"fa-fusion-box inactive-icon awb-icon-plus\" aria-hidden=\"true\"><\/i><\/span><span class=\"fusion-toggle-heading\">\u00bfQu\u00e9 es?<\/span><\/a><\/h4><\/div><div id=\"e7d1803671f6c8430\" class=\"panel-collapse collapse \" aria-labelledby=\"toggle_e7d1803671f6c8430\"><div class=\"panel-body toggle-content fusion-clearfix\">Es un servicio que ofrece atenci\u00f3n permanente a distancia y asegura una respuesta r\u00e1pida ante cualquier situaci\u00f3n de urgencia con la que se pueda encontrar la persona en su domicilio: ca\u00eddas, problemas de salud que requieren la intervenci\u00f3n de los servicios de emergencias, entre otros.<\/p>\n<p>Tambi\u00e9n se ofrecen otras atenciones como el servicio de agenda o la atenci\u00f3n especial en casos de temperaturas extremas.<\/p>\n<p><strong>Este servicio tiene dos modalidades:<\/strong><\/p>\n<ul class=\"td-arrow-list\">\n<li><strong>El servicio b\u00e1sico: <\/strong> la persona usuaria avisa cuando no se encuentra bien.<\/li>\n<li><strong>El servicio ampliado:<\/strong>la persona usuaria tiene que avisar por la ma\u00f1ana y por la noche; en caso de no hacerlo salta la alarma.<\/li>\n<\/ul>\n<\/div><\/div><\/div><div class=\"fusion-panel panel-default panel-4511cc4d594436adb fusion-toggle-no-divider fusion-toggle-boxed-mode\"><div class=\"panel-heading\"><h4 class=\"panel-title toggle\" id=\"toggle_4511cc4d594436adb\"><a aria-expanded=\"false\" aria-controls=\"4511cc4d594436adb\" role=\"button\" data-toggle=\"collapse\" data-parent=\"#accordion-2729-1\" data-target=\"#4511cc4d594436adb\" href=\"#4511cc4d594436adb\"><span class=\"fusion-toggle-icon-wrapper\" aria-hidden=\"true\"><i class=\"fa-fusion-box active-icon awb-icon-minus\" aria-hidden=\"true\"><\/i><i class=\"fa-fusion-box inactive-icon awb-icon-plus\" aria-hidden=\"true\"><\/i><\/span><span class=\"fusion-toggle-heading\">\u00bfA qui\u00e9n se dirige?<\/span><\/a><\/h4><\/div><div id=\"4511cc4d594436adb\" class=\"panel-collapse collapse \" aria-labelledby=\"toggle_4511cc4d594436adb\"><div class=\"panel-body toggle-content fusion-clearfix\">Prioritariamente, se dirige a personas mayores, con discapacidad o con problemas de movilidad que vivan o pasen muchos ratos en soledad.<\/div><\/div><\/div><div class=\"fusion-panel panel-default panel-b9be6582d89b0399e fusion-toggle-no-divider fusion-toggle-boxed-mode\"><div class=\"panel-heading\"><h4 class=\"panel-title toggle\" id=\"toggle_b9be6582d89b0399e\"><a aria-expanded=\"false\" aria-controls=\"b9be6582d89b0399e\" role=\"button\" data-toggle=\"collapse\" data-parent=\"#accordion-2729-1\" data-target=\"#b9be6582d89b0399e\" href=\"#b9be6582d89b0399e\"><span class=\"fusion-toggle-icon-wrapper\" aria-hidden=\"true\"><i class=\"fa-fusion-box active-icon awb-icon-minus\" aria-hidden=\"true\"><\/i><i class=\"fa-fusion-box inactive-icon awb-icon-plus\" aria-hidden=\"true\"><\/i><\/span><span class=\"fusion-toggle-heading\">\u00bfC\u00f3mo funciona? <\/span><\/a><\/h4><\/div><div id=\"b9be6582d89b0399e\" class=\"panel-collapse collapse \" aria-labelledby=\"toggle_b9be6582d89b0399e\"><div class=\"panel-body toggle-content fusion-clearfix\"><strong>La persona dispone en su domicilio de un aparato conectado a la l\u00ednea telef\u00f3nica y de un colgante con un bot\u00f3n.<\/strong><\/p>\n<p>Al pulsar este bot\u00f3n se conecta de manera inmediata con el Centro de Atenci\u00f3n de Teleasistencia y se recibe la ayuda, el apoyo o la informaci\u00f3n necesaria de un equipo de profesionales cualificados. El sistema permite comunicarse con el Centro de Atenci\u00f3n sin necesidad de descolgar ni marcar ning\u00fan n\u00famero de tel\u00e9fono.<\/p>\n<p>Al disponer de un sistema de manos libres, se puede establecer contacto verbal sin necesidad de descolgar ning\u00fan tel\u00e9fono. Adem\u00e1s, pueden ba\u00f1arse y dormir con el colgante.<\/p>\n<p>Desde la central receptora, son los profesionales los encargados de atender la consulta y activar el recurso m\u00e1s adecuado a la situaci\u00f3n: localizaci\u00f3n de los familiares o personas de contacto, desplazamiento de la unidad m\u00f3vil al domicilio de la persona usuaria o activaci\u00f3n de otros servicios de urgencia (061, Bomberos, Guardia Urbana), entre otros.<\/div><\/div><\/div><div class=\"fusion-panel panel-default panel-818248e76dbf82681 fusion-toggle-no-divider fusion-toggle-boxed-mode\"><div class=\"panel-heading\"><h4 class=\"panel-title toggle\" id=\"toggle_818248e76dbf82681\"><a aria-expanded=\"false\" aria-controls=\"818248e76dbf82681\" role=\"button\" data-toggle=\"collapse\" data-parent=\"#accordion-2729-1\" data-target=\"#818248e76dbf82681\" href=\"#818248e76dbf82681\"><span class=\"fusion-toggle-icon-wrapper\" aria-hidden=\"true\"><i class=\"fa-fusion-box active-icon awb-icon-minus\" aria-hidden=\"true\"><\/i><i class=\"fa-fusion-box inactive-icon awb-icon-plus\" aria-hidden=\"true\"><\/i><\/span><span class=\"fusion-toggle-heading\">\u00bfC\u00f3mo acceder?<\/span><\/a><\/h4><\/div><div id=\"818248e76dbf82681\" class=\"panel-collapse collapse \" aria-labelledby=\"toggle_818248e76dbf82681\"><div class=\"panel-body toggle-content fusion-clearfix\">El usuario tiene que contactar con los Servicios Sociales de su Ayuntamiento, donde valorar\u00e1n la necesidad del servicio. La Cruz Roja tambi\u00e9n ofrece el servicio de teleasistencia.<\/div><\/div><\/div><div class=\"fusion-panel panel-default panel-76003894bd0d92145 fusion-toggle-no-divider fusion-toggle-boxed-mode\"><div class=\"panel-heading\"><h4 class=\"panel-title toggle\" id=\"toggle_76003894bd0d92145\"><a aria-expanded=\"false\" aria-controls=\"76003894bd0d92145\" role=\"button\" data-toggle=\"collapse\" data-parent=\"#accordion-2729-1\" data-target=\"#76003894bd0d92145\" href=\"#76003894bd0d92145\"><span class=\"fusion-toggle-icon-wrapper\" aria-hidden=\"true\"><i class=\"fa-fusion-box active-icon awb-icon-minus\" aria-hidden=\"true\"><\/i><i class=\"fa-fusion-box inactive-icon awb-icon-plus\" aria-hidden=\"true\"><\/i><\/span><span class=\"fusion-toggle-heading\">Diferencias entre telealarma y teleasistencia<\/span><\/a><\/h4><\/div><div id=\"76003894bd0d92145\" class=\"panel-collapse collapse \" aria-labelledby=\"toggle_76003894bd0d92145\"><div class=\"panel-body toggle-content fusion-clearfix\">El servicio de las tecnolog\u00edas de apoyo forma parte de una l\u00ednea de innovaci\u00f3n internacional mucho m\u00e1s amplia, llamada telemedicina. <\/p>\n<p><strong>Se trata de un sistema que permite hacer exploraciones m\u00e9dicas a distancia, a trav\u00e9s del uso de las telecomunicaciones.<\/strong><\/p>\n<h4><strong>Servicio de Telealarma<\/strong><\/h4>\n<p>se trata de una central dom\u00e9stica de alarmas conectada telef\u00f3nicamente con un centro de control. El centro dispone de recursos humanos y t\u00e9cnicos para dar respuesta inmediata a las diferentes incidencias y situaciones de emergencia que se puedan presentar.<\/p>\n<h4><strong>Servicio de teleasistencia<\/strong><\/h4>\n<p>se trata de un equipo m\u00f3vil de asistencia con conocimientos b\u00e1sicos de los servicios sociales, sanitarios, primeros auxilios y peque\u00f1os arreglos dom\u00e9sticos, que se desplaza al domicilio de la persona usuaria para dar respuesta en caso de necesidad.<\/div><\/div><\/div><div class=\"fusion-panel panel-default panel-d4a22acc165cb2951 fusion-toggle-no-divider fusion-toggle-boxed-mode\"><div class=\"panel-heading\"><h4 class=\"panel-title toggle\" id=\"toggle_d4a22acc165cb2951\"><a aria-expanded=\"false\" aria-controls=\"d4a22acc165cb2951\" role=\"button\" data-toggle=\"collapse\" data-parent=\"#accordion-2729-1\" data-target=\"#d4a22acc165cb2951\" href=\"#d4a22acc165cb2951\"><span class=\"fusion-toggle-icon-wrapper\" aria-hidden=\"true\"><i class=\"fa-fusion-box active-icon awb-icon-minus\" aria-hidden=\"true\"><\/i><i class=\"fa-fusion-box inactive-icon awb-icon-plus\" aria-hidden=\"true\"><\/i><\/span><span class=\"fusion-toggle-heading\">Objetivos del servicio: <\/span><\/a><\/h4><\/div><div id=\"d4a22acc165cb2951\" class=\"panel-collapse collapse \" aria-labelledby=\"toggle_d4a22acc165cb2951\"><div class=\"panel-body toggle-content fusion-clearfix\">\n<ul>\n<li>Contribuir a mejorar la autonom\u00eda personal.<\/li>\n<li>Favorecer la permanencia de la persona en su entorno habitual.<\/li>\n<li>Facilitar la comunicaci\u00f3n permanente con el exterior.<\/li>\n<li>Proporcionar el acceso a los servicios de la comunidad.<\/li>\n<li>Evitar o retrasar la institucionalizaci\u00f3n.<\/li>\n<li>Dar respuesta de forma inmediata en caso de emergencia.<\/li>\n<li>Dar seguridad y apoyo a la persona usuaria y a la familia.<\/li>\n<\/ul>\n<\/div><\/div><\/div><\/div><\/div><div class=\"fusion-clearfix\"><\/div><\/div><\/div><\/div><\/div><div class=\"fusion-fullwidth fullwidth-box fusion-builder-row-2 nonhundred-percent-fullwidth non-hundred-percent-height-scrolling caja_enlaces\" style=\"--awb-border-radius-top-left:0px;--awb-border-radius-top-right:0px;--awb-border-radius-bottom-right:0px;--awb-border-radius-bottom-left:0px;--awb-flex-wrap:wrap;\" ><div class=\"fusion-builder-row fusion-row\"><div class=\"fusion-layout-column fusion_builder_column fusion-builder-column-1 fusion_builder_column_1_1 1_1 fusion-one-full fusion-column-first fusion-column-last\" style=\"--awb-bg-size:cover;\"><div class=\"fusion-column-wrapper fusion-flex-column-wrapper-legacy\"><div class=\"fusion-text fusion-text-1\"><h5>Enlaces de inter\u00e9s:<\/h5>\n<\/div><div class=\"fusion-sep-clear\"><\/div><div class=\"fusion-separator fusion-clearfix\" style=\"float:left;width:100%;max-width:20px;\"><\/div><div class=\"fusion-sep-clear\"><\/div><div class=\"fusion-text fusion-text-2\"><ul>\n<li><a href=\"http:\/\/www.diba.cat\/es\/web\/benestar\/teleassistencia-mes-informacio\" target=\"_blank\" rel=\"noopener noreferrer\">Diputaci\u00f3 de Barcelona<\/a><\/li>\n<li><a href=\"https:\/\/w30.bcn.cat\/APPS\/portaltramits\/portal\/channel\/default.html?&amp;stpid=20050001171&amp;style=ciudadano\" target=\"_blank\" rel=\"noopener noreferrer\">Ajuntament de Barcelona<\/a><\/li>\n<\/ul>\n<\/div><div class=\"fusion-clearfix\"><\/div><\/div><\/div><\/div><\/div><\/p>\n","protected":false},"excerpt":{"rendered":"","protected":false},"author":1,"featured_media":1989,"parent":2719,"menu_order":0,"comment_status":"closed","ping_status":"closed","template":"","meta":{"footnotes":""},"class_list":["post-2729","page","type-page","status-publish","has-post-thumbnail","hentry"],"_links":{"self":[{"href":"https:\/\/firagran.com\/es\/wp-json\/wp\/v2\/pages\/2729","targetHints":{"allow":["GET"]}}],"collection":[{"href":"https:\/\/firagran.com\/es\/wp-json\/wp\/v2\/pages"}],"about":[{"href":"https:\/\/firagran.com\/es\/wp-json\/wp\/v2\/types\/page"}],"author":[{"embeddable":true,"href":"https:\/\/firagran.com\/es\/wp-json\/wp\/v2\/users\/1"}],"replies":[{"embeddable":true,"href":"https:\/\/firagran.com\/es\/wp-json\/wp\/v2\/comments?post=2729"}],"version-history":[{"count":2,"href":"https:\/\/firagran.com\/es\/wp-json\/wp\/v2\/pages\/2729\/revisions"}],"predecessor-version":[{"id":2734,"href":"https:\/\/firagran.com\/es\/wp-json\/wp\/v2\/pages\/2729\/revisions\/2734"}],"up":[{"embeddable":true,"href":"https:\/\/firagran.com\/es\/wp-json\/wp\/v2\/pages\/2719"}],"wp:featuredmedia":[{"embeddable":true,"href":"https:\/\/firagran.com\/es\/wp-json\/wp\/v2\/media\/1989"}],"wp:attachment":[{"href":"https:\/\/firagran.com\/es\/wp-json\/wp\/v2\/media?parent=2729"}],"curies":[{"name":"wp","href":"https:\/\/api.w.org\/{rel}","templated":true}]}}