{"id":2746,"date":"2017-03-29T19:29:49","date_gmt":"2017-03-29T18:29:49","guid":{"rendered":"https:\/\/firagran.com\/maltractament\/"},"modified":"2025-04-01T19:50:43","modified_gmt":"2025-04-01T17:50:43","slug":"maltrato","status":"publish","type":"page","link":"https:\/\/firagran.com\/es\/maltrato\/","title":{"rendered":"Maltrato"},"content":{"rendered":"<p><div class=\"fusion-fullwidth fullwidth-box fusion-builder-row-1 nonhundred-percent-fullwidth non-hundred-percent-height-scrolling\" style=\"--awb-border-radius-top-left:0px;--awb-border-radius-top-right:0px;--awb-border-radius-bottom-right:0px;--awb-border-radius-bottom-left:0px;--awb-flex-wrap:wrap;\" ><div class=\"fusion-builder-row fusion-row\"><div class=\"fusion-layout-column fusion_builder_column fusion-builder-column-0 fusion_builder_column_1_1 1_1 fusion-one-full fusion-column-first fusion-column-last\" style=\"--awb-bg-size:cover;\"><div class=\"fusion-column-wrapper fusion-flex-column-wrapper-legacy\"><div class=\"fusion-text fusion-text-1\"><blockquote>\n<h4>El silencio es una de las mayores barreras que hay que vencer: denuncia el maltrato a las personas mayores.<\/h4>\n<\/blockquote>\n<\/div><div class=\"accordian fusion-accordian\" style=\"--awb-border-size:2px;--awb-icon-size:13px;--awb-content-font-size:15px;--awb-icon-alignment:left;--awb-hover-color:#ffffff;--awb-border-color:#cccccc;--awb-background-color:#ffffff;--awb-divider-color:#e0dede;--awb-divider-hover-color:#e0dede;--awb-icon-color:#ffffff;--awb-title-color:#088a78;--awb-content-color:#333333;--awb-icon-box-color:#333333;--awb-toggle-hover-accent-color:#088a78;--awb-title-font-family:&quot;Roboto&quot;;--awb-title-font-weight:400;--awb-title-font-style:normal;--awb-title-font-size:22px;--awb-content-font-family:Arial, Helvetica, sans-serif;--awb-content-font-style:normal;--awb-content-font-weight:400;\"><div class=\"panel-group fusion-toggle-icon-boxed\" id=\"accordion-2746-1\"><div class=\"fusion-panel panel-default panel-07e2ae8d6b94e2c1c fusion-toggle-no-divider fusion-toggle-boxed-mode\"><div class=\"panel-heading\"><h4 class=\"panel-title toggle\" id=\"toggle_07e2ae8d6b94e2c1c\"><a aria-expanded=\"false\" aria-controls=\"07e2ae8d6b94e2c1c\" role=\"button\" data-toggle=\"collapse\" data-parent=\"#accordion-2746-1\" data-target=\"#07e2ae8d6b94e2c1c\" href=\"#07e2ae8d6b94e2c1c\"><span class=\"fusion-toggle-icon-wrapper\" aria-hidden=\"true\"><i class=\"fa-fusion-box active-icon awb-icon-minus\" aria-hidden=\"true\"><\/i><i class=\"fa-fusion-box inactive-icon awb-icon-plus\" aria-hidden=\"true\"><\/i><\/span><span class=\"fusion-toggle-heading\">\u00bfNecesito ayuda?<\/span><\/a><\/h4><\/div><div id=\"07e2ae8d6b94e2c1c\" class=\"panel-collapse collapse \" aria-labelledby=\"toggle_07e2ae8d6b94e2c1c\"><div class=\"panel-body toggle-content fusion-clearfix\"><strong>A menudo, las personas que sufren maltrato son las \u00faltimas en darse cuenta.<\/strong><\/p>\n<p>La dependencia, la relaci\u00f3n de confianza y la sensaci\u00f3n de no poder reaccionar como se querr\u00eda hacen que se normalicen situaciones que nunca se habr\u00edan tenido que aceptar. Por eso, como persona mayor, antes que nada tienes que saber si te sientes respetado, si vives en libertad o si, al contrario, sufres maltratos.<\/p>\n<p>No respetan mis derechos cu\u00e1ndo:<\/p>\n<ul>\n<li>Familiares y personas de mi entorno no me respetan.<\/li>\n<li>No se tienen en cuenta mis opiniones.<\/li>\n<li>Me tratan como si fuera una criatura.<\/li>\n<li>No puedo decidir qu\u00e9 hago durante mi tiempo libre.<\/li>\n<\/ul>\n<\/div><\/div><\/div><div class=\"fusion-panel panel-default panel-7b14754ce18e47c4a fusion-toggle-no-divider fusion-toggle-boxed-mode\"><div class=\"panel-heading\"><h4 class=\"panel-title toggle\" id=\"toggle_7b14754ce18e47c4a\"><a aria-expanded=\"false\" aria-controls=\"7b14754ce18e47c4a\" role=\"button\" data-toggle=\"collapse\" data-parent=\"#accordion-2746-1\" data-target=\"#7b14754ce18e47c4a\" href=\"#7b14754ce18e47c4a\"><span class=\"fusion-toggle-icon-wrapper\" aria-hidden=\"true\"><i class=\"fa-fusion-box active-icon awb-icon-minus\" aria-hidden=\"true\"><\/i><i class=\"fa-fusion-box inactive-icon awb-icon-plus\" aria-hidden=\"true\"><\/i><\/span><span class=\"fusion-toggle-heading\">Tipos de maltrato<\/span><\/a><\/h4><\/div><div id=\"7b14754ce18e47c4a\" class=\"panel-collapse collapse \" aria-labelledby=\"toggle_7b14754ce18e47c4a\"><div class=\"panel-body toggle-content fusion-clearfix\">\n<h5><strong>Maltrato: violencia f\u00edsica<\/strong><\/h5>\n<p>Se trata de aquellas acciones (dar golpes, bofetadas, quemar, encerrar a una persona mayor, usar inadecuadamente la medicaci\u00f3n) que producen un da\u00f1o o una lesi\u00f3n f\u00edsica de manera intencional.<\/p>\n<p>Dentro de esta categor\u00eda tambi\u00e9n se incluyen el ejercicio de coacci\u00f3n f\u00edsica o el hecho de restringir la libertad de movimiento mediante la fuerza f\u00edsica o el uso de drogas.<div class=\"fusion-sep-clear\"><\/div><div class=\"fusion-separator fusion-full-width-sep\" style=\"margin-left: auto;margin-right: auto;margin-top:15px;margin-bottom:15px;width:100%;\"><div class=\"fusion-separator-border sep-single sep-solid\" style=\"--awb-height:20px;--awb-amount:20px;--awb-sep-color:#6bc0b4;border-color:#6bc0b4;border-top-width:2px;\"><\/div><\/div><div class=\"fusion-sep-clear\"><\/div>\n<h5><strong>Maltrato: violencia psicol\u00f3gica<\/strong><\/h5>\n<p>Se trata de aquellas acciones que pueden causar de manera intencionada angustia, sufrimiento, pena, sentimientos de indignidad, miedo o estr\u00e9s mediante actos tanto verbales como no verbales.<\/p>\n<p>Dentro de esta categor\u00eda se incluyen las agresiones verbales, amenazas (de violencia f\u00edsica, de institucionalizaci\u00f3n, etc.), aislar de sus amistades y\/o familiares, impedir sus actividades cotidianas, tratar a una persona con indiferencia, dejar de hablarle, as\u00ed como cualquier otro acto de intimidaci\u00f3n, humillaci\u00f3n o que pueda provocar malestar psicol\u00f3gico.<div class=\"fusion-sep-clear\"><\/div><div class=\"fusion-separator fusion-full-width-sep\" style=\"margin-left: auto;margin-right: auto;margin-top:15px;margin-bottom:15px;width:100%;\"><div class=\"fusion-separator-border sep-single sep-solid\" style=\"--awb-height:20px;--awb-amount:20px;--awb-sep-color:#6bc0b4;border-color:#6bc0b4;border-top-width:2px;\"><\/div><\/div><div class=\"fusion-sep-clear\"><\/div>\n<h5><strong>Maltrato: violencia sexual<\/strong><\/h5>\n<p>Implica cualquier contacto o comportamiento de car\u00e1cter sexual, ya sea un intento o la consumaci\u00f3n del mismo, en el cual la persona mayor no haya dado su consentimiento o no es capaz de otorgarlo.<\/p>\n<p>Por violencia sexual se entiende un amplio rango de actuaciones que pueden ir desde el exhibicionismo o el acoso hasta las relaciones sexuales, incluyendo: caricias, gestos, la obligaci\u00f3n de desnudarse o de ver fotograf\u00edas sexualmente expl\u00edcitas. Dentro de esta categor\u00eda tambi\u00e9n se incluyen todas aquellas barreras establecidas para que, tanto hombres como mujeres mayores, impidan llevar a cabo sus deseos sexuales, trat\u00e1ndose as\u00ed de una forma de coacci\u00f3n de aquellas manifestaciones que puedan contribuir a su estabilidad, su bienestar y su integridad como personas.<div class=\"fusion-sep-clear\"><\/div><div class=\"fusion-separator fusion-full-width-sep\" style=\"margin-left: auto;margin-right: auto;margin-top:15px;margin-bottom:15px;width:100%;\"><div class=\"fusion-separator-border sep-single sep-solid\" style=\"--awb-height:20px;--awb-amount:20px;--awb-sep-color:#6bc0b4;border-color:#6bc0b4;border-top-width:2px;\"><\/div><\/div><div class=\"fusion-sep-clear\"><\/div>\n<h5><strong>Maltrato: violencia econ\u00f3mica<\/strong><\/h5>\n<p>Implica el robo o bien el uso ilegal, no autorizado o inadecuado, de los fondos, propiedades o recursos de una persona mayor, causando un perjuicio para el afectado\/a y un beneficio para la otra persona.<\/p>\n<p>Por violencia econ\u00f3mica se entiende un amplio rango de actuaciones que pueden ir desde obligar a modificar el testamento hasta la sustracci\u00f3n de dinero y bienes patrimoniales, la falsificaci\u00f3n de su firma o el chantaje.<div class=\"fusion-sep-clear\"><\/div><div class=\"fusion-separator fusion-full-width-sep\" style=\"margin-left: auto;margin-right: auto;margin-top:15px;margin-bottom:15px;width:100%;\"><div class=\"fusion-separator-border sep-single sep-solid\" style=\"--awb-height:20px;--awb-amount:20px;--awb-sep-color:#6bc0b4;border-color:#6bc0b4;border-top-width:2px;\"><\/div><\/div><div class=\"fusion-sep-clear\"><\/div>\n<h5><strong>Maltrato: negligencia <\/strong><\/h5>\n<p>Consiste en un acto de omisi\u00f3n intencional o no intencional, una carencia en el desempe\u00f1o de las necesidades vitales de una persona mayor, por parte de la persona encargada de su cura.<\/p>\n<p>Hay <strong>dos tipos<\/strong> de negligencia:<\/p>\n<ul>\n<li><strong>La negligencia f\u00edsica <\/strong> tiene lugar cuando la persona cuidadora no proporciona los servicios y productos necesarios para el funcionamiento f\u00edsico \u00f3ptimo de la persona mayor. Un ejemplo ser\u00eda el hecho de no proporcionar comida, agua, bastones o cualquier otro dispositivo de ayuda necesario, o bien no facilitarle asistencia sanitaria, higiene personal, administraci\u00f3n de f\u00e1rmacos, etc.<\/li>\n<li><strong>La negligencia psicol\u00f3gica o emocional<\/strong> se da cuando la persona cuidadora no ofrece el apoyo o la estimulaci\u00f3n social y emocional adecuada y necesaria para la persona mayor. Un ejemplo ser\u00eda ignorar sus peticiones o bien no ofrecerle las noticias e informaciones que puedan interesarle.<\/li>\n<\/ul>\n<\/div><\/div><\/div><div class=\"fusion-panel panel-default panel-ed20e6a8895711326 fusion-toggle-no-divider fusion-toggle-boxed-mode\"><div class=\"panel-heading\"><h4 class=\"panel-title toggle\" id=\"toggle_ed20e6a8895711326\"><a aria-expanded=\"false\" aria-controls=\"ed20e6a8895711326\" role=\"button\" data-toggle=\"collapse\" data-parent=\"#accordion-2746-1\" data-target=\"#ed20e6a8895711326\" href=\"#ed20e6a8895711326\"><span class=\"fusion-toggle-icon-wrapper\" aria-hidden=\"true\"><i class=\"fa-fusion-box active-icon awb-icon-minus\" aria-hidden=\"true\"><\/i><i class=\"fa-fusion-box inactive-icon awb-icon-plus\" aria-hidden=\"true\"><\/i><\/span><span class=\"fusion-toggle-heading\">\u00bfQu\u00e9 puedo hacer?<\/span><\/a><\/h4><\/div><div id=\"ed20e6a8895711326\" class=\"panel-collapse collapse \" aria-labelledby=\"toggle_ed20e6a8895711326\"><div class=\"panel-body toggle-content fusion-clearfix\">\n<ul>\n<li><strong>No est\u00e1s solo.\u00a0<\/strong>Si crees que est\u00e1s viviendo situaciones injustas que ponen en peligro tu integridad, no dudes y pide ayuda. Tienes muchas v\u00edas para conseguir que se respeten tus derechos.<\/li>\n<li><strong>Explica qu\u00e9 te pasa a una persona de confianza.<\/strong><\/li>\n<li><strong>Si dispones de servicio de teleasistencia m\u00f3vil,<\/strong> contacta con el operador. Siempre habr\u00e1 alguien a la otro lado para ayudarte, a cualquier hora del d\u00eda.<\/li>\n<li><strong>Puedes ponerte en contacto con tu centro m\u00e9dico<\/strong>, con los servicios de atenci\u00f3n a la familia, con el casal de las personas mayores, con los Mossos d&#8217;Esquadra o con la Polic\u00eda Local.<\/li>\n<li><strong>Llama al tel\u00e9fono de emergencias 112.\u00a0<\/strong>Es gratuito y funciona las 24 horas, 365 d\u00edas al a\u00f1o.<\/li>\n<\/ul>\n<\/div><\/div><\/div><div class=\"fusion-panel panel-default panel-a8f7733dd90bf5ec4 fusion-toggle-no-divider fusion-toggle-boxed-mode\"><div class=\"panel-heading\"><h4 class=\"panel-title toggle\" id=\"toggle_a8f7733dd90bf5ec4\"><a aria-expanded=\"false\" aria-controls=\"a8f7733dd90bf5ec4\" role=\"button\" data-toggle=\"collapse\" data-parent=\"#accordion-2746-1\" data-target=\"#a8f7733dd90bf5ec4\" href=\"#a8f7733dd90bf5ec4\"><span class=\"fusion-toggle-icon-wrapper\" aria-hidden=\"true\"><i class=\"fa-fusion-box active-icon awb-icon-minus\" aria-hidden=\"true\"><\/i><i class=\"fa-fusion-box inactive-icon awb-icon-plus\" aria-hidden=\"true\"><\/i><\/span><span class=\"fusion-toggle-heading\">Conozco a una persona que sufre maltratos<\/span><\/a><\/h4><\/div><div id=\"a8f7733dd90bf5ec4\" class=\"panel-collapse collapse \" aria-labelledby=\"toggle_a8f7733dd90bf5ec4\"><div class=\"panel-body toggle-content fusion-clearfix\">\n<h5><strong>Si es as\u00ed, act\u00faa y comun\u00edcalo:<\/strong><\/h5>\n<ul>\n<li>A los servicios sociales de tu Ayuntamiento<\/li>\n<li>A los servicios sociales de la Generalitat de Catalunya<\/li>\n<li>A los servicios sociales de la Diputaci\u00f3n<\/li>\n<li>A los Mossos d&#8217;Esquadra<\/li>\n<li>A la Polic\u00eda Local<\/li>\n<li>Llama al 112<\/li>\n<\/ul>\n<p>Y ayuda tanto como puedas a esta persona mayor a entender que no est\u00e1 sola y que tiene unos derechos a los cuales no tiene que renunciar bajo ninguna circunstancia.<\/div><\/div><\/div><\/div><\/div><div class=\"fusion-clearfix\"><\/div><\/div><\/div><\/div><\/div><div class=\"fusion-fullwidth fullwidth-box fusion-builder-row-2 nonhundred-percent-fullwidth non-hundred-percent-height-scrolling caja_enlaces\" style=\"--awb-border-radius-top-left:0px;--awb-border-radius-top-right:0px;--awb-border-radius-bottom-right:0px;--awb-border-radius-bottom-left:0px;--awb-flex-wrap:wrap;\" ><div class=\"fusion-builder-row fusion-row\"><div class=\"fusion-layout-column fusion_builder_column fusion-builder-column-1 fusion_builder_column_1_1 1_1 fusion-one-full fusion-column-first fusion-column-last\" style=\"--awb-bg-size:cover;\"><div class=\"fusion-column-wrapper fusion-flex-column-wrapper-legacy\"><div class=\"fusion-text fusion-text-2\"><h5>Enlaces de inter\u00e9s:<\/h5>\n<\/div><div class=\"fusion-sep-clear\"><\/div><div class=\"fusion-separator fusion-clearfix\" style=\"float:left;width:100%;max-width:20px;\"><\/div><div class=\"fusion-sep-clear\"><\/div><div class=\"fusion-text fusion-text-3\"><ul>\n<li><a href=\"http:\/\/w110.bcn.cat\/portal\/site\/GentGran\/menuitem.75dbded92a3c076e91e191e1a2ef8a0c\/index854f.html?vgnextoid=52e5e650b1326410VgnVCM1000001947900aRCRD&amp;vgnextchannel=52e5e650b1326410VgnVCM1000001947900aRCRD&amp;lang=es_ES\" target=\"_blank\" rel=\"noopener noreferrer\"><strong>Buen trato a las personas mayores<\/strong> \u2013 \u00a0Ayuntamiento de Barcelona<\/a><\/li>\n<li><a href=\"https:\/\/firagran.com\/wp-content\/uploads\/Article_Bon_Tracte_FundacioFG.pdf\" target=\"_blank\" rel=\"noopener\"><strong>Art\u00edculos sobre &#8220;La coordinaci\u00f3n sociosanitaria en la Atenci\u00f3n Centro en la Persona. Vinculaci\u00f3n con el BUEN TRATO.<\/strong> &#8211; Assumpci\u00f3 Roset y Gl\u00f2ria Arbon\u00e9s<\/a><\/li>\n<li><a href=\"http:\/\/www.diba.cat\/web\/benestar\/prevencio-de-maltractaments-a-persones-grans\" target=\"_blank\" rel=\"noopener noreferrer\"><strong>Prevenci\u00f3n de maltratos a las personas mayores<\/strong> \u2013 Diputaci\u00f3n de Barcelona<\/a><\/li>\n<li><a href=\"http:\/\/treballiaferssocials.gencat.cat\/ca\/ambits_tematics\/gent_gran\/maltractaments_a_persones_grans\/\" target=\"_blank\" rel=\"noopener noreferrer\"><strong>Maltrato a las personas mayores<\/strong> \u2013 \u00a0Generalitat de Catalunya<\/a><\/li>\n<\/ul>\n<\/div><div class=\"fusion-clearfix\"><\/div><\/div><\/div><\/div><\/div><div class=\"fusion-fullwidth fullwidth-box fusion-builder-row-3 nonhundred-percent-fullwidth non-hundred-percent-height-scrolling\" style=\"--awb-border-radius-top-left:0px;--awb-border-radius-top-right:0px;--awb-border-radius-bottom-right:0px;--awb-border-radius-bottom-left:0px;--awb-flex-wrap:wrap;\" ><div class=\"fusion-builder-row fusion-row\"><div class=\"fusion-layout-column fusion_builder_column fusion-builder-column-2 fusion_builder_column_1_1 1_1 fusion-one-full fusion-column-first fusion-column-last\" style=\"--awb-bg-size:cover;\"><div class=\"fusion-column-wrapper fusion-flex-column-wrapper-legacy\"><div class=\"fusion-image-element fusion-image-align-center in-legacy-container\" style=\"text-align:center;--awb-liftup-border-radius:0px;--awb-caption-title-font-family:var(--h2_typography-font-family);--awb-caption-title-font-weight:var(--h2_typography-font-weight);--awb-caption-title-font-style:var(--h2_typography-font-style);--awb-caption-title-size:var(--h2_typography-font-size);--awb-caption-title-transform:var(--h2_typography-text-transform);--awb-caption-title-line-height:var(--h2_typography-line-height);--awb-caption-title-letter-spacing:var(--h2_typography-letter-spacing);\"><div class=\"imageframe-align-center\"><div class=\"awb-image-frame awb-image-frame-1 imageframe-liftup\"><span class=\" fusion-imageframe imageframe-none imageframe-1\"><a class=\"fusion-no-lightbox\" href=\"https:\/\/firagran.com\/wp-content\/uploads\/MANIFEST_PER_ATURAR_EL_MALTRACTAMENT_A_LES_PERSONES_GRANS.pdf\" target=\"_blank\" aria-label=\"slide_mannifest_maltractament_cast\" rel=\"noopener noreferrer\"><img decoding=\"async\" width=\"1200\" height=\"500\" alt=\"MANIFIESTO PARA PARAR EL MALTRATO A LAS PERSONAS MAYORES\" src=\"https:\/\/firagran.com\/wp-content\/uploads\/slide_mannifest_maltractament_cast.jpg\" class=\"img-responsive wp-image-7808\" srcset=\"https:\/\/firagran.com\/wp-content\/uploads\/slide_mannifest_maltractament_cast-200x83.jpg 200w, https:\/\/firagran.com\/wp-content\/uploads\/slide_mannifest_maltractament_cast-400x167.jpg 400w, https:\/\/firagran.com\/wp-content\/uploads\/slide_mannifest_maltractament_cast-600x250.jpg 600w, https:\/\/firagran.com\/wp-content\/uploads\/slide_mannifest_maltractament_cast-800x333.jpg 800w, https:\/\/firagran.com\/wp-content\/uploads\/slide_mannifest_maltractament_cast.jpg 1200w\" sizes=\"(max-width: 1080px) 100vw, 1200px\" \/><\/a><\/span><\/div><\/div><\/div><div class=\"fusion-clearfix\"><\/div><\/div><\/div><\/div><\/div><\/p>\n","protected":false},"excerpt":{"rendered":"","protected":false},"author":1,"featured_media":2033,"parent":0,"menu_order":0,"comment_status":"closed","ping_status":"closed","template":"","meta":{"footnotes":""},"class_list":["post-2746","page","type-page","status-publish","has-post-thumbnail","hentry"],"_links":{"self":[{"href":"https:\/\/firagran.com\/es\/wp-json\/wp\/v2\/pages\/2746","targetHints":{"allow":["GET"]}}],"collection":[{"href":"https:\/\/firagran.com\/es\/wp-json\/wp\/v2\/pages"}],"about":[{"href":"https:\/\/firagran.com\/es\/wp-json\/wp\/v2\/types\/page"}],"author":[{"embeddable":true,"href":"https:\/\/firagran.com\/es\/wp-json\/wp\/v2\/users\/1"}],"replies":[{"embeddable":true,"href":"https:\/\/firagran.com\/es\/wp-json\/wp\/v2\/comments?post=2746"}],"version-history":[{"count":5,"href":"https:\/\/firagran.com\/es\/wp-json\/wp\/v2\/pages\/2746\/revisions"}],"predecessor-version":[{"id":17230,"href":"https:\/\/firagran.com\/es\/wp-json\/wp\/v2\/pages\/2746\/revisions\/17230"}],"wp:featuredmedia":[{"embeddable":true,"href":"https:\/\/firagran.com\/es\/wp-json\/wp\/v2\/media\/2033"}],"wp:attachment":[{"href":"https:\/\/firagran.com\/es\/wp-json\/wp\/v2\/media?parent=2746"}],"curies":[{"name":"wp","href":"https:\/\/api.w.org\/{rel}","templated":true}]}}