{"id":2784,"date":"2017-03-29T20:48:22","date_gmt":"2017-03-29T19:48:22","guid":{"rendered":"https:\/\/firagran.com\/temas-legales\/voluntats-anticipades-dva-o-testament-vital\/"},"modified":"2017-04-26T19:35:00","modified_gmt":"2017-04-26T18:35:00","slug":"voluntades-vnticipadas-o-testamento-vital","status":"publish","type":"page","link":"https:\/\/firagran.com\/es\/temas-legales\/voluntades-vnticipadas-o-testamento-vital\/","title":{"rendered":"Voluntades Anticipadas (DVA) o Testamento Vital"},"content":{"rendered":"<p><div class=\"fusion-fullwidth fullwidth-box fusion-builder-row-1 nonhundred-percent-fullwidth non-hundred-percent-height-scrolling\" style=\"--awb-border-radius-top-left:0px;--awb-border-radius-top-right:0px;--awb-border-radius-bottom-right:0px;--awb-border-radius-bottom-left:0px;--awb-flex-wrap:wrap;\" ><div class=\"fusion-builder-row fusion-row\"><div class=\"fusion-layout-column fusion_builder_column fusion-builder-column-0 fusion_builder_column_1_1 1_1 fusion-one-full fusion-column-first fusion-column-last\" style=\"--awb-bg-size:cover;\"><div class=\"fusion-column-wrapper fusion-flex-column-wrapper-legacy\"><div class=\"fusion-text fusion-text-1\"><p>Las voluntades anticipadas (DVA) o el testamento vital es un documento mediante el cual una persona mayor de edad, con capacidad suficiente y de manera libre, expresa las instrucciones que hay que tener en cuenta cuando se encuentre en una situaci\u00f3n en que las circunstancias no le permitan expresar personalmente su voluntad.<\/p>\n<\/div><div class=\"accordian fusion-accordian\" style=\"--awb-border-size:2px;--awb-icon-size:13px;--awb-content-font-size:15px;--awb-icon-alignment:left;--awb-hover-color:#ffffff;--awb-border-color:#cccccc;--awb-background-color:#ffffff;--awb-divider-color:#e0dede;--awb-divider-hover-color:#e0dede;--awb-icon-color:#ffffff;--awb-title-color:#088a78;--awb-content-color:#333333;--awb-icon-box-color:#333333;--awb-toggle-hover-accent-color:#088a78;--awb-title-font-family:&quot;Roboto&quot;;--awb-title-font-weight:400;--awb-title-font-style:normal;--awb-title-font-size:22px;--awb-content-font-family:Arial, Helvetica, sans-serif;--awb-content-font-style:normal;--awb-content-font-weight:400;\"><div class=\"panel-group fusion-toggle-icon-boxed\" id=\"accordion-2784-1\"><div class=\"fusion-panel panel-default panel-d5ca69331cab50659 fusion-toggle-no-divider fusion-toggle-boxed-mode\"><div class=\"panel-heading\"><h4 class=\"panel-title toggle\" id=\"toggle_d5ca69331cab50659\"><a aria-expanded=\"false\" aria-controls=\"d5ca69331cab50659\" role=\"button\" data-toggle=\"collapse\" data-parent=\"#accordion-2784-1\" data-target=\"#d5ca69331cab50659\" href=\"#d5ca69331cab50659\"><span class=\"fusion-toggle-icon-wrapper\" aria-hidden=\"true\"><i class=\"fa-fusion-box active-icon awb-icon-minus\" aria-hidden=\"true\"><\/i><i class=\"fa-fusion-box inactive-icon awb-icon-plus\" aria-hidden=\"true\"><\/i><\/span><span class=\"fusion-toggle-heading\">Caracter\u00edsticas<\/span><\/a><\/h4><\/div><div id=\"d5ca69331cab50659\" class=\"panel-collapse collapse \" aria-labelledby=\"toggle_d5ca69331cab50659\"><div class=\"panel-body toggle-content fusion-clearfix\">Este documento:<\/p>\n<ul>\n<li><strong>Posibilita el conocimiento por parte del profesional sanitario<\/strong> de los deseos y valores que puedan influir en las decisiones asistenciales futuras que afecten a las personas enfermas cuando no puedan decidir por s\u00ed mismas.<\/li>\n<li><strong>Se incorpora a la historia cl\u00ednica<\/strong> del paciente.<\/li>\n<li>e puede inscribir\u00a0<strong>al Registro de Voluntades Anticipadas del Departamento de Salud, De este modo el documento queda incorporado a la historia cl\u00ednica compartida de los pacientes y tambi\u00e9n puede ser visualizado en el resto del Estado Espa\u00f1ol.<\/strong><\/li>\n<li>Se formalizar ante<strong> un notario<\/strong> o ante <strong>3 testigos<\/strong>.<\/li>\n<li><strong>La inscripci\u00f3n no es obligatoria si se cumplen los requisitos:<\/strong> formalizaci\u00f3n ante notario o de tres testigos.<\/li>\n<\/ul>\n<\/div><\/div><\/div><div class=\"fusion-panel panel-default panel-22139d93a854d3968 fusion-toggle-no-divider fusion-toggle-boxed-mode\"><div class=\"panel-heading\"><h4 class=\"panel-title toggle\" id=\"toggle_22139d93a854d3968\"><a aria-expanded=\"false\" aria-controls=\"22139d93a854d3968\" role=\"button\" data-toggle=\"collapse\" data-parent=\"#accordion-2784-1\" data-target=\"#22139d93a854d3968\" href=\"#22139d93a854d3968\"><span class=\"fusion-toggle-icon-wrapper\" aria-hidden=\"true\"><i class=\"fa-fusion-box active-icon awb-icon-minus\" aria-hidden=\"true\"><\/i><i class=\"fa-fusion-box inactive-icon awb-icon-plus\" aria-hidden=\"true\"><\/i><\/span><span class=\"fusion-toggle-heading\">\u00bfC\u00f3mo se formaliza?<\/span><\/a><\/h4><\/div><div id=\"22139d93a854d3968\" class=\"panel-collapse collapse \" aria-labelledby=\"toggle_22139d93a854d3968\"><div class=\"panel-body toggle-content fusion-clearfix\">\n<p>El tr\u00e1mite se formaliza mediante uno de los procedimientos siguientes:<\/p>\n<ul>\n<li><strong><u>Ante notario<\/u><\/strong>. En este caso no hace falta la presencia de testigos.<\/li>\n<li><strong><u>Ante tres testigos<\/u><\/strong>\u00a0Estas personas deben ser mayores de edad y con plena capacidad de obrar. Adem\u00e1s, como m\u00ednimo dos de ellos, no tienen que tener relaci\u00f3n de parentesco hasta el segundo grado ni estar vinculados por relaci\u00f3n patrimonial con el otorgante.<\/li>\n<\/ul>\n<p><strong>Si el documento se ha formalizado ante notario<\/strong>, previa solicitud de la persona, ser\u00e1 \u00e9ste el que se encargue de hacer la inscripci\u00f3n en el Registro.<\/p>\n<p><strong>Si se ha formalizado ante testigos,<\/strong> e puede entregar en el centro hospitalario y\/o centro de atenci\u00f3n primaria o personalmente al Registro de Voluntades Anticipadas para formalizar la inscripci\u00f3n, adjuntando la documentaci\u00f3n necesaria.<\/p>\n<p>La inscripci\u00f3n en el Registro determina la incorporaci\u00f3n del documento en un fichero automatizado que permitir\u00e1 la consulta de las Voluntades Anticipadas por parte del personal m\u00e9dico en caso de necesidad.<\/p>\n<p>No hay un modelo de declaraci\u00f3n oficial, puesto que tiene car\u00e1cter de declaraci\u00f3n personal. Cada documento puede ser diferente; no existe ning\u00fan organismo que regule el contenido.<\/p>\n<p>Sin embargo, se puede encontrar un <a href=\"http:\/\/web.gencat.cat\/web\/shared\/OVT\/Departaments\/SLT\/Documents\/Formularis_pdf\/7_10647.pdf\" target=\"_blank\" rel=\"noopener noreferrer\">modelo orientativo del <\/a><strong><a href=\"http:\/\/web.gencat.cat\/web\/shared\/OVT\/Departaments\/SLT\/Documents\/Formularis_pdf\/7_10647.pdf\">documento<\/a> de Voluntades Anticipadas en la web de la Generalitat de Catalunya<\/strong><\/p>\n<p><strong><a href=\"http:\/\/web.gencat.cat\/es\/tramits\/tramits-temes\/Inscripcio-al-Registre-de-voluntats-anticipades\" target=\"_blank\" rel=\"noopener noreferrer\">Formulario de solicitud<\/a> de la inscripci\u00f3n al registro,<\/strong> se puede descargar desde la web de la Oficina virtual de tr\u00e1mites de la Generalitat de Catalunya.<\/p>\n<\/div><\/div><\/div><div class=\"fusion-panel panel-default panel-2d0c19572abca31da fusion-toggle-no-divider fusion-toggle-boxed-mode\"><div class=\"panel-heading\"><h4 class=\"panel-title toggle\" id=\"toggle_2d0c19572abca31da\"><a aria-expanded=\"false\" aria-controls=\"2d0c19572abca31da\" role=\"button\" data-toggle=\"collapse\" data-parent=\"#accordion-2784-1\" data-target=\"#2d0c19572abca31da\" href=\"#2d0c19572abca31da\"><span class=\"fusion-toggle-icon-wrapper\" aria-hidden=\"true\"><i class=\"fa-fusion-box active-icon awb-icon-minus\" aria-hidden=\"true\"><\/i><i class=\"fa-fusion-box inactive-icon awb-icon-plus\" aria-hidden=\"true\"><\/i><\/span><span class=\"fusion-toggle-heading\">\u00bfD\u00f3nde se puede hacer?<\/span><\/a><\/h4><\/div><div id=\"2d0c19572abca31da\" class=\"panel-collapse collapse \" aria-labelledby=\"toggle_2d0c19572abca31da\"><div class=\"panel-body toggle-content fusion-clearfix\">\n<ul>\n<li><a href=\"http:\/\/web.gencat.cat\/es\/temes\/salut\/\" target=\"_blank\" rel=\"noopener noreferrer\">Departamento de Salud<\/a><\/li>\n<li><a href=\"http:\/\/sac.gencat.cat\/sacgencat\/AppJava\/organisme_fitxa.jsp?codi=19785\" target=\"_blank\" rel=\"noopener noreferrer\">Secretar\u00eda de Difusi\u00f3n y Atenci\u00f3n Ciudadana &#8211; Oficina de Atenci\u00f3n Ciudadana de la Generalitat de Catalunya<\/a><\/li>\n<\/ul>\n<\/div><\/div><\/div><\/div><\/div><div class=\"fusion-clearfix\"><\/div><\/div><\/div><\/div><\/div><div class=\"fusion-fullwidth fullwidth-box fusion-builder-row-2 nonhundred-percent-fullwidth non-hundred-percent-height-scrolling caja_enlaces\" style=\"--awb-border-radius-top-left:0px;--awb-border-radius-top-right:0px;--awb-border-radius-bottom-right:0px;--awb-border-radius-bottom-left:0px;--awb-flex-wrap:wrap;\" ><div class=\"fusion-builder-row fusion-row\"><div class=\"fusion-layout-column fusion_builder_column fusion-builder-column-1 fusion_builder_column_1_1 1_1 fusion-one-full fusion-column-first fusion-column-last\" style=\"--awb-bg-size:cover;\"><div class=\"fusion-column-wrapper fusion-flex-column-wrapper-legacy\"><div class=\"fusion-text fusion-text-2\"><h5>Enlaces de inter\u00e9s:<\/h5>\n<\/div><div class=\"fusion-sep-clear\"><\/div><div class=\"fusion-separator fusion-clearfix\" style=\"float:left;width:100%;max-width:20px;\"><\/div><div class=\"fusion-sep-clear\"><\/div><div class=\"fusion-text fusion-text-3\"><ul class=\"td-arrow-list\">\n<li><a href=\"https:\/\/w30.bcn.cat\/APPS\/portaltramits\/portal\/channel\/default.html?&amp;stpid=20010000865&amp;style=ciudadano&amp;language=es\" target=\"_blank\" rel=\"noopener noreferrer\">Inscripci\u00f3n al Registro de Voluntades Anticipadas \u2013 Ayuntamiento de Barcelona<\/a><\/li>\n<li><a href=\"http:\/\/www.cus-usuaris.org\/es\/ambitos-actuacion\/ref\/testamento-vital-o-documento-de-voluntades-anticipadas\" target=\"_blank\" rel=\"noopener noreferrer\">Coordinadora de Usuarios de la Sanidad, Salud, Consumo y Alimentaci\u00f3n<\/a><\/li>\n<\/ul>\n<\/div><div class=\"fusion-clearfix\"><\/div><\/div><\/div><\/div><\/div><\/p>\n","protected":false},"excerpt":{"rendered":"","protected":false},"author":1,"featured_media":2785,"parent":2772,"menu_order":0,"comment_status":"closed","ping_status":"closed","template":"","meta":{"footnotes":""},"class_list":["post-2784","page","type-page","status-publish","has-post-thumbnail","hentry"],"_links":{"self":[{"href":"https:\/\/firagran.com\/es\/wp-json\/wp\/v2\/pages\/2784","targetHints":{"allow":["GET"]}}],"collection":[{"href":"https:\/\/firagran.com\/es\/wp-json\/wp\/v2\/pages"}],"about":[{"href":"https:\/\/firagran.com\/es\/wp-json\/wp\/v2\/types\/page"}],"author":[{"embeddable":true,"href":"https:\/\/firagran.com\/es\/wp-json\/wp\/v2\/users\/1"}],"replies":[{"embeddable":true,"href":"https:\/\/firagran.com\/es\/wp-json\/wp\/v2\/comments?post=2784"}],"version-history":[{"count":4,"href":"https:\/\/firagran.com\/es\/wp-json\/wp\/v2\/pages\/2784\/revisions"}],"predecessor-version":[{"id":2793,"href":"https:\/\/firagran.com\/es\/wp-json\/wp\/v2\/pages\/2784\/revisions\/2793"}],"up":[{"embeddable":true,"href":"https:\/\/firagran.com\/es\/wp-json\/wp\/v2\/pages\/2772"}],"wp:featuredmedia":[{"embeddable":true,"href":"https:\/\/firagran.com\/es\/wp-json\/wp\/v2\/media\/2785"}],"wp:attachment":[{"href":"https:\/\/firagran.com\/es\/wp-json\/wp\/v2\/media?parent=2784"}],"curies":[{"name":"wp","href":"https:\/\/api.w.org\/{rel}","templated":true}]}}