{"id":2797,"date":"2017-03-27T18:51:42","date_gmt":"2017-03-27T17:51:42","guid":{"rendered":"https:\/\/firagran.com\/envelliment-actiu\/"},"modified":"2022-01-14T13:19:00","modified_gmt":"2022-01-14T12:19:00","slug":"envejecimiento-activo","status":"publish","type":"page","link":"https:\/\/firagran.com\/es\/envejecimiento-activo\/","title":{"rendered":"Envejecimiento Activo"},"content":{"rendered":"<p><div class=\"fusion-fullwidth fullwidth-box fusion-builder-row-1 nonhundred-percent-fullwidth non-hundred-percent-height-scrolling\" style=\"--awb-border-radius-top-left:0px;--awb-border-radius-top-right:0px;--awb-border-radius-bottom-right:0px;--awb-border-radius-bottom-left:0px;--awb-flex-wrap:wrap;\" ><div class=\"fusion-builder-row fusion-row\"><div class=\"fusion-layout-column fusion_builder_column fusion-builder-column-0 fusion_builder_column_1_1 1_1 fusion-one-full fusion-column-first fusion-column-last\" style=\"--awb-bg-size:cover;\"><div class=\"fusion-column-wrapper fusion-flex-column-wrapper-legacy\"><div class=\"fusion-text fusion-text-1\"><p><strong>El envejecimiento activo y saludable, sintetizando dos conceptos surgidos de la UE y la OMS, se define como:<\/strong><\/p>\n<blockquote>\n<h5><em>\u201cel proceso de optimizar las oportunidades de salud f\u00edsica, mental y social que permitan a las personas mayores participar activamente en la sociedad sin sufrir discriminaci\u00f3n y disfrutar de una calidad de vida buena e independiente\u201d.<\/em><\/h5>\n<\/blockquote>\n<p>La OMS establece tres puntos fundamentales como referentes principales del concepto de envejecimiento activo que son:<\/p>\n<ul class=\"td-arrow-list\">\n<li><strong>Salud:<\/strong> bienestar f\u00edsico, mental y social.<\/li>\n<li><strong>Seguridad:<\/strong> protecci\u00f3n, seguridad, dignidad y derecho a tomar sus propias decisiones.<\/li>\n<li><strong>Participaci\u00f3n:<\/strong> protecci\u00f3n, seguridad, dignidad y derecho a tomar sus propias decisiones.<\/li>\n<\/ul>\n<p><strong>Las actividades de envejecimiento activo pueden estar promovidas por:<\/strong><\/p>\n<ul class=\"td-arrow-list\">\n<li><strong>Administraciones:<\/strong> Los Ayuntamientos, las Diputaciones y la Generalitat tienen un conjunto de actividades dirigidas a las personas mayores.<\/li>\n<li><strong>Entidades del Tercer Sector:<\/strong> Asociaciones de personas mayores.<\/li>\n<li><strong>Entidades del Sector Privado:<\/strong> Obras sociales y otras acciones de responsabilidad social corporativa.<\/li>\n<\/ul>\n<p>Existen tambi\u00e9n v\u00edas mixtas, como por ejemplo las de las aulas universitarias para personas mayores.<\/p>\n<\/div><div class=\"fusion-clearfix\"><\/div><\/div><\/div><\/div><\/div><div class=\"fusion-fullwidth fullwidth-box fusion-builder-row-2 nonhundred-percent-fullwidth non-hundred-percent-height-scrolling fusion-equal-height-columns\" style=\"--awb-border-radius-top-left:0px;--awb-border-radius-top-right:0px;--awb-border-radius-bottom-right:0px;--awb-border-radius-bottom-left:0px;--awb-flex-wrap:wrap;\" ><div class=\"fusion-builder-row fusion-row\"><div class=\"fusion-layout-column fusion_builder_column fusion-builder-column-1 fusion_builder_column_1_2 1_2 fusion-one-half fusion-column-first fusion-column-inner-bg-wrapper fusion-column-liftup-border caja_secciones\" style=\"--awb-inner-bg-size:cover;width:50%;width:calc(50% - ( ( 4% ) * 0.5 ) );margin-right: 4%;\"><span class=\"fusion-column-inner-bg hover-type-liftup\"><a class=\"fusion-column-anchor\" href=\"http:\/\/casales-para-personas-mayores\/\"><span class=\"fusion-column-inner-bg-image\"><\/span><\/a><\/span><div class=\"fusion-column-wrapper fusion-flex-column-wrapper-legacy\"><div class=\"fusion-image-element in-legacy-container\" style=\"--awb-caption-title-font-family:var(--h2_typography-font-family);--awb-caption-title-font-weight:var(--h2_typography-font-weight);--awb-caption-title-font-style:var(--h2_typography-font-style);--awb-caption-title-size:var(--h2_typography-font-size);--awb-caption-title-transform:var(--h2_typography-text-transform);--awb-caption-title-line-height:var(--h2_typography-line-height);--awb-caption-title-letter-spacing:var(--h2_typography-letter-spacing);\"><span class=\" fusion-imageframe imageframe-none imageframe-1 hover-type-zoomin\"><img decoding=\"async\" width=\"300\" height=\"200\" title=\"Casals de Gent Gran\" src=\"https:\/\/firagran.com\/wp-content\/uploads\/casals_gent_gran-300x200.jpg\" alt class=\"img-responsive wp-image-2802\" srcset=\"https:\/\/firagran.com\/wp-content\/uploads\/casals_gent_gran-200x133.jpg 200w, https:\/\/firagran.com\/wp-content\/uploads\/casals_gent_gran-400x267.jpg 400w, https:\/\/firagran.com\/wp-content\/uploads\/casals_gent_gran-600x400.jpg 600w, https:\/\/firagran.com\/wp-content\/uploads\/casals_gent_gran.jpg 696w\" sizes=\"(max-width: 1080px) 100vw, 600px\" \/><\/span><\/div><div class=\"fusion-text fusion-text-2\"><h3>Casales de personas mayores<\/h3>\n<p>\u00bfQuieres relacionarte con otras personas? \u00bfQuieres hacer aquella actividad que m\u00e1s te gustan? Ve a tu casal de gente mayor m\u00e1s cercano! Si quieres conocer qu\u00e9 hacen los casales de gente mayor ven a FiraGran!<\/p>\n<\/div><div class=\"fusion-clearfix\"><\/div><\/div><\/div><div class=\"fusion-layout-column fusion_builder_column fusion-builder-column-2 fusion_builder_column_1_2 1_2 fusion-one-half fusion-column-last fusion-column-inner-bg-wrapper fusion-column-liftup-border caja_secciones\" style=\"--awb-inner-bg-size:cover;width:50%;width:calc(50% - ( ( 4% ) * 0.5 ) );\"><span class=\"fusion-column-inner-bg hover-type-liftup\"><a class=\"fusion-column-anchor\" href=\"http:\/\/entidades-de-personas-mayores\/\"><span class=\"fusion-column-inner-bg-image\"><\/span><\/a><\/span><div class=\"fusion-column-wrapper fusion-flex-column-wrapper-legacy\"><div class=\"fusion-image-element in-legacy-container\" style=\"--awb-caption-title-font-family:var(--h2_typography-font-family);--awb-caption-title-font-weight:var(--h2_typography-font-weight);--awb-caption-title-font-style:var(--h2_typography-font-style);--awb-caption-title-size:var(--h2_typography-font-size);--awb-caption-title-transform:var(--h2_typography-text-transform);--awb-caption-title-line-height:var(--h2_typography-line-height);--awb-caption-title-letter-spacing:var(--h2_typography-letter-spacing);\"><span class=\" fusion-imageframe imageframe-none imageframe-2 hover-type-zoomin\"><img decoding=\"async\" width=\"300\" height=\"200\" title=\"Entitats de Gent Gran\" src=\"https:\/\/firagran.com\/wp-content\/uploads\/entitats-300x200.jpg\" alt class=\"img-responsive wp-image-2814\" srcset=\"https:\/\/firagran.com\/wp-content\/uploads\/entitats-200x133.jpg 200w, https:\/\/firagran.com\/wp-content\/uploads\/entitats-400x267.jpg 400w, https:\/\/firagran.com\/wp-content\/uploads\/entitats-600x400.jpg 600w, https:\/\/firagran.com\/wp-content\/uploads\/entitats.jpg 696w\" sizes=\"(max-width: 1080px) 100vw, 600px\" \/><\/span><\/div><div class=\"fusion-text fusion-text-3\"><h3>Entidades de personas mayores<\/h3>\n<p>Participar de manera activa en una entidad ayuda a relacionarse con el entorno y nos permite desarrollar m\u00faltiples capacidades personales.<\/p>\n<\/div><div class=\"fusion-clearfix\"><\/div><\/div><\/div><div class=\"fusion-layout-column fusion_builder_column fusion-builder-column-3 fusion_builder_column_1_2 1_2 fusion-one-half fusion-column-first fusion-column-inner-bg-wrapper fusion-column-liftup-border caja_secciones\" style=\"--awb-inner-bg-size:cover;width:50%;width:calc(50% - ( ( 4% ) * 0.5 ) );margin-right: 4%;\"><span class=\"fusion-column-inner-bg hover-type-liftup\"><a class=\"fusion-column-anchor\" href=\"http:\/\/formacion\/\"><span class=\"fusion-column-inner-bg-image\"><\/span><\/a><\/span><div class=\"fusion-column-wrapper fusion-flex-column-wrapper-legacy\"><div class=\"fusion-image-element in-legacy-container\" style=\"--awb-caption-title-font-family:var(--h2_typography-font-family);--awb-caption-title-font-weight:var(--h2_typography-font-weight);--awb-caption-title-font-style:var(--h2_typography-font-style);--awb-caption-title-size:var(--h2_typography-font-size);--awb-caption-title-transform:var(--h2_typography-text-transform);--awb-caption-title-line-height:var(--h2_typography-line-height);--awb-caption-title-letter-spacing:var(--h2_typography-letter-spacing);\"><span class=\" fusion-imageframe imageframe-none imageframe-3 hover-type-zoomin\"><img decoding=\"async\" width=\"300\" height=\"200\" title=\"Formaci\u00f3\" src=\"https:\/\/firagran.com\/wp-content\/uploads\/formacio-300x200.jpg\" alt class=\"img-responsive wp-image-2807\" srcset=\"https:\/\/firagran.com\/wp-content\/uploads\/formacio-200x133.jpg 200w, https:\/\/firagran.com\/wp-content\/uploads\/formacio-400x267.jpg 400w, https:\/\/firagran.com\/wp-content\/uploads\/formacio-600x400.jpg 600w, https:\/\/firagran.com\/wp-content\/uploads\/formacio.jpg 696w\" sizes=\"(max-width: 1080px) 100vw, 600px\" \/><\/span><\/div><div class=\"fusion-text fusion-text-4\"><h3>Formaci\u00f3n<\/h3>\n<p>Nunca es tarde para aprender o ampliar conocimientos. Participando en actividades formativas activas tu mente.<\/p>\n<\/div><div class=\"fusion-clearfix\"><\/div><\/div><\/div><div class=\"fusion-layout-column fusion_builder_column fusion-builder-column-4 fusion_builder_column_1_2 1_2 fusion-one-half fusion-column-last fusion-column-inner-bg-wrapper fusion-column-liftup-border caja_secciones\" style=\"--awb-inner-bg-size:cover;width:50%;width:calc(50% - ( ( 4% ) * 0.5 ) );\"><span class=\"fusion-column-inner-bg hover-type-liftup\"><a class=\"fusion-column-anchor\" href=\"http:\/\/las-nuevas-tecnologias\/\"><span class=\"fusion-column-inner-bg-image\"><\/span><\/a><\/span><div class=\"fusion-column-wrapper fusion-flex-column-wrapper-legacy\"><div class=\"fusion-image-element in-legacy-container\" style=\"--awb-caption-title-font-family:var(--h2_typography-font-family);--awb-caption-title-font-weight:var(--h2_typography-font-weight);--awb-caption-title-font-style:var(--h2_typography-font-style);--awb-caption-title-size:var(--h2_typography-font-size);--awb-caption-title-transform:var(--h2_typography-text-transform);--awb-caption-title-line-height:var(--h2_typography-line-height);--awb-caption-title-letter-spacing:var(--h2_typography-letter-spacing);\"><span class=\" fusion-imageframe imageframe-none imageframe-4 hover-type-zoomin\"><img decoding=\"async\" width=\"300\" height=\"200\" title=\"Les noves tecnologies\" src=\"https:\/\/firagran.com\/wp-content\/uploads\/noves_tecnologies-300x200.jpg\" alt class=\"img-responsive wp-image-2840\" srcset=\"https:\/\/firagran.com\/wp-content\/uploads\/noves_tecnologies-200x133.jpg 200w, https:\/\/firagran.com\/wp-content\/uploads\/noves_tecnologies-400x267.jpg 400w, https:\/\/firagran.com\/wp-content\/uploads\/noves_tecnologies-600x400.jpg 600w, https:\/\/firagran.com\/wp-content\/uploads\/noves_tecnologies.jpg 696w\" sizes=\"(max-width: 1080px) 100vw, 600px\" \/><\/span><\/div><div class=\"fusion-text fusion-text-5\"><h3>Las nuevas tecnolog\u00edas<\/h3>\n<p>El uso de las nuevas tecnolog\u00edas no tiene edad y nos facilitan las actividades cotidianas.<\/p>\n<\/div><div class=\"fusion-clearfix\"><\/div><\/div><\/div><div class=\"fusion-layout-column fusion_builder_column fusion-builder-column-5 fusion_builder_column_1_2 1_2 fusion-one-half fusion-column-first fusion-column-inner-bg-wrapper fusion-column-liftup-border caja_secciones\" style=\"--awb-inner-bg-size:cover;width:50%;width:calc(50% - ( ( 4% ) * 0.5 ) );margin-right: 4%;\"><span class=\"fusion-column-inner-bg hover-type-liftup\"><a class=\"fusion-column-anchor\" href=\"http:\/\/turismo\/\"><span class=\"fusion-column-inner-bg-image\"><\/span><\/a><\/span><div class=\"fusion-column-wrapper fusion-flex-column-wrapper-legacy\"><div class=\"fusion-image-element in-legacy-container\" style=\"--awb-caption-title-font-family:var(--h2_typography-font-family);--awb-caption-title-font-weight:var(--h2_typography-font-weight);--awb-caption-title-font-style:var(--h2_typography-font-style);--awb-caption-title-size:var(--h2_typography-font-size);--awb-caption-title-transform:var(--h2_typography-text-transform);--awb-caption-title-line-height:var(--h2_typography-line-height);--awb-caption-title-letter-spacing:var(--h2_typography-letter-spacing);\"><span class=\" fusion-imageframe imageframe-none imageframe-5 hover-type-zoomin\"><img decoding=\"async\" width=\"300\" height=\"200\" title=\"Turisme\" src=\"https:\/\/firagran.com\/wp-content\/uploads\/turisme-300x200.jpg\" alt class=\"img-responsive wp-image-2844\" srcset=\"https:\/\/firagran.com\/wp-content\/uploads\/turisme-200x133.jpg 200w, https:\/\/firagran.com\/wp-content\/uploads\/turisme-400x267.jpg 400w, https:\/\/firagran.com\/wp-content\/uploads\/turisme-600x400.jpg 600w, https:\/\/firagran.com\/wp-content\/uploads\/turisme.jpg 696w\" sizes=\"(max-width: 1080px) 100vw, 600px\" \/><\/span><\/div><div class=\"fusion-text fusion-text-6\"><h3>Turismo<\/h3>\n<p>\u00bfAhora tienes todo el tiempo que no has tenido nunca? Aprovecha y avent\u00farate a descubrir el mundo!<\/p>\n<\/div><div class=\"fusion-clearfix\"><\/div><\/div><\/div><div class=\"fusion-layout-column fusion_builder_column fusion-builder-column-6 fusion_builder_column_1_2 1_2 fusion-one-half fusion-column-last fusion-column-inner-bg-wrapper fusion-column-liftup-border caja_secciones\" style=\"--awb-inner-bg-size:cover;width:50%;width:calc(50% - ( ( 4% ) * 0.5 ) );\"><span class=\"fusion-column-inner-bg hover-type-liftup\"><a class=\"fusion-column-anchor\" href=\"http:\/\/voluntariado\/\"><span class=\"fusion-column-inner-bg-image\"><\/span><\/a><\/span><div class=\"fusion-column-wrapper fusion-flex-column-wrapper-legacy\"><div class=\"fusion-image-element in-legacy-container\" style=\"--awb-caption-title-font-family:var(--h2_typography-font-family);--awb-caption-title-font-weight:var(--h2_typography-font-weight);--awb-caption-title-font-style:var(--h2_typography-font-style);--awb-caption-title-size:var(--h2_typography-font-size);--awb-caption-title-transform:var(--h2_typography-text-transform);--awb-caption-title-line-height:var(--h2_typography-line-height);--awb-caption-title-letter-spacing:var(--h2_typography-letter-spacing);\"><span class=\" fusion-imageframe imageframe-none imageframe-6 hover-type-zoomin\"><img decoding=\"async\" width=\"300\" height=\"200\" title=\"Voluntariat\" src=\"https:\/\/firagran.com\/wp-content\/uploads\/voluntariat-300x200.jpg\" alt class=\"img-responsive wp-image-2849\" srcset=\"https:\/\/firagran.com\/wp-content\/uploads\/voluntariat-200x133.jpg 200w, https:\/\/firagran.com\/wp-content\/uploads\/voluntariat-400x267.jpg 400w, https:\/\/firagran.com\/wp-content\/uploads\/voluntariat-600x400.jpg 600w, https:\/\/firagran.com\/wp-content\/uploads\/voluntariat.jpg 696w\" sizes=\"(max-width: 1080px) 100vw, 600px\" \/><\/span><\/div><div class=\"fusion-text fusion-text-7\"><h3>Voluntariado<\/h3>\n<p>Hacerse mayor tiene muchas ventajas: es el momento de disfrutar de los ratos de ocio.<\/p>\n<\/div><div class=\"fusion-clearfix\"><\/div><\/div><\/div><\/div><\/div><\/p>\n","protected":false},"excerpt":{"rendered":"","protected":false},"author":1,"featured_media":2798,"parent":0,"menu_order":0,"comment_status":"closed","ping_status":"closed","template":"","meta":{"footnotes":""},"class_list":["post-2797","page","type-page","status-publish","has-post-thumbnail","hentry"],"_links":{"self":[{"href":"https:\/\/firagran.com\/es\/wp-json\/wp\/v2\/pages\/2797","targetHints":{"allow":["GET"]}}],"collection":[{"href":"https:\/\/firagran.com\/es\/wp-json\/wp\/v2\/pages"}],"about":[{"href":"https:\/\/firagran.com\/es\/wp-json\/wp\/v2\/types\/page"}],"author":[{"embeddable":true,"href":"https:\/\/firagran.com\/es\/wp-json\/wp\/v2\/users\/1"}],"replies":[{"embeddable":true,"href":"https:\/\/firagran.com\/es\/wp-json\/wp\/v2\/comments?post=2797"}],"version-history":[{"count":5,"href":"https:\/\/firagran.com\/es\/wp-json\/wp\/v2\/pages\/2797\/revisions"}],"predecessor-version":[{"id":13857,"href":"https:\/\/firagran.com\/es\/wp-json\/wp\/v2\/pages\/2797\/revisions\/13857"}],"wp:featuredmedia":[{"embeddable":true,"href":"https:\/\/firagran.com\/es\/wp-json\/wp\/v2\/media\/2798"}],"wp:attachment":[{"href":"https:\/\/firagran.com\/es\/wp-json\/wp\/v2\/media?parent=2797"}],"curies":[{"name":"wp","href":"https:\/\/api.w.org\/{rel}","templated":true}]}}