{"id":2801,"date":"2017-03-29T19:38:46","date_gmt":"2017-03-29T18:38:46","guid":{"rendered":"https:\/\/firagran.com\/envejecimiento-activo\/casals-de-gent-gran\/"},"modified":"2017-04-26T20:06:30","modified_gmt":"2017-04-26T19:06:30","slug":"casales-para-personas-mayores","status":"publish","type":"page","link":"https:\/\/firagran.com\/es\/envejecimiento-activo\/casales-para-personas-mayores\/","title":{"rendered":"Casales para personas mayores"},"content":{"rendered":"<p><div class=\"fusion-fullwidth fullwidth-box fusion-builder-row-1 nonhundred-percent-fullwidth non-hundred-percent-height-scrolling\" style=\"--awb-border-radius-top-left:0px;--awb-border-radius-top-right:0px;--awb-border-radius-bottom-right:0px;--awb-border-radius-bottom-left:0px;--awb-flex-wrap:wrap;\" ><div class=\"fusion-builder-row fusion-row\"><div class=\"fusion-layout-column fusion_builder_column fusion-builder-column-0 fusion_builder_column_1_1 1_1 fusion-one-full fusion-column-first fusion-column-last\" style=\"--awb-bg-size:cover;\"><div class=\"fusion-column-wrapper fusion-flex-column-wrapper-legacy\"><div class=\"fusion-text fusion-text-1\"><p>Los casales de personas mayores son equipamientos c\u00edvicos destinados al colectivo de la tercera edad, que tienen como finalidad promover su bienestar y su participaci\u00f3n como miembros activos en la sociedad.<\/p>\n<p><strong>Estos espacios ofrecen a sus usuarios la posibilidad de disfrutar de servicios y actividades que tienen como objetivo fomentar la convivencia, las relaciones intergeneracionales y la participaci\u00f3n en la comunidad.<\/strong><\/p>\n<p>Hay casales de personas mayores que dependen del Ayuntamiento, otros de la Generalitat de Catalunya y tambi\u00e9n los que dependen de fundaciones de entidades financieras. Cada uno tiene su propia normativa, gesti\u00f3n y programa de actividades.<\/p>\n<\/div><div class=\"fusion-clearfix\"><\/div><\/div><\/div><\/div><\/div><div class=\"fusion-fullwidth fullwidth-box fusion-builder-row-2 nonhundred-percent-fullwidth non-hundred-percent-height-scrolling titulos_interiores\" style=\"--awb-border-radius-top-left:0px;--awb-border-radius-top-right:0px;--awb-border-radius-bottom-right:0px;--awb-border-radius-bottom-left:0px;--awb-flex-wrap:wrap;\" ><div class=\"fusion-builder-row fusion-row\"><div class=\"fusion-layout-column fusion_builder_column fusion-builder-column-1 fusion_builder_column_1_1 1_1 fusion-one-full fusion-column-first fusion-column-last\" style=\"--awb-bg-size:cover;\"><div class=\"fusion-column-wrapper fusion-flex-column-wrapper-legacy\"><div class=\"fusion-text fusion-text-2\"><h4><strong>Los requisitos que se tienen que cumplir son:<\/strong><\/h4>\n<\/div><div class=\"fusion-text fusion-text-3\"><ul>\n<li>Residir en el territorio de Catalunya. <\/li>\n<li>Haber cumplido los 60 a\u00f1os. <\/li>\n<li>Ser pensionista o trabajador en paro mayor de 52 a\u00f1os y, en todos los supuestos de edad, sus c\u00f3nyuges o personas con an\u00e1loga relaci\u00f3n de afectividad.<\/li>\n<\/ul>\n<\/div><div class=\"fusion-clearfix\"><\/div><\/div><\/div><\/div><\/div><div class=\"fusion-fullwidth fullwidth-box fusion-builder-row-3 nonhundred-percent-fullwidth non-hundred-percent-height-scrolling titulos_interiores\" style=\"--awb-border-radius-top-left:0px;--awb-border-radius-top-right:0px;--awb-border-radius-bottom-right:0px;--awb-border-radius-bottom-left:0px;--awb-flex-wrap:wrap;\" ><div class=\"fusion-builder-row fusion-row\"><div class=\"fusion-layout-column fusion_builder_column fusion-builder-column-2 fusion_builder_column_1_1 1_1 fusion-one-full fusion-column-first fusion-column-last\" style=\"--awb-bg-size:cover;\"><div class=\"fusion-column-wrapper fusion-flex-column-wrapper-legacy\"><div class=\"fusion-text fusion-text-4\"><h4><strong>Carn\u00e9 de Persona Usuaria<\/strong><\/h4>\n<\/div><div class=\"fusion-text fusion-text-5\"><ul>\n<li><strong>Para obtener el carn\u00e9 de persona usuaria hay que contactar con el casal de gente mayor m\u00e1s cercano al lugar de residencia y formalizar la solicitud. <\/strong>Para realizar esta petici\u00f3n se tiene que presentar el DNI y, en los casos de los pensionistas y de los trabajadores mayores de 52 a\u00f1os, un documento que acredite las condiciones citadas.<\/li>\n<\/ul>\n<\/div><div class=\"fusion-clearfix\"><\/div><\/div><\/div><\/div><\/div><div class=\"fusion-fullwidth fullwidth-box fusion-builder-row-4 nonhundred-percent-fullwidth non-hundred-percent-height-scrolling titulos_interiores\" style=\"--awb-border-radius-top-left:0px;--awb-border-radius-top-right:0px;--awb-border-radius-bottom-right:0px;--awb-border-radius-bottom-left:0px;--awb-flex-wrap:wrap;\" ><div class=\"fusion-builder-row fusion-row\"><div class=\"fusion-layout-column fusion_builder_column fusion-builder-column-3 fusion_builder_column_1_1 1_1 fusion-one-full fusion-column-first fusion-column-last\" style=\"--awb-bg-size:cover;\"><div class=\"fusion-column-wrapper fusion-flex-column-wrapper-legacy\"><div class=\"fusion-text fusion-text-6\"><h4><strong>Actividades<\/strong><\/h4>\n<\/div><div class=\"fusion-text fusion-text-7\"><p>En los casales de personas mayores se llevan a cabo:<\/p>\n<ul class=\"td-arrow-list\">\n<li>Actividades formativas, deportivas, artesanales, musicales, de aproximaci\u00f3n a las nuevas tecnolog\u00edas, etc. dise\u00f1adas a partir de las propuestas de los usuarios de cada equipamiento. <\/li>\n<li>Participaci\u00f3n en intercambios culturales y encuentros con otros casales de toda Catalunya.<\/li>\n<\/ul>\n<\/div><div class=\"fusion-clearfix\"><\/div><\/div><\/div><\/div><\/div><div class=\"fusion-fullwidth fullwidth-box fusion-builder-row-5 nonhundred-percent-fullwidth non-hundred-percent-height-scrolling titulos_interiores\" style=\"--awb-border-radius-top-left:0px;--awb-border-radius-top-right:0px;--awb-border-radius-bottom-right:0px;--awb-border-radius-bottom-left:0px;--awb-flex-wrap:wrap;\" ><div class=\"fusion-builder-row fusion-row\"><div class=\"fusion-layout-column fusion_builder_column fusion-builder-column-4 fusion_builder_column_1_1 1_1 fusion-one-full fusion-column-first fusion-column-last\" style=\"--awb-bg-size:cover;\"><div class=\"fusion-column-wrapper fusion-flex-column-wrapper-legacy\"><div class=\"fusion-text fusion-text-8\"><h4><strong>Servicios<\/strong><\/h4>\n<\/div><div class=\"fusion-text fusion-text-9\"><p>Instalaciones: cafeter\u00eda-comedor, biblioteca, sala de lectura con prensa diaria, salas de actividades, mediatecas, aulas inform\u00e1ticas, entre otras. <\/p>\n<p>Tambi\u00e9n se realizan actividades y se ofrecen servicios que se ajustan a las necesidades de acuerdo con la cultura, las costumbres o las tradiciones de las personas mayores.<\/p>\n<\/div><div class=\"fusion-clearfix\"><\/div><\/div><\/div><\/div><\/div><div class=\"fusion-fullwidth fullwidth-box fusion-builder-row-6 nonhundred-percent-fullwidth non-hundred-percent-height-scrolling caja_enlaces\" style=\"--awb-border-radius-top-left:0px;--awb-border-radius-top-right:0px;--awb-border-radius-bottom-right:0px;--awb-border-radius-bottom-left:0px;--awb-flex-wrap:wrap;\" ><div class=\"fusion-builder-row fusion-row\"><div class=\"fusion-layout-column fusion_builder_column fusion-builder-column-5 fusion_builder_column_1_1 1_1 fusion-one-full fusion-column-first fusion-column-last\" style=\"--awb-bg-size:cover;\"><div class=\"fusion-column-wrapper fusion-flex-column-wrapper-legacy\"><div class=\"fusion-text fusion-text-10\"><h5>Enlaces de inter\u00e9s:<\/h5>\n<\/div><div class=\"fusion-sep-clear\"><\/div><div class=\"fusion-separator fusion-clearfix\" style=\"float:left;width:100%;max-width:20px;\"><\/div><div class=\"fusion-sep-clear\"><\/div><div class=\"fusion-text fusion-text-11\"><ul class=\"td-arrow-list\">\n<li><a href=\"http:\/\/treballiaferssocials.gencat.cat\/ca\/serveis\/equipaments_civics_i_activitats\/casals_gent_gran\" target=\"_blank\" rel=\"noopener noreferrer\">Casales de personas mayores \u2013\u00a0Departamento de Trabajo, Asuntos Sociales y Familias<\/a><\/li>\n<li><a href=\"http:\/\/treballiaferssocials.gencat.cat\/ca\/serveis\/equipaments_civics_i_activitats\/casals_gent_gran\/adreces_activitats\/\" target=\"_blank\" rel=\"noopener noreferrer\">Direcciones y actividades de los casales de personas mayores<\/a><\/li>\n<li><a href=\"http:\/\/xecat.gencat.cat\/equipaments-civics\" target=\"_blank\" rel=\"noopener noreferrer\">Xecat \u2013 Equipamientos C\u00edvicos<\/a><\/li>\n<li><a href=\"http:\/\/guia.barcelona.cat\/es\/llistat?pg=search&#038;cerca=*:*&#038;tr=620&#038;sort=namesort,asc&#038;af=code_prop&#038;c=00620*&#038;code0=0062001004&#038;code1=0062002004015&#038;nr=10&#038;code2=0062003004015001 \" target=\"_blank\" rel=\"noopener noreferrer\">Gu\u00eda de Barcelona \u2013 \u00a0Asociaciones y Casales de Barcelona<\/a><\/li>\n<\/ul>\n<\/div><div class=\"fusion-clearfix\"><\/div><\/div><\/div><\/div><\/div><\/p>\n","protected":false},"excerpt":{"rendered":"","protected":false},"author":1,"featured_media":2802,"parent":2797,"menu_order":0,"comment_status":"closed","ping_status":"closed","template":"","meta":{"footnotes":""},"class_list":["post-2801","page","type-page","status-publish","has-post-thumbnail","hentry"],"_links":{"self":[{"href":"https:\/\/firagran.com\/es\/wp-json\/wp\/v2\/pages\/2801","targetHints":{"allow":["GET"]}}],"collection":[{"href":"https:\/\/firagran.com\/es\/wp-json\/wp\/v2\/pages"}],"about":[{"href":"https:\/\/firagran.com\/es\/wp-json\/wp\/v2\/types\/page"}],"author":[{"embeddable":true,"href":"https:\/\/firagran.com\/es\/wp-json\/wp\/v2\/users\/1"}],"replies":[{"embeddable":true,"href":"https:\/\/firagran.com\/es\/wp-json\/wp\/v2\/comments?post=2801"}],"version-history":[{"count":2,"href":"https:\/\/firagran.com\/es\/wp-json\/wp\/v2\/pages\/2801\/revisions"}],"predecessor-version":[{"id":2804,"href":"https:\/\/firagran.com\/es\/wp-json\/wp\/v2\/pages\/2801\/revisions\/2804"}],"up":[{"embeddable":true,"href":"https:\/\/firagran.com\/es\/wp-json\/wp\/v2\/pages\/2797"}],"wp:featuredmedia":[{"embeddable":true,"href":"https:\/\/firagran.com\/es\/wp-json\/wp\/v2\/media\/2802"}],"wp:attachment":[{"href":"https:\/\/firagran.com\/es\/wp-json\/wp\/v2\/media?parent=2801"}],"curies":[{"name":"wp","href":"https:\/\/api.w.org\/{rel}","templated":true}]}}