{"id":2809,"date":"2017-03-29T19:55:50","date_gmt":"2017-03-29T18:55:50","guid":{"rendered":"https:\/\/firagran.com\/envejecimiento-activo\/formacion\/universitat-de-lexperiencia\/"},"modified":"2017-04-27T15:56:46","modified_gmt":"2017-04-27T14:56:46","slug":"universidad-de-la-experiencia","status":"publish","type":"page","link":"https:\/\/firagran.com\/es\/envejecimiento-activo\/formacion\/universidad-de-la-experiencia\/","title":{"rendered":"Universidad de la Experiencia"},"content":{"rendered":"<p><div class=\"fusion-fullwidth fullwidth-box fusion-builder-row-1 nonhundred-percent-fullwidth non-hundred-percent-height-scrolling\" style=\"--awb-border-radius-top-left:0px;--awb-border-radius-top-right:0px;--awb-border-radius-bottom-right:0px;--awb-border-radius-bottom-left:0px;--awb-flex-wrap:wrap;\" ><div class=\"fusion-builder-row fusion-row\"><div class=\"fusion-layout-column fusion_builder_column fusion-builder-column-0 fusion_builder_column_1_1 1_1 fusion-one-full fusion-column-first fusion-column-last\" style=\"--awb-bg-size:cover;\"><div class=\"fusion-column-wrapper fusion-flex-column-wrapper-legacy\"><div class=\"fusion-text fusion-text-1\"><p><strong>La Universidad de la Experiencia de la UB inici\u00f3 su funcionamiento en el curso 2010-2011 y des de su creaci\u00f3n no ha dejado de ampliar la oferta formativa, que se dirig\u00ed a persones de m\u00e1s de cincuenta y cinco a\u00f1os, a las que no se exige tener ning\u00fan requisito formativo previo.<\/strong><\/p>\n<p>Los objetivos de la Universidad de la Experiencia son:<\/p>\n<ul>\n<li>Posibilitar la formaci\u00f3n universitaria y la promoci\u00f3n de la cultura en la etapa avanzada de la vida.<\/li>\n<li>Facilitar la integraci\u00f3n de las personas mayores en el contexto sociocultural que representa la universidad.<\/li>\n<li>Favorecer la comunicaci\u00f3n intergeneracional a trav\u00e9s de los estudios universitarios.<\/li>\n<li>Ofrecer un lugar de encuentro donde el alumnado comparta una experiencia cultural nueva.<\/li>\n<\/ul>\n<p>La Universidad de la Experiencia ofrece programas universitarios integrados, estructurados en a\u00f1os acad\u00e9micos, en que el estudiante mayor puede acceder a un nivel de formaci\u00f3n mucho m\u00e1s profundo. El modelo formativo es de car\u00e1cter intergeneracional, en el que el estudiante mayor comparte la experiencia formativa con el m\u00e1s joven.<\/p>\n<\/div><div class=\"fusion-clearfix\"><\/div><\/div><\/div><\/div><\/div><div class=\"fusion-fullwidth fullwidth-box fusion-builder-row-2 nonhundred-percent-fullwidth non-hundred-percent-height-scrolling titulos_interiores\" style=\"--awb-border-radius-top-left:0px;--awb-border-radius-top-right:0px;--awb-border-radius-bottom-right:0px;--awb-border-radius-bottom-left:0px;--awb-flex-wrap:wrap;\" ><div class=\"fusion-builder-row fusion-row\"><div class=\"fusion-layout-column fusion_builder_column fusion-builder-column-1 fusion_builder_column_1_1 1_1 fusion-one-full fusion-column-first fusion-column-last\" style=\"--awb-bg-size:cover;\"><div class=\"fusion-column-wrapper fusion-flex-column-wrapper-legacy\"><div class=\"fusion-text fusion-text-2\"><h4><strong>Programas formativos<\/strong><\/h4>\n<\/div><div class=\"fusion-clearfix\"><\/div><\/div><\/div><div class=\"fusion-layout-column fusion_builder_column fusion-builder-column-2 fusion_builder_column_1_2 1_2 fusion-one-half fusion-column-first\" style=\"--awb-bg-size:cover;width:50%;width:calc(50% - ( ( 4% ) * 0.5 ) );margin-right: 4%;\"><div class=\"fusion-column-wrapper fusion-flex-column-wrapper-legacy\"><div class=\"fusion-text fusion-text-3\"><ul>\n<li>Alimentaci\u00f3n y gastronom\u00eda<\/li>\n<li>Astronom\u00eda y Meteorolog\u00eda<\/li>\n<li>Bellas artes<\/li>\n<li>Bibliotecas y Archivos en la Era Digital<\/li>\n<li>Biolog\u00eda: Hombre y Biodiversidad<\/li>\n<\/ul>\n<\/div><div class=\"fusion-clearfix\"><\/div><\/div><\/div><div class=\"fusion-layout-column fusion_builder_column fusion-builder-column-3 fusion_builder_column_1_2 1_2 fusion-one-half fusion-column-last\" style=\"--awb-bg-size:cover;width:50%;width:calc(50% - ( ( 4% ) * 0.5 ) );\"><div class=\"fusion-column-wrapper fusion-flex-column-wrapper-legacy\"><div class=\"fusion-text fusion-text-4\"><ul>\n<li>Ciencias de la salud<\/li>\n<li>Educaci\u00f3n y Transformaci\u00f3n<\/li>\n<li>Filosof\u00eda<\/li>\n<li>Historia del Arte<\/li>\n<li>Historia, sociedad y territorio<\/li>\n<li>Lenguas y Literaturas<\/li>\n<li>Psicolog\u00eda<\/li>\n<\/ul>\n<\/div><div class=\"fusion-clearfix\"><\/div><\/div><\/div><\/div><\/div><div class=\"fusion-fullwidth fullwidth-box fusion-builder-row-3 nonhundred-percent-fullwidth non-hundred-percent-height-scrolling titulos_interiores\" style=\"--awb-border-radius-top-left:0px;--awb-border-radius-top-right:0px;--awb-border-radius-bottom-right:0px;--awb-border-radius-bottom-left:0px;--awb-flex-wrap:wrap;\" ><div class=\"fusion-builder-row fusion-row\"><div class=\"fusion-layout-column fusion_builder_column fusion-builder-column-4 fusion_builder_column_1_1 1_1 fusion-one-full fusion-column-first fusion-column-last\" style=\"--awb-bg-size:cover;\"><div class=\"fusion-column-wrapper fusion-flex-column-wrapper-legacy\"><div class=\"fusion-text fusion-text-5\"><h4>Caracter\u00edsticas b\u00e1sicas para el alumnado del primer curso<\/h4>\n<\/div><div class=\"fusion-text fusion-text-6\"><ul>\n<li>La duraci\u00f3n de los programas es de <strong>uno o dos cursos acad\u00e9micos<\/strong>. Algunos programas ofrecen un curso de ampliaci\u00f3n. El curso se divide en <strong>dos semestres<\/strong>: de septiembre a enero y de febrero a junio.<\/li>\n<li><strong>Mediante asignaturas optativas se comparten clases con estudiantes de Grado<\/strong>. A cada asignatura o grupo de la asignatura optativa, s\u00f3lo se matriculan cinco alumnos.<\/li>\n<li><strong>No hay ex\u00e1menes ni evaluaciones<\/strong>. Al empezar el curso, cada docente establece la metodolog\u00eda docente. Los trabajos siempre son voluntarios.<\/li>\n<li><strong>Se tiene que asistir a un m\u00ednimo del 80% de las clases<\/strong> para obtener el certificado de la Universidad de la Experiencia al finalizar cada programa de estudios.<\/li>\n<li><strong>Las asignaturas cursadas no se pueden convalidar en ninguna otra ense\u00f1anza<\/strong>, dado que no son estudios regularizados y, por lo tanto, no tienen reconocimiento acad\u00e9mico.<\/li>\n<li>La preinscripci\u00f3n y la matr\u00edcula es <strong>para un curso entero<\/strong>.<\/li>\n<\/ul>\n<\/div><div class=\"fusion-clearfix\"><\/div><\/div><\/div><\/div><\/div><div class=\"fusion-fullwidth fullwidth-box fusion-builder-row-4 nonhundred-percent-fullwidth non-hundred-percent-height-scrolling caja_enlaces\" style=\"--awb-border-radius-top-left:0px;--awb-border-radius-top-right:0px;--awb-border-radius-bottom-right:0px;--awb-border-radius-bottom-left:0px;--awb-flex-wrap:wrap;\" ><div class=\"fusion-builder-row fusion-row\"><div class=\"fusion-layout-column fusion_builder_column fusion-builder-column-5 fusion_builder_column_1_1 1_1 fusion-one-full fusion-column-first fusion-column-last\" style=\"--awb-bg-size:cover;\"><div class=\"fusion-column-wrapper fusion-flex-column-wrapper-legacy\"><div class=\"fusion-text fusion-text-7\"><h5>Para m\u00e1s informaci\u00f3n:<\/h5>\n<\/div><div class=\"fusion-sep-clear\"><\/div><div class=\"fusion-separator fusion-clearfix\" style=\"float:left;width:100%;max-width:20px;\"><\/div><div class=\"fusion-sep-clear\"><\/div><div class=\"fusion-text fusion-text-8\"><ul class=\"td-arrow-list\">\n<li><a href=\"http:\/\/www.ub.edu\/experiencia\/index.php\" target=\"_blank\" rel=\"noopener noreferrer\">Web oficial de la Universidad de la Experiencia<\/a><\/li>\n<\/ul>\n<\/div><div class=\"fusion-clearfix\"><\/div><\/div><\/div><\/div><\/div><div class=\"fusion-fullwidth fullwidth-box fusion-builder-row-5 nonhundred-percent-fullwidth non-hundred-percent-height-scrolling\" style=\"--awb-border-radius-top-left:0px;--awb-border-radius-top-right:0px;--awb-border-radius-bottom-right:0px;--awb-border-radius-bottom-left:0px;--awb-flex-wrap:wrap;\" ><div class=\"fusion-builder-row fusion-row\"><div class=\"fusion-layout-column fusion_builder_column fusion-builder-column-6 fusion_builder_column_1_2 1_2 fusion-one-half fusion-column-first\" style=\"--awb-bg-size:cover;width:50%;width:calc(50% - ( ( 4% ) * 0.5 ) );margin-right: 4%;\"><div class=\"fusion-column-wrapper fusion-flex-column-wrapper-legacy\"><div class=\"fusion-clearfix\"><\/div><\/div><\/div><div class=\"fusion-layout-column fusion_builder_column fusion-builder-column-7 fusion_builder_column_1_2 1_2 fusion-one-half fusion-column-last\" style=\"--awb-bg-size:cover;width:50%;width:calc(50% - ( ( 4% ) * 0.5 ) );\"><div class=\"fusion-column-wrapper fusion-flex-column-wrapper-legacy\"><div class=\"fusion-button-wrapper fusion-alignright\"><a class=\"fusion-button button-flat fusion-button-default-size button-default fusion-button-default button-1 fusion-button-default-span fusion-button-default-type\" target=\"_self\" href=\"https:\/\/firagran.com\/es\/envejecimiento-activo\/formacion\/aulas-de-extension-universitaria-y-aulas-de-difusion-cultural\/\"><span class=\"fusion-button-text awb-button__text awb-button__text--default fusion-button-text-right\">Aulas de Extensi\u00f3n Universitaria y Aulas de Difusi\u00f3n Cultural<\/span><span class=\"fusion-button-icon-divider button-icon-divider-right\"><i class=\" fa fa-chevron-right awb-button__icon awb-button__icon--default\" aria-hidden=\"true\"><\/i><\/span><\/a><\/div><div class=\"fusion-clearfix\"><\/div><\/div><\/div><\/div><\/div><\/p>\n","protected":false},"excerpt":{"rendered":"","protected":false},"author":1,"featured_media":2810,"parent":2806,"menu_order":0,"comment_status":"closed","ping_status":"closed","template":"","meta":{"footnotes":""},"class_list":["post-2809","page","type-page","status-publish","has-post-thumbnail","hentry"],"_links":{"self":[{"href":"https:\/\/firagran.com\/es\/wp-json\/wp\/v2\/pages\/2809","targetHints":{"allow":["GET"]}}],"collection":[{"href":"https:\/\/firagran.com\/es\/wp-json\/wp\/v2\/pages"}],"about":[{"href":"https:\/\/firagran.com\/es\/wp-json\/wp\/v2\/types\/page"}],"author":[{"embeddable":true,"href":"https:\/\/firagran.com\/es\/wp-json\/wp\/v2\/users\/1"}],"replies":[{"embeddable":true,"href":"https:\/\/firagran.com\/es\/wp-json\/wp\/v2\/comments?post=2809"}],"version-history":[{"count":4,"href":"https:\/\/firagran.com\/es\/wp-json\/wp\/v2\/pages\/2809\/revisions"}],"predecessor-version":[{"id":2837,"href":"https:\/\/firagran.com\/es\/wp-json\/wp\/v2\/pages\/2809\/revisions\/2837"}],"up":[{"embeddable":true,"href":"https:\/\/firagran.com\/es\/wp-json\/wp\/v2\/pages\/2806"}],"wp:featuredmedia":[{"embeddable":true,"href":"https:\/\/firagran.com\/es\/wp-json\/wp\/v2\/media\/2810"}],"wp:attachment":[{"href":"https:\/\/firagran.com\/es\/wp-json\/wp\/v2\/media?parent=2809"}],"curies":[{"name":"wp","href":"https:\/\/api.w.org\/{rel}","templated":true}]}}