{"id":2813,"date":"2017-03-29T19:44:56","date_gmt":"2017-03-29T18:44:56","guid":{"rendered":"https:\/\/firagran.com\/envejecimiento-activo\/entitats-de-gent-gran\/"},"modified":"2022-02-07T14:00:48","modified_gmt":"2022-02-07T13:00:48","slug":"entidades-de-personas-mayores","status":"publish","type":"page","link":"https:\/\/firagran.com\/es\/envejecimiento-activo\/entidades-de-personas-mayores\/","title":{"rendered":"Entidades de personas mayores"},"content":{"rendered":"<p><div class=\"fusion-fullwidth fullwidth-box fusion-builder-row-1 nonhundred-percent-fullwidth non-hundred-percent-height-scrolling\" style=\"--awb-border-radius-top-left:0px;--awb-border-radius-top-right:0px;--awb-border-radius-bottom-right:0px;--awb-border-radius-bottom-left:0px;--awb-flex-wrap:wrap;\" ><div class=\"fusion-builder-row fusion-row\"><div class=\"fusion-layout-column fusion_builder_column fusion-builder-column-0 fusion_builder_column_1_1 1_1 fusion-one-full fusion-column-first fusion-column-last\" style=\"--awb-bg-size:cover;\"><div class=\"fusion-column-wrapper fusion-flex-column-wrapper-legacy\"><div class=\"fusion-text fusion-text-1\"><p>Las entidades tienen forma jur\u00eddica de asociaciones, federaciones, clubes, fundaciones, colegios y asociaciones profesionales, sindicatos y patronales o partidos pol\u00edticos. Estos grupos se dedican a diferentes \u00e1mbitos: cultural, social, sanitario, deportivo, investigaci\u00f3n, formaci\u00f3n o pol\u00edtica y tambi\u00e9n trabajan con diferentes colectivos: infantil, juvenil, adultos y personas mayores.<\/p>\n<p>La participaci\u00f3n social es una fuente de beneficios para todo el mundo, sin importar la edad, la salud, la educaci\u00f3n o la experiencia previa. Cuando se participa de forma regular, mejora nuestra autoestima y aumenta nuestra relaci\u00f3n con nuestro entorno, que puede ser nuestro barrio, el medio ambiente o ayudar los dem\u00e1s. Adem\u00e1s, con la participaci\u00f3n se favorecen las relaciones personales, tenemos oportunidad de conocer otros puntos de vista y nos podemos sentir m\u00e1s valiosos socialmente. Se puede participar de varias maneras: asistiendo a debates en los centros c\u00edvicos o en los casales de personas mayores, asoci\u00e1ndose en alguna entidad de la ciudad o apunt\u00e1ndose en programas de voluntariado.<\/p>\n<\/div><div class=\"fusion-text fusion-text-2\"><h4><strong>La Gu\u00eda de Entidades<\/strong><\/h4>\n<p>Es una aplicaci\u00f3n que permite acceder a los datos identificativos de las entidades.<br \/>\n<strong><a href=\"http:\/\/justicia.gencat.cat\/ca\/serveis\/guia_d_entitats\/index.html\" target=\"_blank\" rel=\"noopener noreferrer\">Acceder a la Gu\u00eda de Entidades<\/a><\/strong><\/p>\n<h4><strong>Mapa de entidades sociales<\/strong><\/h4>\n<p>El Tercer Sector Social es el conjunto de entidades privadas sin af\u00e1n de lucro que trabajan por la inclusi\u00f3n y la cohesi\u00f3n social, con especial atenci\u00f3n en los colectivos m\u00e1s vulnerables de la sociedad.<br \/>\n<strong><a href=\"http:\/\/www.tercersector.cat\/mapa\" target=\"_blank\" rel=\"noopener noreferrer\">Acceder al Mapa de Entidades Sociales<\/a><\/strong><\/p>\n<h4><strong>Consejos Consultivos de las Personas Mayores<\/strong><\/h4>\n<p>Son \u00f3rganos de consulta y de participaci\u00f3n, integrados por las asociaciones de personas mayores de las diferentes comarcas de Catalunya. Est\u00e1n creados con el objetivo de coordinar, potenciar y canalizar los aspectos que tienen relaci\u00f3n con las personas de la tercera edad y las asociaciones de la comarca.<\/p>\n<h4><strong>Federaci\u00f3n de Asociaciones de Personas Mayores de Catalunya:<\/strong><\/h4>\n<ul class=\"td-arrow-list\">\n<li><a href=\"http:\/\/www.fatec.cat\/\" target=\"_blank\" rel=\"noopener noreferrer\">FATEC \u2013 Federaci\u00f3n de Asociaciones de Personas mayores de Catalu\u00f1a<\/a><\/li>\n<li><a href=\"https:\/\/www.bcn.cat\/barcelonainclusiva\/es\/fitxa_federacio_dorganitzacions_catalanes_de_gent_gran_dones_i_familia_119.html\" target=\"_blank\" rel=\"noopener noreferrer\">FOCAGGC \u2013 Federaci\u00f3n de Organizaciones Catalanas de Gente mayor, Mujeres y Familia<\/a><\/li>\n<\/ul>\n<\/div><div class=\"fusion-clearfix\"><\/div><\/div><\/div><\/div><\/div><div class=\"fusion-fullwidth fullwidth-box fusion-builder-row-2 nonhundred-percent-fullwidth non-hundred-percent-height-scrolling caja_enlaces\" style=\"--awb-border-radius-top-left:0px;--awb-border-radius-top-right:0px;--awb-border-radius-bottom-right:0px;--awb-border-radius-bottom-left:0px;--awb-flex-wrap:wrap;\" ><div class=\"fusion-builder-row fusion-row\"><div class=\"fusion-layout-column fusion_builder_column fusion-builder-column-1 fusion_builder_column_1_1 1_1 fusion-one-full fusion-column-first fusion-column-last\" style=\"--awb-bg-size:cover;\"><div class=\"fusion-column-wrapper fusion-flex-column-wrapper-legacy\"><div class=\"fusion-text fusion-text-3\"><h5>Enlaces de inter\u00e9s:<\/h5>\n<\/div><div class=\"fusion-sep-clear\"><\/div><div class=\"fusion-separator fusion-clearfix\" style=\"float:left;width:100%;max-width:20px;\"><\/div><div class=\"fusion-sep-clear\"><\/div><div class=\"fusion-text fusion-text-4\"><ul class=\"td-arrow-list\">\n<li><a href=\"http:\/\/xecat.gencat.cat\/\" target=\"_blank\" rel=\"noopener noreferrer\">XECAT \u2013 Red de Equipamientos C\u00edvicos de Catalu\u00f1a<\/a><\/li>\n<li><a href=\"http:\/\/www.ateneus.cat\/\" target=\"_blank\" rel=\"noopener noreferrer\">Federaci\u00f3n de Centros Sociales de Barcelona<\/a><\/li>\n<\/ul>\n<\/div><div class=\"fusion-clearfix\"><\/div><\/div><\/div><\/div><\/div><div class=\"fusion-fullwidth fullwidth-box fusion-builder-row-3 nonhundred-percent-fullwidth non-hundred-percent-height-scrolling fusion-equal-height-columns\" style=\"--awb-border-radius-top-left:0px;--awb-border-radius-top-right:0px;--awb-border-radius-bottom-right:0px;--awb-border-radius-bottom-left:0px;--awb-flex-wrap:wrap;\" ><div class=\"fusion-builder-row fusion-row\"><div class=\"fusion-layout-column fusion_builder_column fusion-builder-column-2 fusion_builder_column_1_2 1_2 fusion-one-half fusion-column-first fusion-column-inner-bg-wrapper fusion-column-liftup-border caja_secciones\" style=\"--awb-inner-bg-size:cover;width:50%;width:calc(50% - ( ( 4% ) * 0.5 ) );margin-right: 4%;\"><span class=\"fusion-column-inner-bg hover-type-liftup\"><a class=\"fusion-column-anchor\" href=\"http:\/\/consejo-de-las-personas-mayores-de-catalunya\/\"><span class=\"fusion-column-inner-bg-image\"><\/span><\/a><\/span><div class=\"fusion-column-wrapper fusion-flex-column-wrapper-legacy\"><div class=\"fusion-image-element in-legacy-container\" style=\"--awb-caption-title-font-family:var(--h2_typography-font-family);--awb-caption-title-font-weight:var(--h2_typography-font-weight);--awb-caption-title-font-style:var(--h2_typography-font-style);--awb-caption-title-size:var(--h2_typography-font-size);--awb-caption-title-transform:var(--h2_typography-text-transform);--awb-caption-title-line-height:var(--h2_typography-line-height);--awb-caption-title-letter-spacing:var(--h2_typography-letter-spacing);\"><span class=\" fusion-imageframe imageframe-none imageframe-1 hover-type-zoomin\"><img decoding=\"async\" width=\"300\" height=\"200\" title=\"consell_gent_gran_cat\" src=\"https:\/\/firagran.com\/wp-content\/uploads\/consell_gent_gran_cat-300x200.jpg\" alt class=\"img-responsive wp-image-2818\" srcset=\"https:\/\/firagran.com\/wp-content\/uploads\/consell_gent_gran_cat-200x133.jpg 200w, https:\/\/firagran.com\/wp-content\/uploads\/consell_gent_gran_cat-400x267.jpg 400w, https:\/\/firagran.com\/wp-content\/uploads\/consell_gent_gran_cat-600x400.jpg 600w, https:\/\/firagran.com\/wp-content\/uploads\/consell_gent_gran_cat.jpg 696w\" sizes=\"(max-width: 1080px) 100vw, 600px\" \/><\/span><\/div><div class=\"fusion-text fusion-text-5\"><h3><strong>Consejo de las Personas Mayores de Catalunya<\/strong><\/h3>\n<p>A ra\u00edz del protagonismo creciente de las persones mayores en nuestra sociedad y de la necesidad de mejorar su participaci\u00f3n y representaci\u00f3n territorial, en 2001 se cre\u00f3 el Consejo de las Personas Mayores de Catalunya.<\/p>\n<\/div><div class=\"fusion-clearfix\"><\/div><\/div><\/div><div class=\"fusion-layout-column fusion_builder_column fusion-builder-column-3 fusion_builder_column_1_2 1_2 fusion-one-half fusion-column-last fusion-column-inner-bg-wrapper fusion-column-liftup-border caja_secciones\" style=\"--awb-inner-bg-size:cover;width:50%;width:calc(50% - ( ( 4% ) * 0.5 ) );\"><span class=\"fusion-column-inner-bg hover-type-liftup\"><a class=\"fusion-column-anchor\" href=\"http:\/\/consejo-asesor-de-las-personas-mayores-de-barcelona\/\"><span class=\"fusion-column-inner-bg-image\"><\/span><\/a><\/span><div class=\"fusion-column-wrapper fusion-flex-column-wrapper-legacy\"><div class=\"fusion-image-element in-legacy-container\" style=\"--awb-caption-title-font-family:var(--h2_typography-font-family);--awb-caption-title-font-weight:var(--h2_typography-font-weight);--awb-caption-title-font-style:var(--h2_typography-font-style);--awb-caption-title-size:var(--h2_typography-font-size);--awb-caption-title-transform:var(--h2_typography-text-transform);--awb-caption-title-line-height:var(--h2_typography-line-height);--awb-caption-title-letter-spacing:var(--h2_typography-letter-spacing);\"><span class=\" fusion-imageframe imageframe-none imageframe-2 hover-type-zoomin\"><img decoding=\"async\" width=\"300\" height=\"200\" title=\"Consell Assessor de la Gent Gran de Barcelona\" src=\"https:\/\/firagran.com\/wp-content\/uploads\/casals_gent_gran2-300x200.jpg\" alt class=\"img-responsive wp-image-2823\" srcset=\"https:\/\/firagran.com\/wp-content\/uploads\/casals_gent_gran2-200x133.jpg 200w, https:\/\/firagran.com\/wp-content\/uploads\/casals_gent_gran2-400x267.jpg 400w, https:\/\/firagran.com\/wp-content\/uploads\/casals_gent_gran2-600x400.jpg 600w, https:\/\/firagran.com\/wp-content\/uploads\/casals_gent_gran2.jpg 696w\" sizes=\"(max-width: 1080px) 100vw, 600px\" \/><\/span><\/div><div class=\"fusion-text fusion-text-6\"><h3><strong>Consejo Asesor de las Personas Mayores de Barcelona<\/strong><\/h3>\n<p>El Consejo Asesor de las Personas Mayores de Barcelona es el \u00f3rgano consultivo del Ayuntamiento de Barcelona para las cuestiones referentes a las personas mayores de la ciudad, trabajan para favorecer y mejorar su bienestar y su calidad de vida.<\/p>\n<\/div><div class=\"fusion-clearfix\"><\/div><\/div><\/div><\/div><\/div><\/p>\n","protected":false},"excerpt":{"rendered":"","protected":false},"author":1,"featured_media":2814,"parent":2797,"menu_order":0,"comment_status":"closed","ping_status":"closed","template":"","meta":{"footnotes":""},"class_list":["post-2813","page","type-page","status-publish","has-post-thumbnail","hentry"],"_links":{"self":[{"href":"https:\/\/firagran.com\/es\/wp-json\/wp\/v2\/pages\/2813","targetHints":{"allow":["GET"]}}],"collection":[{"href":"https:\/\/firagran.com\/es\/wp-json\/wp\/v2\/pages"}],"about":[{"href":"https:\/\/firagran.com\/es\/wp-json\/wp\/v2\/types\/page"}],"author":[{"embeddable":true,"href":"https:\/\/firagran.com\/es\/wp-json\/wp\/v2\/users\/1"}],"replies":[{"embeddable":true,"href":"https:\/\/firagran.com\/es\/wp-json\/wp\/v2\/comments?post=2813"}],"version-history":[{"count":5,"href":"https:\/\/firagran.com\/es\/wp-json\/wp\/v2\/pages\/2813\/revisions"}],"predecessor-version":[{"id":14050,"href":"https:\/\/firagran.com\/es\/wp-json\/wp\/v2\/pages\/2813\/revisions\/14050"}],"up":[{"embeddable":true,"href":"https:\/\/firagran.com\/es\/wp-json\/wp\/v2\/pages\/2797"}],"wp:featuredmedia":[{"embeddable":true,"href":"https:\/\/firagran.com\/es\/wp-json\/wp\/v2\/media\/2814"}],"wp:attachment":[{"href":"https:\/\/firagran.com\/es\/wp-json\/wp\/v2\/media?parent=2813"}],"curies":[{"name":"wp","href":"https:\/\/api.w.org\/{rel}","templated":true}]}}