{"id":2817,"date":"2017-03-29T19:48:23","date_gmt":"2017-03-29T18:48:23","guid":{"rendered":"https:\/\/firagran.com\/envejecimiento-activo\/entidades-de-personas-mayores\/el-consell-de-la-gent-gran-de-catalunya\/"},"modified":"2017-04-27T15:47:29","modified_gmt":"2017-04-27T14:47:29","slug":"consejo-de-las-personas-mayores-de-catalunya","status":"publish","type":"page","link":"https:\/\/firagran.com\/es\/envejecimiento-activo\/entidades-de-personas-mayores\/consejo-de-las-personas-mayores-de-catalunya\/","title":{"rendered":"Consejo de las Personas Mayores de Catalunya"},"content":{"rendered":"<p><div class=\"fusion-fullwidth fullwidth-box fusion-builder-row-1 nonhundred-percent-fullwidth non-hundred-percent-height-scrolling\" style=\"--awb-border-radius-top-left:0px;--awb-border-radius-top-right:0px;--awb-border-radius-bottom-right:0px;--awb-border-radius-bottom-left:0px;--awb-flex-wrap:wrap;\" ><div class=\"fusion-builder-row fusion-row\"><div class=\"fusion-layout-column fusion_builder_column fusion-builder-column-0 fusion_builder_column_1_1 1_1 fusion-one-full fusion-column-first fusion-column-last\" style=\"--awb-bg-size:cover;\"><div class=\"fusion-column-wrapper fusion-flex-column-wrapper-legacy\"><div class=\"fusion-text fusion-text-1\"><p><strong>A ra\u00edz del protagonismo creciente de las persones mayores en nuestra sociedad y de la necesidad de mejorar su participaci\u00f3n y representaci\u00f3n territorial, en 2001 se cre\u00f3 el Consejo de las Personas Mayores de Catalunya.<\/strong><\/p>\n<p>Se trata de un \u00f3rgano consultivo de la Generalitat de Catalunya y de representaci\u00f3n y participaci\u00f3n de las personas mayores en todas las cuestiones que sean de su inter\u00e9s.<\/p>\n<p>Impulsa la colaboraci\u00f3n intergeneracional y la interacci\u00f3n de manera transversal entre todos los \u00f3rganos y las instituciones que act\u00faan como motor de la participaci\u00f3n de la gente mayor en el territorio, desde la sociedad civil (empresas, asociaciones, equipamientos) y desde los entes p\u00fablicos de alcance municipal o comarcal.<\/p>\n<\/div><div class=\"fusion-clearfix\"><\/div><\/div><\/div><\/div><\/div><div class=\"fusion-fullwidth fullwidth-box fusion-builder-row-2 nonhundred-percent-fullwidth non-hundred-percent-height-scrolling titulos_interiores\" style=\"--awb-border-radius-top-left:0px;--awb-border-radius-top-right:0px;--awb-border-radius-bottom-right:0px;--awb-border-radius-bottom-left:0px;--awb-flex-wrap:wrap;\" ><div class=\"fusion-builder-row fusion-row\"><div class=\"fusion-layout-column fusion_builder_column fusion-builder-column-1 fusion_builder_column_1_1 1_1 fusion-one-full fusion-column-first fusion-column-last\" style=\"--awb-bg-size:cover;\"><div class=\"fusion-column-wrapper fusion-flex-column-wrapper-legacy\"><div class=\"fusion-text fusion-text-2\"><h4><strong>Las entidades que forman parte del Pleno del Consejo de las Personas Mayores de Catalunya son:<\/strong><\/h4>\n<\/div><div class=\"fusion-text fusion-text-3\"><ul>\n<li><strong>AMICS DE LA GENT GRAN<\/strong><br \/>\n<a href=\"http:\/\/www.amicsdelagentgran.org\/\">http:\/\/www.amicsdelagentgran.org\/<\/a><\/li>\n<li><strong>AFOPA<\/strong> <em>(Agrupaci\u00f3 d\u2019Aules de Formaci\u00f3 Permanent per a la Gent Gran de Catalunya)<\/em><br \/>\n<a href=\"http:\/\/www.afopa.info\/\">http:\/\/www.afopa.info\/<\/a><\/li>\n<li><strong>AVISM\u00d3N<\/strong><br \/>\n<a href=\"http:\/\/www.avismon.org\/\">http:\/\/www.avismon.org\/<\/a><\/li>\n<li><strong>CREU ROJA<\/strong><br \/>\n<a href=\"http:\/\/www.creuroja.org\/\">http:\/\/www.creuroja.org\/<\/a><\/li>\n<li><strong>FATEC<\/strong> <em>(Federaci\u00f3 d\u2019Associacions de Gent Gran de Catalunya)<br \/>\n<\/em><a href=\"http:\/\/www.fatec.cat\/\">http:\/\/www.fatec.cat\/<\/a><\/li>\n<li><strong>FOCAGG<\/strong> (Federaci\u00f3 d\u2019Organitzacions Catalanes de Gent Gran, Dones i Fam\u00edlia)<br \/>\n<a href=\"http:\/\/www.focagg.org\/\">http:\/\/www.focagg.org\/<\/a><\/li>\n<li><strong>UDP<\/strong> <em>(Uni\u00f3n Democr\u00e1tica de Pensionistas y Jubilados de Espa\u00f1a)<br \/>\n<\/em><a href=\"http:\/\/www.mayoresudp.org\/\">http:\/\/www.mayoresudp.org\/<\/a><\/li>\n<li><strong>CNJP<\/strong> <em>(Coordinadora Nacional de Jubilats i Pensionistes)<\/em><\/li>\n<li><strong>FEATE<\/strong> <em>(Federaci\u00f3 d\u2019Entitats d\u2019Assist\u00e8ncia a la Tercera Edat)<br \/>\n<\/em><a href=\"http:\/\/www.feate.org\/\">http:\/\/www.feate.org\/<\/a><\/li>\n<li><strong>FUNDACI\u00d3 ENLLA\u00c7<br \/>\n<\/strong><a href=\"http:\/\/www.fundacioenllac.cat\/\">http:\/\/www.fundacioenllac.cat\/<\/a><\/li>\n<li><strong>UNI\u00d3 DE PAGESOS<br \/>\n<\/strong><a href=\"http:\/\/www.uniopagesos.cat\/\">http:\/\/www.uniopagesos.cat\/<\/a><\/li>\n<li><strong>SUMAR, EMPRESA D\u2019ACCI\u00d3 SOCIAL DE CATALUNYA<br \/>\n<\/strong><a href=\"http:\/\/www.sumaracciosocial.cat\/\">http:\/\/www.sumaracciosocial.cat\/<\/a><\/li>\n<li><strong>UNI\u00d3 DE PENSIONISTES, JUBILATS I PREJUBILATS DE LA UGT<br \/>\n<\/strong><a href=\"http:\/\/www.ugt.cat\/jubilats\/\">http:\/\/www.ugt.cat\/jubilats\/<\/a><\/li>\n<li><strong>FEDERACI\u00d3 DE PENSIONISTES I JUBILATS DE CCOO DE CATALUNYA<br \/>\n<\/strong><a href=\"http:\/\/www.ccoo.cat\/pensionistes\/\">http:\/\/www.ccoo.cat\/pensionistes\/<\/a><\/li>\n<li><strong>FMC<\/strong> <em>(Federaci\u00f3 de Municipis de Catalunya)<br \/>\n<\/em><a href=\"http:\/\/www.fmc.cat\/\">http:\/\/www.fmc.cat\/<\/a><\/li>\n<li><strong>ACM<\/strong> <em>(Associaci\u00f3 Catalana de Municipis)<br \/>\n<\/em><a href=\"http:\/\/www.acm.cat\/\">http:\/\/www.acm.cat\/<\/a><\/li>\n<li><strong>PIMEC, MICRO, PETITA I MITJANA EMPRESA DE CATALUNYA<\/strong><br \/>\n<a href=\"http:\/\/www.pimec.org\/\">http:\/\/www.pimec.org\/<\/a><\/li>\n<li><strong>FOMENT DEL TREBALL NACIONAL<br \/>\n<\/strong><a href=\"http:\/\/www.foment.com\/\">http:\/\/www.foment.com\/<\/a><\/li>\n<\/ul>\n<\/div><div class=\"fusion-clearfix\"><\/div><\/div><\/div><\/div><\/div><div class=\"fusion-fullwidth fullwidth-box fusion-builder-row-3 nonhundred-percent-fullwidth non-hundred-percent-height-scrolling\" style=\"--awb-border-radius-top-left:0px;--awb-border-radius-top-right:0px;--awb-border-radius-bottom-right:0px;--awb-border-radius-bottom-left:0px;--awb-flex-wrap:wrap;\" ><div class=\"fusion-builder-row fusion-row\"><div class=\"fusion-layout-column fusion_builder_column fusion-builder-column-2 fusion_builder_column_1_2 1_2 fusion-one-half fusion-column-first\" style=\"--awb-bg-size:cover;width:50%;width:calc(50% - ( ( 4% ) * 0.5 ) );margin-right: 4%;\"><div class=\"fusion-column-wrapper fusion-flex-column-wrapper-legacy\"><div class=\"fusion-clearfix\"><\/div><\/div><\/div><div class=\"fusion-layout-column fusion_builder_column fusion-builder-column-3 fusion_builder_column_1_2 1_2 fusion-one-half fusion-column-last\" style=\"--awb-bg-size:cover;width:50%;width:calc(50% - ( ( 4% ) * 0.5 ) );\"><div class=\"fusion-column-wrapper fusion-flex-column-wrapper-legacy\"><div class=\"fusion-button-wrapper fusion-alignright\"><a class=\"fusion-button button-flat fusion-button-default-size button-default fusion-button-default button-1 fusion-button-default-span fusion-button-default-type\" target=\"_self\" href=\"https:\/\/firagran.com\/es\/envejecimiento-activo\/entidades-de-personas-mayores\/consejo-asesor-de-las-personas-mayores-de-barcelona\/\"><span class=\"fusion-button-text awb-button__text awb-button__text--default fusion-button-text-right\">Consejo Asesor de las Personas Mayores de Barcelona<\/span><span class=\"fusion-button-icon-divider button-icon-divider-right\"><i class=\" fa fa-chevron-right awb-button__icon awb-button__icon--default\" aria-hidden=\"true\"><\/i><\/span><\/a><\/div><div class=\"fusion-clearfix\"><\/div><\/div><\/div><\/div><\/div><\/p>\n","protected":false},"excerpt":{"rendered":"","protected":false},"author":1,"featured_media":2818,"parent":2813,"menu_order":0,"comment_status":"closed","ping_status":"closed","template":"","meta":{"footnotes":""},"class_list":["post-2817","page","type-page","status-publish","has-post-thumbnail","hentry"],"_links":{"self":[{"href":"https:\/\/firagran.com\/es\/wp-json\/wp\/v2\/pages\/2817","targetHints":{"allow":["GET"]}}],"collection":[{"href":"https:\/\/firagran.com\/es\/wp-json\/wp\/v2\/pages"}],"about":[{"href":"https:\/\/firagran.com\/es\/wp-json\/wp\/v2\/types\/page"}],"author":[{"embeddable":true,"href":"https:\/\/firagran.com\/es\/wp-json\/wp\/v2\/users\/1"}],"replies":[{"embeddable":true,"href":"https:\/\/firagran.com\/es\/wp-json\/wp\/v2\/comments?post=2817"}],"version-history":[{"count":4,"href":"https:\/\/firagran.com\/es\/wp-json\/wp\/v2\/pages\/2817\/revisions"}],"predecessor-version":[{"id":2825,"href":"https:\/\/firagran.com\/es\/wp-json\/wp\/v2\/pages\/2817\/revisions\/2825"}],"up":[{"embeddable":true,"href":"https:\/\/firagran.com\/es\/wp-json\/wp\/v2\/pages\/2813"}],"wp:featuredmedia":[{"embeddable":true,"href":"https:\/\/firagran.com\/es\/wp-json\/wp\/v2\/media\/2818"}],"wp:attachment":[{"href":"https:\/\/firagran.com\/es\/wp-json\/wp\/v2\/media?parent=2817"}],"curies":[{"name":"wp","href":"https:\/\/api.w.org\/{rel}","templated":true}]}}