{"id":2831,"date":"2017-03-29T19:59:03","date_gmt":"2017-03-29T18:59:03","guid":{"rendered":"https:\/\/firagran.com\/envejecimiento-activo\/formacion\/aules-dextensio-universitaria-i-aules-de-difusio-cultural\/"},"modified":"2017-05-23T18:04:29","modified_gmt":"2017-05-23T17:04:29","slug":"aulas-de-extension-universitaria-y-aulas-de-difusion-cultural","status":"publish","type":"page","link":"https:\/\/firagran.com\/es\/envejecimiento-activo\/formacion\/aulas-de-extension-universitaria-y-aulas-de-difusion-cultural\/","title":{"rendered":"Aulas de Extensi\u00f3n Universitaria y Aulas de Difusi\u00f3n Cultural"},"content":{"rendered":"<p><div class=\"fusion-fullwidth fullwidth-box fusion-builder-row-1 nonhundred-percent-fullwidth non-hundred-percent-height-scrolling\" style=\"--awb-border-radius-top-left:0px;--awb-border-radius-top-right:0px;--awb-border-radius-bottom-right:0px;--awb-border-radius-bottom-left:0px;--awb-flex-wrap:wrap;\" ><div class=\"fusion-builder-row fusion-row\"><div class=\"fusion-layout-column fusion_builder_column fusion-builder-column-0 fusion_builder_column_1_1 1_1 fusion-one-full fusion-column-first fusion-column-last\" style=\"--awb-bg-size:cover;\"><div class=\"fusion-column-wrapper fusion-flex-column-wrapper-legacy\"><div class=\"fusion-text fusion-text-1\"><p><strong>Las Aulas hace m\u00e1s de 30 a\u00f1os que funcionan en Catalunya con el objetivo de ampliar la formaci\u00f3n cultural de las personas mayores y est\u00e1n vinculadas a AFOPA (Agrupaci\u00f3n de Aulas de Formaci\u00f3n Permanente para las Personas Mayores de Catalunya). <\/strong><\/p>\n<p>Las Aulas facilitan recordar la cultura adquirida y tambi\u00e9n acceder a conocimientos nuevos, a la vez que potencian las relaciones sociales y ayudan a no distanciarse de los cambios que se producen en la sociedad.<\/p>\n<\/div><div class=\"fusion-text fusion-text-2\"><h4>AFOPA est\u00e1 formada por dos tipos de Aulas:<\/h4>\n<ul class=\"td-arrow-list\">\n<li>Aulas de Extensi\u00f3n Universitaria (tuteladas por Universidades)<\/li>\n<li>Aulas de Difusi\u00f3n Cultural (comarcales)<\/li>\n<\/ul>\n<h4>Las Universidades catalanas que participan en las Aulas son las siguientes:<\/h4>\n<ul class=\"td-arrow-list\">\n<li>Universitat de Barcelona (UB)<\/li>\n<li>Universitat Ramon Llull (URL)<\/li>\n<li>Universitat de Lleida (UDL)<\/li>\n<li>Universitat Polit\u00e8cnica de Catalunya (UPC)<\/li>\n<li>Universitat Aut\u00f2noma de Barcelona (UAB)<\/li>\n<li>Universitat Pompeu Fabra (UPF)<\/li>\n<li>Universitat de Girona (UDG)<\/li>\n<li>Universitat Rovira i Virgili de Tarragona (URV)<\/li>\n<li>Universitat de Vic (UVIC)<\/li>\n<li><a href=\"http:\/\/www.afopa.info\/aules_AEU2.php#.WB4BzS3hDIU\" target=\"_blank\" rel=\"noopener noreferrer\"><strong>M\u00e1s informaci\u00f3n<\/strong><\/a><\/li>\n<\/ul>\n<\/div><div class=\"fusion-text fusion-text-3\"><p><strong>Actualment a Catalunya s\u2019apleguen m\u00e9s de 40 Aules i m\u00e9s de 15.000 alumnes, els quals s\u00f3n tots persones grans.<\/strong><\/p>\n<p>Les activitats que es fan en aquestes Aules s\u2019organitzen en classes setmanals de tem\u00e0tica diversa, seminaris i altres formats de tipus cultural (Aules Itinerants).<\/p>\n<\/div><div class=\"fusion-clearfix\"><\/div><\/div><\/div><\/div><\/div><div class=\"fusion-fullwidth fullwidth-box fusion-builder-row-2 nonhundred-percent-fullwidth non-hundred-percent-height-scrolling caja_enlaces\" style=\"--awb-border-radius-top-left:0px;--awb-border-radius-top-right:0px;--awb-border-radius-bottom-right:0px;--awb-border-radius-bottom-left:0px;--awb-flex-wrap:wrap;\" ><div class=\"fusion-builder-row fusion-row\"><div class=\"fusion-layout-column fusion_builder_column fusion-builder-column-1 fusion_builder_column_1_1 1_1 fusion-one-full fusion-column-first fusion-column-last\" style=\"--awb-bg-size:cover;\"><div class=\"fusion-column-wrapper fusion-flex-column-wrapper-legacy\"><div class=\"fusion-text fusion-text-4\"><h5>Enlaces de inter\u00e9s:<\/h5>\n<\/div><div class=\"fusion-sep-clear\"><\/div><div class=\"fusion-separator fusion-clearfix\" style=\"float:left;width:100%;max-width:20px;\"><\/div><div class=\"fusion-sep-clear\"><\/div><div class=\"fusion-text fusion-text-5\"><ul class=\"td-arrow-list\">\n<li><a href=\"http:\/\/www.afopa.info\/aules.html#.V8RIhI9OKUl\" target=\"_blank\" rel=\"noopener noreferrer\"><strong>Web oficial de AFOPA<\/strong><\/a><\/li>\n<\/ul>\n<\/div><div class=\"fusion-clearfix\"><\/div><\/div><\/div><\/div><\/div><div class=\"fusion-fullwidth fullwidth-box fusion-builder-row-3 nonhundred-percent-fullwidth non-hundred-percent-height-scrolling\" style=\"--awb-border-radius-top-left:0px;--awb-border-radius-top-right:0px;--awb-border-radius-bottom-right:0px;--awb-border-radius-bottom-left:0px;--awb-flex-wrap:wrap;\" ><div class=\"fusion-builder-row fusion-row\"><div class=\"fusion-layout-column fusion_builder_column fusion-builder-column-2 fusion_builder_column_1_2 1_2 fusion-one-half fusion-column-first\" style=\"--awb-bg-size:cover;width:50%;width:calc(50% - ( ( 4% ) * 0.5 ) );margin-right: 4%;\"><div class=\"fusion-column-wrapper fusion-flex-column-wrapper-legacy\"><div class=\"fusion-button-wrapper fusion-alignleft\"><a class=\"fusion-button button-flat fusion-button-default-size button-default fusion-button-default button-1 fusion-button-default-span fusion-button-default-type\" target=\"_self\" href=\"https:\/\/firagran.com\/es\/envejecimiento-activo\/formacion\/universidad-de-la-experiencia\/\"><span class=\"fusion-button-icon-divider button-icon-divider-left\"><i class=\" fa fa-chevron-left awb-button__icon awb-button__icon--default\" aria-hidden=\"true\"><\/i><\/span><span class=\"fusion-button-text awb-button__text awb-button__text--default fusion-button-text-left\">Universidad de la Experiencia<\/span><\/a><\/div><div class=\"fusion-clearfix\"><\/div><\/div><\/div><div class=\"fusion-layout-column fusion_builder_column fusion-builder-column-3 fusion_builder_column_1_2 1_2 fusion-one-half fusion-column-last\" style=\"--awb-bg-size:cover;width:50%;width:calc(50% - ( ( 4% ) * 0.5 ) );\"><div class=\"fusion-column-wrapper fusion-flex-column-wrapper-legacy\"><div class=\"fusion-button-wrapper fusion-alignright\"><a class=\"fusion-button button-flat fusion-button-default-size button-default fusion-button-default button-2 fusion-button-default-span fusion-button-default-type\" target=\"_self\" href=\"https:\/\/firagran.com\/es\/envejecimiento-activo\/formacion\/la-escuela-de-la-mujer\/\"><span class=\"fusion-button-text awb-button__text awb-button__text--default fusion-button-text-right\">La Escuela de la Mujer<\/span><span class=\"fusion-button-icon-divider button-icon-divider-right\"><i class=\" fa fa-chevron-right awb-button__icon awb-button__icon--default\" aria-hidden=\"true\"><\/i><\/span><\/a><\/div><div class=\"fusion-clearfix\"><\/div><\/div><\/div><\/div><\/div><\/p>\n","protected":false},"excerpt":{"rendered":"","protected":false},"author":1,"featured_media":2832,"parent":2806,"menu_order":0,"comment_status":"closed","ping_status":"closed","template":"","meta":{"footnotes":""},"class_list":["post-2831","page","type-page","status-publish","has-post-thumbnail","hentry"],"_links":{"self":[{"href":"https:\/\/firagran.com\/es\/wp-json\/wp\/v2\/pages\/2831","targetHints":{"allow":["GET"]}}],"collection":[{"href":"https:\/\/firagran.com\/es\/wp-json\/wp\/v2\/pages"}],"about":[{"href":"https:\/\/firagran.com\/es\/wp-json\/wp\/v2\/types\/page"}],"author":[{"embeddable":true,"href":"https:\/\/firagran.com\/es\/wp-json\/wp\/v2\/users\/1"}],"replies":[{"embeddable":true,"href":"https:\/\/firagran.com\/es\/wp-json\/wp\/v2\/comments?post=2831"}],"version-history":[{"count":4,"href":"https:\/\/firagran.com\/es\/wp-json\/wp\/v2\/pages\/2831\/revisions"}],"predecessor-version":[{"id":3410,"href":"https:\/\/firagran.com\/es\/wp-json\/wp\/v2\/pages\/2831\/revisions\/3410"}],"up":[{"embeddable":true,"href":"https:\/\/firagran.com\/es\/wp-json\/wp\/v2\/pages\/2806"}],"wp:featuredmedia":[{"embeddable":true,"href":"https:\/\/firagran.com\/es\/wp-json\/wp\/v2\/media\/2832"}],"wp:attachment":[{"href":"https:\/\/firagran.com\/es\/wp-json\/wp\/v2\/media?parent=2831"}],"curies":[{"name":"wp","href":"https:\/\/api.w.org\/{rel}","templated":true}]}}