{"id":2839,"date":"2017-03-29T20:00:27","date_gmt":"2017-03-29T19:00:27","guid":{"rendered":"https:\/\/firagran.com\/envejecimiento-activo\/les-noves-tecnologies\/"},"modified":"2017-04-27T16:02:55","modified_gmt":"2017-04-27T15:02:55","slug":"las-nuevas-tecnologias","status":"publish","type":"page","link":"https:\/\/firagran.com\/es\/envejecimiento-activo\/las-nuevas-tecnologias\/","title":{"rendered":"Las Nuevas Tecnolog\u00edas"},"content":{"rendered":"<p><div class=\"fusion-fullwidth fullwidth-box fusion-builder-row-1 nonhundred-percent-fullwidth non-hundred-percent-height-scrolling\" style=\"--awb-border-radius-top-left:0px;--awb-border-radius-top-right:0px;--awb-border-radius-bottom-right:0px;--awb-border-radius-bottom-left:0px;--awb-flex-wrap:wrap;\" ><div class=\"fusion-builder-row fusion-row\"><div class=\"fusion-layout-column fusion_builder_column fusion-builder-column-0 fusion_builder_column_1_1 1_1 fusion-one-full fusion-column-first fusion-column-last\" style=\"--awb-bg-size:cover;\"><div class=\"fusion-column-wrapper fusion-flex-column-wrapper-legacy\"><div class=\"fusion-text fusion-text-1\"><p><strong>Las Nuevas Tecnolog\u00edas de la Informaci\u00f3n y la Comunicaci\u00f3n son el conjunto de herramientas, apoyos y canales para el tratamiento y el acceso a la informaci\u00f3n.<\/strong><\/p>\n<p>El acceso a la informaci\u00f3n (en una p\u00e1gina web, diario, canal digital terrestre, canal on-line, red social, etc.) ha sido uno de los principales componentes de la conocida revoluci\u00f3n digital.<\/p>\n<p>En el entorno de las personas mayores las nuevas tecnolog\u00edas forman parte del envejecimiento activo y saludable. Detr\u00e1s de este fen\u00f3meno social y tecnol\u00f3gico, hay aspectos que se traducen en<strong> importantes ventajas para la persona:<\/strong><\/p>\n<ul>\n<li>Permiten nuevas formas de <strong>desarrollarse individualmente y socialmente.<\/strong><\/li>\n<li><strong>Asumir retos.<\/strong> Superar el miedo a la tecnolog\u00eda y desarrollar tareas con el software del ordenador (escribir, retocar im\u00e1genes, hacer fichas de la biblioteca personal, etc.) o a trav\u00e9s de Internet (buscar informaci\u00f3n, comunicarse con el correo electr\u00f3nico o los chats, etc.) ayudan a sentirse mejor.<\/li>\n<li><strong>Aprender e informarse.<\/strong> Se tiene que tener en cuenta que muchas personas mayores no pudieron estudiar en su momento y las nuevas tecnolog\u00edas les permiten formarse.<\/li>\n<li><strong>Entretenerse.<\/strong> Porque no todo es aprender y porque entreteni\u00e9ndose se aprende mucho mejor.<\/li>\n<li><strong>Descubrir todo un mundo.<\/strong> Ante este colectivo se abren unos horizontes que ni siquiera imaginaban. Los usos que m\u00e1s gustan est\u00e1n relacionados sobre todo con Internet como gran puerta abierta. Este factor es todav\u00eda m\u00e1s importante en casos de poca movilidad de la persona.<\/li>\n<li><strong>Mejorar la calidad de vida en muchos aspectos:<\/strong> formativos, culturales, relacionales, t\u00e9cnicos, de psicomotricidad, etc.<\/li>\n<li>Potenciar las aficiones. Las TIC ofrecen nuevas posibilidades aplicables a los hobbies personales: escribir, dibujar, fotografiar, etc.<\/li>\n<li><strong>Conectar con hijos y nietos<\/strong>. La tecnolog\u00eda tiene un factor intergeneracional de acercamiento tecnol\u00f3gico de los abuelos y abuelas a sus descendentes. Esto pasa especialmente con los nietos a los cuales pueden ayudar a hacer los deberes con el ordenador.<\/li>\n<li><strong>Superar el miedo a la soledad.<\/strong> La relaci\u00f3n con otras personas en espacios de uso p\u00fablico o a trav\u00e9s de la red ayuda a gestionar el aislamiento a partir de la comunicaci\u00f3n.<\/li>\n<li><strong>Estimulaci\u00f3n cognitiva y f\u00edsica.<\/strong> En un momento en que se pierden capacidades f\u00edsicas y ps\u00edquicas, las TIC ayudan a realizar un mantenimiento de la mente (mejorar la memoria, la expresi\u00f3n verbal) y el cuerpo (como por ejemplo la motricidad usando el rat\u00f3n y el teclado).<\/li>\n<\/ul>\n<\/div><div class=\"fusion-clearfix\"><\/div><\/div><\/div><\/div><\/div><div class=\"fusion-fullwidth fullwidth-box fusion-builder-row-2 nonhundred-percent-fullwidth non-hundred-percent-height-scrolling caja_enlaces\" style=\"--awb-border-radius-top-left:0px;--awb-border-radius-top-right:0px;--awb-border-radius-bottom-right:0px;--awb-border-radius-bottom-left:0px;--awb-flex-wrap:wrap;\" ><div class=\"fusion-builder-row fusion-row\"><div class=\"fusion-layout-column fusion_builder_column fusion-builder-column-1 fusion_builder_column_1_1 1_1 fusion-one-full fusion-column-first fusion-column-last\" style=\"--awb-bg-size:cover;\"><div class=\"fusion-column-wrapper fusion-flex-column-wrapper-legacy\"><div class=\"fusion-text fusion-text-2\"><h5>Enlaces de inter\u00e9s:<\/h5>\n<\/div><div class=\"fusion-sep-clear\"><\/div><div class=\"fusion-separator fusion-clearfix\" style=\"float:left;width:100%;max-width:20px;\"><\/div><div class=\"fusion-sep-clear\"><\/div><div class=\"fusion-text fusion-text-3\"><ul class=\"td-arrow-list\">\n<li><a href=\"https:\/\/obrasociallacaixa.org\/es\/pobreza-accion-social\/personas-mayores\/informatica-y-comunicacion\/iniciate-a-la-informatica\" target=\"_blank\" rel=\"noopener noreferrer\">Obra Social la Caixa<\/a><\/li>\n<li><a href=\"http:\/\/www.fundacionvodafoneconlosmayores.com\/\" target=\"_blank\" rel=\"noopener noreferrer\">Fundaci\u00f3n Vodafone<\/a><\/li>\n<\/ul>\n<\/div><div class=\"fusion-clearfix\"><\/div><\/div><\/div><\/div><\/div><\/p>\n","protected":false},"excerpt":{"rendered":"","protected":false},"author":1,"featured_media":2840,"parent":2797,"menu_order":0,"comment_status":"closed","ping_status":"closed","template":"","meta":{"footnotes":""},"class_list":["post-2839","page","type-page","status-publish","has-post-thumbnail","hentry"],"_links":{"self":[{"href":"https:\/\/firagran.com\/es\/wp-json\/wp\/v2\/pages\/2839","targetHints":{"allow":["GET"]}}],"collection":[{"href":"https:\/\/firagran.com\/es\/wp-json\/wp\/v2\/pages"}],"about":[{"href":"https:\/\/firagran.com\/es\/wp-json\/wp\/v2\/types\/page"}],"author":[{"embeddable":true,"href":"https:\/\/firagran.com\/es\/wp-json\/wp\/v2\/users\/1"}],"replies":[{"embeddable":true,"href":"https:\/\/firagran.com\/es\/wp-json\/wp\/v2\/comments?post=2839"}],"version-history":[{"count":1,"href":"https:\/\/firagran.com\/es\/wp-json\/wp\/v2\/pages\/2839\/revisions"}],"predecessor-version":[{"id":2841,"href":"https:\/\/firagran.com\/es\/wp-json\/wp\/v2\/pages\/2839\/revisions\/2841"}],"up":[{"embeddable":true,"href":"https:\/\/firagran.com\/es\/wp-json\/wp\/v2\/pages\/2797"}],"wp:featuredmedia":[{"embeddable":true,"href":"https:\/\/firagran.com\/es\/wp-json\/wp\/v2\/media\/2840"}],"wp:attachment":[{"href":"https:\/\/firagran.com\/es\/wp-json\/wp\/v2\/media?parent=2839"}],"curies":[{"name":"wp","href":"https:\/\/api.w.org\/{rel}","templated":true}]}}