{"id":2843,"date":"2017-03-29T20:11:02","date_gmt":"2017-03-29T19:11:02","guid":{"rendered":"https:\/\/firagran.com\/envejecimiento-activo\/turisme\/"},"modified":"2021-10-14T17:25:27","modified_gmt":"2021-10-14T15:25:27","slug":"turismo","status":"publish","type":"page","link":"https:\/\/firagran.com\/es\/envejecimiento-activo\/turismo\/","title":{"rendered":"Turismo"},"content":{"rendered":"<p><div class=\"fusion-fullwidth fullwidth-box fusion-builder-row-1 nonhundred-percent-fullwidth non-hundred-percent-height-scrolling\" style=\"--awb-border-radius-top-left:0px;--awb-border-radius-top-right:0px;--awb-border-radius-bottom-right:0px;--awb-border-radius-bottom-left:0px;--awb-flex-wrap:wrap;\" ><div class=\"fusion-builder-row fusion-row\"><div class=\"fusion-layout-column fusion_builder_column fusion-builder-column-0 fusion_builder_column_1_1 1_1 fusion-one-full fusion-column-first fusion-column-last\" style=\"--awb-bg-size:cover;\"><div class=\"fusion-column-wrapper fusion-flex-column-wrapper-legacy\"><div class=\"fusion-text fusion-text-1\"><p><strong>Cuando nos jubilamos es un buen momento para viajar, sobre todo si no se ha tenido la ocasi\u00f3n de disfrutar de vacaciones fuera del entorno habitual.<\/strong><\/p>\n<p>Hay varias maneras de viajar: desde los viajes que ofrecen algunas Administraciones y Entidades, a viajes personalizados que ofrecen las agencias de viajes o Internet.<\/p>\n<\/div><div class=\"fusion-clearfix\"><\/div><\/div><\/div><\/div><\/div><div class=\"fusion-fullwidth fullwidth-box fusion-builder-row-2 nonhundred-percent-fullwidth non-hundred-percent-height-scrolling titulos_interiores\" style=\"--awb-border-radius-top-left:0px;--awb-border-radius-top-right:0px;--awb-border-radius-bottom-right:0px;--awb-border-radius-bottom-left:0px;--awb-flex-wrap:wrap;\" ><div class=\"fusion-builder-row fusion-row\"><div class=\"fusion-layout-column fusion_builder_column fusion-builder-column-1 fusion_builder_column_1_1 1_1 fusion-one-full fusion-column-first fusion-column-last\" style=\"--awb-bg-size:cover;\"><div class=\"fusion-column-wrapper fusion-flex-column-wrapper-legacy\"><div class=\"fusion-text fusion-text-2\"><h4><strong>Algunas recomendaciones generales para viajar:<\/strong><\/h4>\n<\/div><div class=\"fusion-text fusion-text-3\"><ul>\n<li>Inf\u00f3rmate muy bien de los requisitos y caracter\u00edsticas del viaje y del lugar donde vas (visados, pasaporte, clima, categor\u00edas de los hoteles).<\/li>\n<li>Recuerda que la publicidad es vinculante, por lo tanto, guarda los cat\u00e1logos y los folletines informativos junto con los contratos, comprobantes, tickets o facturas puesto que los podr\u00edais necesitar a la hora de hacer una posible reclamaci\u00f3n.<br \/>\nAntes del viaje, inf\u00f3rmate si la asistencia sanitaria que tienes contratada aqu\u00ed (en tu pa\u00eds) te cubre sanitariamente en el pa\u00eds donde vas (seguridad social o mutua de asistencia sanitaria privada).<\/li>\n<li>Si viajas al extranjero, inf\u00f3rmate del tel\u00e9fono y la direcci\u00f3n de la embajada o consulado de tu pa\u00eds, puesto que, en caso de problemas, te pueden ayudar. En el caso que el Estado espa\u00f1ol no disponga de embajada en el pa\u00eds de destino, puedes dirigirte a la embajada de cualquier otro estado miembro de la UE y obtener protecci\u00f3n diplom\u00e1tica.<\/li>\n<li>Durante el viaje ten localizado siempre el tel\u00e9fono de la agencia de viajes o de su representante del pa\u00eds en el que est\u00e1s.<\/li>\n<li>Contrata siempre el viaje a trav\u00e9s de empresas debidamente autorizadas en el Registro de Turismo de Catalunya o de la Direcci\u00f3n General de Turismo.<\/li>\n<li>Es recomendable contratar el viaje a trav\u00e9s de empresas adheridas a una Junta Arbitral de Consumo porque en caso de conflicto, \u00e9ste se podr\u00e1 resolver de manera r\u00e1pida, sencilla y gratuita.<\/li>\n<li>Recuerda que puedes consultar la informaci\u00f3n del Registro de Turismo de Catalunya, de la Direcci\u00f3n general de Turismo directamente por una empresa concreta o bien por la lista de establecimientos de agencias de viajes inscritos en el RTC<\/li>\n<\/ul>\n<\/div><div class=\"fusion-clearfix\"><\/div><\/div><\/div><\/div><\/div><div class=\"fusion-fullwidth fullwidth-box fusion-builder-row-3 nonhundred-percent-fullwidth non-hundred-percent-height-scrolling mas_info\" style=\"--awb-border-radius-top-left:0px;--awb-border-radius-top-right:0px;--awb-border-radius-bottom-right:0px;--awb-border-radius-bottom-left:0px;--awb-flex-wrap:wrap;\" ><div class=\"fusion-builder-row fusion-row\"><div class=\"fusion-layout-column fusion_builder_column fusion-builder-column-2 fusion_builder_column_1_1 1_1 fusion-one-full fusion-column-first fusion-column-last\" style=\"--awb-bg-size:cover;\"><div class=\"fusion-column-wrapper fusion-flex-column-wrapper-legacy\"><div class=\"fusion-text fusion-text-4\"><h5>M\u00e1s informaci\u00f3n:<\/h5>\n<\/div><div class=\"fusion-sep-clear\"><\/div><div class=\"fusion-separator fusion-clearfix\" style=\"float:left;width:100%;max-width:20px;\"><\/div><div class=\"fusion-sep-clear\"><\/div><div class=\"fusion-text fusion-text-5\"><p>M\u00e1s informaci\u00f3n para consultar temas de consumo de agencias de viajes, transporte a\u00e9reo, servicios tur\u00edsticos y alojamiento:<br \/>\n<strong><a href=\"http:\/\/consum.gencat.cat\/\" target=\"_blank\" rel=\"noopener noreferrer\">Agencia Catalana de Consumo de la Generalitat de Catalu\u00f1a<\/a><\/strong><\/p>\n<\/div><div class=\"fusion-clearfix\"><\/div><\/div><\/div><\/div><\/div><div class=\"fusion-fullwidth fullwidth-box fusion-builder-row-4 nonhundred-percent-fullwidth non-hundred-percent-height-scrolling caja_enlaces\" style=\"--awb-border-radius-top-left:0px;--awb-border-radius-top-right:0px;--awb-border-radius-bottom-right:0px;--awb-border-radius-bottom-left:0px;--awb-flex-wrap:wrap;\" ><div class=\"fusion-builder-row fusion-row\"><div class=\"fusion-layout-column fusion_builder_column fusion-builder-column-3 fusion_builder_column_1_1 1_1 fusion-one-full fusion-column-first fusion-column-last fusion-column-no-min-height\" style=\"--awb-bg-size:cover;\"><div class=\"fusion-column-wrapper fusion-flex-column-wrapper-legacy\"><div class=\"fusion-text fusion-text-6\"><h5>Enlaces de inter\u00e9s para organizar viajes:<\/h5>\n<\/div><div class=\"fusion-sep-clear\"><\/div><div class=\"fusion-separator fusion-clearfix\" style=\"float:left;width:100%;max-width:20px;\"><\/div><div class=\"fusion-sep-clear\"><\/div><div class=\"fusion-clearfix\"><\/div><\/div><\/div><div class=\"fusion-layout-column fusion_builder_column fusion-builder-column-4 fusion_builder_column_1_3 1_3 fusion-one-third fusion-column-first\" style=\"--awb-bg-size:cover;width:33.333333333333%;width:calc(33.333333333333% - ( ( 4% ) * 0.33333333333333 ) );margin-right: 4%;\"><div class=\"fusion-column-wrapper fusion-flex-column-wrapper-legacy\"><div class=\"fusion-image-element in-legacy-container\" style=\"--awb-caption-title-font-family:var(--h2_typography-font-family);--awb-caption-title-font-weight:var(--h2_typography-font-weight);--awb-caption-title-font-style:var(--h2_typography-font-style);--awb-caption-title-size:var(--h2_typography-font-size);--awb-caption-title-transform:var(--h2_typography-text-transform);--awb-caption-title-line-height:var(--h2_typography-line-height);--awb-caption-title-letter-spacing:var(--h2_typography-letter-spacing);\"><span class=\" fusion-imageframe imageframe-none imageframe-1 hover-type-none\"><a class=\"fusion-no-lightbox\" href=\"http:\/\/patrimoni.gencat.cat\/debatabat\" target=\"_blank\" aria-label=\"150x150_agencia_patrimoni_bat_a_bat\" rel=\"noopener noreferrer\"><img decoding=\"async\" width=\"140\" height=\"140\" src=\"https:\/\/firagran.com\/wp-content\/uploads\/150x150_agencia_patrimoni_bat_a_bat.gif\" alt class=\"img-responsive wp-image-13505\" srcset=\"https:\/\/firagran.com\/wp-content\/uploads\/150x150_agencia_patrimoni_bat_a_bat-66x66.gif 66w, https:\/\/firagran.com\/wp-content\/uploads\/150x150_agencia_patrimoni_bat_a_bat.gif 140w\" sizes=\"(max-width: 140px) 100vw, 140px\" \/><\/a><\/span><\/div><div class=\"fusion-clearfix\"><\/div><\/div><\/div><div class=\"fusion-layout-column fusion_builder_column fusion-builder-column-5 fusion_builder_column_2_3 2_3 fusion-two-third fusion-column-last\" style=\"--awb-bg-size:cover;width:66.666666666667%;width:calc(66.666666666667% - ( ( 4% ) * 0.66666666666667 ) );\"><div class=\"fusion-column-wrapper fusion-flex-column-wrapper-legacy\"><div class=\"fusion-text fusion-text-7\"><h4><strong>Tarjeta De Bat a Bat<br \/>\nAbono anual al patrimonio cultural<\/strong><\/h4>\n<p>Una nueva forma de disfrutar del patrimonio cultural. Visita, tantas veces como quieras durante todo un a\u00f1o, los 29 museos, monumentos y yacimientos arqueol\u00f3gicos de Catalu\u00f1a gestionados por la Agencia Catalana del Patrimonio Cultural.<\/p>\n<p>M\u00e1s informaci\u00f3n en: <a href=\"http:\/\/patrimoni.gencat.cat\/debatabat\" target=\"_blank\" rel=\"noopener\">patrimoni.gencat.cat\/debatabat<\/a><\/p>\n<\/div><div class=\"fusion-clearfix\"><\/div><\/div><\/div><div class=\"fusion-layout-column fusion_builder_column fusion-builder-column-6 fusion_builder_column_1_3 1_3 fusion-one-third fusion-column-first\" style=\"--awb-bg-size:cover;width:33.333333333333%;width:calc(33.333333333333% - ( ( 4% ) * 0.33333333333333 ) );margin-right: 4%;\"><div class=\"fusion-column-wrapper fusion-flex-column-wrapper-legacy\"><div class=\"fusion-image-element in-legacy-container\" style=\"--awb-caption-title-font-family:var(--h2_typography-font-family);--awb-caption-title-font-weight:var(--h2_typography-font-weight);--awb-caption-title-font-style:var(--h2_typography-font-style);--awb-caption-title-size:var(--h2_typography-font-size);--awb-caption-title-transform:var(--h2_typography-text-transform);--awb-caption-title-line-height:var(--h2_typography-line-height);--awb-caption-title-letter-spacing:var(--h2_typography-letter-spacing);\"><span class=\" fusion-imageframe imageframe-none imageframe-2 hover-type-none\"><img decoding=\"async\" width=\"150\" height=\"150\" alt=\"Imserso\" title=\"Imserso\" src=\"https:\/\/firagran.com\/wp-content\/uploads\/logo_imserso.jpg\" class=\"img-responsive wp-image-2076\" srcset=\"https:\/\/firagran.com\/wp-content\/uploads\/logo_imserso-66x66.jpg 66w, https:\/\/firagran.com\/wp-content\/uploads\/logo_imserso.jpg 150w\" sizes=\"(max-width: 150px) 100vw, 150px\" \/><\/span><\/div><div class=\"fusion-clearfix\"><\/div><\/div><\/div><div class=\"fusion-layout-column fusion_builder_column fusion-builder-column-7 fusion_builder_column_2_3 2_3 fusion-two-third fusion-column-last\" style=\"--awb-bg-size:cover;width:66.666666666667%;width:calc(66.666666666667% - ( ( 4% ) * 0.66666666666667 ) );\"><div class=\"fusion-column-wrapper fusion-flex-column-wrapper-legacy\"><div class=\"fusion-text fusion-text-8\"><h4><strong>Imserso<\/strong><\/h4>\n<p>La Administraci\u00f3n del Estado Espa\u00f1ol, a trav\u00e9s del Imserso y dentro de sus pol\u00edticas de envejecimiento activo, promueve un Programa de Turismo destinado a personas mayores con el objetivo de facilitar la incorporaci\u00f3n de este colectivo de la poblaci\u00f3n en las corrientes tur\u00edsticas.<\/p>\n<ul>\n<li><a href=\"http:\/\/imserso.es\/imserso_01\/envejecimiento_activo\/index.htm\" target=\"_blank\" rel=\"noopener noreferrer\">Programa del Imserso. Temporada 2017<\/a><\/li>\n<li><a href=\"http:\/\/imserso.es\/imserso_01\/envejecimiento_activo\/termalismo\/index.htm\" target=\"_blank\" rel=\"noopener noreferrer\">Programa de Termalismo del\u00a0Imserso. Temporada 2017<\/a><\/li>\n<\/ul>\n<\/div><div class=\"fusion-clearfix\"><\/div><\/div><\/div><div class=\"fusion-layout-column fusion_builder_column fusion-builder-column-8 fusion_builder_column_1_3 1_3 fusion-one-third fusion-column-first\" style=\"--awb-bg-size:cover;width:33.333333333333%;width:calc(33.333333333333% - ( ( 4% ) * 0.33333333333333 ) );margin-right: 4%;\"><div class=\"fusion-column-wrapper fusion-flex-column-wrapper-legacy\"><div class=\"fusion-image-element in-legacy-container\" style=\"--awb-caption-title-font-family:var(--h2_typography-font-family);--awb-caption-title-font-weight:var(--h2_typography-font-weight);--awb-caption-title-font-style:var(--h2_typography-font-style);--awb-caption-title-size:var(--h2_typography-font-size);--awb-caption-title-transform:var(--h2_typography-text-transform);--awb-caption-title-line-height:var(--h2_typography-line-height);--awb-caption-title-letter-spacing:var(--h2_typography-letter-spacing);\"><span class=\" fusion-imageframe imageframe-none imageframe-3 hover-type-none\"><img decoding=\"async\" width=\"150\" height=\"150\" alt=\"Turisfactec\" title=\"Turisfactec\" src=\"https:\/\/firagran.com\/wp-content\/uploads\/logo_fatec.jpg\" class=\"img-responsive wp-image-2075\" srcset=\"https:\/\/firagran.com\/wp-content\/uploads\/logo_fatec-66x66.jpg 66w, https:\/\/firagran.com\/wp-content\/uploads\/logo_fatec.jpg 150w\" sizes=\"(max-width: 150px) 100vw, 150px\" \/><\/span><\/div><div class=\"fusion-clearfix\"><\/div><\/div><\/div><div class=\"fusion-layout-column fusion_builder_column fusion-builder-column-9 fusion_builder_column_2_3 2_3 fusion-two-third fusion-column-last\" style=\"--awb-bg-size:cover;width:66.666666666667%;width:calc(66.666666666667% - ( ( 4% ) * 0.66666666666667 ) );\"><div class=\"fusion-column-wrapper fusion-flex-column-wrapper-legacy\"><div class=\"fusion-text fusion-text-9\"><h4><strong>Turisfactec<\/strong><\/h4>\n<p>El departamento de Turismo de Fatec (Turisfatec), tiene cerca de 25 a\u00f1os de experiencia en la realizaci\u00f3n de viajes y excursiones de diferentes tipos con la intenci\u00f3n de promover la actividad tur\u00edstica social y cultural entre las personas mayores.<\/p>\n<ul>\n<li><a href=\"http:\/\/www.fatec.cat\/index.php?option=com_content&amp;view=article&amp;id=76&amp;Itemid=30\" target=\"_blank\" rel=\"noopener noreferrer\">Web del Turisfatec<\/a><\/li>\n<\/ul>\n<\/div><div class=\"fusion-clearfix\"><\/div><\/div><\/div><div class=\"fusion-layout-column fusion_builder_column fusion-builder-column-10 fusion_builder_column_1_3 1_3 fusion-one-third fusion-column-first\" style=\"--awb-bg-size:cover;width:33.333333333333%;width:calc(33.333333333333% - ( ( 4% ) * 0.33333333333333 ) );margin-right: 4%;\"><div class=\"fusion-column-wrapper fusion-flex-column-wrapper-legacy\"><div class=\"fusion-image-element in-legacy-container\" style=\"--awb-caption-title-font-family:var(--h2_typography-font-family);--awb-caption-title-font-weight:var(--h2_typography-font-weight);--awb-caption-title-font-style:var(--h2_typography-font-style);--awb-caption-title-size:var(--h2_typography-font-size);--awb-caption-title-transform:var(--h2_typography-text-transform);--awb-caption-title-line-height:var(--h2_typography-line-height);--awb-caption-title-letter-spacing:var(--h2_typography-letter-spacing);\"><span class=\" fusion-imageframe imageframe-none imageframe-4 hover-type-none\"><img decoding=\"async\" width=\"150\" height=\"150\" alt=\"Viatjar.cat\" title=\"Viatjar.cat\" src=\"https:\/\/firagran.com\/wp-content\/uploads\/logo_viatjarcat.jpg\" class=\"img-responsive wp-image-2077\" srcset=\"https:\/\/firagran.com\/wp-content\/uploads\/logo_viatjarcat-66x66.jpg 66w, https:\/\/firagran.com\/wp-content\/uploads\/logo_viatjarcat.jpg 150w\" sizes=\"(max-width: 150px) 100vw, 150px\" \/><\/span><\/div><div class=\"fusion-clearfix\"><\/div><\/div><\/div><div class=\"fusion-layout-column fusion_builder_column fusion-builder-column-11 fusion_builder_column_2_3 2_3 fusion-two-third fusion-column-last\" style=\"--awb-bg-size:cover;width:66.666666666667%;width:calc(66.666666666667% - ( ( 4% ) * 0.66666666666667 ) );\"><div class=\"fusion-column-wrapper fusion-flex-column-wrapper-legacy\"><div class=\"fusion-text fusion-text-10\"><h4><strong>Viatjar.cat<\/strong><\/h4>\n<p>VIATJAR.CAT es un blog sobre viajes donde encontrar\u00e1s informaci\u00f3n sobre los principales destinos tur\u00edsticos, ofertas de vuelos, hoteles baratos, viajes y sugerencias para vacaciones o escapadas de fin de semana originales.<\/p>\n<ul>\n<li><a href=\"http:\/\/www.viatjar.cat\/\" target=\"_blank\" rel=\"noopener noreferrer\">Ir a la web de viatjar.cat<\/a><\/li>\n<\/ul>\n<\/div><div class=\"fusion-clearfix\"><\/div><\/div><\/div><div class=\"fusion-layout-column fusion_builder_column fusion-builder-column-12 fusion_builder_column_1_3 1_3 fusion-one-third fusion-column-first\" style=\"--awb-bg-size:cover;width:33.333333333333%;width:calc(33.333333333333% - ( ( 4% ) * 0.33333333333333 ) );margin-right: 4%;\"><div class=\"fusion-column-wrapper fusion-flex-column-wrapper-legacy\"><div class=\"fusion-image-element in-legacy-container\" style=\"--awb-caption-title-font-family:var(--h2_typography-font-family);--awb-caption-title-font-weight:var(--h2_typography-font-weight);--awb-caption-title-font-style:var(--h2_typography-font-style);--awb-caption-title-size:var(--h2_typography-font-size);--awb-caption-title-transform:var(--h2_typography-text-transform);--awb-caption-title-line-height:var(--h2_typography-line-height);--awb-caption-title-letter-spacing:var(--h2_typography-letter-spacing);\"><span class=\" fusion-imageframe imageframe-none imageframe-5 hover-type-none\"><img decoding=\"async\" width=\"150\" height=\"150\" alt=\"Barcel\u00f3 viatge: B The Travel Brand\" title=\"Barcel\u00f3 viatge: B The Travel Brand\" src=\"https:\/\/firagran.com\/wp-content\/uploads\/log_btravelband.jpg\" class=\"img-responsive wp-image-2074\" srcset=\"https:\/\/firagran.com\/wp-content\/uploads\/log_btravelband-66x66.jpg 66w, https:\/\/firagran.com\/wp-content\/uploads\/log_btravelband.jpg 150w\" sizes=\"(max-width: 150px) 100vw, 150px\" \/><\/span><\/div><div class=\"fusion-clearfix\"><\/div><\/div><\/div><div class=\"fusion-layout-column fusion_builder_column fusion-builder-column-13 fusion_builder_column_2_3 2_3 fusion-two-third fusion-column-last\" style=\"--awb-bg-size:cover;width:66.666666666667%;width:calc(66.666666666667% - ( ( 4% ) * 0.66666666666667 ) );\"><div class=\"fusion-column-wrapper fusion-flex-column-wrapper-legacy\"><div class=\"fusion-text fusion-text-11\"><h4><strong>Barcel\u00f3 viatge: B The Travel Brand<\/strong><\/h4>\n<p>Barcel\u00f3 Viajes tiene una red con m\u00e1s de 650 oficinas y agencias por todo el Estado Espa\u00f1ol.<\/p>\n<ul>\n<li><a href=\"http:\/\/www.bthetravelbrand.com\/\" target=\"_blank\" rel=\"noopener noreferrer\">www.bthetravelbrand.com<\/a><\/li>\n<\/ul>\n<\/div><div class=\"fusion-clearfix\"><\/div><\/div><\/div><div class=\"fusion-layout-column fusion_builder_column fusion-builder-column-14 fusion_builder_column_1_3 1_3 fusion-one-third fusion-column-first\" style=\"--awb-bg-size:cover;width:33.333333333333%;width:calc(33.333333333333% - ( ( 4% ) * 0.33333333333333 ) );margin-right: 4%;\"><div class=\"fusion-column-wrapper fusion-flex-column-wrapper-legacy\"><div class=\"fusion-image-element in-legacy-container\" style=\"--awb-caption-title-font-family:var(--h2_typography-font-family);--awb-caption-title-font-weight:var(--h2_typography-font-weight);--awb-caption-title-font-style:var(--h2_typography-font-style);--awb-caption-title-size:var(--h2_typography-font-size);--awb-caption-title-transform:var(--h2_typography-text-transform);--awb-caption-title-line-height:var(--h2_typography-line-height);--awb-caption-title-letter-spacing:var(--h2_typography-letter-spacing);\"><span class=\" fusion-imageframe imageframe-none imageframe-6 hover-type-none\"><img decoding=\"async\" width=\"150\" height=\"150\" alt=\"Club del Viatger\" title=\"Club del Viatger\" src=\"https:\/\/firagran.com\/wp-content\/uploads\/150x150_club_viatger.jpg\" class=\"img-responsive wp-image-5016\" srcset=\"https:\/\/firagran.com\/wp-content\/uploads\/150x150_club_viatger-66x66.jpg 66w, https:\/\/firagran.com\/wp-content\/uploads\/150x150_club_viatger.jpg 150w\" sizes=\"(max-width: 150px) 100vw, 150px\" \/><\/span><\/div><div class=\"fusion-clearfix\"><\/div><\/div><\/div><div class=\"fusion-layout-column fusion_builder_column fusion-builder-column-15 fusion_builder_column_2_3 2_3 fusion-two-third fusion-column-last\" style=\"--awb-bg-size:cover;width:66.666666666667%;width:calc(66.666666666667% - ( ( 4% ) * 0.66666666666667 ) );\"><div class=\"fusion-column-wrapper fusion-flex-column-wrapper-legacy\"><div class=\"fusion-text fusion-text-12\"><h4><strong>EL CLUB DEL VIATGER<br \/>\nVIAJES EN GRUPO DE CALIDAD<\/strong><\/h4>\n<p>Con el Club del Viatger no tendr\u00e1s que preocuparte de nada, todos los servicios est\u00e1n incluidos y siempre ir\u00e1s acompa\u00f1ados por un miembro de nuestro equipo!<\/p>\n<p>El viaje comienza con el traslado al aeropuerto desde muy cerca de casa y a la vuelta te volvemos a dejar!<br \/>\nTe proponemos viajes por Catalu\u00f1a, Europa y por el mundo!<br \/>\nCircuitos por Europa \/ largas distancias \/ escapadas musicales \/ crucero fluviales &#8230;<\/p>\n<ul>\n<li>El Club del Viatger, m\u00e1s cerca de ti:<br \/>\nM\u00e1s informaci\u00f3n en <a href=\"http:\/\/wwww.clubdelviatger.cat\" target=\"_blank\" rel=\"noopener\">www.clubdelviatger.cat<\/a> o en el 93 766 59 96<\/li>\n<\/ul>\n<\/div><div class=\"fusion-clearfix\"><\/div><\/div><\/div><\/div><\/div><\/p>\n","protected":false},"excerpt":{"rendered":"","protected":false},"author":1,"featured_media":2844,"parent":2797,"menu_order":0,"comment_status":"closed","ping_status":"closed","template":"","meta":{"footnotes":""},"class_list":["post-2843","page","type-page","status-publish","has-post-thumbnail","hentry"],"_links":{"self":[{"href":"https:\/\/firagran.com\/es\/wp-json\/wp\/v2\/pages\/2843","targetHints":{"allow":["GET"]}}],"collection":[{"href":"https:\/\/firagran.com\/es\/wp-json\/wp\/v2\/pages"}],"about":[{"href":"https:\/\/firagran.com\/es\/wp-json\/wp\/v2\/types\/page"}],"author":[{"embeddable":true,"href":"https:\/\/firagran.com\/es\/wp-json\/wp\/v2\/users\/1"}],"replies":[{"embeddable":true,"href":"https:\/\/firagran.com\/es\/wp-json\/wp\/v2\/comments?post=2843"}],"version-history":[{"count":5,"href":"https:\/\/firagran.com\/es\/wp-json\/wp\/v2\/pages\/2843\/revisions"}],"predecessor-version":[{"id":13510,"href":"https:\/\/firagran.com\/es\/wp-json\/wp\/v2\/pages\/2843\/revisions\/13510"}],"up":[{"embeddable":true,"href":"https:\/\/firagran.com\/es\/wp-json\/wp\/v2\/pages\/2797"}],"wp:featuredmedia":[{"embeddable":true,"href":"https:\/\/firagran.com\/es\/wp-json\/wp\/v2\/media\/2844"}],"wp:attachment":[{"href":"https:\/\/firagran.com\/es\/wp-json\/wp\/v2\/media?parent=2843"}],"curies":[{"name":"wp","href":"https:\/\/api.w.org\/{rel}","templated":true}]}}