{"id":2848,"date":"2017-03-29T20:05:45","date_gmt":"2017-03-29T19:05:45","guid":{"rendered":"https:\/\/firagran.com\/envejecimiento-activo\/voluntariat\/"},"modified":"2017-04-27T16:17:13","modified_gmt":"2017-04-27T15:17:13","slug":"voluntariado","status":"publish","type":"page","link":"https:\/\/firagran.com\/es\/envejecimiento-activo\/voluntariado\/","title":{"rendered":"Voluntariado"},"content":{"rendered":"<p><div class=\"fusion-fullwidth fullwidth-box fusion-builder-row-1 nonhundred-percent-fullwidth non-hundred-percent-height-scrolling\" style=\"--awb-border-radius-top-left:0px;--awb-border-radius-top-right:0px;--awb-border-radius-bottom-right:0px;--awb-border-radius-bottom-left:0px;--awb-flex-wrap:wrap;\" ><div class=\"fusion-builder-row fusion-row\"><div class=\"fusion-layout-column fusion_builder_column fusion-builder-column-0 fusion_builder_column_1_1 1_1 fusion-one-full fusion-column-first fusion-column-last\" style=\"--awb-bg-size:cover;\"><div class=\"fusion-column-wrapper fusion-flex-column-wrapper-legacy\"><div class=\"fusion-text fusion-text-1\"><p><strong>Hacerse mayor tiene muchas ventajas. Es el momento de disfrutar de los ratos de ocio y cuidarse de manera decidida.<\/strong><\/p>\n<p>Ahora bien, si adem\u00e1s quieres contribuir de forma activa tambi\u00e9n lo puedes hacer ya que tu experiencia puede ser muy \u00fatil para otras personas. Si tienes tiempo y ganas de colaborar en actividades sociales, puedes hacerte voluntario.<\/p>\n<p>Los voluntarios tienen un importante papel en la sociedad actual y es por esta raz\u00f3n que la Ley del Voluntariado a nivel estatal recoge el compromiso de los poderes p\u00fablicos para impulsarlo y promocionarlo.<\/p>\n<p>Hay varias modalidades de voluntariado, como pueden ser:<\/p>\n<ul>\n<li><strong>Voluntariado social<\/strong>, que apoya a la integraci\u00f3n social de los colectivos desfavorecidos.<\/li>\n<li><strong>Voluntariado cultural<\/strong>, que promueve la cultura popular, la docencia, la formaci\u00f3n permanente y la dinamizaci\u00f3n cultural.<\/li>\n<li><strong>Voluntariado comunitario<\/strong>, que fomenta la participaci\u00f3n ciudadana y el asociacionismo.<\/li>\n<\/ul>\n<\/div><div class=\"fusion-clearfix\"><\/div><\/div><\/div><\/div><\/div><div class=\"fusion-fullwidth fullwidth-box fusion-builder-row-2 nonhundred-percent-fullwidth non-hundred-percent-height-scrolling mas_info\" style=\"--awb-border-radius-top-left:0px;--awb-border-radius-top-right:0px;--awb-border-radius-bottom-right:0px;--awb-border-radius-bottom-left:0px;--awb-flex-wrap:wrap;\" ><div class=\"fusion-builder-row fusion-row\"><div class=\"fusion-layout-column fusion_builder_column fusion-builder-column-1 fusion_builder_column_1_1 1_1 fusion-one-full fusion-column-first fusion-column-last\" style=\"--awb-bg-size:cover;\"><div class=\"fusion-column-wrapper fusion-flex-column-wrapper-legacy\"><div class=\"fusion-text fusion-text-2\"><h5>En este enlace tienes las solicitudes de voluntariado existentes en este momento en Catalu\u00f1a:<\/h5>\n<\/div><div class=\"fusion-sep-clear\"><\/div><div class=\"fusion-separator fusion-clearfix\" style=\"float:left;width:100%;max-width:20px;\"><\/div><div class=\"fusion-sep-clear\"><\/div><div class=\"fusion-clearfix\"><\/div><\/div><\/div><div class=\"fusion-layout-column fusion_builder_column fusion-builder-column-2 fusion_builder_column_1_4 1_4 fusion-one-fourth fusion-column-first\" style=\"--awb-bg-size:cover;width:25%;width:calc(25% - ( ( 4% ) * 0.25 ) );margin-right: 4%;\"><div class=\"fusion-column-wrapper fusion-flex-column-wrapper-legacy\"><div class=\"fusion-image-element in-legacy-container\" style=\"--awb-caption-title-font-family:var(--h2_typography-font-family);--awb-caption-title-font-weight:var(--h2_typography-font-weight);--awb-caption-title-font-style:var(--h2_typography-font-style);--awb-caption-title-size:var(--h2_typography-font-size);--awb-caption-title-transform:var(--h2_typography-text-transform);--awb-caption-title-line-height:var(--h2_typography-line-height);--awb-caption-title-letter-spacing:var(--h2_typography-letter-spacing);\"><span class=\" fusion-imageframe imageframe-none imageframe-1 hover-type-zoomin\"><a class=\"fusion-no-lightbox\" href=\"http:\/\/www.voluntariat.org\/Promoci%C3%B3-del-voluntariat\/Vols-fer-voluntariat\" target=\"_blank\" aria-label=\"log_voluntariat\" rel=\"noopener noreferrer\"><img decoding=\"async\" width=\"150\" height=\"150\" src=\"https:\/\/firagran.com\/wp-content\/uploads\/log_voluntariat.jpg\" alt class=\"img-responsive wp-image-2070\" srcset=\"https:\/\/firagran.com\/wp-content\/uploads\/log_voluntariat-66x66.jpg 66w, https:\/\/firagran.com\/wp-content\/uploads\/log_voluntariat.jpg 150w\" sizes=\"(max-width: 150px) 100vw, 150px\" \/><\/a><\/span><\/div><div class=\"fusion-clearfix\"><\/div><\/div><\/div><div class=\"fusion-layout-column fusion_builder_column fusion-builder-column-3 fusion_builder_column_3_4 3_4 fusion-three-fourth fusion-column-last\" style=\"--awb-bg-size:cover;width:75%;width:calc(75% - ( ( 4% ) * 0.75 ) );\"><div class=\"fusion-column-wrapper fusion-flex-column-wrapper-legacy\"><div class=\"fusion-text fusion-text-3\"><ul class=\"td-arrow-list\">\n<li><a href=\"http:\/\/www.voluntariat.org\/Promoci%C3%B3-del-voluntariat\/Vols-fer-voluntariat\" target=\"_blank\"><strong>Voluntariat.org<\/strong><\/a><\/li>\n<\/ul>\n<\/div><div class=\"fusion-clearfix\"><\/div><\/div><\/div><\/div><\/div><div class=\"fusion-fullwidth fullwidth-box fusion-builder-row-3 nonhundred-percent-fullwidth non-hundred-percent-height-scrolling caja_enlaces\" style=\"--awb-border-radius-top-left:0px;--awb-border-radius-top-right:0px;--awb-border-radius-bottom-right:0px;--awb-border-radius-bottom-left:0px;--awb-flex-wrap:wrap;\" ><div class=\"fusion-builder-row fusion-row\"><div class=\"fusion-layout-column fusion_builder_column fusion-builder-column-4 fusion_builder_column_1_1 1_1 fusion-one-full fusion-column-first fusion-column-last\" style=\"--awb-bg-size:cover;\"><div class=\"fusion-column-wrapper fusion-flex-column-wrapper-legacy\"><div class=\"fusion-text fusion-text-4\"><h5>Otros enlaces de inter\u00e9s:<\/h5>\n<\/div><div class=\"fusion-sep-clear\"><\/div><div class=\"fusion-separator fusion-clearfix\" style=\"float:left;width:100%;max-width:20px;\"><\/div><div class=\"fusion-sep-clear\"><\/div><div class=\"fusion-text fusion-text-5\"><ul>\n<li><a href=\"http:\/\/voluntaris.cat\/\" target=\"_blank\" rel=\"noopener noreferrer\"><strong>Voluntaris.cat \u2013 <\/strong>Federaci\u00f3n Catalana de Voluntarios Sociales<\/a><\/li>\n<li><a href=\"http:\/\/www.amicsdelagentgran.org\/\" target=\"_blank\" rel=\"noopener noreferrer\"><strong>Amics de la Gent Gran<\/strong><\/a><\/li>\n<li><strong><a href=\"http:\/\/www.avismon.org\/\" target=\"_blank\" rel=\"noopener noreferrer\">Fundaci\u00f3 Privada Avism\u00f3n-Catalunya<\/a><\/strong><\/li>\n<\/ul>\n<\/div><div class=\"fusion-clearfix\"><\/div><\/div><\/div><\/div><\/div><\/p>\n","protected":false},"excerpt":{"rendered":"","protected":false},"author":1,"featured_media":2849,"parent":2797,"menu_order":0,"comment_status":"closed","ping_status":"closed","template":"","meta":{"footnotes":""},"class_list":["post-2848","page","type-page","status-publish","has-post-thumbnail","hentry"],"_links":{"self":[{"href":"https:\/\/firagran.com\/es\/wp-json\/wp\/v2\/pages\/2848","targetHints":{"allow":["GET"]}}],"collection":[{"href":"https:\/\/firagran.com\/es\/wp-json\/wp\/v2\/pages"}],"about":[{"href":"https:\/\/firagran.com\/es\/wp-json\/wp\/v2\/types\/page"}],"author":[{"embeddable":true,"href":"https:\/\/firagran.com\/es\/wp-json\/wp\/v2\/users\/1"}],"replies":[{"embeddable":true,"href":"https:\/\/firagran.com\/es\/wp-json\/wp\/v2\/comments?post=2848"}],"version-history":[{"count":2,"href":"https:\/\/firagran.com\/es\/wp-json\/wp\/v2\/pages\/2848\/revisions"}],"predecessor-version":[{"id":2851,"href":"https:\/\/firagran.com\/es\/wp-json\/wp\/v2\/pages\/2848\/revisions\/2851"}],"up":[{"embeddable":true,"href":"https:\/\/firagran.com\/es\/wp-json\/wp\/v2\/pages\/2797"}],"wp:featuredmedia":[{"embeddable":true,"href":"https:\/\/firagran.com\/es\/wp-json\/wp\/v2\/media\/2849"}],"wp:attachment":[{"href":"https:\/\/firagran.com\/es\/wp-json\/wp\/v2\/media?parent=2848"}],"curies":[{"name":"wp","href":"https:\/\/api.w.org\/{rel}","templated":true}]}}