{"id":2854,"date":"2017-03-27T18:52:13","date_gmt":"2017-03-27T17:52:13","guid":{"rendered":"https:\/\/firagran.com\/habits-saludables\/"},"modified":"2017-04-28T12:32:27","modified_gmt":"2017-04-28T11:32:27","slug":"habitos-saludables","status":"publish","type":"page","link":"https:\/\/firagran.com\/es\/habitos-saludables\/","title":{"rendered":"H\u00e1bitos saludables"},"content":{"rendered":"<div class=\"fusion-fullwidth fullwidth-box fusion-builder-row-1 nonhundred-percent-fullwidth non-hundred-percent-height-scrolling fusion-equal-height-columns\" style=\"--awb-border-radius-top-left:0px;--awb-border-radius-top-right:0px;--awb-border-radius-bottom-right:0px;--awb-border-radius-bottom-left:0px;--awb-flex-wrap:wrap;\" ><div class=\"fusion-builder-row fusion-row\"><div class=\"fusion-layout-column fusion_builder_column fusion-builder-column-0 fusion_builder_column_1_2 1_2 fusion-one-half fusion-column-first fusion-column-inner-bg-wrapper fusion-column-liftup-border caja_secciones\" style=\"--awb-inner-bg-size:cover;width:50%;width:calc(50% - ( ( 4% ) * 0.5 ) );margin-right: 4%;\"><span class=\"fusion-column-inner-bg hover-type-liftup\"><a class=\"fusion-column-anchor\" href=\"http:\/\/actividad-fisica\/\"><span class=\"fusion-column-inner-bg-image\"><\/span><\/a><\/span><div class=\"fusion-column-wrapper fusion-flex-column-wrapper-legacy\"><div class=\"fusion-image-element in-legacy-container\" style=\"--awb-caption-title-font-family:var(--h2_typography-font-family);--awb-caption-title-font-weight:var(--h2_typography-font-weight);--awb-caption-title-font-style:var(--h2_typography-font-style);--awb-caption-title-size:var(--h2_typography-font-size);--awb-caption-title-transform:var(--h2_typography-text-transform);--awb-caption-title-line-height:var(--h2_typography-line-height);--awb-caption-title-letter-spacing:var(--h2_typography-letter-spacing);\"><span class=\" fusion-imageframe imageframe-none imageframe-1 hover-type-zoomin\"><img decoding=\"async\" width=\"696\" height=\"464\" title=\"Activitat f\u00edsica\" src=\"https:\/\/firagran.com\/wp-content\/uploads\/activitat_fisica1.jpg\" alt class=\"img-responsive wp-image-2858\" srcset=\"https:\/\/firagran.com\/wp-content\/uploads\/activitat_fisica1-200x133.jpg 200w, https:\/\/firagran.com\/wp-content\/uploads\/activitat_fisica1-400x267.jpg 400w, https:\/\/firagran.com\/wp-content\/uploads\/activitat_fisica1-600x400.jpg 600w, https:\/\/firagran.com\/wp-content\/uploads\/activitat_fisica1.jpg 696w\" sizes=\"(max-width: 1080px) 100vw, 600px\" \/><\/span><\/div><div class=\"fusion-text fusion-text-1\"><h3><strong>Actividad f\u00edsica<\/strong><\/h3>\n<p>El ejercicio f\u00edsico es necesario para disfrutar de una buena salud y prevenir enfermedades.<\/p>\n<\/div><div class=\"fusion-clearfix\"><\/div><\/div><\/div><div class=\"fusion-layout-column fusion_builder_column fusion-builder-column-1 fusion_builder_column_1_2 1_2 fusion-one-half fusion-column-last fusion-column-inner-bg-wrapper fusion-column-liftup-border caja_secciones\" style=\"--awb-inner-bg-size:cover;width:50%;width:calc(50% - ( ( 4% ) * 0.5 ) );\"><span class=\"fusion-column-inner-bg hover-type-liftup\"><a class=\"fusion-column-anchor\" href=\"http:\/\/alimentacion-saludable\/\"><span class=\"fusion-column-inner-bg-image\"><\/span><\/a><\/span><div class=\"fusion-column-wrapper fusion-flex-column-wrapper-legacy\"><div class=\"fusion-image-element in-legacy-container\" style=\"--awb-caption-title-font-family:var(--h2_typography-font-family);--awb-caption-title-font-weight:var(--h2_typography-font-weight);--awb-caption-title-font-style:var(--h2_typography-font-style);--awb-caption-title-size:var(--h2_typography-font-size);--awb-caption-title-transform:var(--h2_typography-text-transform);--awb-caption-title-line-height:var(--h2_typography-line-height);--awb-caption-title-letter-spacing:var(--h2_typography-letter-spacing);\"><span class=\" fusion-imageframe imageframe-none imageframe-2 hover-type-zoomin\"><img decoding=\"async\" width=\"696\" height=\"464\" title=\"Alimentaci\u00f3 saludable\" src=\"https:\/\/firagran.com\/wp-content\/uploads\/alimentacio.jpg\" alt class=\"img-responsive wp-image-2862\" srcset=\"https:\/\/firagran.com\/wp-content\/uploads\/alimentacio-200x133.jpg 200w, https:\/\/firagran.com\/wp-content\/uploads\/alimentacio-400x267.jpg 400w, https:\/\/firagran.com\/wp-content\/uploads\/alimentacio-600x400.jpg 600w, https:\/\/firagran.com\/wp-content\/uploads\/alimentacio.jpg 696w\" sizes=\"(max-width: 1080px) 100vw, 600px\" \/><\/span><\/div><div class=\"fusion-text fusion-text-2\"><h3><strong>Alimentaci\u00f3n saludable<\/strong><\/h3>\n<p>Una alimentaci\u00f3n equilibrada tiene que ser variada, suficiente y adaptada a las caracter\u00edsticas fisiol\u00f3gicas de la persona.<\/p>\n<\/div><div class=\"fusion-clearfix\"><\/div><\/div><\/div><div class=\"fusion-layout-column fusion_builder_column fusion-builder-column-2 fusion_builder_column_1_2 1_2 fusion-one-half fusion-column-first fusion-column-inner-bg-wrapper fusion-column-liftup-border caja_secciones\" style=\"--awb-inner-bg-size:cover;width:50%;width:calc(50% - ( ( 4% ) * 0.5 ) );margin-right: 4%;\"><span class=\"fusion-column-inner-bg hover-type-liftup\"><a class=\"fusion-column-anchor\" href=\"http:\/\/cuidar-la-salud\/\"><span class=\"fusion-column-inner-bg-image\"><\/span><\/a><\/span><div class=\"fusion-column-wrapper fusion-flex-column-wrapper-legacy\"><div class=\"fusion-image-element in-legacy-container\" style=\"--awb-caption-title-font-family:var(--h2_typography-font-family);--awb-caption-title-font-weight:var(--h2_typography-font-weight);--awb-caption-title-font-style:var(--h2_typography-font-style);--awb-caption-title-size:var(--h2_typography-font-size);--awb-caption-title-transform:var(--h2_typography-text-transform);--awb-caption-title-line-height:var(--h2_typography-line-height);--awb-caption-title-letter-spacing:var(--h2_typography-letter-spacing);\"><span class=\" fusion-imageframe imageframe-none imageframe-3 hover-type-zoomin\"><img decoding=\"async\" width=\"696\" height=\"464\" title=\"Cuidar la salut\" src=\"https:\/\/firagran.com\/wp-content\/uploads\/activitat_fisica2.jpg\" alt class=\"img-responsive wp-image-2871\" srcset=\"https:\/\/firagran.com\/wp-content\/uploads\/activitat_fisica2-200x133.jpg 200w, https:\/\/firagran.com\/wp-content\/uploads\/activitat_fisica2-400x267.jpg 400w, https:\/\/firagran.com\/wp-content\/uploads\/activitat_fisica2-600x400.jpg 600w, https:\/\/firagran.com\/wp-content\/uploads\/activitat_fisica2.jpg 696w\" sizes=\"(max-width: 1080px) 100vw, 600px\" \/><\/span><\/div><div class=\"fusion-text fusion-text-3\"><h3><strong>Cuidar la salud<\/strong><\/h3>\n<p>&#8220;M\u00e1s vale prevenir que curar&#8221;. Cuidarse de manera regular es el mejor consejo para mantener una buena calidad de vida.<\/p>\n<\/div><div class=\"fusion-clearfix\"><\/div><\/div><\/div><div class=\"fusion-layout-column fusion_builder_column fusion-builder-column-3 fusion_builder_column_1_2 1_2 fusion-one-half fusion-column-last fusion-column-inner-bg-wrapper fusion-column-liftup-border caja_secciones\" style=\"--awb-inner-bg-size:cover;width:50%;width:calc(50% - ( ( 4% ) * 0.5 ) );\"><span class=\"fusion-column-inner-bg hover-type-liftup\"><a class=\"fusion-column-anchor\" href=\"http:\/\/vida-social-activa-no-estes-solo\/\"><span class=\"fusion-column-inner-bg-image\"><\/span><\/a><\/span><div class=\"fusion-column-wrapper fusion-flex-column-wrapper-legacy\"><div class=\"fusion-image-element in-legacy-container\" style=\"--awb-caption-title-font-family:var(--h2_typography-font-family);--awb-caption-title-font-weight:var(--h2_typography-font-weight);--awb-caption-title-font-style:var(--h2_typography-font-style);--awb-caption-title-size:var(--h2_typography-font-size);--awb-caption-title-transform:var(--h2_typography-text-transform);--awb-caption-title-line-height:var(--h2_typography-line-height);--awb-caption-title-letter-spacing:var(--h2_typography-letter-spacing);\"><span class=\" fusion-imageframe imageframe-none imageframe-4 hover-type-zoomin\"><img decoding=\"async\" width=\"696\" height=\"464\" title=\"Vida social activa: no estiguis sol\/a\" src=\"https:\/\/firagran.com\/wp-content\/uploads\/vida_Activa.jpg\" alt class=\"img-responsive wp-image-2866\" srcset=\"https:\/\/firagran.com\/wp-content\/uploads\/vida_Activa-200x133.jpg 200w, https:\/\/firagran.com\/wp-content\/uploads\/vida_Activa-400x267.jpg 400w, https:\/\/firagran.com\/wp-content\/uploads\/vida_Activa-600x400.jpg 600w, https:\/\/firagran.com\/wp-content\/uploads\/vida_Activa.jpg 696w\" sizes=\"(max-width: 1080px) 100vw, 600px\" \/><\/span><\/div><div class=\"fusion-text fusion-text-4\"><h3><strong>Vida social activa: no est\u00e9s sol\/a<\/strong><\/h3>\n<p>No te quedes en casa.<br \/>\nM\u00e1s de 280.000 personas mayores viven solas en Catalu\u00f1a y, de estas, m\u00e1s de 175.000 sufren soledad no deseada.<\/p>\n<\/div><div class=\"fusion-clearfix\"><\/div><\/div><\/div><\/div><\/div>\n","protected":false},"excerpt":{"rendered":"","protected":false},"author":1,"featured_media":0,"parent":0,"menu_order":0,"comment_status":"closed","ping_status":"closed","template":"","meta":{"footnotes":""},"class_list":["post-2854","page","type-page","status-publish","hentry"],"_links":{"self":[{"href":"https:\/\/firagran.com\/es\/wp-json\/wp\/v2\/pages\/2854","targetHints":{"allow":["GET"]}}],"collection":[{"href":"https:\/\/firagran.com\/es\/wp-json\/wp\/v2\/pages"}],"about":[{"href":"https:\/\/firagran.com\/es\/wp-json\/wp\/v2\/types\/page"}],"author":[{"embeddable":true,"href":"https:\/\/firagran.com\/es\/wp-json\/wp\/v2\/users\/1"}],"replies":[{"embeddable":true,"href":"https:\/\/firagran.com\/es\/wp-json\/wp\/v2\/comments?post=2854"}],"version-history":[{"count":5,"href":"https:\/\/firagran.com\/es\/wp-json\/wp\/v2\/pages\/2854\/revisions"}],"predecessor-version":[{"id":2966,"href":"https:\/\/firagran.com\/es\/wp-json\/wp\/v2\/pages\/2854\/revisions\/2966"}],"wp:attachment":[{"href":"https:\/\/firagran.com\/es\/wp-json\/wp\/v2\/media?parent=2854"}],"curies":[{"name":"wp","href":"https:\/\/api.w.org\/{rel}","templated":true}]}}