{"id":2874,"date":"2017-03-30T17:58:38","date_gmt":"2017-03-30T16:58:38","guid":{"rendered":"https:\/\/firagran.com\/habitos-saludables\/cuidar-la-salud\/consells-de-salut\/"},"modified":"2017-04-27T18:43:16","modified_gmt":"2017-04-27T17:43:16","slug":"consejos-de-salud","status":"publish","type":"page","link":"https:\/\/firagran.com\/es\/habitos-saludables\/cuidar-la-salud\/consejos-de-salud\/","title":{"rendered":"Consejos de salud"},"content":{"rendered":"<p><div class=\"fusion-fullwidth fullwidth-box fusion-builder-row-1 nonhundred-percent-fullwidth non-hundred-percent-height-scrolling\" style=\"--awb-border-radius-top-left:0px;--awb-border-radius-top-right:0px;--awb-border-radius-bottom-right:0px;--awb-border-radius-bottom-left:0px;--awb-flex-wrap:wrap;\" ><div class=\"fusion-builder-row fusion-row\"><div class=\"fusion-layout-column fusion_builder_column fusion-builder-column-0 fusion_builder_column_1_1 1_1 fusion-one-full fusion-column-first fusion-column-last fusion-column-no-min-height\" style=\"--awb-bg-size:cover;\"><div class=\"fusion-column-wrapper fusion-flex-column-wrapper-legacy\"><div class=\"fusion-text fusion-text-1\"><p>El envejecimiento es un fen\u00f3meno universal que afecta a todos los individuos y a todos sus \u00f3rganos y sistemas. No obstante, estos cambios tendr\u00e1n grandes variaciones individuales: no todas las personas envejecen igual ni al mismo ritmo. Y pasa lo mismo entre los diferentes \u00f3rganos y sistemas dentro de un organismo (\u201cel envejecimiento no es sincr\u00f3nico\u201d).<\/p>\n<p>Con el envejecimiento se asocian algunas alteraciones que pueden dificultar nuestro bienestar.<\/p>\n<\/div><div class=\"fusion-clearfix\"><\/div><\/div><\/div><\/div><\/div><div class=\"fusion-fullwidth fullwidth-box fusion-builder-row-2 nonhundred-percent-fullwidth non-hundred-percent-height-scrolling fusion-equal-height-columns titulos_interiores\" style=\"--awb-border-radius-top-left:0px;--awb-border-radius-top-right:0px;--awb-border-radius-bottom-right:0px;--awb-border-radius-bottom-left:0px;--awb-flex-wrap:wrap;\" ><div class=\"fusion-builder-row fusion-row\"><div class=\"fusion-layout-column fusion_builder_column fusion-builder-column-1 fusion_builder_column_1_1 1_1 fusion-one-full fusion-column-first fusion-column-last fusion-column-no-min-height\" style=\"--awb-bg-size:cover;\"><div class=\"fusion-column-wrapper fusion-flex-column-wrapper-legacy\"><div class=\"fusion-text fusion-text-2\"><h4>Entre estos cambios nos podemos encontrar con:<\/h4>\n<\/div><div class=\"fusion-clearfix\"><\/div><\/div><\/div><div class=\"fusion-layout-column fusion_builder_column fusion-builder-column-2 fusion_builder_column_1_3 1_3 fusion-one-third fusion-column-first fusion-column-inner-bg-wrapper fusion-column-liftup-border caja_secciones\" style=\"--awb-inner-bg-size:cover;width:33.333333333333%;width:calc(33.333333333333% - ( ( 4% + 4% ) * 0.33333333333333 ) );margin-right: 4%;\"><span class=\"fusion-column-inner-bg hover-type-liftup\"><a class=\"fusion-column-anchor\" href=\"http:\/\/alteraciones-de-la-vista\/\"><span class=\"fusion-column-inner-bg-image\"><\/span><\/a><\/span><div class=\"fusion-column-wrapper fusion-flex-column-wrapper-legacy\"><div class=\"fusion-image-element in-legacy-container\" style=\"--awb-caption-title-font-family:var(--h2_typography-font-family);--awb-caption-title-font-weight:var(--h2_typography-font-weight);--awb-caption-title-font-style:var(--h2_typography-font-style);--awb-caption-title-size:var(--h2_typography-font-size);--awb-caption-title-transform:var(--h2_typography-text-transform);--awb-caption-title-line-height:var(--h2_typography-line-height);--awb-caption-title-letter-spacing:var(--h2_typography-letter-spacing);\"><span class=\" fusion-imageframe imageframe-none imageframe-1 hover-type-zoomin\"><img decoding=\"async\" width=\"696\" height=\"464\" title=\"Alteracions de la vista\" src=\"https:\/\/firagran.com\/wp-content\/uploads\/salut_vista.jpg\" alt class=\"img-responsive wp-image-2880\" srcset=\"https:\/\/firagran.com\/wp-content\/uploads\/salut_vista-200x133.jpg 200w, https:\/\/firagran.com\/wp-content\/uploads\/salut_vista-400x267.jpg 400w, https:\/\/firagran.com\/wp-content\/uploads\/salut_vista-600x400.jpg 600w, https:\/\/firagran.com\/wp-content\/uploads\/salut_vista.jpg 696w\" sizes=\"(max-width: 1080px) 100vw, 400px\" \/><\/span><\/div><div class=\"fusion-text fusion-text-3\"><h5>Alteraciones de la vista<\/h5>\n<\/div><div class=\"fusion-clearfix\"><\/div><\/div><\/div><div class=\"fusion-layout-column fusion_builder_column fusion-builder-column-3 fusion_builder_column_1_3 1_3 fusion-one-third fusion-column-inner-bg-wrapper fusion-column-liftup-border caja_secciones\" style=\"--awb-inner-bg-size:cover;width:33.333333333333%;width:calc(33.333333333333% - ( ( 4% + 4% ) * 0.33333333333333 ) );margin-right: 4%;\"><span class=\"fusion-column-inner-bg hover-type-liftup\"><a class=\"fusion-column-anchor\" href=\"http:\/\/alteraciones-del-oido\/\"><span class=\"fusion-column-inner-bg-image\"><\/span><\/a><\/span><div class=\"fusion-column-wrapper fusion-flex-column-wrapper-legacy\"><div class=\"fusion-image-element in-legacy-container\" style=\"--awb-caption-title-font-family:var(--h2_typography-font-family);--awb-caption-title-font-weight:var(--h2_typography-font-weight);--awb-caption-title-font-style:var(--h2_typography-font-style);--awb-caption-title-size:var(--h2_typography-font-size);--awb-caption-title-transform:var(--h2_typography-text-transform);--awb-caption-title-line-height:var(--h2_typography-line-height);--awb-caption-title-letter-spacing:var(--h2_typography-letter-spacing);\"><span class=\" fusion-imageframe imageframe-none imageframe-2 hover-type-zoomin\"><img decoding=\"async\" width=\"696\" height=\"464\" title=\"Alteracions de l\u2019o\u00efda\" src=\"https:\/\/firagran.com\/wp-content\/uploads\/salut_oida.jpg\" alt class=\"img-responsive wp-image-2887\" srcset=\"https:\/\/firagran.com\/wp-content\/uploads\/salut_oida-200x133.jpg 200w, https:\/\/firagran.com\/wp-content\/uploads\/salut_oida-400x267.jpg 400w, https:\/\/firagran.com\/wp-content\/uploads\/salut_oida-600x400.jpg 600w, https:\/\/firagran.com\/wp-content\/uploads\/salut_oida.jpg 696w\" sizes=\"(max-width: 1080px) 100vw, 400px\" \/><\/span><\/div><div class=\"fusion-text fusion-text-4\"><h5>Alteraciones del o\u00eddo<\/h5>\n<\/div><div class=\"fusion-clearfix\"><\/div><\/div><\/div><div class=\"fusion-layout-column fusion_builder_column fusion-builder-column-4 fusion_builder_column_1_3 1_3 fusion-one-third fusion-column-last fusion-column-inner-bg-wrapper fusion-column-liftup-border caja_secciones\" style=\"--awb-inner-bg-size:cover;width:33.333333333333%;width:calc(33.333333333333% - ( ( 4% + 4% ) * 0.33333333333333 ) );\"><span class=\"fusion-column-inner-bg hover-type-liftup\"><a class=\"fusion-column-anchor\" href=\"http:\/\/cuidado-de-los-pies\/\"><span class=\"fusion-column-inner-bg-image\"><\/span><\/a><\/span><div class=\"fusion-column-wrapper fusion-flex-column-wrapper-legacy\"><div class=\"fusion-image-element in-legacy-container\" style=\"--awb-caption-title-font-family:var(--h2_typography-font-family);--awb-caption-title-font-weight:var(--h2_typography-font-weight);--awb-caption-title-font-style:var(--h2_typography-font-style);--awb-caption-title-size:var(--h2_typography-font-size);--awb-caption-title-transform:var(--h2_typography-text-transform);--awb-caption-title-line-height:var(--h2_typography-line-height);--awb-caption-title-letter-spacing:var(--h2_typography-letter-spacing);\"><span class=\" fusion-imageframe imageframe-none imageframe-3 hover-type-zoomin\"><img decoding=\"async\" width=\"696\" height=\"464\" title=\"Cura dels peus\" src=\"https:\/\/firagran.com\/wp-content\/uploads\/salut_peus.jpg\" alt class=\"img-responsive wp-image-2893\" srcset=\"https:\/\/firagran.com\/wp-content\/uploads\/salut_peus-200x133.jpg 200w, https:\/\/firagran.com\/wp-content\/uploads\/salut_peus-400x267.jpg 400w, https:\/\/firagran.com\/wp-content\/uploads\/salut_peus-600x400.jpg 600w, https:\/\/firagran.com\/wp-content\/uploads\/salut_peus.jpg 696w\" sizes=\"(max-width: 1080px) 100vw, 400px\" \/><\/span><\/div><div class=\"fusion-text fusion-text-5\"><h5>Cuidado\u00a0de los pies<\/h5>\n<\/div><div class=\"fusion-clearfix\"><\/div><\/div><\/div><div class=\"fusion-layout-column fusion_builder_column fusion-builder-column-5 fusion_builder_column_1_3 1_3 fusion-one-third fusion-column-first fusion-column-inner-bg-wrapper fusion-column-liftup-border caja_secciones\" style=\"--awb-inner-bg-size:cover;width:33.333333333333%;width:calc(33.333333333333% - ( ( 4% + 4% ) * 0.33333333333333 ) );margin-right: 4%;\"><span class=\"fusion-column-inner-bg hover-type-liftup\"><a class=\"fusion-column-anchor\" href=\"http:\/\/diabetes\/\"><span class=\"fusion-column-inner-bg-image\"><\/span><\/a><\/span><div class=\"fusion-column-wrapper fusion-flex-column-wrapper-legacy\"><div class=\"fusion-image-element in-legacy-container\" style=\"--awb-caption-title-font-family:var(--h2_typography-font-family);--awb-caption-title-font-weight:var(--h2_typography-font-weight);--awb-caption-title-font-style:var(--h2_typography-font-style);--awb-caption-title-size:var(--h2_typography-font-size);--awb-caption-title-transform:var(--h2_typography-text-transform);--awb-caption-title-line-height:var(--h2_typography-line-height);--awb-caption-title-letter-spacing:var(--h2_typography-letter-spacing);\"><span class=\" fusion-imageframe imageframe-none imageframe-4 hover-type-zoomin\"><img decoding=\"async\" width=\"696\" height=\"464\" title=\"Diabetis\" src=\"https:\/\/firagran.com\/wp-content\/uploads\/salut_diabetes.jpg\" alt class=\"img-responsive wp-image-2897\" srcset=\"https:\/\/firagran.com\/wp-content\/uploads\/salut_diabetes-200x133.jpg 200w, https:\/\/firagran.com\/wp-content\/uploads\/salut_diabetes-400x267.jpg 400w, https:\/\/firagran.com\/wp-content\/uploads\/salut_diabetes-600x400.jpg 600w, https:\/\/firagran.com\/wp-content\/uploads\/salut_diabetes.jpg 696w\" sizes=\"(max-width: 1080px) 100vw, 400px\" \/><\/span><\/div><div class=\"fusion-text fusion-text-6\"><h5>Diabetes<\/h5>\n<\/div><div class=\"fusion-clearfix\"><\/div><\/div><\/div><div class=\"fusion-layout-column fusion_builder_column fusion-builder-column-6 fusion_builder_column_1_3 1_3 fusion-one-third fusion-column-inner-bg-wrapper fusion-column-liftup-border caja_secciones\" style=\"--awb-inner-bg-size:cover;width:33.333333333333%;width:calc(33.333333333333% - ( ( 4% + 4% ) * 0.33333333333333 ) );margin-right: 4%;\"><span class=\"fusion-column-inner-bg hover-type-liftup\"><a class=\"fusion-column-anchor\" href=\"http:\/\/trastornos-del-sueno\/\"><span class=\"fusion-column-inner-bg-image\"><\/span><\/a><\/span><div class=\"fusion-column-wrapper fusion-flex-column-wrapper-legacy\"><div class=\"fusion-image-element in-legacy-container\" style=\"--awb-caption-title-font-family:var(--h2_typography-font-family);--awb-caption-title-font-weight:var(--h2_typography-font-weight);--awb-caption-title-font-style:var(--h2_typography-font-style);--awb-caption-title-size:var(--h2_typography-font-size);--awb-caption-title-transform:var(--h2_typography-text-transform);--awb-caption-title-line-height:var(--h2_typography-line-height);--awb-caption-title-letter-spacing:var(--h2_typography-letter-spacing);\"><span class=\" fusion-imageframe imageframe-none imageframe-5 hover-type-zoomin\"><img decoding=\"async\" width=\"696\" height=\"464\" title=\"Trastorn de la son\" src=\"https:\/\/firagran.com\/wp-content\/uploads\/transtorns_del_son.jpg\" alt class=\"img-responsive wp-image-2904\" srcset=\"https:\/\/firagran.com\/wp-content\/uploads\/transtorns_del_son-200x133.jpg 200w, https:\/\/firagran.com\/wp-content\/uploads\/transtorns_del_son-400x267.jpg 400w, https:\/\/firagran.com\/wp-content\/uploads\/transtorns_del_son-600x400.jpg 600w, https:\/\/firagran.com\/wp-content\/uploads\/transtorns_del_son.jpg 696w\" sizes=\"(max-width: 1080px) 100vw, 400px\" \/><\/span><\/div><div class=\"fusion-text fusion-text-7\"><h5>Tastorno de la sue\u00f1o<\/h5>\n<\/div><div class=\"fusion-clearfix\"><\/div><\/div><\/div><div class=\"fusion-layout-column fusion_builder_column fusion-builder-column-7 fusion_builder_column_1_3 1_3 fusion-one-third fusion-column-last fusion-column-inner-bg-wrapper fusion-column-liftup-border caja_secciones\" style=\"--awb-inner-bg-size:cover;width:33.333333333333%;width:calc(33.333333333333% - ( ( 4% + 4% ) * 0.33333333333333 ) );\"><span class=\"fusion-column-inner-bg hover-type-liftup\"><a class=\"fusion-column-anchor\" href=\"http:\/\/dolor\/\"><span class=\"fusion-column-inner-bg-image\"><\/span><\/a><\/span><div class=\"fusion-column-wrapper fusion-flex-column-wrapper-legacy\"><div class=\"fusion-image-element in-legacy-container\" style=\"--awb-caption-title-font-family:var(--h2_typography-font-family);--awb-caption-title-font-weight:var(--h2_typography-font-weight);--awb-caption-title-font-style:var(--h2_typography-font-style);--awb-caption-title-size:var(--h2_typography-font-size);--awb-caption-title-transform:var(--h2_typography-text-transform);--awb-caption-title-line-height:var(--h2_typography-line-height);--awb-caption-title-letter-spacing:var(--h2_typography-letter-spacing);\"><span class=\" fusion-imageframe imageframe-none imageframe-6 hover-type-zoomin\"><img decoding=\"async\" width=\"696\" height=\"464\" title=\"Dolor\" src=\"https:\/\/firagran.com\/wp-content\/uploads\/dolor.jpg\" alt class=\"img-responsive wp-image-2908\" srcset=\"https:\/\/firagran.com\/wp-content\/uploads\/dolor-200x133.jpg 200w, https:\/\/firagran.com\/wp-content\/uploads\/dolor-400x267.jpg 400w, https:\/\/firagran.com\/wp-content\/uploads\/dolor-600x400.jpg 600w, https:\/\/firagran.com\/wp-content\/uploads\/dolor.jpg 696w\" sizes=\"(max-width: 1080px) 100vw, 400px\" \/><\/span><\/div><div class=\"fusion-text fusion-text-8\"><h5>Dolor<\/h5>\n<\/div><div class=\"fusion-clearfix\"><\/div><\/div><\/div><div class=\"fusion-layout-column fusion_builder_column fusion-builder-column-8 fusion_builder_column_1_3 1_3 fusion-one-third fusion-column-first fusion-column-inner-bg-wrapper fusion-column-liftup-border caja_secciones\" style=\"--awb-inner-bg-size:cover;width:33.333333333333%;width:calc(33.333333333333% - ( ( 4% ) * 0.33333333333333 ) );margin-right: 4%;\"><span class=\"fusion-column-inner-bg hover-type-liftup\"><a class=\"fusion-column-anchor\" href=\"http:\/\/incontinencia-urinaria\/\"><span class=\"fusion-column-inner-bg-image\"><\/span><\/a><\/span><div class=\"fusion-column-wrapper fusion-flex-column-wrapper-legacy\"><div class=\"fusion-image-element in-legacy-container\" style=\"--awb-caption-title-font-family:var(--h2_typography-font-family);--awb-caption-title-font-weight:var(--h2_typography-font-weight);--awb-caption-title-font-style:var(--h2_typography-font-style);--awb-caption-title-size:var(--h2_typography-font-size);--awb-caption-title-transform:var(--h2_typography-text-transform);--awb-caption-title-line-height:var(--h2_typography-line-height);--awb-caption-title-letter-spacing:var(--h2_typography-letter-spacing);\"><span class=\" fusion-imageframe imageframe-none imageframe-7 hover-type-zoomin\"><img decoding=\"async\" width=\"696\" height=\"464\" title=\"Incontin\u00e8ncia urin\u00e0ria\" src=\"https:\/\/firagran.com\/wp-content\/uploads\/incontinencia.jpg\" alt class=\"img-responsive wp-image-2912\" srcset=\"https:\/\/firagran.com\/wp-content\/uploads\/incontinencia-200x133.jpg 200w, https:\/\/firagran.com\/wp-content\/uploads\/incontinencia-400x267.jpg 400w, https:\/\/firagran.com\/wp-content\/uploads\/incontinencia-600x400.jpg 600w, https:\/\/firagran.com\/wp-content\/uploads\/incontinencia.jpg 696w\" sizes=\"(max-width: 1080px) 100vw, 400px\" \/><\/span><\/div><div class=\"fusion-text fusion-text-9\"><h5>Incontinencia urinaria<\/h5>\n<\/div><div class=\"fusion-clearfix\"><\/div><\/div><\/div><\/div><\/div><div class=\"fusion-fullwidth fullwidth-box fusion-builder-row-3 nonhundred-percent-fullwidth non-hundred-percent-height-scrolling fusion-equal-height-columns titulos_interiores\" style=\"--awb-border-radius-top-left:0px;--awb-border-radius-top-right:0px;--awb-border-radius-bottom-right:0px;--awb-border-radius-bottom-left:0px;--awb-flex-wrap:wrap;\" ><div class=\"fusion-builder-row fusion-row\"><div class=\"fusion-layout-column fusion_builder_column fusion-builder-column-9 fusion_builder_column_1_1 1_1 fusion-one-full fusion-column-first fusion-column-last fusion-column-no-min-height\" style=\"--awb-bg-size:cover;\"><div class=\"fusion-column-wrapper fusion-flex-column-wrapper-legacy\"><div class=\"fusion-text fusion-text-10\"><h4>No obstante, hay algunas actividades que nos ayudar\u00e1n a prevenir todas estas alteraciones como:<\/h4>\n<\/div><div class=\"fusion-clearfix\"><\/div><\/div><\/div><div class=\"fusion-layout-column fusion_builder_column fusion-builder-column-10 fusion_builder_column_1_3 1_3 fusion-one-third fusion-column-first fusion-column-inner-bg-wrapper fusion-column-liftup-border caja_secciones\" style=\"--awb-inner-bg-size:cover;width:33.333333333333%;width:calc(33.333333333333% - ( ( 4% + 4% ) * 0.33333333333333 ) );margin-right: 4%;\"><span class=\"fusion-column-inner-bg hover-type-liftup\"><a class=\"fusion-column-anchor\" href=\"http:\/\/participar-en-programas-de-vacunacion\/\"><span class=\"fusion-column-inner-bg-image\"><\/span><\/a><\/span><div class=\"fusion-column-wrapper fusion-flex-column-wrapper-legacy\"><div class=\"fusion-image-element in-legacy-container\" style=\"--awb-caption-title-font-family:var(--h2_typography-font-family);--awb-caption-title-font-weight:var(--h2_typography-font-weight);--awb-caption-title-font-style:var(--h2_typography-font-style);--awb-caption-title-size:var(--h2_typography-font-size);--awb-caption-title-transform:var(--h2_typography-text-transform);--awb-caption-title-line-height:var(--h2_typography-line-height);--awb-caption-title-letter-spacing:var(--h2_typography-letter-spacing);\"><span class=\" fusion-imageframe imageframe-none imageframe-8 hover-type-zoomin\"><img decoding=\"async\" width=\"696\" height=\"464\" title=\"Participar en programes de vacunaci\u00f3\" src=\"https:\/\/firagran.com\/wp-content\/uploads\/salut_vacunes.jpg\" alt class=\"img-responsive wp-image-2917\" srcset=\"https:\/\/firagran.com\/wp-content\/uploads\/salut_vacunes-200x133.jpg 200w, https:\/\/firagran.com\/wp-content\/uploads\/salut_vacunes-400x267.jpg 400w, https:\/\/firagran.com\/wp-content\/uploads\/salut_vacunes-600x400.jpg 600w, https:\/\/firagran.com\/wp-content\/uploads\/salut_vacunes.jpg 696w\" sizes=\"(max-width: 1080px) 100vw, 400px\" \/><\/span><\/div><div class=\"fusion-text fusion-text-11\"><h5 >Participar en programas de vacunaci\u00f3n<\/h5>\n<\/div><div class=\"fusion-clearfix\"><\/div><\/div><\/div><div class=\"fusion-layout-column fusion_builder_column fusion-builder-column-11 fusion_builder_column_1_3 1_3 fusion-one-third fusion-column-inner-bg-wrapper fusion-column-liftup-border caja_secciones\" style=\"--awb-inner-bg-size:cover;width:33.333333333333%;width:calc(33.333333333333% - ( ( 4% + 4% ) * 0.33333333333333 ) );margin-right: 4%;\"><span class=\"fusion-column-inner-bg hover-type-liftup\"><a class=\"fusion-column-anchor\" href=\"http:\/\/participar-en-programas-de-deteccion-precoz-de-cancer\/\"><span class=\"fusion-column-inner-bg-image\"><\/span><\/a><\/span><div class=\"fusion-column-wrapper fusion-flex-column-wrapper-legacy\"><div class=\"fusion-image-element in-legacy-container\" style=\"--awb-caption-title-font-family:var(--h2_typography-font-family);--awb-caption-title-font-weight:var(--h2_typography-font-weight);--awb-caption-title-font-style:var(--h2_typography-font-style);--awb-caption-title-size:var(--h2_typography-font-size);--awb-caption-title-transform:var(--h2_typography-text-transform);--awb-caption-title-line-height:var(--h2_typography-line-height);--awb-caption-title-letter-spacing:var(--h2_typography-letter-spacing);\"><span class=\" fusion-imageframe imageframe-none imageframe-9 hover-type-zoomin\"><img decoding=\"async\" width=\"696\" height=\"464\" title=\"Participar en programes de detecci\u00f3 preco\u00e7 de c\u00e0ncer\" src=\"https:\/\/firagran.com\/wp-content\/uploads\/salut_cancer.jpg\" alt class=\"img-responsive wp-image-2921\" srcset=\"https:\/\/firagran.com\/wp-content\/uploads\/salut_cancer-200x133.jpg 200w, https:\/\/firagran.com\/wp-content\/uploads\/salut_cancer-400x267.jpg 400w, https:\/\/firagran.com\/wp-content\/uploads\/salut_cancer-600x400.jpg 600w, https:\/\/firagran.com\/wp-content\/uploads\/salut_cancer.jpg 696w\" sizes=\"(max-width: 1080px) 100vw, 400px\" \/><\/span><\/div><div class=\"fusion-text fusion-text-12\"><h5>Participar en programas de detecci\u00f3n precoz de cancer<\/h5>\n<\/div><div class=\"fusion-clearfix\"><\/div><\/div><\/div><div class=\"fusion-layout-column fusion_builder_column fusion-builder-column-12 fusion_builder_column_1_3 1_3 fusion-one-third fusion-column-last fusion-column-inner-bg-wrapper fusion-column-liftup-border caja_secciones\" style=\"--awb-inner-bg-size:cover;width:33.333333333333%;width:calc(33.333333333333% - ( ( 4% + 4% ) * 0.33333333333333 ) );\"><span class=\"fusion-column-inner-bg hover-type-liftup\"><a class=\"fusion-column-anchor\" href=\"http:\/\/protegerse-de-la-radiacion-solar\/\"><span class=\"fusion-column-inner-bg-image\"><\/span><\/a><\/span><div class=\"fusion-column-wrapper fusion-flex-column-wrapper-legacy\"><div class=\"fusion-image-element in-legacy-container\" style=\"--awb-caption-title-font-family:var(--h2_typography-font-family);--awb-caption-title-font-weight:var(--h2_typography-font-weight);--awb-caption-title-font-style:var(--h2_typography-font-style);--awb-caption-title-size:var(--h2_typography-font-size);--awb-caption-title-transform:var(--h2_typography-text-transform);--awb-caption-title-line-height:var(--h2_typography-line-height);--awb-caption-title-letter-spacing:var(--h2_typography-letter-spacing);\"><span class=\" fusion-imageframe imageframe-none imageframe-10 hover-type-zoomin\"><img decoding=\"async\" width=\"696\" height=\"464\" title=\"Protegir-se de la radiaci\u00f3 solar\" src=\"https:\/\/firagran.com\/wp-content\/uploads\/salut_sol.jpg\" alt class=\"img-responsive wp-image-2926\" srcset=\"https:\/\/firagran.com\/wp-content\/uploads\/salut_sol-200x133.jpg 200w, https:\/\/firagran.com\/wp-content\/uploads\/salut_sol-400x267.jpg 400w, https:\/\/firagran.com\/wp-content\/uploads\/salut_sol-600x400.jpg 600w, https:\/\/firagran.com\/wp-content\/uploads\/salut_sol.jpg 696w\" sizes=\"(max-width: 1080px) 100vw, 400px\" \/><\/span><\/div><div class=\"fusion-text fusion-text-13\"><h5>Protegerse de la radiaci\u00f3n solar<\/h5>\n<\/div><div class=\"fusion-clearfix\"><\/div><\/div><\/div><div class=\"fusion-layout-column fusion_builder_column fusion-builder-column-13 fusion_builder_column_1_3 1_3 fusion-one-third fusion-column-first fusion-column-inner-bg-wrapper fusion-column-liftup-border caja_secciones\" style=\"--awb-inner-bg-size:cover;width:33.333333333333%;width:calc(33.333333333333% - ( ( 4% ) * 0.33333333333333 ) );margin-right: 4%;\"><span class=\"fusion-column-inner-bg hover-type-liftup\"><a class=\"fusion-column-anchor\" href=\"http:\/\/consejos-para-prevenir-los-efectos-del-calor\/\"><span class=\"fusion-column-inner-bg-image\"><\/span><\/a><\/span><div class=\"fusion-column-wrapper fusion-flex-column-wrapper-legacy\"><div class=\"fusion-image-element in-legacy-container\" style=\"--awb-caption-title-font-family:var(--h2_typography-font-family);--awb-caption-title-font-weight:var(--h2_typography-font-weight);--awb-caption-title-font-style:var(--h2_typography-font-style);--awb-caption-title-size:var(--h2_typography-font-size);--awb-caption-title-transform:var(--h2_typography-text-transform);--awb-caption-title-line-height:var(--h2_typography-line-height);--awb-caption-title-letter-spacing:var(--h2_typography-letter-spacing);\"><span class=\" fusion-imageframe imageframe-none imageframe-11 hover-type-zoomin\"><img decoding=\"async\" width=\"696\" height=\"464\" title=\"Consells per prevenir els efectes de la calor\" src=\"https:\/\/firagran.com\/wp-content\/uploads\/salut_calor.jpg\" alt class=\"img-responsive wp-image-2930\" srcset=\"https:\/\/firagran.com\/wp-content\/uploads\/salut_calor-200x133.jpg 200w, https:\/\/firagran.com\/wp-content\/uploads\/salut_calor-400x267.jpg 400w, https:\/\/firagran.com\/wp-content\/uploads\/salut_calor-600x400.jpg 600w, https:\/\/firagran.com\/wp-content\/uploads\/salut_calor.jpg 696w\" sizes=\"(max-width: 1080px) 100vw, 400px\" \/><\/span><\/div><div class=\"fusion-text fusion-text-14\"><h5>Consejos para prevenir los efectos del calor<\/h5>\n<\/div><div class=\"fusion-clearfix\"><\/div><\/div><\/div><\/div><\/div><\/p>\n","protected":false},"excerpt":{"rendered":"","protected":false},"author":1,"featured_media":2875,"parent":2870,"menu_order":0,"comment_status":"closed","ping_status":"closed","template":"","meta":{"footnotes":""},"class_list":["post-2874","page","type-page","status-publish","has-post-thumbnail","hentry"],"_links":{"self":[{"href":"https:\/\/firagran.com\/es\/wp-json\/wp\/v2\/pages\/2874","targetHints":{"allow":["GET"]}}],"collection":[{"href":"https:\/\/firagran.com\/es\/wp-json\/wp\/v2\/pages"}],"about":[{"href":"https:\/\/firagran.com\/es\/wp-json\/wp\/v2\/types\/page"}],"author":[{"embeddable":true,"href":"https:\/\/firagran.com\/es\/wp-json\/wp\/v2\/users\/1"}],"replies":[{"embeddable":true,"href":"https:\/\/firagran.com\/es\/wp-json\/wp\/v2\/comments?post=2874"}],"version-history":[{"count":4,"href":"https:\/\/firagran.com\/es\/wp-json\/wp\/v2\/pages\/2874\/revisions"}],"predecessor-version":[{"id":2936,"href":"https:\/\/firagran.com\/es\/wp-json\/wp\/v2\/pages\/2874\/revisions\/2936"}],"up":[{"embeddable":true,"href":"https:\/\/firagran.com\/es\/wp-json\/wp\/v2\/pages\/2870"}],"wp:featuredmedia":[{"embeddable":true,"href":"https:\/\/firagran.com\/es\/wp-json\/wp\/v2\/media\/2875"}],"wp:attachment":[{"href":"https:\/\/firagran.com\/es\/wp-json\/wp\/v2\/media?parent=2874"}],"curies":[{"name":"wp","href":"https:\/\/api.w.org\/{rel}","templated":true}]}}