{"id":2911,"date":"2017-03-30T18:11:08","date_gmt":"2017-03-30T17:11:08","guid":{"rendered":"https:\/\/firagran.com\/habitos-saludables\/cuidar-la-salud\/consejos-de-salud\/habits-saludablesconsells-de-salut-incontinencia-urinaria\/"},"modified":"2017-04-27T18:46:54","modified_gmt":"2017-04-27T17:46:54","slug":"incontinencia-urinaria","status":"publish","type":"page","link":"https:\/\/firagran.com\/es\/habitos-saludables\/cuidar-la-salud\/consejos-de-salud\/incontinencia-urinaria\/","title":{"rendered":"Incontinencia urinaria"},"content":{"rendered":"<p><div class=\"fusion-fullwidth fullwidth-box fusion-builder-row-1 nonhundred-percent-fullwidth non-hundred-percent-height-scrolling\" style=\"--awb-border-radius-top-left:0px;--awb-border-radius-top-right:0px;--awb-border-radius-bottom-right:0px;--awb-border-radius-bottom-left:0px;--awb-flex-wrap:wrap;\" ><div class=\"fusion-builder-row fusion-row\"><div class=\"fusion-layout-column fusion_builder_column fusion-builder-column-0 fusion_builder_column_1_1 1_1 fusion-one-full fusion-column-first fusion-column-last\" style=\"--awb-bg-size:cover;\"><div class=\"fusion-column-wrapper fusion-flex-column-wrapper-legacy\"><div class=\"fusion-text fusion-text-1\"><p>Los s\u00edntomas pueden variar desde una p\u00e9rdida de orina leve a una p\u00e9rdida total de control de la vejiga urinaria. La incontinencia aguda generalmente es debida a una enfermedad intercurrente como una infecci\u00f3n urinaria o a reacciones adversas a medicamentos y puede convertirse en cr\u00f3nica.<\/p>\n<\/div><div class=\"fusion-clearfix\"><\/div><\/div><\/div><\/div><\/div><div class=\"fusion-fullwidth fullwidth-box fusion-builder-row-2 nonhundred-percent-fullwidth non-hundred-percent-height-scrolling titulos_interiores\" style=\"--awb-border-radius-top-left:0px;--awb-border-radius-top-right:0px;--awb-border-radius-bottom-right:0px;--awb-border-radius-bottom-left:0px;--awb-flex-wrap:wrap;\" ><div class=\"fusion-builder-row fusion-row\"><div class=\"fusion-layout-column fusion_builder_column fusion-builder-column-1 fusion_builder_column_1_1 1_1 fusion-one-full fusion-column-first fusion-column-last\" style=\"--awb-bg-size:cover;\"><div class=\"fusion-column-wrapper fusion-flex-column-wrapper-legacy\"><div class=\"fusion-text fusion-text-2\"><h4 class=\"p1\"><strong>La incontinencia cr\u00f3nica se clasifica en:<\/strong><\/h4>\n<\/div><div class=\"fusion-clearfix\"><\/div><\/div><\/div><div class=\"fusion-layout-column fusion_builder_column fusion-builder-column-2 fusion_builder_column_1_1 1_1 fusion-one-full fusion-column-first fusion-column-last\" style=\"--awb-bg-size:cover;\"><div class=\"fusion-column-wrapper fusion-flex-column-wrapper-legacy\"><div class=\"fusion-text fusion-text-3\"><ul>\n<li><strong>Incontinencia urinaria de esfuerzo: <\/strong><br \/>\nLa p\u00e9rdida de fuerza de los mecanismos esfinterianos provoca un goteo de peque\u00f1as cantidades de orina porque no se puede compensar el aumento de fuerza que se hace al re\u00edr, toser, etc. Es frecuente en mujeres de menos de 75 a\u00f1os.<\/li>\n<li><strong>Incontinencia urinaria de urgencia:<\/strong><br \/>\nEs la p\u00e9rdida de orina por la incapacidad de atrasar el vaciamiento de la vejiga suficiente tiempo para llegar al lavabo una vez la persona se da cuenta de la urgencia de orinar. Es la m\u00e1s com\u00fan en las personas mayores, sobre todo en los hombres.<\/li>\n<li><strong>Incontinencia urinaria por rebosamiento: <\/strong><br \/>\nEs la p\u00e9rdida de peque\u00f1as cantidades de orina asociadas a una excesiva distensi\u00f3n de la vejiga cuando no se vac\u00eda completamente. La sensaci\u00f3n de plenitud vesical suele estar deteriorada.<\/li>\n<li><strong>Incontinencia urinaria funcional: <\/strong><br \/>\nNo hay una alteraci\u00f3n del sistema genitourinario y se debe a la incapacidad f\u00edsica o falta de ganas de ir al lavabo a tiempo. Las causas m\u00e1s comunes para su aparici\u00f3n son el deterioro de la movilidad y de la funci\u00f3n cognitiva, la dificultad de acceso al lavabo, la falta de cuidadores y trastornos como la depresi\u00f3n.<\/li>\n<li><strong>Incontinencia urinaria total: <\/strong><br \/>\nEs la falta completa de control sobre la micci\u00f3n. Suele estar debida a la lesi\u00f3n del esf\u00ednter o a la demencia grave.<\/li>\n<\/ul>\n<\/div><div class=\"fusion-clearfix\"><\/div><\/div><\/div><\/div><\/div><div class=\"fusion-fullwidth fullwidth-box fusion-builder-row-3 nonhundred-percent-fullwidth non-hundred-percent-height-scrolling titulos_interiores\" style=\"--awb-border-radius-top-left:0px;--awb-border-radius-top-right:0px;--awb-border-radius-bottom-right:0px;--awb-border-radius-bottom-left:0px;--awb-flex-wrap:wrap;\" ><div class=\"fusion-builder-row fusion-row\"><div class=\"fusion-layout-column fusion_builder_column fusion-builder-column-3 fusion_builder_column_1_1 1_1 fusion-one-full fusion-column-first fusion-column-last\" style=\"--awb-bg-size:cover;\"><div class=\"fusion-column-wrapper fusion-flex-column-wrapper-legacy\"><div class=\"fusion-text fusion-text-4\"><h4><strong>Se recomienda:<\/strong><\/h4>\n<\/div><div class=\"fusion-clearfix\"><\/div><\/div><\/div><div class=\"fusion-layout-column fusion_builder_column fusion-builder-column-4 fusion_builder_column_1_1 1_1 fusion-one-full fusion-column-first fusion-column-last\" style=\"--awb-bg-size:cover;\"><div class=\"fusion-column-wrapper fusion-flex-column-wrapper-legacy\"><div class=\"fusion-text fusion-text-5\"><ul>\n<li><strong>Identificar el tipo de incontinencia<\/strong> que tiene la persona y valorar su tratamiento.<\/li>\n<li><strong>Hacer ejercicios de suelo pelviano<\/strong> para fortalecer la musculatura de la base de la pelvis, sobre todo en incontinencias de esfuerzo y de urgencia.<\/li>\n<li><strong>Dar apoyo emocional y formaci\u00f3n<\/strong> a la persona y a la familia para la gesti\u00f3n de la incontinencia.<\/li>\n<\/ul>\n<\/div><div class=\"fusion-clearfix\"><\/div><\/div><\/div><\/div><\/div><div class=\"fusion-fullwidth fullwidth-box fusion-builder-row-4 nonhundred-percent-fullwidth non-hundred-percent-height-scrolling\" style=\"--awb-border-radius-top-left:0px;--awb-border-radius-top-right:0px;--awb-border-radius-bottom-right:0px;--awb-border-radius-bottom-left:0px;--awb-flex-wrap:wrap;\" ><div class=\"fusion-builder-row fusion-row\"><div class=\"fusion-layout-column fusion_builder_column fusion-builder-column-5 fusion_builder_column_1_2 1_2 fusion-one-half fusion-column-first\" style=\"--awb-bg-size:cover;width:50%;width:calc(50% - ( ( 4% ) * 0.5 ) );margin-right: 4%;\"><div class=\"fusion-column-wrapper fusion-flex-column-wrapper-legacy\"><div class=\"fusion-button-wrapper fusion-alignleft\"><a class=\"fusion-button button-flat fusion-button-default-size button-default fusion-button-default button-1 fusion-button-default-span fusion-button-default-type\" target=\"_self\" href=\"https:\/\/firagran.com\/es\/habitos-saludables\/cuidar-la-salud\/consejos-de-salud\/dolor\/\"><span class=\"fusion-button-icon-divider button-icon-divider-left\"><i class=\" fa fa-chevron-left awb-button__icon awb-button__icon--default\" aria-hidden=\"true\"><\/i><\/span><span class=\"fusion-button-text awb-button__text awb-button__text--default fusion-button-text-left\">Dolor<\/span><\/a><\/div><div class=\"fusion-clearfix\"><\/div><\/div><\/div><div class=\"fusion-layout-column fusion_builder_column fusion-builder-column-6 fusion_builder_column_1_2 1_2 fusion-one-half fusion-column-last\" style=\"--awb-bg-size:cover;width:50%;width:calc(50% - ( ( 4% ) * 0.5 ) );\"><div class=\"fusion-column-wrapper fusion-flex-column-wrapper-legacy\"><div class=\"fusion-button-wrapper fusion-alignright\"><a class=\"fusion-button button-flat fusion-button-default-size button-default fusion-button-default button-2 fusion-button-default-span fusion-button-default-type\" target=\"_self\" href=\"https:\/\/firagran.com\/es\/habitos-saludables\/cuidar-la-salud\/consejos-de-salud\/participar-en-programas-de-vacunacion\/\"><span class=\"fusion-button-text awb-button__text awb-button__text--default fusion-button-text-right\">Participar en programas de vacunaci\u00f3n<\/span><span class=\"fusion-button-icon-divider button-icon-divider-right\"><i class=\" fa fa-chevron-right awb-button__icon awb-button__icon--default\" aria-hidden=\"true\"><\/i><\/span><\/a><\/div><div class=\"fusion-clearfix\"><\/div><\/div><\/div><\/div><\/div><\/p>\n","protected":false},"excerpt":{"rendered":"","protected":false},"author":1,"featured_media":2912,"parent":2874,"menu_order":0,"comment_status":"closed","ping_status":"closed","template":"","meta":{"footnotes":""},"class_list":["post-2911","page","type-page","status-publish","has-post-thumbnail","hentry"],"_links":{"self":[{"href":"https:\/\/firagran.com\/es\/wp-json\/wp\/v2\/pages\/2911","targetHints":{"allow":["GET"]}}],"collection":[{"href":"https:\/\/firagran.com\/es\/wp-json\/wp\/v2\/pages"}],"about":[{"href":"https:\/\/firagran.com\/es\/wp-json\/wp\/v2\/types\/page"}],"author":[{"embeddable":true,"href":"https:\/\/firagran.com\/es\/wp-json\/wp\/v2\/users\/1"}],"replies":[{"embeddable":true,"href":"https:\/\/firagran.com\/es\/wp-json\/wp\/v2\/comments?post=2911"}],"version-history":[{"count":4,"href":"https:\/\/firagran.com\/es\/wp-json\/wp\/v2\/pages\/2911\/revisions"}],"predecessor-version":[{"id":2940,"href":"https:\/\/firagran.com\/es\/wp-json\/wp\/v2\/pages\/2911\/revisions\/2940"}],"up":[{"embeddable":true,"href":"https:\/\/firagran.com\/es\/wp-json\/wp\/v2\/pages\/2874"}],"wp:featuredmedia":[{"embeddable":true,"href":"https:\/\/firagran.com\/es\/wp-json\/wp\/v2\/media\/2912"}],"wp:attachment":[{"href":"https:\/\/firagran.com\/es\/wp-json\/wp\/v2\/media?parent=2911"}],"curies":[{"name":"wp","href":"https:\/\/api.w.org\/{rel}","templated":true}]}}