{"id":2967,"date":"2017-04-05T08:08:08","date_gmt":"2017-04-05T07:08:08","guid":{"rendered":"https:\/\/firagran.com\/entrevistes\/"},"modified":"2017-07-28T13:38:40","modified_gmt":"2017-07-28T11:38:40","slug":"entrevistas","status":"publish","type":"page","link":"https:\/\/firagran.com\/es\/entrevistas\/","title":{"rendered":"Entrevistas"},"content":{"rendered":"<div class=\"fusion-fullwidth fullwidth-box fusion-builder-row-1 nonhundred-percent-fullwidth non-hundred-percent-height-scrolling\" style=\"--awb-border-radius-top-left:0px;--awb-border-radius-top-right:0px;--awb-border-radius-bottom-right:0px;--awb-border-radius-bottom-left:0px;--awb-flex-wrap:wrap;\" ><div class=\"fusion-builder-row fusion-row\"><div class=\"fusion-layout-column fusion_builder_column fusion-builder-column-0 fusion_builder_column_1_1 1_1 fusion-one-full fusion-column-first fusion-column-last\" style=\"--awb-bg-size:cover;\"><div class=\"fusion-column-wrapper fusion-flex-column-wrapper-legacy\"><div class=\"fusion-blog-shortcode fusion-blog-shortcode-1 fusion-blog-archive fusion-blog-layout-grid-wrapper fusion-blog-infinite\"><style type=\"text\/css\">.fusion-blog-shortcode-1 .fusion-blog-layout-grid .fusion-post-grid{padding:20px;}.fusion-blog-shortcode-1 .fusion-posts-container{margin-left: -20px !important; margin-right:-20px !important;}<\/style><div class=\"fusion-posts-container fusion-posts-container-infinite fusion-no-meta-info fusion-blog-layout-grid fusion-blog-layout-grid-2 isotope\" data-pages=\"11\" data-grid-col-space=\"40\" style=\"margin: -20px -20px 0;min-height:500px;\"><article id=\"blog-1-post-17762\" class=\"fusion-post-grid post-17762 post type-post status-publish format-standard has-post-thumbnail hentry category-entrevistas\">\n<div class=\"fusion-post-wrapper\" style=\"background-color:rgba(255,255,255,0);border:1px solid #ebeaea;border-bottom-width:3px;\">\n\n\t\t\t<div class=\"fusion-flexslider flexslider fusion-flexslider-loading fusion-post-slideshow\" style=\"border-color:#ebeaea;\">\n\t\t<ul class=\"slides\">\n\t\t\t\n\t\t\t\t\t\t\t\t\t\t\t\t\t\t<li><div  class=\"fusion-image-wrapper\" aria-haspopup=\"true\">\n\t\t\t\t\t\t\t<a href=\"https:\/\/firagran.com\/es\/jordi-crosas-co-fundador-de-jordi-crosas-training-health-center-y-preparador-fisico\/\" aria-label=\"Jordi Crosas, co-fundador de \u201cJordi Crosas, Training &#038; Health CenteR\u201d y preparador f\u00edsico\">\n\t\t\t\t\t\t\t<img decoding=\"async\" width=\"974\" height=\"551\" src=\"https:\/\/firagran.com\/wp-content\/uploads\/fg2026_entrevista_jordi_Crosas.jpg\" class=\"attachment-full size-full wp-post-image\" alt=\"\" srcset=\"https:\/\/firagran.com\/wp-content\/uploads\/fg2026_entrevista_jordi_Crosas-200x113.jpg 200w, https:\/\/firagran.com\/wp-content\/uploads\/fg2026_entrevista_jordi_Crosas-400x226.jpg 400w, https:\/\/firagran.com\/wp-content\/uploads\/fg2026_entrevista_jordi_Crosas-600x339.jpg 600w, https:\/\/firagran.com\/wp-content\/uploads\/fg2026_entrevista_jordi_Crosas-800x453.jpg 800w, https:\/\/firagran.com\/wp-content\/uploads\/fg2026_entrevista_jordi_Crosas.jpg 974w\" sizes=\"(min-width: 2200px) 100vw, (min-width: 992px) 580px, (min-width: 920px) 992px, \" \/>\t\t\t<\/a>\n\t\t\t\t\t\t\t<\/div>\n<\/li>\n\t\t\t\n\t\t\t\n\t\t\t\t\t\t\t\t\t\t\t\t\t\t\t\t\t\t\t\t\t\t\t\t\t\t\t\t\t\t\t\t\t\t\t\t\t\t\t\t\t\t\t\t\t\t\t\t\t\t\t\t\t\t\t\t\t\t\t\t\t\t\t\t\t\t\t\t\t\t\t\t\t\t\t\t\t\t\t\t\t\t\t<\/ul>\n\t<\/div>\n\t<div class=\"fusion-post-content-wrapper\" style=\"padding:30px 25px 20px 25px;\"><div class=\"fusion-post-content post-content\"><h2 class=\"blog-shortcode-post-title entry-title\"><a href=\"https:\/\/firagran.com\/es\/jordi-crosas-co-fundador-de-jordi-crosas-training-health-center-y-preparador-fisico\/\">Jordi Crosas, co-fundador de \u201cJordi Crosas, Training &#038; Health CenteR\u201d y preparador f\u00edsico<\/a><\/h2><div class=\"fusion-post-content-container\"><p>\u201cTodas las edades son buenas para invertir en salud, pero cuanto mayor es la persona, m\u00e1s importante resulta\u201d<\/p><\/div><\/div><\/div><div class=\"fusion-clearfix\"><\/div><\/div>\n<\/article>\n<article id=\"blog-1-post-17323\" class=\"fusion-post-grid post-17323 post type-post status-publish format-standard has-post-thumbnail hentry category-entrevistas category-firagran-es\">\n<div class=\"fusion-post-wrapper\" style=\"background-color:rgba(255,255,255,0);border:1px solid #ebeaea;border-bottom-width:3px;\">\n\n\t\t\t<div class=\"fusion-flexslider flexslider fusion-flexslider-loading fusion-post-slideshow\" style=\"border-color:#ebeaea;\">\n\t\t<ul class=\"slides\">\n\t\t\t\n\t\t\t\t\t\t\t\t\t\t\t\t\t\t<li><div  class=\"fusion-image-wrapper\" aria-haspopup=\"true\">\n\t\t\t\t\t\t\t<a href=\"https:\/\/firagran.com\/es\/entrevista-a-erwan-molina-cofundador-darkeobots\/\" aria-label=\"Entrevista a Erwan Molina, cofundador d\u2019Arkeobots\">\n\t\t\t\t\t\t\t<img decoding=\"async\" width=\"974\" height=\"551\" src=\"https:\/\/firagran.com\/wp-content\/uploads\/fg2025_entrevista_arkeo_1.jpg\" class=\"attachment-full size-full wp-post-image\" alt=\"\" srcset=\"https:\/\/firagran.com\/wp-content\/uploads\/fg2025_entrevista_arkeo_1-200x113.jpg 200w, https:\/\/firagran.com\/wp-content\/uploads\/fg2025_entrevista_arkeo_1-400x226.jpg 400w, https:\/\/firagran.com\/wp-content\/uploads\/fg2025_entrevista_arkeo_1-600x339.jpg 600w, https:\/\/firagran.com\/wp-content\/uploads\/fg2025_entrevista_arkeo_1-800x453.jpg 800w, https:\/\/firagran.com\/wp-content\/uploads\/fg2025_entrevista_arkeo_1.jpg 974w\" sizes=\"(min-width: 2200px) 100vw, (min-width: 992px) 580px, (min-width: 920px) 992px, \" \/>\t\t\t<\/a>\n\t\t\t\t\t\t\t<\/div>\n<\/li>\n\t\t\t\n\t\t\t\n\t\t\t\t\t\t\t\t\t\t\t\n\t\t\t\t\t\n\t\t\t\t\t\t\t\t\t\t\t<li>\n\t\t\t\t\t\t\t<div class=\"fusion-image-wrapper\">\n\t\t\t\t\t\t\t\t<a href=\"https:\/\/firagran.com\/es\/entrevista-a-erwan-molina-cofundador-darkeobots\/\" aria-label=\"Entrevista a Erwan Molina, cofundador d\u2019Arkeobots\">\n\t\t\t\t\t\t\t\t\t<img decoding=\"async\" width=\"974\" height=\"551\" src=\"https:\/\/firagran.com\/wp-content\/uploads\/fg2025_entrevista_arkeo_2.jpg\" alt=\"\" class=\"wp-image-17317\" role=\"presentation\" srcset=\"https:\/\/firagran.com\/wp-content\/uploads\/fg2025_entrevista_arkeo_2-200x113.jpg 200w, https:\/\/firagran.com\/wp-content\/uploads\/fg2025_entrevista_arkeo_2-400x226.jpg 400w, https:\/\/firagran.com\/wp-content\/uploads\/fg2025_entrevista_arkeo_2-600x339.jpg 600w, https:\/\/firagran.com\/wp-content\/uploads\/fg2025_entrevista_arkeo_2-800x453.jpg 800w, https:\/\/firagran.com\/wp-content\/uploads\/fg2025_entrevista_arkeo_2.jpg 974w\" sizes=\"(min-width: 2200px) 100vw, (min-width: 992px) 580px, (min-width: 920px) 992px, \" \/>\t\t\t\t\t\t\t\t<\/a>\n\t\t\t\t\t\t\t\t<a style=\"display:none;\" href=\"https:\/\/firagran.com\/wp-content\/uploads\/fg2025_entrevista_arkeo_2.jpg\" data-rel=\"iLightbox[gallery17323]\"  title=\"\" data-title=\"fg2025_entrevista_arkeo_2\" data-caption=\"\">\n\t\t\t\t\t\t\t\t\t\t\t\t\t\t\t\t\t<\/a>\n\t\t\t\t\t\t\t<\/div>\n\t\t\t\t\t\t<\/li>\n\t\t\t\t\t\t\t\t\t\t\t\t\t\t\t\t\t\t\t\t\t\t\t\t\n\t\t\t\t\t\n\t\t\t\t\t\t\t\t\t\t\t<li>\n\t\t\t\t\t\t\t<div class=\"fusion-image-wrapper\">\n\t\t\t\t\t\t\t\t<a href=\"https:\/\/firagran.com\/es\/entrevista-a-erwan-molina-cofundador-darkeobots\/\" aria-label=\"Entrevista a Erwan Molina, cofundador d\u2019Arkeobots\">\n\t\t\t\t\t\t\t\t\t<img decoding=\"async\" width=\"974\" height=\"551\" src=\"https:\/\/firagran.com\/wp-content\/uploads\/fg2025_entrevista_arkeo_3.jpg\" alt=\"\" class=\"wp-image-17319\" role=\"presentation\" srcset=\"https:\/\/firagran.com\/wp-content\/uploads\/fg2025_entrevista_arkeo_3-200x113.jpg 200w, https:\/\/firagran.com\/wp-content\/uploads\/fg2025_entrevista_arkeo_3-400x226.jpg 400w, https:\/\/firagran.com\/wp-content\/uploads\/fg2025_entrevista_arkeo_3-600x339.jpg 600w, https:\/\/firagran.com\/wp-content\/uploads\/fg2025_entrevista_arkeo_3-800x453.jpg 800w, https:\/\/firagran.com\/wp-content\/uploads\/fg2025_entrevista_arkeo_3.jpg 974w\" sizes=\"(min-width: 2200px) 100vw, (min-width: 992px) 580px, (min-width: 920px) 992px, \" \/>\t\t\t\t\t\t\t\t<\/a>\n\t\t\t\t\t\t\t\t<a style=\"display:none;\" href=\"https:\/\/firagran.com\/wp-content\/uploads\/fg2025_entrevista_arkeo_3.jpg\" data-rel=\"iLightbox[gallery17323]\"  title=\"\" data-title=\"fg2025_entrevista_arkeo_3\" data-caption=\"\">\n\t\t\t\t\t\t\t\t\t\t\t\t\t\t\t\t\t<\/a>\n\t\t\t\t\t\t\t<\/div>\n\t\t\t\t\t\t<\/li>\n\t\t\t\t\t\t\t\t\t\t\t\t\t\t\t\t\t\t\t\t\t\t\t\t\t\t\t\t\t\t\t\t\t\t\t\t\t\t\t\t\t\t\t\t\t\t\t\t\t\t\t\t\t\t\t\t\t\t\t\t\t\t\t\t\t\t<\/ul>\n\t<\/div>\n\t<div class=\"fusion-post-content-wrapper\" style=\"padding:30px 25px 20px 25px;\"><div class=\"fusion-post-content post-content\"><h2 class=\"blog-shortcode-post-title entry-title\"><a href=\"https:\/\/firagran.com\/es\/entrevista-a-erwan-molina-cofundador-darkeobots\/\">Entrevista a Erwan Molina, cofundador d\u2019Arkeobots<\/a><\/h2><div class=\"fusion-post-content-container\"><p>\u201cEl robot humanoide Arkeo no sustituye a una persona, pero puede estar ah\u00ed cuando m\u00e1s se necesita: escuchando, estimulando, motivando, acompa\u00f1ando.\u201d<\/p><\/div><\/div><\/div><div class=\"fusion-clearfix\"><\/div><\/div>\n<\/article>\n<article id=\"blog-1-post-17293\" class=\"fusion-post-grid post-17293 post type-post status-publish format-standard has-post-thumbnail hentry category-entrevistas category-firagran-es\">\n<div class=\"fusion-post-wrapper\" style=\"background-color:rgba(255,255,255,0);border:1px solid #ebeaea;border-bottom-width:3px;\">\n\n\t\t\t<div class=\"fusion-flexslider flexslider fusion-flexslider-loading fusion-post-slideshow\" style=\"border-color:#ebeaea;\">\n\t\t<ul class=\"slides\">\n\t\t\t\n\t\t\t\t\t\t\t\t\t\t\t\t\t\t<li><div  class=\"fusion-image-wrapper\" aria-haspopup=\"true\">\n\t\t\t\t\t\t\t<a href=\"https:\/\/firagran.com\/es\/lola-carbonell-zaragoza-presidenta-de-la-red-soledades\/\" aria-label=\"Lola Carbonell Zaragoza, presidenta de la Red Soledades\">\n\t\t\t\t\t\t\t<img decoding=\"async\" width=\"974\" height=\"551\" src=\"https:\/\/firagran.com\/wp-content\/uploads\/fg2025_entrevista_lola_carbonell.jpg\" class=\"attachment-full size-full wp-post-image\" alt=\"Lola Carbonell Zaragoza, presidenta de la Red Soledades\" srcset=\"https:\/\/firagran.com\/wp-content\/uploads\/fg2025_entrevista_lola_carbonell-200x113.jpg 200w, https:\/\/firagran.com\/wp-content\/uploads\/fg2025_entrevista_lola_carbonell-400x226.jpg 400w, https:\/\/firagran.com\/wp-content\/uploads\/fg2025_entrevista_lola_carbonell-600x339.jpg 600w, https:\/\/firagran.com\/wp-content\/uploads\/fg2025_entrevista_lola_carbonell-800x453.jpg 800w, https:\/\/firagran.com\/wp-content\/uploads\/fg2025_entrevista_lola_carbonell.jpg 974w\" sizes=\"(min-width: 2200px) 100vw, (min-width: 992px) 580px, (min-width: 920px) 992px, \" \/>\t\t\t<\/a>\n\t\t\t\t\t\t\t<\/div>\n<\/li>\n\t\t\t\n\t\t\t\n\t\t\t\t\t\t\t\t\t\t\t\t\t\t\t\t\t\t\t\t\t\t\t\t\t\t\t\t\t\t\t\t\t\t\t\t\t\t\t\t\t\t\t\t\t\t\t\t\t\t\t\t\t\t\t\t\t\t\t\t\t\t\t\t\t\t\t\t\t\t\t\t\t\t\t\t\t\t\t\t\t\t\t<\/ul>\n\t<\/div>\n\t<div class=\"fusion-post-content-wrapper\" style=\"padding:30px 25px 20px 25px;\"><div class=\"fusion-post-content post-content\"><h2 class=\"blog-shortcode-post-title entry-title\"><a href=\"https:\/\/firagran.com\/es\/lola-carbonell-zaragoza-presidenta-de-la-red-soledades\/\">Lola Carbonell Zaragoza, presidenta de la Red Soledades<\/a><\/h2><div class=\"fusion-post-content-container\"><p>\u201cExiste mucho estigma sobre la soledad y es muy duro reconocer que te sientes solo\u201d<\/p><\/div><\/div><\/div><div class=\"fusion-clearfix\"><\/div><\/div>\n<\/article>\n<article id=\"blog-1-post-17157\" class=\"fusion-post-grid post-17157 post type-post status-publish format-standard has-post-thumbnail hentry category-entrevistas category-firagran-es\">\n<div class=\"fusion-post-wrapper\" style=\"background-color:rgba(255,255,255,0);border:1px solid #ebeaea;border-bottom-width:3px;\">\n\n\t\t\t<div class=\"fusion-flexslider flexslider fusion-flexslider-loading fusion-post-slideshow\" style=\"border-color:#ebeaea;\">\n\t\t<ul class=\"slides\">\n\t\t\t\n\t\t\t\t\t\t\t\t\t\t\t\t\t\t<li><div  class=\"fusion-image-wrapper\" aria-haspopup=\"true\">\n\t\t\t\t\t\t\t<a href=\"https:\/\/firagran.com\/es\/entervista-ramon-vilar\/\" aria-label=\"Entrevista a Ramon Vilar, presidente del Festival de Corales de Personas Mayores de FiraGran\">\n\t\t\t\t\t\t\t<img decoding=\"async\" width=\"974\" height=\"551\" src=\"https:\/\/firagran.com\/wp-content\/uploads\/fg2025_entrevista_ramon_villar.jpg\" class=\"attachment-full size-full wp-post-image\" alt=\"\" srcset=\"https:\/\/firagran.com\/wp-content\/uploads\/fg2025_entrevista_ramon_villar-200x113.jpg 200w, https:\/\/firagran.com\/wp-content\/uploads\/fg2025_entrevista_ramon_villar-400x226.jpg 400w, https:\/\/firagran.com\/wp-content\/uploads\/fg2025_entrevista_ramon_villar-600x339.jpg 600w, https:\/\/firagran.com\/wp-content\/uploads\/fg2025_entrevista_ramon_villar-800x453.jpg 800w, https:\/\/firagran.com\/wp-content\/uploads\/fg2025_entrevista_ramon_villar.jpg 974w\" sizes=\"(min-width: 2200px) 100vw, (min-width: 992px) 580px, (min-width: 920px) 992px, \" \/>\t\t\t<\/a>\n\t\t\t\t\t\t\t<\/div>\n<\/li>\n\t\t\t\n\t\t\t\n\t\t\t\t\t\t\t\t\t\t\t\t\t\t\t\t\t\t\t\t\t\t\t\t\t\t\t\t\t\t\t\t\t\t\t\t\t\t\t\t\t\t\t\t\t\t\t\t\t\t\t\t\t\t\t\t\t\t\t\t\t\t\t\t\t\t\t\t\t\t\t\t\t\t\t\t\t\t\t\t\t\t\t<\/ul>\n\t<\/div>\n\t<div class=\"fusion-post-content-wrapper\" style=\"padding:30px 25px 20px 25px;\"><div class=\"fusion-post-content post-content\"><h2 class=\"blog-shortcode-post-title entry-title\"><a href=\"https:\/\/firagran.com\/es\/entervista-ramon-vilar\/\">Entrevista a Ramon Vilar, presidente del Festival de Corales de Personas Mayores de FiraGran<\/a><\/h2><div class=\"fusion-post-content-container\"><p> \"El canto coral puede aportar muchas cosas a las personas mayores, pero, sobre todo, aporta felicidad\"<\/p><\/div><\/div><\/div><div class=\"fusion-clearfix\"><\/div><\/div>\n<\/article>\n<article id=\"blog-1-post-17148\" class=\"fusion-post-grid post-17148 post type-post status-publish format-standard has-post-thumbnail hentry category-entrevistas category-firagran-es\">\n<div class=\"fusion-post-wrapper\" style=\"background-color:rgba(255,255,255,0);border:1px solid #ebeaea;border-bottom-width:3px;\">\n\n\t\t\t<div class=\"fusion-flexslider flexslider fusion-flexslider-loading fusion-post-slideshow\" style=\"border-color:#ebeaea;\">\n\t\t<ul class=\"slides\">\n\t\t\t\n\t\t\t\t\t\t\t\t\t\t\t\t\t\t<li><div  class=\"fusion-image-wrapper\" aria-haspopup=\"true\">\n\t\t\t\t\t\t\t<a href=\"https:\/\/firagran.com\/es\/entrevsita-a-josep-paris\/\" aria-label=\"Entrevista a Josep Par\u00eds, Director de Desarrollo de M\u00e9mora\">\n\t\t\t\t\t\t\t<img decoding=\"async\" width=\"974\" height=\"551\" src=\"https:\/\/firagran.com\/wp-content\/uploads\/fg2025_entrevista_rjosep_paris.jpg\" class=\"attachment-full size-full wp-post-image\" alt=\"\" srcset=\"https:\/\/firagran.com\/wp-content\/uploads\/fg2025_entrevista_rjosep_paris-200x113.jpg 200w, https:\/\/firagran.com\/wp-content\/uploads\/fg2025_entrevista_rjosep_paris-400x226.jpg 400w, https:\/\/firagran.com\/wp-content\/uploads\/fg2025_entrevista_rjosep_paris-600x339.jpg 600w, https:\/\/firagran.com\/wp-content\/uploads\/fg2025_entrevista_rjosep_paris-800x453.jpg 800w, https:\/\/firagran.com\/wp-content\/uploads\/fg2025_entrevista_rjosep_paris.jpg 974w\" sizes=\"(min-width: 2200px) 100vw, (min-width: 992px) 580px, (min-width: 920px) 992px, \" \/>\t\t\t<\/a>\n\t\t\t\t\t\t\t<\/div>\n<\/li>\n\t\t\t\n\t\t\t\n\t\t\t\t\t\t\t\t\t\t\t\t\t\t\t\t\t\t\t\t\t\t\t\t\t\t\t\t\t\t\t\t\t\t\t\t\t\t\t\t\t\t\t\t\t\t\t\t\t\t\t\t\t\t\t\t\t\t\t\t\t\t\t\t\t\t\t\t\t\t\t\t\t\t\t\t\t\t\t\t\t\t\t<\/ul>\n\t<\/div>\n\t<div class=\"fusion-post-content-wrapper\" style=\"padding:30px 25px 20px 25px;\"><div class=\"fusion-post-content post-content\"><h2 class=\"blog-shortcode-post-title entry-title\"><a href=\"https:\/\/firagran.com\/es\/entrevsita-a-josep-paris\/\">Entrevista a Josep Par\u00eds, Director de Desarrollo de M\u00e9mora<\/a><\/h2><div class=\"fusion-post-content-container\"><p>\"Hablar de la muerte nos ayuda a vivir mejor, porque nos ense\u00f1a a valorar cada momento\"<\/p><\/div><\/div><\/div><div class=\"fusion-clearfix\"><\/div><\/div>\n<\/article>\n<article id=\"blog-1-post-16940\" class=\"fusion-post-grid post-16940 post type-post status-publish format-standard has-post-thumbnail hentry category-entrevistas\">\n<div class=\"fusion-post-wrapper\" style=\"background-color:rgba(255,255,255,0);border:1px solid #ebeaea;border-bottom-width:3px;\">\n\n\t\t\t<div class=\"fusion-flexslider flexslider fusion-flexslider-loading fusion-post-slideshow\" style=\"border-color:#ebeaea;\">\n\t\t<ul class=\"slides\">\n\t\t\t\n\t\t\t\t\t\t\t\t\t\t\t\t\t\t<li><div  class=\"fusion-image-wrapper\" aria-haspopup=\"true\">\n\t\t\t\t\t\t\t<a href=\"https:\/\/firagran.com\/es\/entrevista-a-imma-fernandez\/\" aria-label=\"Entrevista a Imma Fern\u00e1ndez, Directora Gerente de la AFAB y vicepresidenta de la FAFAC\">\n\t\t\t\t\t\t\t<img decoding=\"async\" width=\"974\" height=\"551\" src=\"https:\/\/firagran.com\/wp-content\/uploads\/fg2025_entrevista_imma_fernandez.jpg\" class=\"attachment-full size-full wp-post-image\" alt=\"\" srcset=\"https:\/\/firagran.com\/wp-content\/uploads\/fg2025_entrevista_imma_fernandez-200x113.jpg 200w, https:\/\/firagran.com\/wp-content\/uploads\/fg2025_entrevista_imma_fernandez-400x226.jpg 400w, https:\/\/firagran.com\/wp-content\/uploads\/fg2025_entrevista_imma_fernandez-600x339.jpg 600w, https:\/\/firagran.com\/wp-content\/uploads\/fg2025_entrevista_imma_fernandez-800x453.jpg 800w, https:\/\/firagran.com\/wp-content\/uploads\/fg2025_entrevista_imma_fernandez.jpg 974w\" sizes=\"(min-width: 2200px) 100vw, (min-width: 992px) 580px, (min-width: 920px) 992px, \" \/>\t\t\t<\/a>\n\t\t\t\t\t\t\t<\/div>\n<\/li>\n\t\t\t\n\t\t\t\n\t\t\t\t\t\t\t\t\t\t\t\t\t\t\t\t\t\t\t\t\t\t\t\t\t\t\t\t\t\t\t\t\t\t\t\t\t\t\t\t\t\t\t\t\t\t\t\t\t\t\t\t\t\t\t\t\t\t\t\t\t\t\t\t\t\t\t\t\t\t\t\t\t\t\t\t\t\t\t\t\t\t\t<\/ul>\n\t<\/div>\n\t<div class=\"fusion-post-content-wrapper\" style=\"padding:30px 25px 20px 25px;\"><div class=\"fusion-post-content post-content\"><h2 class=\"blog-shortcode-post-title entry-title\"><a href=\"https:\/\/firagran.com\/es\/entrevista-a-imma-fernandez\/\">Entrevista a Imma Fern\u00e1ndez, Directora Gerente de la AFAB y vicepresidenta de la FAFAC<\/a><\/h2><div class=\"fusion-post-content-container\"><p>\u201cComo sociedad, a\u00fan tenemos que formarnos m\u00e1s para entender el Alzheimer, pero sobre todo, tenemos que romper el estigma y normalizar la enfermedad\u201d.<\/p><\/div><\/div><\/div><div class=\"fusion-clearfix\"><\/div><\/div>\n<\/article>\n<div class=\"fusion-clearfix\"><\/div><\/div><div class=\"fusion-infinite-scroll-trigger\"><\/div><div class=\"pagination infinite-scroll clearfix\" style=\"display:none;\"><span class=\"current\">1<\/span><a href=\"https:\/\/firagran.com\/es\/wp-json\/wp\/v2\/pages\/2967\/page\/2\/\" class=\"inactive\">2<\/a><a class=\"pagination-next\" rel=\"next\" href=\"https:\/\/firagran.com\/es\/wp-json\/wp\/v2\/pages\/2967\/page\/2\/\"><span class=\"page-text\">Next<\/span><span class=\"page-next\"><\/span><\/a><\/div><div class=\"fusion-clearfix\"><\/div><\/div><div class=\"fusion-clearfix\"><\/div><\/div><\/div><\/div><\/div>\n","protected":false},"excerpt":{"rendered":"","protected":false},"author":1,"featured_media":0,"parent":0,"menu_order":0,"comment_status":"closed","ping_status":"closed","template":"","meta":{"footnotes":""},"class_list":["post-2967","page","type-page","status-publish","hentry"],"_links":{"self":[{"href":"https:\/\/firagran.com\/es\/wp-json\/wp\/v2\/pages\/2967","targetHints":{"allow":["GET"]}}],"collection":[{"href":"https:\/\/firagran.com\/es\/wp-json\/wp\/v2\/pages"}],"about":[{"href":"https:\/\/firagran.com\/es\/wp-json\/wp\/v2\/types\/page"}],"author":[{"embeddable":true,"href":"https:\/\/firagran.com\/es\/wp-json\/wp\/v2\/users\/1"}],"replies":[{"embeddable":true,"href":"https:\/\/firagran.com\/es\/wp-json\/wp\/v2\/comments?post=2967"}],"version-history":[{"count":2,"href":"https:\/\/firagran.com\/es\/wp-json\/wp\/v2\/pages\/2967\/revisions"}],"predecessor-version":[{"id":3957,"href":"https:\/\/firagran.com\/es\/wp-json\/wp\/v2\/pages\/2967\/revisions\/3957"}],"wp:attachment":[{"href":"https:\/\/firagran.com\/es\/wp-json\/wp\/v2\/media?parent=2967"}],"curies":[{"name":"wp","href":"https:\/\/api.w.org\/{rel}","templated":true}]}}