{"id":3113,"date":"2017-04-03T18:38:37","date_gmt":"2017-04-03T17:38:37","guid":{"rendered":"https:\/\/firagran.com\/avis-legal\/"},"modified":"2018-10-15T22:47:18","modified_gmt":"2018-10-15T20:47:18","slug":"avis-legal","status":"publish","type":"page","link":"https:\/\/firagran.com\/es\/avis-legal\/","title":{"rendered":"Aviso Legal"},"content":{"rendered":"<h3><strong>DATOS IDENTIFICATIVOS<\/strong><\/h3>\n<p>En cumplimiento con el deber de informaci\u00f3n recogido en el art\u00edculo 10 de la Ley 34\/2002, de 11 de julio, de Servicios de la Sociedad de la Informaci\u00f3n y del Comercio Electr\u00f3nico, a continuaci\u00f3n, se reflejan los siguientes datos:<\/p>\n<p>El titular de esta website es \u201cPROFEI, S.L.\u201d, con domicilio en Francisco Giner, 27, bajos, 08012 Barcelona (Espa\u00f1a), con NIF: B66229006, Inscrita en el Registro Mercantil Registro Mercantil de Barcelona, al Tomo: 22.184 Folio: 22 Hoja: B-32669. Tel\u00e9fono: +34 932 386 868. Correo electr\u00f3nico de contacto: info@firagran.com<\/p>\n<p>La informaci\u00f3n contenida en www.firagran.com (en adelante Firagran) constituye un servicio de informaci\u00f3n de los diversos productos y servicios que ofrece.<\/p>\n<h3><strong>ACEPTACI\u00d3N DE LAS CONDICIONES DE USO<\/strong><\/h3>\n<p>El acceso a la Web www.firagran.com exige la aceptaci\u00f3n de las condiciones de uso que en cada momento se encuentren vigentes en esta Web.<\/p>\n<p>El hecho de acceder a este Sitio Web y utilizar los contenidos en ella le atribuye la condici\u00f3n de &#8220;Usuario&#8221; e implica que usted ha le\u00eddo y acepta, sin reserva alguna, estas Condiciones Generales. Le rogamos que las lea atentamente. Si no acepta las presentes Condiciones Generales, le rogamos se abstenga de utilizar el Sitio Web.<\/p>\n<p>Firagran se reserva el derecho de cambiar, modificar, a\u00f1adir o eliminar parte o partes de las presentes Condiciones Generales, en cualquier momento y sin previa notificaci\u00f3n. En consecuencia, el usuario deber\u00e1 leer y aceptar las presentes Condiciones Generales en cada una de las ocasiones en que acceda a este Sitio Web y a sus contenidos.<\/p>\n<h3><strong>PROPIEDAD INTELECTUAL<\/strong><\/h3>\n<p>El c\u00f3digo fuente, los dise\u00f1os gr\u00e1ficos, las im\u00e1genes, las fotograf\u00edas, las animaciones, el software, los textos, as\u00ed como la informaci\u00f3n y los contenidos que se recogen en www.firagran.com est\u00e1n protegidos por la legislaci\u00f3n espa\u00f1ola sobre los derechos de propiedad intelectual e industrial a favor de \u201cFiragran\u201d, y no se permite, la reproducci\u00f3n total o parcial de \u00e9sta Web, ni su tratamiento inform\u00e1tico, comunicaci\u00f3n p\u00fablica, distribuci\u00f3n, difusi\u00f3n, modificaci\u00f3n, transformaci\u00f3n o descompilaci\u00f3n, sin el permiso previo y por escrito de su titular, \u201cFiragran\u201d de conformidad con lo dispuesto en los art\u00edculos 8 y 32 p\u00e1rrafo segundo de la Ley de Propiedad Intelectual.<\/p>\n<p>El usuario, \u00fanica y exclusivamente podr\u00e1 utilizar el material que aparezca en \u00e9sta Web para su uso personal y privado, quedando prohibida su utilizaci\u00f3n con fines comerciales o para incurrir en actividades il\u00edcitas. Todos los derechos derivados de la propiedad intelectual est\u00e1n expresamente reservados por \u201cFiragran\u201d.<\/p>\n<p>\u201cFiragran\u201d velar\u00e1 por el cumplimiento de las anteriores condiciones y para la debida utilizaci\u00f3n de los contenidos presentados en su portal, ejercitando todas las acciones civiles y penales que le correspondan en el caso de infracci\u00f3n o incumplimiento de \u00e9stos derechos por parte del usuario.<\/p>\n<p>Cualquier incidencia, sugerencia o reclamaci\u00f3n respecto a derechos de propiedad intelectual debe remitirla a trav\u00e9s del correo electr\u00f3nico<\/p>\n<p>info@firagran.com<\/p>\n<h3><strong>PROTECCI\u00d3N DE DATOS DE CAR\u00c1CTER PERSONAL<\/strong><\/h3>\n<p>El acceso a la p\u00e1gina Web o su uso no implica una recogida de datos personales del usuario por parte de \u201cFiragran\u201d. No obstante, se comunica que, en el caso de que \u201cFiragran\u201d solicite datos personales, se informar\u00e1 debidamente al usuario conforme a lo establecido en el Reglamento General de Protecci\u00f3n de Datos y dem\u00e1s normativa que resulte de aplicaci\u00f3n relativa a la protecci\u00f3n de datos.<\/p>\n<p>Los Datos Personales que recoge \u201cFiragran\u201d en los distintos tipos de formularios ser\u00e1n tratados con la finalidad de dar respuesta a la solicitud realizada por el interesado, as\u00ed como para el mantenimiento de la relaci\u00f3n que en su caso se establezca y la gesti\u00f3n, administraci\u00f3n, informaci\u00f3n, prestaci\u00f3n y mejora de los servicios que decida contratar.<\/p>\n<p>Para una informaci\u00f3n m\u00e1s detallada en lo relativo a la Protecci\u00f3n de Datos, deber\u00e1 acceder a nuestra \u201cPol\u00edtica de Privacidad\u201d (LINK A POLITICA DE PRIVACIDAD)<\/p>\n<p>\u201cFiragran\u201d ha tomado las medidas de \u00edndole t\u00e9cnica y organizativa necesarias para garantizar la seguridad de los datos y evitar su alteraci\u00f3n, p\u00e9rdida, tratamiento o acceso no autorizado, teniendo en cuenta el estado de la tecnolog\u00eda, la naturaleza de los datos almacenados y los riesgos a que se encuentran expuestos, ya provengan de la acci\u00f3n humana o del medio f\u00edsico o natural.<\/p>\n<h3><strong>REGISTRO Y CONTRASE\u00d1AS DE ACCESO<\/strong><\/h3>\n<p>\u201cFiragran\u201d proporciona de forma confidencial a cada uno de sus clientes un nombre de usuario y una contrase\u00f1a de acceso, la cual es \u00fanica, personal e intransferible, siendo condici\u00f3n necesaria para acceder a determinados servicios incluidos en la Web.<\/p>\n<p>El usuario se compromete a preservar la confidencialidad de su contrase\u00f1a, pudiendo solicitar su modificaci\u00f3n en caso de p\u00e9rdida, conocimiento por otras personas o cualquier otra circunstancia que impida o dificulte el normal funcionamiento de su acceso.<\/p>\n<p>\u201cFiragran\u201d se reserva el derecho a anular discrecionalmente el acceso de alg\u00fan usuario cuando concurran circunstancias de las que se presuman utilizaciones il\u00edcitas.<\/p>\n<p>El usuario asume la plena responsabilidad y, por tanto, todas las obligaciones que se deriven del uso de los diferentes servicios y productos a los que se accede con clave de acceso o por la utilizaci\u00f3n que de ellos realicen terceras personas accediendo con la contrase\u00f1a del usuario.<\/p>\n<h3><strong>LIMITACI\u00d3N DE LA RESPONSABILIDAD<\/strong><\/h3>\n<p>\u201cFiragran\u201d no se responsabiliza de los posibles da\u00f1os o perjuicios que puedan suceder como consecuencia del uso de los contenidos de la Web, siendo de exclusiva responsabilidad del usuario que acceda a los mismos.<\/p>\n<p>En el mismo sentido, \u201cFiragran\u201d no se responsabiliza de los posibles perjuicios que se puedan derivar del uso de una versi\u00f3n no actualizada o defectuosa del navegador, de interrupciones en la conexi\u00f3n que se produzcan durante la transmisi\u00f3n de datos, virus inform\u00e1ticos, aver\u00edas o desconexiones en el funcionamiento del sistema telem\u00e1tico, de bloqueos causados por deficiencias o sobrecargas de las l\u00edneas telef\u00f3nicas, as\u00ed como de da\u00f1os provocados por terceras personas mediante intromisiones no autorizadas.<\/p>\n<p>La Web de \u201cFiragran\u201d contiene enlaces a otras p\u00e1ginas Web que pueden resultar de inter\u00e9s para los usuarios. \u201cFiragran\u201d no asume ninguna responsabilidad sobre estos enlaces, no pudi\u00e9ndose garantizar el cumplimiento de Pol\u00edticas de Privacidad adecuadas, motivo por el cual el usuario accede al contenido de las referidas p\u00e1ginas Web en las condiciones de uso que se fijen en las mismas y bajo su exclusiva responsabilidad.<\/p>\n<p>\u201cFiragran\u201d no se hace responsable del incumplimiento de cualquier norma aplicable en que pueda incurrir el usuario en su acceso a la Web www.firagran.com y\/o en el uso de las informaciones contenidas en ella.<\/p>\n<p>\u201cFiragran\u201d se reserva el derecho a interrumpir o denegar discrecionalmente, en cualquier momento y sin necesidad de previo aviso, el acceso de cualquier usuario a los contenidos de acceso restringido, cuando concurran alguna de les circunstancias descritas.<\/p>\n<h3><strong>ENLACES<\/strong><\/h3>\n<p>Todos los enlaces o links, hipertextual, framing o cualquier otro tipo de conexi\u00f3n virtual a trav\u00e9s de redes de telecomunicaci\u00f3n desde cualquier sitio Web a nuestra p\u00e1gina Web, deber\u00e1 ser solicitado y autorizado previamente y por escrito por \u201cFiragran\u201d, y en su defecto los enlaces que se establezcan a esta Web, deber\u00e1n hacerse a su p\u00e1gina de inicio.<\/p>\n<p>Los enlaces que se realicen a p\u00e1ginas Web de terceros tienen \u00fanicamente una finalidad orientativa, siendo su objeto el poner a disposici\u00f3n del usuario otras fuentes de informaci\u00f3n que pudieran ser de su inter\u00e9s.<\/p>\n<p>\u201cFiragran\u201d procura revisar peri\u00f3dicamente el contenido de sus enlaces. No obstante, es imposible conocer en todo momento el contenido concreto de los enlaces propuestos. Derivado de ello, solicitamos la colaboraci\u00f3n de cualquier usuario que acceda a los referidos contenidos en el supuesto que sus contenidos pudieren ser contrarios a la legalidad vigente, moral u orden p\u00fablico, poni\u00e9ndolo en conocimiento a trav\u00e9s de nuestro correo electr\u00f3nico de contacto: info@firagran.com.<\/p>\n<h3><strong>RESPONSABILIDAD<\/strong><\/h3>\n<p>En definitiva, el usuario es el \u00fanico responsable del uso que realice de los servicios, contenidos, enlaces (links) e hipertextos incluidos en la Web www.firagran.com.<\/p>\n<p><strong>RESERVA<\/strong><\/p>\n<p>\u201cFiragran\u201d se reserva la facultad en todo momento, sin necesidad de previo aviso, de efectuar modificaciones y actualizaciones de la informaci\u00f3n contenida en su Web o en su configuraci\u00f3n y presentaci\u00f3n. Asimismo, se reserva el derecho a suspender temporalmente, y sin que sea necesario previo aviso, la accesibilidad a la Web por razones de eventual necesidad y para efectuar operaciones de mantenimiento, reparaci\u00f3n o mejora.<\/p>\n<p>\u201cFiragran\u201d se reserva el derecho a incluir o retirar total o parcialmente de la Web, cualquier informaci\u00f3n a su exclusiva discreci\u00f3n.<\/p>\n<h3><strong>LEY APLICABLE Y JURISDICCI\u00d3N<\/strong><\/h3>\n<p>Para todas aquellas cuestiones que se puedan suscitar con motivo de interpretaci\u00f3n, ejecuci\u00f3n o eventual incumplimiento de las presentes condiciones de utilizaci\u00f3n, los usuarios, con renuncia a su propio fuero, y con independencia del lugar donde se suscite cualquier disputa, se someter\u00e1n expresamente a la competencia y jurisdicci\u00f3n de los juzgados y tribunales de Barcelona (Espa\u00f1a).<\/p>\n<p>Las presentes condiciones se regir\u00e1n, en todo caso, por la legislaci\u00f3n espa\u00f1ola.<\/p>\n<p>\u201cPROFEI, S.L.\u201d<\/p>\n<p>Todos los derechos reservados<\/p>\n","protected":false},"excerpt":{"rendered":"<p>DATOS IDENTIFICATIVOS En cumplimiento con el deber de informaci\u00f3n recogido en el art\u00edculo 10 de la Ley 34\/2002, de 11 de julio, de Servicios de la Sociedad de la Informaci\u00f3n y del Comercio Electr\u00f3nico, a <a href=\"https:\/\/firagran.com\/es\/avis-legal\/\"> [&#8230;]<\/a><\/p>\n","protected":false},"author":1,"featured_media":0,"parent":0,"menu_order":0,"comment_status":"closed","ping_status":"closed","template":"","meta":{"footnotes":""},"class_list":["post-3113","page","type-page","status-publish","hentry"],"_links":{"self":[{"href":"https:\/\/firagran.com\/es\/wp-json\/wp\/v2\/pages\/3113","targetHints":{"allow":["GET"]}}],"collection":[{"href":"https:\/\/firagran.com\/es\/wp-json\/wp\/v2\/pages"}],"about":[{"href":"https:\/\/firagran.com\/es\/wp-json\/wp\/v2\/types\/page"}],"author":[{"embeddable":true,"href":"https:\/\/firagran.com\/es\/wp-json\/wp\/v2\/users\/1"}],"replies":[{"embeddable":true,"href":"https:\/\/firagran.com\/es\/wp-json\/wp\/v2\/comments?post=3113"}],"version-history":[{"count":4,"href":"https:\/\/firagran.com\/es\/wp-json\/wp\/v2\/pages\/3113\/revisions"}],"predecessor-version":[{"id":6652,"href":"https:\/\/firagran.com\/es\/wp-json\/wp\/v2\/pages\/3113\/revisions\/6652"}],"wp:attachment":[{"href":"https:\/\/firagran.com\/es\/wp-json\/wp\/v2\/media?parent=3113"}],"curies":[{"name":"wp","href":"https:\/\/api.w.org\/{rel}","templated":true}]}}