{"id":4980,"date":"2018-04-12T09:21:47","date_gmt":"2018-04-12T07:21:47","guid":{"rendered":"https:\/\/firagran.com\/el-final-de-la-vida\/electium\/preguntes-frequents-que-han-realitzat-les-persones-que-han-contractat-un-servei-electium\/"},"modified":"2019-07-25T09:49:12","modified_gmt":"2019-07-25T07:49:12","slug":"preguntas-frecuentes-que-han-realizado-las-personas-que-han-contratado-un-servicio-electium","status":"publish","type":"page","link":"https:\/\/firagran.com\/es\/final-de-vida\/electium\/preguntas-frecuentes-que-han-realizado-las-personas-que-han-contratado-un-servicio-electium\/","title":{"rendered":"Preguntas frecuentes que han realizado las personas que han contratado un servicio ELECTIUM:"},"content":{"rendered":"<p><div class=\"fusion-fullwidth fullwidth-box fusion-builder-row-1 nonhundred-percent-fullwidth non-hundred-percent-height-scrolling\" style=\"--awb-border-radius-top-left:0px;--awb-border-radius-top-right:0px;--awb-border-radius-bottom-right:0px;--awb-border-radius-bottom-left:0px;--awb-flex-wrap:wrap;\" ><div class=\"fusion-builder-row fusion-row\"><div class=\"fusion-layout-column fusion_builder_column fusion-builder-column-0 fusion_builder_column_1_1 1_1 fusion-one-full fusion-column-first fusion-column-last\" style=\"--awb-bg-size:cover;\"><div class=\"fusion-column-wrapper fusion-flex-column-wrapper-legacy\"><div class=\"accordian fusion-accordian\" style=\"--awb-border-size:2px;--awb-icon-size:13px;--awb-content-font-size:15px;--awb-icon-alignment:left;--awb-hover-color:#ffffff;--awb-border-color:#cccccc;--awb-background-color:#ffffff;--awb-divider-color:#e0dede;--awb-divider-hover-color:#e0dede;--awb-icon-color:#ffffff;--awb-title-color:#088a78;--awb-content-color:#333333;--awb-icon-box-color:#333333;--awb-toggle-hover-accent-color:#088a78;--awb-title-font-family:&quot;Roboto&quot;;--awb-title-font-weight:400;--awb-title-font-style:normal;--awb-title-font-size:22px;--awb-content-font-family:Arial, Helvetica, sans-serif;--awb-content-font-style:normal;--awb-content-font-weight:400;\"><div class=\"panel-group fusion-toggle-icon-boxed\" id=\"accordion-4980-1\"><div class=\"fusion-panel panel-default panel-df9b849699f0316e8 fusion-toggle-no-divider fusion-toggle-boxed-mode\"><div class=\"panel-heading\"><h4 class=\"panel-title toggle\" id=\"toggle_df9b849699f0316e8\"><a aria-expanded=\"false\" aria-controls=\"df9b849699f0316e8\" role=\"button\" data-toggle=\"collapse\" data-parent=\"#accordion-4980-1\" data-target=\"#df9b849699f0316e8\" href=\"#df9b849699f0316e8\"><span class=\"fusion-toggle-icon-wrapper\" aria-hidden=\"true\"><i class=\"fa-fusion-box active-icon awb-icon-minus\" aria-hidden=\"true\"><\/i><i class=\"fa-fusion-box inactive-icon awb-icon-plus\" aria-hidden=\"true\"><\/i><\/span><span class=\"fusion-toggle-heading\">\u00bfHay alg\u00fan tipo de condici\u00f3n para contratar el plan?<\/span><\/a><\/h4><\/div><div id=\"df9b849699f0316e8\" class=\"panel-collapse collapse \" aria-labelledby=\"toggle_df9b849699f0316e8\"><div class=\"panel-body toggle-content fusion-clearfix\">\n<p>Ser mayor de 70 a\u00f1os y no tener seguro de decesos.<\/p>\n<\/div><\/div><\/div><div class=\"fusion-panel panel-default panel-5d6af3956c5555a82 fusion-toggle-no-divider fusion-toggle-boxed-mode\"><div class=\"panel-heading\"><h4 class=\"panel-title toggle\" id=\"toggle_5d6af3956c5555a82\"><a aria-expanded=\"false\" aria-controls=\"5d6af3956c5555a82\" role=\"button\" data-toggle=\"collapse\" data-parent=\"#accordion-4980-1\" data-target=\"#5d6af3956c5555a82\" href=\"#5d6af3956c5555a82\"><span class=\"fusion-toggle-icon-wrapper\" aria-hidden=\"true\"><i class=\"fa-fusion-box active-icon awb-icon-minus\" aria-hidden=\"true\"><\/i><i class=\"fa-fusion-box inactive-icon awb-icon-plus\" aria-hidden=\"true\"><\/i><\/span><span class=\"fusion-toggle-heading\">\u00bfPuedo escoger cualquier tanatorio?<\/span><\/a><\/h4><\/div><div id=\"5d6af3956c5555a82\" class=\"panel-collapse collapse \" aria-labelledby=\"toggle_5d6af3956c5555a82\"><div class=\"panel-body toggle-content fusion-clearfix\">\n<p>Por supuesto. Cualquiera de los tanatorios Memora a nivel nacional est\u00e1n a disposici\u00f3n de nuestros clientes, s\u00f3lo depende de su deseo y de d\u00f3nde desean realizar el servicio.<\/p>\n<\/div><\/div><\/div><div class=\"fusion-panel panel-default panel-9fc78169d2548e4f3 fusion-toggle-no-divider fusion-toggle-boxed-mode\"><div class=\"panel-heading\"><h4 class=\"panel-title toggle\" id=\"toggle_9fc78169d2548e4f3\"><a aria-expanded=\"false\" aria-controls=\"9fc78169d2548e4f3\" role=\"button\" data-toggle=\"collapse\" data-parent=\"#accordion-4980-1\" data-target=\"#9fc78169d2548e4f3\" href=\"#9fc78169d2548e4f3\"><span class=\"fusion-toggle-icon-wrapper\" aria-hidden=\"true\"><i class=\"fa-fusion-box active-icon awb-icon-minus\" aria-hidden=\"true\"><\/i><i class=\"fa-fusion-box inactive-icon awb-icon-plus\" aria-hidden=\"true\"><\/i><\/span><span class=\"fusion-toggle-heading\">\u00bfQu\u00e9 servicios y\/o productos incluye un contrato Electium? <\/span><\/a><\/h4><\/div><div id=\"9fc78169d2548e4f3\" class=\"panel-collapse collapse \" aria-labelledby=\"toggle_9fc78169d2548e4f3\"><div class=\"panel-body toggle-content fusion-clearfix\">\n<p>El servicio base contempla acondicionamiento del difunto, f\u00e9retro b\u00e1sico, flores, velatorio, ceremonia y los tr\u00e1mites y gestiones obligatorios. El elemento diferencial de Electium es la posibilidad de elecci\u00f3n y personalizaci\u00f3n de todos los detalles de la despedida, como los recordatorios, las flores, esquelas, etc. Adem\u00e1s, cuenta con acceso a un cuadro m\u00e9dico privado con ventajas y descuentos exclusivos durante un a\u00f1o.<\/p>\n<\/div><\/div><\/div><div class=\"fusion-panel panel-default panel-9b2a57983f1ccdd80 fusion-toggle-no-divider fusion-toggle-boxed-mode\"><div class=\"panel-heading\"><h4 class=\"panel-title toggle\" id=\"toggle_9b2a57983f1ccdd80\"><a aria-expanded=\"false\" aria-controls=\"9b2a57983f1ccdd80\" role=\"button\" data-toggle=\"collapse\" data-parent=\"#accordion-4980-1\" data-target=\"#9b2a57983f1ccdd80\" href=\"#9b2a57983f1ccdd80\"><span class=\"fusion-toggle-icon-wrapper\" aria-hidden=\"true\"><i class=\"fa-fusion-box active-icon awb-icon-minus\" aria-hidden=\"true\"><\/i><i class=\"fa-fusion-box inactive-icon awb-icon-plus\" aria-hidden=\"true\"><\/i><\/span><span class=\"fusion-toggle-heading\">\u00bfPuedo hacer modificaciones sobre lo inicialmente contratado? <\/span><\/a><\/h4><\/div><div id=\"9b2a57983f1ccdd80\" class=\"panel-collapse collapse \" aria-labelledby=\"toggle_9b2a57983f1ccdd80\"><div class=\"panel-body toggle-content fusion-clearfix\">\n<p>Se pueden hacer cambios y mejoras en cualquier momento e incorporar nuevos servicios.<\/p>\n<\/div><\/div><\/div><div class=\"fusion-panel panel-default panel-360021980cf09f93b fusion-toggle-no-divider fusion-toggle-boxed-mode\"><div class=\"panel-heading\"><h4 class=\"panel-title toggle\" id=\"toggle_360021980cf09f93b\"><a aria-expanded=\"false\" aria-controls=\"360021980cf09f93b\" role=\"button\" data-toggle=\"collapse\" data-parent=\"#accordion-4980-1\" data-target=\"#360021980cf09f93b\" href=\"#360021980cf09f93b\"><span class=\"fusion-toggle-icon-wrapper\" aria-hidden=\"true\"><i class=\"fa-fusion-box active-icon awb-icon-minus\" aria-hidden=\"true\"><\/i><i class=\"fa-fusion-box inactive-icon awb-icon-plus\" aria-hidden=\"true\"><\/i><\/span><span class=\"fusion-toggle-heading\">\u00bfEs posible cancelar el contrato? <\/span><\/a><\/h4><\/div><div id=\"360021980cf09f93b\" class=\"panel-collapse collapse \" aria-labelledby=\"toggle_360021980cf09f93b\"><div class=\"panel-body toggle-content fusion-clearfix\">\n<p>Siempre se puede rescindir de forma anticipada un contrato Electium teniendo derecho al 80% del importe desembolsado.<\/p>\n<\/div><\/div><\/div><div class=\"fusion-panel panel-default panel-48518213bc45f9691 fusion-toggle-no-divider fusion-toggle-boxed-mode\"><div class=\"panel-heading\"><h4 class=\"panel-title toggle\" id=\"toggle_48518213bc45f9691\"><a aria-expanded=\"false\" aria-controls=\"48518213bc45f9691\" role=\"button\" data-toggle=\"collapse\" data-parent=\"#accordion-4980-1\" data-target=\"#48518213bc45f9691\" href=\"#48518213bc45f9691\"><span class=\"fusion-toggle-icon-wrapper\" aria-hidden=\"true\"><i class=\"fa-fusion-box active-icon awb-icon-minus\" aria-hidden=\"true\"><\/i><i class=\"fa-fusion-box inactive-icon awb-icon-plus\" aria-hidden=\"true\"><\/i><\/span><span class=\"fusion-toggle-heading\">\u00bfPuedo contratar Electium para otra persona? <\/span><\/a><\/h4><\/div><div id=\"48518213bc45f9691\" class=\"panel-collapse collapse \" aria-labelledby=\"toggle_48518213bc45f9691\"><div class=\"panel-body toggle-content fusion-clearfix\">\n<p>Como familiar directo (esposo\/a o hijo\/a) no hay ning\u00fan inconveniente en que el contratante sea diferente al beneficiario del contrato.<\/p>\n<\/div><\/div><\/div><div class=\"fusion-panel panel-default panel-a5f1cb358884a85d1 fusion-toggle-no-divider fusion-toggle-boxed-mode\"><div class=\"panel-heading\"><h4 class=\"panel-title toggle\" id=\"toggle_a5f1cb358884a85d1\"><a aria-expanded=\"false\" aria-controls=\"a5f1cb358884a85d1\" role=\"button\" data-toggle=\"collapse\" data-parent=\"#accordion-4980-1\" data-target=\"#a5f1cb358884a85d1\" href=\"#a5f1cb358884a85d1\"><span class=\"fusion-toggle-icon-wrapper\" aria-hidden=\"true\"><i class=\"fa-fusion-box active-icon awb-icon-minus\" aria-hidden=\"true\"><\/i><i class=\"fa-fusion-box inactive-icon awb-icon-plus\" aria-hidden=\"true\"><\/i><\/span><span class=\"fusion-toggle-heading\">Llegado el momento, \u00bfc\u00f3mo hay que proceder?<\/span><\/a><\/h4><\/div><div id=\"a5f1cb358884a85d1\" class=\"panel-collapse collapse \" aria-labelledby=\"toggle_a5f1cb358884a85d1\"><div class=\"panel-body toggle-content fusion-clearfix\">\n<p>Con una \u00fanica llamada, nosotros nos encargamos de organizar y cumplir con todo lo que decidi\u00f3 en su d\u00eda. Es importante que el cliente informe a la familia o a sus personas de confianza de la existencia de su Electium.<\/p>\n<\/div><\/div><\/div><div class=\"fusion-panel panel-default panel-42c9a08763656b0c4 fusion-toggle-no-divider fusion-toggle-boxed-mode\"><div class=\"panel-heading\"><h4 class=\"panel-title toggle\" id=\"toggle_42c9a08763656b0c4\"><a aria-expanded=\"false\" aria-controls=\"42c9a08763656b0c4\" role=\"button\" data-toggle=\"collapse\" data-parent=\"#accordion-4980-1\" data-target=\"#42c9a08763656b0c4\" href=\"#42c9a08763656b0c4\"><span class=\"fusion-toggle-icon-wrapper\" aria-hidden=\"true\"><i class=\"fa-fusion-box active-icon awb-icon-minus\" aria-hidden=\"true\"><\/i><i class=\"fa-fusion-box inactive-icon awb-icon-plus\" aria-hidden=\"true\"><\/i><\/span><span class=\"fusion-toggle-heading\">\u00bfC\u00f3mo se realiza el pago?<\/span><\/a><\/h4><\/div><div id=\"42c9a08763656b0c4\" class=\"panel-collapse collapse \" aria-labelledby=\"toggle_42c9a08763656b0c4\"><div class=\"panel-body toggle-content fusion-clearfix\">\n<p>Electium ofrece diferentes alternativas para facilitar la contrataci\u00f3n del servicio, as\u00ed pues, el cliente puede realizar un \u00fanico pago, un pago fraccionado e incluso financiarlo.<\/p>\n<\/div><\/div><\/div><div class=\"fusion-panel panel-default panel-b8a0ed2f9e61c241d fusion-toggle-no-divider fusion-toggle-boxed-mode\"><div class=\"panel-heading\"><h4 class=\"panel-title toggle\" id=\"toggle_b8a0ed2f9e61c241d\"><a aria-expanded=\"false\" aria-controls=\"b8a0ed2f9e61c241d\" role=\"button\" data-toggle=\"collapse\" data-parent=\"#accordion-4980-1\" data-target=\"#b8a0ed2f9e61c241d\" href=\"#b8a0ed2f9e61c241d\"><span class=\"fusion-toggle-icon-wrapper\" aria-hidden=\"true\"><i class=\"fa-fusion-box active-icon awb-icon-minus\" aria-hidden=\"true\"><\/i><i class=\"fa-fusion-box inactive-icon awb-icon-plus\" aria-hidden=\"true\"><\/i><\/span><span class=\"fusion-toggle-heading\">Tras la defunci\u00f3n, \u00bfla familia o personas de confianza pueden modificar servicios contratados por el cliente en vida? <\/span><\/a><\/h4><\/div><div id=\"b8a0ed2f9e61c241d\" class=\"panel-collapse collapse \" aria-labelledby=\"toggle_b8a0ed2f9e61c241d\"><div class=\"panel-body toggle-content fusion-clearfix\">\n<p>S\u00f3lo el contratante en vida puede modificar su voluntad. Electium garantiza el cumplimiento de la misma cuando \u00e9l no est\u00e9.<\/p>\n<\/div><\/div><\/div><div class=\"fusion-panel panel-default panel-03a0765b1918d3171 fusion-toggle-no-divider fusion-toggle-boxed-mode\"><div class=\"panel-heading\"><h4 class=\"panel-title toggle\" id=\"toggle_03a0765b1918d3171\"><a aria-expanded=\"false\" aria-controls=\"03a0765b1918d3171\" role=\"button\" data-toggle=\"collapse\" data-parent=\"#accordion-4980-1\" data-target=\"#03a0765b1918d3171\" href=\"#03a0765b1918d3171\"><span class=\"fusion-toggle-icon-wrapper\" aria-hidden=\"true\"><i class=\"fa-fusion-box active-icon awb-icon-minus\" aria-hidden=\"true\"><\/i><i class=\"fa-fusion-box inactive-icon awb-icon-plus\" aria-hidden=\"true\"><\/i><\/span><span class=\"fusion-toggle-heading\">Electium es un seguro de decesos? <\/span><\/a><\/h4><\/div><div id=\"03a0765b1918d3171\" class=\"panel-collapse collapse \" aria-labelledby=\"toggle_03a0765b1918d3171\"><div class=\"panel-body toggle-content fusion-clearfix\">\n<p>No. Electium es la contrataci\u00f3n y personalizaci\u00f3n en vida del servicio funerario, dando al cliente la posibilidad de elegir todos los detalles.<\/p>\n<\/div><\/div><\/div><\/div><\/div><div class=\"fusion-sep-clear\"><\/div><div class=\"fusion-separator fusion-full-width-sep\" style=\"margin-left: auto;margin-right: auto;margin-top:25px;width:100%;\"><\/div><div class=\"fusion-sep-clear\"><\/div><div class=\"fusion-text fusion-text-1\"><p><strong><em>Contenido cedido por Grupo M\u00e9mora<\/em><\/strong><\/p>\n<\/div><div class=\"fusion-clearfix\"><\/div><\/div><\/div><\/div><\/div><div class=\"fusion-fullwidth fullwidth-box fusion-builder-row-2 nonhundred-percent-fullwidth non-hundred-percent-height-scrolling\" style=\"--awb-border-radius-top-left:0px;--awb-border-radius-top-right:0px;--awb-border-radius-bottom-right:0px;--awb-border-radius-bottom-left:0px;--awb-flex-wrap:wrap;\" ><div class=\"fusion-builder-row fusion-row\"><div class=\"fusion-layout-column fusion_builder_column fusion-builder-column-1 fusion_builder_column_1_2 1_2 fusion-one-half fusion-column-first\" style=\"--awb-bg-size:cover;width:50%;width:calc(50% - ( ( 4% ) * 0.5 ) );margin-right: 4%;\"><div class=\"fusion-column-wrapper fusion-flex-column-wrapper-legacy\"><div class=\"fusion-button-wrapper fusion-alignleft\"><a class=\"fusion-button button-flat fusion-button-default-size button-default fusion-button-default button-1 fusion-button-default-span fusion-button-default-type\" target=\"_self\" href=\"https:\/\/firagran.com\/es\/final-de-vida\/electium\/por-que-firagran-te-recomienda-electium\/\"><span class=\"fusion-button-icon-divider button-icon-divider-left\"><i class=\"fa-chevron-left fas awb-button__icon awb-button__icon--default\" aria-hidden=\"true\"><\/i><\/span><span class=\"fusion-button-text awb-button__text awb-button__text--default fusion-button-text-left\">\u00bfPor qu\u00e9 FiraGran te recomienda ELECTIUM?<\/span><\/a><\/div><div class=\"fusion-clearfix\"><\/div><\/div><\/div><div class=\"fusion-layout-column fusion_builder_column fusion-builder-column-2 fusion_builder_column_1_2 1_2 fusion-one-half fusion-column-last\" style=\"--awb-bg-size:cover;width:50%;width:calc(50% - ( ( 4% ) * 0.5 ) );\"><div class=\"fusion-column-wrapper fusion-flex-column-wrapper-legacy\"><div class=\"fusion-button-wrapper fusion-alignright\"><a class=\"fusion-button button-flat fusion-button-default-size button-default fusion-button-default button-2 fusion-button-default-span fusion-button-default-type\" target=\"_self\" href=\"https:\/\/firagran.com\/es\/final-de-vida\/electium\/videos-y-entrevistas-sobre-electium\/\"><span class=\"fusion-button-text awb-button__text awb-button__text--default fusion-button-text-right\">Videos y Entrevistas<\/span><span class=\"fusion-button-icon-divider button-icon-divider-right\"><i class=\"fa-chevron-right fas awb-button__icon awb-button__icon--default\" aria-hidden=\"true\"><\/i><\/span><\/a><\/div><div class=\"fusion-clearfix\"><\/div><\/div><\/div><\/div><\/div><\/p>\n","protected":false},"excerpt":{"rendered":"","protected":false},"author":1,"featured_media":0,"parent":4978,"menu_order":0,"comment_status":"closed","ping_status":"closed","template":"","meta":{"footnotes":""},"class_list":["post-4980","page","type-page","status-publish","hentry"],"_links":{"self":[{"href":"https:\/\/firagran.com\/es\/wp-json\/wp\/v2\/pages\/4980","targetHints":{"allow":["GET"]}}],"collection":[{"href":"https:\/\/firagran.com\/es\/wp-json\/wp\/v2\/pages"}],"about":[{"href":"https:\/\/firagran.com\/es\/wp-json\/wp\/v2\/types\/page"}],"author":[{"embeddable":true,"href":"https:\/\/firagran.com\/es\/wp-json\/wp\/v2\/users\/1"}],"replies":[{"embeddable":true,"href":"https:\/\/firagran.com\/es\/wp-json\/wp\/v2\/comments?post=4980"}],"version-history":[{"count":5,"href":"https:\/\/firagran.com\/es\/wp-json\/wp\/v2\/pages\/4980\/revisions"}],"predecessor-version":[{"id":8950,"href":"https:\/\/firagran.com\/es\/wp-json\/wp\/v2\/pages\/4980\/revisions\/8950"}],"up":[{"embeddable":true,"href":"https:\/\/firagran.com\/es\/wp-json\/wp\/v2\/pages\/4978"}],"wp:attachment":[{"href":"https:\/\/firagran.com\/es\/wp-json\/wp\/v2\/media?parent=4980"}],"curies":[{"name":"wp","href":"https:\/\/api.w.org\/{rel}","templated":true}]}}